{"id":842,"date":"2019-07-02T17:08:02","date_gmt":"2019-07-02T15:08:02","guid":{"rendered":"https:\/\/evangelische-religion.de\/ReligionNeu\/?page_id=842"},"modified":"2019-08-07T12:43:19","modified_gmt":"2019-08-07T10:43:19","slug":"woran-glaubst-du","status":"publish","type":"page","link":"https:\/\/evangelische-religion.de\/ReligionNeu\/film-musik\/woran-glaubst-du\/","title":{"rendered":"Woran glaubst du?"},"content":{"rendered":"\n<p style=\"text-align:center\" class=\"has-medium-font-size\">WORAN GLAUBST DU?<\/p>\n\n\n\n<p style=\"text-align:center\"><strong>Regie: Jon Gunn, Drehbuch: Chuck Konzelman und Cary Solomon, Pureflix 2015<\/strong><\/p>\n\n\n\n<p>Jeder sucht nach dem Sinn \u2013 aber wie viele finden ihn? 12 Personen kommen mit dem Kreuz in Ber\u00fchrung und werden herausfinden, dass es ihnen viel bedeutet, dass es ihr Leben zum Guten hin \u00e4ndert.<\/p>\n\n\n\n<p>Ein Wanderprediger geht mit dem Kreuz durch die Stra\u00dfe. Er fragt den Pfarrer: Glauben Sie an das Kreuz Christi? Was machst du aus deinem Glauben? Der Wanderprediger wird danach mit jugendlichen Kriminellen konfrontiert \u2013 ein Narr f\u00fcr Christus \u2013 einer der Jugendlichen beginnt aufgrund der Begegnung mit dem Wanderprediger nachzudenken.<\/p>\n\n\n\n<p>Nach der Begegnung mit dem Wanderprediger und der Konfrontation mit dessen Frage begegnet der Pfarrer einer schwangeren Obdachlosen, bringt sie in einem Hotel unter, weil seine Frau die Aufnahme ablehnt \u2013 dann aber die junge Frau in ihr Haus holt. Ein junger Soldat will sich umbringen, traumatisiert vom Krieg, vom eigenen Versagen, eigener Angst. Ebenso hilft ein kranker Mann einem M\u00e4dchen und seiner Mutter, indem er sie in seiner Wohnung unterbringt\u2026 \u2013 viele Schicksale, viele Einsame, viele, die mit ihrem Leben nicht klar kommen, die schuldig wurden oder sich schuldig f\u00fchlten \u2013 die am Ende zusammengef\u00fchrt werden.<\/p>\n\n\n\n<p>Zusammengef\u00fchrt werden sie, weil Christen ihren Glauben lebten, einfach menschlich lebten, denn das Kreuz ist der Weg, die Wahrheit, das Leben.<\/p>\n\n\n\n<p>Aber das Leben der Christen ist nicht leicht: verraten, aggressiv bek\u00e4mpft von Kriminellen und Atheisten, versunken in eigenen Schwierigkeiten, gequ\u00e4lt von zerst\u00f6rten und verst\u00f6renden Beziehungen. Aber sie kommen ans Ziel, weil Gott Schlimmes in Gutes verwandelt. Aber das \u201eWarum \u2013 warum l\u00e4sst Gott es zu?\u201c \u2013 das irritiert im Leben dieser Menschen, weil wir nicht alles \u00fcberblicken.<\/p>\n\n\n\n<p>Am Ende kommen alle zusammen. Es wird erkl\u00e4rt: Das, was Gott tut, ist wie ein umgedrehter Teppich, dessen Sinn wir nicht erkennen. Wenn wir nach dem Tod in der Welt Gottes leben, werden wir den Teppich \u2013 \u201eGottes geniale Handarbeit\u201c \u2013 von der Oberseite sehen und in der Mitte das Kreuz. Dann wird alles deutlich, deutlich, warum etwas geschah wie es geschah. Dann wird das \u201eWarum\u201c gekl\u00e4rt werden. Und jeder einzelne von uns ist ein Faden in diesem Teppich. Aber jeder einzelne Glaubende macht seinen Job und ver\u00e4ndert damit die Welt zum Guten. Damit beginnt der Film, mit einem Zitat aus dem Jakobusbrief: \u201eAuch der Glaube, wenn er nicht Werke hat ist er tot an sich selber.\u201c<\/p>\n\n\n\n<p>*<\/p>\n\n\n\n<p>Der Film ist selbstredend. Er enth\u00e4lt viele stark emotionale Abschnitte, weil er die Probleme von Menschen aufgreift, Probleme des Alltags.<\/p>\n\n\n\n<p>Die Menschen empfinden am Schluss des Films, dass Jesus Christus gut ist: Er hilft. Er hilft \u2013 durch Menschen. Wenn Menschen Hilfe unterlassen, ihren Glauben verschweigen, das Handeln aus Glauben vernachl\u00e4ssigen, k\u00f6nnen viele eben nicht sagen: Jesus Christus ist gut. Sie bleiben auf der Stra\u00dfe, sie erleiden Hunger, bleiben in ihrer Einsamkeit, die ihr Leben gef\u00e4hrdet, bleiben sich selbst verhaftet, verlieren das ewige Leben bei Gott, bleiben kriminell\u2026<\/p>\n\n\n\n<p>Eine nette Szene ist die: Der atheistische Arzt beschwert sich dar\u00fcber, dass die Leute Jesus danken, wenn es gut gegangen ist, nicht ihm. Den Christen ist es recht, dass Jesus Christus gedankt wird, wenn sie geholfen haben. Warum? Weil sie selbst Jesus Christus dankbar sind, dass Menschen des Glaubens sie zu Jesus Christus gebracht haben.<\/p>\n","protected":false},"excerpt":{"rendered":"<p>WORAN GLAUBST DU? Regie: Jon Gunn, Drehbuch: Chuck Konzelman und Cary Solomon, Pureflix 2015 Jeder sucht nach dem Sinn \u2013 aber wie viele finden ihn? 12 Personen kommen mit dem Kreuz in Ber\u00fchrung und werden herausfinden, dass es ihnen viel bedeutet, dass es ihr Leben zum Guten hin \u00e4ndert. Ein [&hellip;]<\/p>\n","protected":false},"author":1,"featured_media":0,"parent":619,"menu_order":0,"comment_status":"closed","ping_status":"closed","template":"","meta":{"footnotes":""},"class_list":["post-842","page","type-page","status-publish","hentry"],"_links":{"self":[{"href":"https:\/\/evangelische-religion.de\/ReligionNeu\/wp-json\/wp\/v2\/pages\/842","targetHints":{"allow":["GET"]}}],"collection":[{"href":"https:\/\/evangelische-religion.de\/ReligionNeu\/wp-json\/wp\/v2\/pages"}],"about":[{"href":"https:\/\/evangelische-religion.de\/ReligionNeu\/wp-json\/wp\/v2\/types\/page"}],"author":[{"embeddable":true,"href":"https:\/\/evangelische-religion.de\/ReligionNeu\/wp-json\/wp\/v2\/users\/1"}],"replies":[{"embeddable":true,"href":"https:\/\/evangelische-religion.de\/ReligionNeu\/wp-json\/wp\/v2\/comments?post=842"}],"version-history":[{"count":2,"href":"https:\/\/evangelische-religion.de\/ReligionNeu\/wp-json\/wp\/v2\/pages\/842\/revisions"}],"predecessor-version":[{"id":1512,"href":"https:\/\/evangelische-religion.de\/ReligionNeu\/wp-json\/wp\/v2\/pages\/842\/revisions\/1512"}],"up":[{"embeddable":true,"href":"https:\/\/evangelische-religion.de\/ReligionNeu\/wp-json\/wp\/v2\/pages\/619"}],"wp:attachment":[{"href":"https:\/\/evangelische-religion.de\/ReligionNeu\/wp-json\/wp\/v2\/media?parent=842"}],"curies":[{"name":"wp","href":"https:\/\/api.w.org\/{rel}","templated":true}]}}