{"id":840,"date":"2019-07-02T17:07:21","date_gmt":"2019-07-02T15:07:21","guid":{"rendered":"https:\/\/evangelische-religion.de\/ReligionNeu\/?page_id=840"},"modified":"2019-08-07T12:39:09","modified_gmt":"2019-08-07T10:39:09","slug":"gott-ist-nicht-tot-3","status":"publish","type":"page","link":"https:\/\/evangelische-religion.de\/ReligionNeu\/film-musik\/gott-ist-nicht-tot-3\/","title":{"rendered":"Gott ist nicht tot 3"},"content":{"rendered":"\n<p style=\"text-align:center\" class=\"has-medium-font-size\">GOTT IST NICHT TOT 3: EIN LICHT IN DER DUNKELHEIT<\/p>\n\n\n\n<p style=\"text-align:center\"><strong>Regie: Michael Mason, Drehbuch: Michael Mason und Howie Klausner, 2018<\/strong><\/p>\n\n\n\n<p>Auf die Kirche des Pfarrers auf dem Campus wird ein Anschlag ver\u00fcbt. Ein Steinwurf in die Scheibe traf auch den Verschluss einer Gasflasche und als Jude, der Pfarrer aus Ghana, das Licht anmachte, gab es eine Explosion und die Kirche brannte aus. Der Pfarrer Jude sagte noch: Gott ist gut \u2013 und starb. Daraufhin beschlie\u00dft die Uni-Leitung, den Platz, an dem die Kirche steht, zu annektieren, die Kirche abzurei\u00dfen und f\u00fcr die Uni zu nutzen. Die Kirche wird als Gefahr f\u00fcr den Ruf der Uni angesehen, sie gilt wegen der Kirche als r\u00fcckschrittlich und diese ist daf\u00fcr verantwortlich, dass die Studierendenzahl sinkt. So sehen es manche in der Leitung. Gegen die \u201eEnteignung\u201c wendet sich der Pfarrer David. Er holt seinen Bruder, beide hatten sich auseinander gelebt, als Anwalt.<\/p>\n\n\n\n<p>Die Kirche war urspr\u00fcnglich vor der Uni da, und so sollte auch die Uni die Kirche nicht vertreiben k\u00f6nnen. Christen m\u00fcssen f\u00fcr sich einstehen, sich verteidigen, standhaft sein. Das war die Sicht vom Pfarrer David, gleichzeitig hatte er auch Zukunfts\u00e4ngste, denn wenn er diese Heimat verl\u00e4sst, was soll er machen?<\/p>\n\n\n\n<p>Gott ist nicht tot 3 schl\u00e4gt einen ganz neuen Ton an. In diesem Film sind nicht die Atheisten die B\u00f6sen und die Christen die Guten. Der Bruder des Pfarrers wurde zu einem nicht religi\u00f6sen Menschen aufgrund famili\u00e4rer Schwierigkeiten und versucht seinem Bruder, dem Pfarrer, in einem Rechtsstreit zu helfen, der Pfarrer rastet h\u00e4ufig aus, versteht sich und die Welt nicht mehr. Es kommt als Vergehen der Kirche zur Sprache, dass die Mutter eines Studenten vom Vater geschlagen wurde, sie sich hat trennen lassen und dann als Ehebrecherin gebrandmarkt wurde. Emotionalisierte Christen benehmen sich mit Mails usw. daneben, bedrohen einen moderaten Gegner. Der Pfarrer selbst greift den an, der den Kirchenbrand durch den Steinwurf ausgel\u00f6st hatte und tr\u00e4gt damit dazu bei, dass er inhaftiert wird. Der Steinwurf war im Grunde nur die Rache des jungen Mannes, den seine christliche Freundin nicht direkt verlassen hatte, aber Zeit wollte, um nachzudenken. Diese Freundin ihre Glaubensfragen spielen neben der Haupthandlung eine weitere Rolle. Sie zweifelt, versteht den Pfarrer nicht, weil sein Glaube keine Auswirkungen hat auf seine Taten.<\/p>\n\n\n\n<p>Der Pfarrer war in sich verschlossen (auch aufgrund der Trauer \u00fcber den Verlust seines Kollegen Jude), er hat keine Ratschl\u00e4ge von au\u00dfen angenommen, weder von einem anderen Pfarrer, der ihn das Vorbild Jesus vor Augen hielt (er geht anders mit Menschen um, Christen sollen Licht sein: Standhaftigkeit der Christen sieht anders aus als in der unchristlichen Welt), und verkrachte sich auch mit seinem Bruder (der bei seiner Flucht aus dem Bereich des verblendeten Bruders eine alte Bibel mitgenommen hat, die seine Eltern ihm gewidmet hatten). Seine Freundin sagte ihm: Gott schickt uns Menschen, die einem zeigen, dass er da ist, auch wenn man sich seiner Stimme, seiner Anwesenheit gegen\u00fcber verschlie\u00dft, er schickt durch andere Menschen Liebe. Aber auch das konnte er nicht annehmen.<\/p>\n\n\n\n<p>Als der Pfarrer dann wieder die Stimme Gottes h\u00f6rte, die ein anderes Ziel von ihm verlangte, als er selbst es sich gesetzt hatte, wurde er bereit dazu, dem vollkommen zerknirschten Studenten, der den Stein geworfen hatte, zu vergeben und \u00fcberreichte ihm die Bibel von Jude. Er setzte sich mit dem Gegner der Kirche zusammen und beide kamen \u00fcberein: Die Kirche wird entfernt, ein Studentenzentrum wird gebaut, in diesem Zentrum gibt es dann aber auch einen Glaubensort.<\/p>\n\n\n\n<p>Die verfeindeten, sich gegen\u00fcber stehenden Lager vers\u00f6hnten sich, damit gemeinsam an der Zukunft gebaut werde.<\/p>\n\n\n\n<p>*<\/p>\n\n\n\n<p>Die ersten beiden Teile stellen das Konfrontative ins Zentrum. Hier ist das Miteinander im Blick. Zu diesem Miteinander ruft Gott den Pfarrer auf, der es dann letztendlich an andere weitergeben kann. Die Stimme Gottes ist eigenst\u00e4ndig, sie unterscheidet sich von dem, was Menschen gerne h\u00f6ren wollen. Sie unterscheidet sich auch von den Selbstgespr\u00e4chen. So sagt die Freundin dessen, der den Stein geworfen hatte: Ich h\u00f6re Gott nicht mehr \u2013 Gebete sind wie Selbstgespr\u00e4che geworden. Das musste der Pfarrer erleiden, dass seine eigene Stimme, seine eigenen Ziele und \u00c4ngste lauter waren als die Stimme Gottes. Aber dennoch ist auch in diesem Film dominant, was in den anderen Filmen auch bedeutsam war: Gott geht seinen Weg \u00fcber den Umweg versagender Menschen. Denn gerade das Versagen des Pfarrers f\u00fchrte dazu, dass eine Menge in Gang gesetzt worden war.<\/p>\n\n\n\n<p style=\"color:#a30003\" class=\"has-text-color\"><strong>Aufgabe:<\/strong><\/p>\n\n\n\n<p>Wie sollten sich Christen verhalten?<\/p>\n\n\n\n<p>Warum sollten sich Christen so verhalten, wie Du es meinst?<\/p>\n\n\n\n<p>K\u00f6nnte es sein, dass Christen, die sich wirklich perfekt verhalten, nicht mehr als menschlich wahrgenommen werden?<\/p>\n\n\n\n<p>*<\/p>\n\n\n\n<p>Die Evangelien zeigen J\u00fcnger, die versagen \u2013 die bereuen \u2013 denen vergeben wird \u2013 die sich streiten \u2013 gemeinsam Wege suchen und finden. Auch Christen, die ihren Glauben sehr ernst nehmen, bleiben Menschen. Ihre Moral soll von Christus her bestimmt sein. Aber Christus ist kein Gesetzgeber, er gibt keine Gesetze, an die sich Christen penibel zu halten haben. Es kommt auf ein Leben an, das aus der Beziehung zu Jesus Christus heraus gelebt wird. Wenn die Gesetzlichkeit die Beziehung zu Jesus Christus \u00fcbert\u00f6nt, kann der Christ hart, richtend und unmenschlich, manchmal auch verbittert werden. Die Christusbeziehung geht dem Handeln der Christen voran. Damit auch Vers\u00f6hnungswille, Liebe, Vergebung.<\/p>\n","protected":false},"excerpt":{"rendered":"<p>GOTT IST NICHT TOT 3: EIN LICHT IN DER DUNKELHEIT Regie: Michael Mason, Drehbuch: Michael Mason und Howie Klausner, 2018 Auf die Kirche des Pfarrers auf dem Campus wird ein Anschlag ver\u00fcbt. Ein Steinwurf in die Scheibe traf auch den Verschluss einer Gasflasche und als Jude, der Pfarrer aus Ghana, [&hellip;]<\/p>\n","protected":false},"author":1,"featured_media":0,"parent":619,"menu_order":0,"comment_status":"closed","ping_status":"closed","template":"","meta":{"footnotes":""},"class_list":["post-840","page","type-page","status-publish","hentry"],"_links":{"self":[{"href":"https:\/\/evangelische-religion.de\/ReligionNeu\/wp-json\/wp\/v2\/pages\/840","targetHints":{"allow":["GET"]}}],"collection":[{"href":"https:\/\/evangelische-religion.de\/ReligionNeu\/wp-json\/wp\/v2\/pages"}],"about":[{"href":"https:\/\/evangelische-religion.de\/ReligionNeu\/wp-json\/wp\/v2\/types\/page"}],"author":[{"embeddable":true,"href":"https:\/\/evangelische-religion.de\/ReligionNeu\/wp-json\/wp\/v2\/users\/1"}],"replies":[{"embeddable":true,"href":"https:\/\/evangelische-religion.de\/ReligionNeu\/wp-json\/wp\/v2\/comments?post=840"}],"version-history":[{"count":2,"href":"https:\/\/evangelische-religion.de\/ReligionNeu\/wp-json\/wp\/v2\/pages\/840\/revisions"}],"predecessor-version":[{"id":1510,"href":"https:\/\/evangelische-religion.de\/ReligionNeu\/wp-json\/wp\/v2\/pages\/840\/revisions\/1510"}],"up":[{"embeddable":true,"href":"https:\/\/evangelische-religion.de\/ReligionNeu\/wp-json\/wp\/v2\/pages\/619"}],"wp:attachment":[{"href":"https:\/\/evangelische-religion.de\/ReligionNeu\/wp-json\/wp\/v2\/media?parent=840"}],"curies":[{"name":"wp","href":"https:\/\/api.w.org\/{rel}","templated":true}]}}