{"id":818,"date":"2019-07-02T16:53:21","date_gmt":"2019-07-02T14:53:21","guid":{"rendered":"https:\/\/evangelische-religion.de\/ReligionNeu\/?page_id=818"},"modified":"2019-08-05T08:37:51","modified_gmt":"2019-08-05T06:37:51","slug":"gott-ist-gott-wohnt","status":"publish","type":"page","link":"https:\/\/evangelische-religion.de\/ReligionNeu\/gott\/gott-ist-gott-wohnt\/","title":{"rendered":"Gott ist? Gott wohnt?"},"content":{"rendered":"\n<p style=\"text-align:center\" class=\"has-medium-font-size\">GOTT? GOTT!<\/p>\n\n\n\n<p>Eine kleine Geschichte, die ich einmal gelesen habe:<\/p>\n\n\n\n<p>Ein Weltreisender kam im 18. Jahrhundert zu den Eskimos (Inuit). Dort sah er das viele Eis, den Schnee. Einige Monate sp\u00e4ter landete er in Afrika bei einem Stamm und berichtete von dem harten, dem gefrorenen, dem wei\u00dfen Wasser, das knirscht, wenn man dar\u00fcber geht. Die Menschen waren ganz verwirrt: Wasser ist wei\u00df? Wasser ist hart? Was hei\u00dft das \u201egefroren\u201c? Beweise uns das, dass Wasser hart wird und wei\u00df! Das konnte der weltreisende Mann nicht und sch\u00fcttelte traurig den Kopf: Ich kann das nicht machen, sagte er. Du kannst uns deine Worte nicht beweisen? Da sie h\u00f6fliche Menschen waren, lachten sie ihn nicht lauthals aus. Erst als er wieder weiter gereist war, sagten sie untereinander: Der Mann mag schlau sein \u2013 aber er ist doch verr\u00fcckt! Hartes, wei\u00dfes Wasser \u2013 das gibt es doch nicht.<\/p>\n\n\n\n<p style=\"color:#f8c868;text-align:center\" class=\"has-text-color\"><strong>Noch einmal: Beweise?<\/strong> (siehe:\u00a0<a href=\"http:\/\/evangelische-religion.de\/beweis---wirklichkeit.html\">http:\/\/evangelische-religion.de\/beweis\u2014wirklichkeit.html<\/a>\u00a0)<\/p>\n\n\n\n<ul class=\"wp-block-list\"><li>Es gibt Beweise, von denen wir sagen: Schau hin, dann siehst du, f\u00fchlst du, h\u00f6rst du es.<\/li><li>Es gibt Beweise, die nicht so klar sind. Wenn in der Nacht ein Schrei ert\u00f6nt, dann interpretieren wir ihn als Schrei eines K\u00e4uzchens, einer Eule, eines Uhus, weil andere uns gesagt haben, dass dem so ist.<\/li><li>Es gibt mathematische Beweise. Man meinte zu beweisen, dass im 20. Jahrhundert die Menschen in Pferdemist ersticken werden \u2013 es ist richtig gerechnet worden, aber die Wirklichkeit \u00e4nderte sich: Das Auto wurde erfunden.<\/li><li>Es gibt juristische Beweise: Manches ist nur gedanklich zu erschlie\u00dfen \u2013 Indizienketten \u201ebeweisen\u201c die Schuld oder Unschuld des Angeklagten.<\/li><li>Auch in der Wissenschaft ist h\u00e4ufig nicht allen immer ganz klar: Was ist bewiesen, was nicht? Gab es zum Beispiel den Urknall? Was meint man, wenn man vom \u201eUrknall\u201c spricht? Ist dieser Gedanke Folge einer Interpretation oder kann der Urknall wirklich im ganz strengen Sinn \u201ebewiesen\u201c werden? Beweisen kann man freilich, dass der Apfel f\u00e4llt. Dass er immer f\u00e4llt, das k\u00f6nnen wir vermuten, weil wir es nie anders erlebt haben. (Aber: Quantentheorie!)<\/li><li>Es gibt historische Beweise: Man kann nicht beweisen, dass es einen Mann namens Sokrates gab, der von 469-399 in Athen gelebt hat und ein gro\u00dfer Philosoph war: Wir glauben Menschen, die von ihm berichten.<\/li><li>Kann ein Mensch beweisen, dass er mich liebt? Ist die Aussage \u201eich liebe dich\u201c anders aufzufassen als nur mit gro\u00dfem Vertrauen?<\/li><\/ul>\n\n\n\n<p>Was meinen wir eigentlich, wenn wir davon sprechen, dass man Gott nicht \u201ebeweisen\u201c kann? Menschen zu allen Zeiten (soweit wir arch\u00e4ologisch zur\u00fcck sehen k\u00f6nnen) glaubten an M\u00e4chte, die au\u00dferhalb von ihnen existieren. Juden und Christen glauben den Aussagen ihrer gro\u00dfen Propheten und Christen glauben den Aussagen von Jesus Christus. Das Wort \u201eGlauben\u201c kommt von \u201eVertrauen\u201c. Wir vertrauen ihm, weil er ein guter Mensch war, der Menschen nicht belogen und betrogen hat. Und wenn man ihm vertraut, dann kann man manchmal ein wenig selbst von Gott sp\u00fcren. Christen sagen dann, das hat der Geist Gottes bewirkt, die Kraft, die Macht, die Liebe Gottes. F\u00fcr sie ist Gott \u201ebewiesen\u201c, weil die Erfahrungen, die sie mit Gott gemacht haben, f\u00fcr sie Beweise sind.<\/p>\n\n\n\n<p style=\"color:#f8c868;text-align:center\" class=\"has-text-color\"><strong>Gott mit allen Sinnen wahrnehmen<\/strong><\/p>\n\n\n\n<p>Wir k\u00f6nnen Gott nicht h\u00f6ren,<br>doch wenn wir ihn h\u00f6ren wollen,<br>h\u00f6ren wir ihn in Menschen sprechen,<br>in den Propheten, in der Bibel, in unserem Geist und Verstand,<br>\u2013 in den tr\u00f6stenden, guten Worten der Menschen, die ihn lieben.<\/p>\n\n\n\n<p>Wir k\u00f6nnen Gott nicht sp\u00fcren,<br>doch wenn wir ihn sp\u00fcren wollen,<br>sp\u00fcren wir ihn manchmal in guten Ereignissen,<br>in Tr\u00e4umen und Gedanken,<br>\u2013 in den guten Taten von Menschen, die Gott lieben.<\/p>\n\n\n\n<p>Wir k\u00f6nnen Gott nicht sehen,<br>doch wenn wir ihn sehen wollen,<br>sehen wir seine Kraft in seiner wunderbaren Sch\u00f6pfung<br>wir sehen ihn in Jesus Christus<br>\u2013 in Menschen, die ihn lieben.<\/p>\n\n\n\n<p style=\"color:#f8c868;text-align:center\" class=\"has-text-color\"><strong>Jesus Christus \u2013 Gottes Liebe<\/strong> (siehe:\u00a0<a href=\"http:\/\/evangelische-religion.de\/jesus-christus.html\">http:\/\/evangelische-religion.de\/jesus-christus.html<\/a>\u00a0)<\/p>\n\n\n\n<p>Jesus hat gelebt. Jesus hat auch gro\u00dfe Taten gewirkt. Jesus hat gute Worte gesprochen \u2013 denn sonst w\u00fcrde heute kein Mensch mehr von ihm reden. Er w\u00e4re als kleiner Zimmermann, der nur zwischen 1-3 Jahre gewirkt hat, vollkommen vergessen worden. Viele Menschen glauben nicht an die Auferstehung Jesu. Man kann sich das auch nicht vorstellen, was damals geschehen ist. Wir stehen jedoch alle, Christen wie Nichtchristen vor dem Erstaunlichsten, was die Menschheitsgeschichte kennt: Von diesem Menschen redet man noch nach 2000 Jahren. Die meisten Menschen auf der Erde z\u00e4hlen sich zu den Christen: mehr als 2,3 Milliarden und t\u00e4glich kommen Zigtausende dazu \u2013 und das, ohne, dass man sie zwingt. F\u00fcr Christen ist das nicht ganz so erstaunlich, weil sie um seine Gottes-Macht wissen, um seine Gottes-Liebe, die wirksam ist, um seine Gottes-Kraft, die sie sp\u00fcren, auch wenn es ihnen schlecht geht, sie traurig sind und verfolgt werden, sie sind nicht einsam, auch wenn sie allein sind.<\/p>\n\n\n\n<p style=\"color:#f8c868;text-align:center\" class=\"has-text-color\"><strong>Wo wohnt Gott?<\/strong><\/p>\n\n\n\n<p>Wo ist Gott? Fr\u00fcher sprach man davon, dass Gott im Himmel sei. Doch was ist der Himmel? Die Engl\u00e4nder sprechen von \u201eSky\u201c = der Himmel, den man sieht, und von \u201eHeaven\u201c = der spirituelle Himmel, der Raum der konzentrierten Anwesenheit Gottes. Wo ist der spirituelle Himmel? Jenseits des Kosmos \u2013 auf den alle Galaxien hindr\u00e4ngen? Im Herzen des Menschen, der Gott liebt? In der gesamten Sch\u00f6pfung? Wir Menschen sto\u00dfen an die Grenzen unserer Sprache, darum wird von Gott metaphorisch, das hei\u00dft: in Bildern, gesprochen. So spricht Jesus zum Beispiel von Gott als \u201eVater\u201c. Wenn wir abstrakter reden, das hei\u00dft: weniger bildhaft reden, dann gibt uns der Kolosserbrief einen Hinweis: Alles ist durch Gott geschaffen \u2013 alles ist in ihm \u2013 alles ist auf ihn hin. Gott ist nicht oben im Himmel (sky), sondern der Himmel (heaven) ist da, wo Gott ist. Auch wenn wir sagen, dass Gott nicht im Himmel ist &#8211; also an einem Ort &#8211; sondern: die sch\u00f6pferische Kraft allen Daseins und in allem ist &#8211; wir kommen vom metaphorischen Sprechen nicht weg. Es klingt nur manchmal bildhafter, manchmal philosophischer, manchmal platter, manchmal kl\u00fcger.<\/p>\n\n\n\n<p style=\"color:#f8c868;text-align:center\" class=\"has-text-color\"><strong>Von Gott reden<\/strong> (dazu siehe:\u00a0<a href=\"http:\/\/evangelische-religion.de\/gott-zur-sprache-bringen.html\">http:\/\/evangelische-religion.de\/gott-zur-sprache-bringen.html<\/a>\u00a0)<\/p>\n\n\n\n<p>Wenn Menschen von Gott reden, dann m\u00fcssen sie immer \u00fcberlegen: Was leistet unsere Sprache eigentlich? K\u00f6nnen wir alles aussprechen, was ist, was wir erfahren, f\u00fchlen? Sprache scheitert h\u00e4ufig schon an Innerweltlichem (z.B. Liebe, Kosmos) \u2013 erst recht dann, wenn es um Gott geht. (K\u00f6nnen wir aussprechen, was Gott als Sch\u00f6pfer wirkt, k\u00f6nnen wir sagen, was Auferstehung ist, was es hei\u00dft: Jesus ist Gottes Sohn? \u2013\u00a0Christen ringen um Sprache, um die richtigen Worte. Manchmal finden sie diese \u2013 meistens aber nicht.)<\/p>\n\n\n\n<p style=\"color:#a30003\" class=\"has-text-color\"><strong>Aufgabe:\u00a0<\/strong>Was sagst du zu folgender Geschichte? Fundort\u00a0<a href=\"http:\/\/cms.bistum-trier.de\/bistum-trier\/Integrale?\">http:\/\/cms.bistum-trier.de\/bistum-trier\/Integrale?<\/a>\u00a0:<\/p>\n\n\n\n<p>So wird \u00fcber Gott und Gagarin (der erste Mensch im All) ein wunderbarer Witz erz\u00e4hlt: Chruschtschow (ehemaliger sowjetischer Regierungschef) fragt Gagarin, ob er Gott gesehen habe; Ja. \u2013 Darauf Chruschtschow: Hier hast du 10 000 Dollar, aber sage niemand etwas! Bei der Papstaudienz fragt der Papst Gagarin nach Gott. Nein, ich habe ihn nicht gesehen. \u2013 Hier hast du 10000 Dollar, aber schweig. Schlie\u00dflich trifft Gagarin Pr\u00e4sident Kennedy: Hast du Gott gesehen? Ja. \u2013 Macht nichts, ich habe Theisten und Atheisten unter meinen W\u00e4hlern. Gagarin: Sie ist schwarz.<\/p>\n","protected":false},"excerpt":{"rendered":"<p>GOTT? GOTT! Eine kleine Geschichte, die ich einmal gelesen habe: Ein Weltreisender kam im 18. Jahrhundert zu den Eskimos (Inuit). Dort sah er das viele Eis, den Schnee. Einige Monate sp\u00e4ter landete er in Afrika bei einem Stamm und berichtete von dem harten, dem gefrorenen, dem wei\u00dfen Wasser, das knirscht, [&hellip;]<\/p>\n","protected":false},"author":1,"featured_media":0,"parent":47,"menu_order":0,"comment_status":"closed","ping_status":"closed","template":"","meta":{"footnotes":""},"class_list":["post-818","page","type-page","status-publish","hentry"],"_links":{"self":[{"href":"https:\/\/evangelische-religion.de\/ReligionNeu\/wp-json\/wp\/v2\/pages\/818","targetHints":{"allow":["GET"]}}],"collection":[{"href":"https:\/\/evangelische-religion.de\/ReligionNeu\/wp-json\/wp\/v2\/pages"}],"about":[{"href":"https:\/\/evangelische-religion.de\/ReligionNeu\/wp-json\/wp\/v2\/types\/page"}],"author":[{"embeddable":true,"href":"https:\/\/evangelische-religion.de\/ReligionNeu\/wp-json\/wp\/v2\/users\/1"}],"replies":[{"embeddable":true,"href":"https:\/\/evangelische-religion.de\/ReligionNeu\/wp-json\/wp\/v2\/comments?post=818"}],"version-history":[{"count":2,"href":"https:\/\/evangelische-religion.de\/ReligionNeu\/wp-json\/wp\/v2\/pages\/818\/revisions"}],"predecessor-version":[{"id":1409,"href":"https:\/\/evangelische-religion.de\/ReligionNeu\/wp-json\/wp\/v2\/pages\/818\/revisions\/1409"}],"up":[{"embeddable":true,"href":"https:\/\/evangelische-religion.de\/ReligionNeu\/wp-json\/wp\/v2\/pages\/47"}],"wp:attachment":[{"href":"https:\/\/evangelische-religion.de\/ReligionNeu\/wp-json\/wp\/v2\/media?parent=818"}],"curies":[{"name":"wp","href":"https:\/\/api.w.org\/{rel}","templated":true}]}}