{"id":798,"date":"2019-07-02T16:42:59","date_gmt":"2019-07-02T14:42:59","guid":{"rendered":"https:\/\/evangelische-religion.de\/ReligionNeu\/?page_id=798"},"modified":"2022-07-28T16:07:57","modified_gmt":"2022-07-28T14:07:57","slug":"sieben-worte-jesu-am-kreuz","status":"publish","type":"page","link":"https:\/\/evangelische-religion.de\/ReligionNeu\/gott\/sieben-worte-jesu-am-kreuz\/","title":{"rendered":"Sieben Worte Jesu am Kreuz"},"content":{"rendered":"\n<p>(s. auch: <a href=\"https:\/\/mini.evangelische-religion.de\/sieben-worte-jesu-am-kreuz-2\/\">https:\/\/mini.evangelische-religion.de\/sieben-worte-jesu-am-kreuz-2\/<\/a> )<\/p>\n\n\n\n<p class=\"has-text-align-center has-medium-font-size\">SIEBEN WORTE JESU AM KREUZ<\/p>\n\n\n\n<p>Die sieben Worte Jesu am Kreuz k\u00f6nnen zu einem Teil gut darstellen, was der christliche Glaube zur Frage der Theodizee zu sagen hat. An dieser Stelle geht es nicht um die Frage, welches der Worte Jesus gesagt hat, ob keines, ob alle, ob das eine oder andere. Hier geht es um die Frage: Welche Wirkung haben diese Worte, um Leiden bew\u00e4ltigen zu k\u00f6nnen.<\/p>\n\n\n\n<p>Es geht nicht um die Frage: Woher kommt das Leiden, warum leiden Menschen?<\/p>\n\n\n\n<p>Es geht darum: Wie gehe ich mit dem Leiden \u2013 dem vielf\u00e4ltigen Leiden \u2013 um?<\/p>\n\n\n\n<p>Es sind \u201enur\u201c Worte \u2013 aber dadurch, dass Gottes Sohn \/ Gottes Geist Ursache dieser Worte ist, haben sie f\u00fcr Glaubende eine besondere Bedeutung. Die Frage danach, welches Wort historisch korrekt ist, ist nicht mehr dringlich, wenn die Wirkung dieser Worte f\u00fcr die jeweiligen Glaubenden beachtet wird, die durch den Geist Gottes hervorgerufen wird. <\/p>\n\n\n\n<p>Es sei noch angemerkt, dass die Zahl &#8222;sieben&#8220; eine ganz besondere Zahl ist, nicht nur f\u00fcr Christen, sondern in vielen Kulturen. Dass gerade sieben Worte Jesu \u00fcberliefert wurden, mag Zufall sein, aber dieser Zufall hat besondere Bedeutung: Sie umfassen einen gro\u00dfen Teil von dem, was dem Leben wesentlich ist. Sieben, die Zahl der Vollkommenheit (3 die Zahl f\u00fcr Gott + 4 die Zahl der weltlichen Ordnung\/Himmelsrichtungen, von Gott umfasst).<\/p>\n\n\n\n<p class=\"has-text-align-center has-text-color\" style=\"color:#f0c02f\"><strong>Traditionelle Reihenfolge der Worte Jesu am Kreuz.<\/strong><\/p>\n\n\n\n<p class=\"has-text-align-center has-accent-color has-text-color\"><strong>1. \u201eVater, vergib ihnen, denn sie wissen nicht, was sie tun.\u201c<\/strong>&nbsp;(Lk&nbsp;23,34)<\/p>\n\n\n\n<p>Reaktion auf die Not der Schuld, auf die Bosheit der Menschen: Vergebung. Vergebung erm\u00f6glicht Neuanfang. Der Mensch kann durch Vergebung befreit werden vom b\u00f6sen Handeln.<\/p>\n\n\n\n<p class=\"has-text-align-center has-text-color\" style=\"color:#00a311\"><strong>2.&nbsp;\u201eAmen, ich sage dir: Heute noch wirst du mit mir im Paradies sein.\u201c<\/strong>&nbsp;(Lk&nbsp;23,43)<\/p>\n\n\n\n<p>Reaktion auf die Not des Todes: ewiges Leben.<\/p>\n\n\n\n<p class=\"has-text-align-center has-text-color\" style=\"color:#8300a3\"><strong>3.&nbsp;\u201eFrau, siehe, dein Sohn!\u201c und: \u201eSiehe, deine Mutter!\u201c<\/strong>&nbsp;(Joh&nbsp;19,26-27)<\/p>\n\n\n\n<p>Reaktion auf die Einsamkeit: Gemeinschaft, Zuwendung zum anderen.<\/p>\n\n\n\n<p class=\"has-text-align-center has-text-color\" style=\"color:#a35d00\"><strong>4.&nbsp;\u201eMein Gott, mein Gott, warum hast Du mich verlassen?\u201c<\/strong>&nbsp;(Mk&nbsp;15,34;&nbsp;Mt&nbsp;27,46 \u2013 Psalm 22)<\/p>\n\n\n\n<p>Reaktion auf die Erfahrung der Gottverlassenheit: Klage. Gott sein Leid klagen \u2013 Leiden aussprechen. Jesu Klage ist meine Klage, meine Klage ist Jesu Klage. Ich sehe mich in seinem Leiden, sehe ihn in meinem Leiden. Einheit mit Gott, auch wenn ich ihn nicht sp\u00fcren sollte.<\/p>\n\n\n\n<p>Gottverlassenheit verursacht durch Untaten der Menschen (Theodizee als Folge der Anthropodizee):<\/p>\n\n\n\n<ul class=\"wp-block-list\"><li>Verrat durch den Freund (Judas)<\/li><li>Verleugnung durch Freunde (z.B. Petrus).<\/li><li>Ungerechte Verhaftung.<\/li><li>Ausgesetzt sein rechtlicher Willk\u00fcr: Falsche Zeugenaussagen.<\/li><li>Verbale Erniedrigungen.<\/li><li>Folterungen (Schl\u00e4ge, angespuckt werden, Dornenkrone, Entkleidung)<\/li><li>Zur-Schau-Stellung als Verh\u00f6hnter.<\/li><\/ul>\n\n\n\n<p class=\"has-text-align-center has-text-color\" style=\"color:#5200a3\"><strong>5.&nbsp;\u201eMich d\u00fcrstet.\u201c<\/strong>&nbsp;(Joh&nbsp;19,28 \u2013 Psalm 69,22)<\/p>\n\n\n\n<p>Reaktion auf das Leiden des K\u00f6rpers \u2013 das Leiden des K\u00f6rpers durchzieht die gesamte Passionsgeschichte.<\/p>\n\n\n\n<p class=\"has-text-align-center has-text-color\" style=\"color:#dd3c3f\"><strong>6.&nbsp;\u201eEs ist vollbracht.\u201c&nbsp;<\/strong>(Joh&nbsp;19,30)<\/p>\n\n\n\n<p>Was ist vollbracht? Jesu Leben, in dem er versuchte, das Leiden zu bek\u00e4mpfen \u2013 aus der Erwartung des Schalom \/ Reich Gottes heraus: Wunder + Lehre \u2013 Erhebung der Erniedrigten, sein gesamtes Handeln als derjenige, der Gottes Willen offenbart. Das Leben kann an ein Ziel kommen. Leiden widerspricht nicht der Zugeh\u00f6rigkeit zu Gott.<\/p>\n\n\n\n<p class=\"has-text-align-center has-text-color\" style=\"color:#e2c81b\"><strong>7.&nbsp;\u201eVater, in deine H\u00e4nde lege ich meinen Geist.\u201c&nbsp;(<\/strong>Lk&nbsp;23,46 \u2013 Psalm 31,5f.)<\/p>\n\n\n\n<p>Sich Gott anbefehlen \u2013 es geht weiter im Schalom Gottes.<\/p>\n\n\n\n<p class=\"has-text-align-center\">***<\/p>\n\n\n\n<p>Wie ich Jesus in meinem Leiden sehe und mich in seinem, so auch in der Auferstehung: Seine Auferstehung ist meine Auferstehung. Gott wird auch mein Leiden beenden. Gott erhebt den Erniedrigten aus dem Staub. Gott wird sich zu mir, dem Menschen, bekennen. Ihn vollenden, seine W\u00fcrde zur\u00fcckgeben. Gott ist auf der Seite des Opfers \u2013 nicht auf der Seite der T\u00e4ter.<\/p>\n","protected":false},"excerpt":{"rendered":"<p>(s. auch: https:\/\/mini.evangelische-religion.de\/sieben-worte-jesu-am-kreuz-2\/ ) SIEBEN WORTE JESU AM KREUZ Die sieben Worte Jesu am Kreuz k\u00f6nnen zu einem Teil gut darstellen, was der christliche Glaube zur Frage der Theodizee zu sagen hat. An dieser Stelle geht es nicht um die Frage, welches der Worte Jesus gesagt hat, ob keines, ob [&hellip;]<\/p>\n","protected":false},"author":1,"featured_media":0,"parent":47,"menu_order":0,"comment_status":"closed","ping_status":"closed","template":"","meta":{"footnotes":""},"class_list":["post-798","page","type-page","status-publish","hentry"],"_links":{"self":[{"href":"https:\/\/evangelische-religion.de\/ReligionNeu\/wp-json\/wp\/v2\/pages\/798","targetHints":{"allow":["GET"]}}],"collection":[{"href":"https:\/\/evangelische-religion.de\/ReligionNeu\/wp-json\/wp\/v2\/pages"}],"about":[{"href":"https:\/\/evangelische-religion.de\/ReligionNeu\/wp-json\/wp\/v2\/types\/page"}],"author":[{"embeddable":true,"href":"https:\/\/evangelische-religion.de\/ReligionNeu\/wp-json\/wp\/v2\/users\/1"}],"replies":[{"embeddable":true,"href":"https:\/\/evangelische-religion.de\/ReligionNeu\/wp-json\/wp\/v2\/comments?post=798"}],"version-history":[{"count":5,"href":"https:\/\/evangelische-religion.de\/ReligionNeu\/wp-json\/wp\/v2\/pages\/798\/revisions"}],"predecessor-version":[{"id":2673,"href":"https:\/\/evangelische-religion.de\/ReligionNeu\/wp-json\/wp\/v2\/pages\/798\/revisions\/2673"}],"up":[{"embeddable":true,"href":"https:\/\/evangelische-religion.de\/ReligionNeu\/wp-json\/wp\/v2\/pages\/47"}],"wp:attachment":[{"href":"https:\/\/evangelische-religion.de\/ReligionNeu\/wp-json\/wp\/v2\/media?parent=798"}],"curies":[{"name":"wp","href":"https:\/\/api.w.org\/{rel}","templated":true}]}}