{"id":774,"date":"2019-07-02T16:29:17","date_gmt":"2019-07-02T14:29:17","guid":{"rendered":"https:\/\/evangelische-religion.de\/ReligionNeu\/?page_id=774"},"modified":"2019-08-06T12:37:56","modified_gmt":"2019-08-06T10:37:56","slug":"bilderbuecher-gott","status":"publish","type":"page","link":"https:\/\/evangelische-religion.de\/ReligionNeu\/gott\/bilderbuecher-gott\/","title":{"rendered":"Bilderb\u00fccher: Gott"},"content":{"rendered":"\n<p style=\"text-align:center\" class=\"has-medium-font-size\">Bilderb\u00fccher, die den Glauben an Gott vorstellen<\/p>\n\n\n\n<p style=\"background-color:#bab52b;text-align:center\" class=\"has-text-color has-background has-black-color\"><strong>\u00c0ngels Comella<\/strong>: Ich erz\u00e4hl dir vom lieben Gott. Lahn-Verlag 2006 (Spanien 2001)<\/p>\n\n\n\n<p>Ein Buch f\u00fcr kleine Kinder, das zeigt, wie unendlich gro\u00df Gott ist, alles wirksam durchdringt \u2013 aber Menschen auch sagt, was er von ihnen m\u00f6chte (andere gl\u00fccklich machen), er ist zu sp\u00fcren, wenn andere Kinder uns wichtig werden, im Herzen finden wir ihn. Ein Schlusswort an Eltern, Gro\u00dfeltern und Erzieher fasst das noch einmal zusammen und es werden ein traditionelles Gebet (\u201eWer hat die Sonne denn gemacht\u2026\u201c) und ein Lied (\u201eGottes Liebe ist so wunderbar\u201c) vorgestellt.<\/p>\n\n\n\n<p>Die schlichten, einfachen, bunten Bilder zeigen alles aus der Perspektive kleiner Kinder \u2013 da sind sie gro\u00df.<\/p>\n\n\n\n<p style=\"background-color:#bab52b;text-align:center\" class=\"has-background\"><strong>Marie-H\u00e9l\u00e8ne Delval<\/strong>: Wie siehst du aus, Gott? Mit Bildern von <strong>Barbara Nascimbeni<\/strong>. Ins Deutsche \u00fcbertragen von Rainer Oberth\u00fcr und Jean-Pierre Sterck-Degueldre, Gabriel-Verlag, Stuttgart, 4. Auflage 2018 (Franz. 2010)<\/p>\n\n\n\n<p>Das Vorwort zeigt, dass wir Gott n\u00e4her kommen \u2013 aber merken: er ist ein gro\u00dfes Geheimnis. Auf vielen Seiten wird ein Aspekt vorgestellt: \u201eGott, du bist\u2026\u201c \u2013 und das wird mit wenigen Worten erl\u00e4utert: \u201eGott, du bist der Lebensatem. Wie ein kr\u00e4ftiger Wind formt Gott die Erde und das Meer. Er l\u00e4sst die Sterne funkeln hoch am Himmel. Gott gibt allem Atem, was lebt. Er ist der Lufthauch, der die Herzen weitet und die Seele st\u00e4rkt.\u201c Gott, du bist in den Tr\u00e4nen der Menschen\u2026 bist Freude, Quelle, Kraft, klein \u2026 \u2013 du hast ein Gesicht. Dieses Gesicht ist Jesus.<\/p>\n\n\n\n<p>Die Bilder sind sehr farbig, dynamisch \u2013 viele von ihnen sind nachdenkenswert. So ist bei dem Text:&nbsp;<em>Gott, du bist ein Versprechen<\/em>&nbsp;ein Bild zu sehen, auf dem ein M\u00e4dchen durch die Dunkelheit fliegt \u2013 das auf einem Vogel, der aus bunter Welt besteht.<\/p>\n\n\n\n<p style=\"background-color:#bab52b;text-align:center\" class=\"has-background\"><strong>Hermann-Josef Frisch und Ivan Gantschev<\/strong>: Der Cham\u00e4leonvogel. Eine Ostergeschichte f\u00fcr Kinder und ihre Eltern, G\u00fctersloher-Verlagshaus, G\u00fctersloh 7. Auflage 2017<\/p>\n\n\n\n<p>Der Cham\u00e4leonvogel stellt sich vor. Wird Gutes berichtet, ist er bunt, wird Dunkles berichtet, wird er dunkel. So berichtet er von Jesus, der von Gott erz\u00e4hlt. Der Cham\u00e4leonvogel ist also bunt. Jesus wird verurteilt und hingerichtet \u2013 der Cham\u00e4leonvogel ist letztlich nicht mehr zu sehen, so dunkel. Dann wird er immer bunter \u2013 denn es naht der Ostertag: Gott hat Jesus das Leben wiedergegeben. Am Schluss des Buches gibt es noch Hinweise zur Geschichte Jesu f\u00fcr Eltern und Erzieher.<\/p>\n\n\n\n<p>Die Bilder geben in ihren Farben den Cham\u00e4leonvogel wieder: Sehr bunt und ungegenst\u00e4ndlich, viele bunte Farbkleckse, dann sieht man im Kontext der Hinrichtung Jesu auch Umrisse von Personen. Das Buch ist insgesamt sehr spannungsreich.<\/p>\n\n\n\n<p style=\"background-color:#bab52b;text-align:center\" class=\"has-background\"><strong>Marie-Agn\u00e9s Gaudrat und Marie Aubinais<\/strong>: Wer bist du, lieber Gott? Illustrationen: Josse Goffin, Brunnen-Verlag, Gie\u00dfen 2018 (franz. 2014)<\/p>\n\n\n\n<p>Das Buch ist f\u00fcr ganz Kleine gedacht, hat dicke Pappbl\u00e4tter. Auf diesen wird auf der linken Seite dargestellt, wie Menschen sich Gott vorstellen \u2013 auf der rechten Seite wird dem gegen\u00fcbergestellt, wer Gott ist. Also kein Zauberer \u2013 ein liebender Papa, kein Aufseher \u2013 eine liebende Mama. Gott sitzt nicht im Himmel \u2013 sondern \u201eHimmel\u201c beschreibt, dass Gott geheimnisvoll ist. Gott bestimmt nicht alles \u2013 Gott ist der Wind, der Mensch als Kapit\u00e4n bestimmt, wohin er segeln will. Knapper kann man Richtiges zum Glauben wohl kaum wiedergeben \u2013 und das auch ansprechend.<\/p>\n\n\n\n<p>Die Bilder sind ganz schlicht, kindlich, bunt.<\/p>\n\n\n\n<p style=\"background-color:#bab52b;text-align:center\" class=\"has-background\"><strong>Franz H\u00fcbner<\/strong> (Text) und <strong>Markus Humbach<\/strong> (Illustrationen): Wei\u00dft du schon, wie lieb Gott dich hat? G\u00fctersloher Verlagshaus, G\u00fctersloh, 11. Auflage 2017<\/p>\n\n\n\n<p>Als ein wunderbarer Mensch auf die Welt kam, freute sich Gott besonders. Wer kam auf die Welt? Du. Und dann wird aufgez\u00e4hlt, dass Gott \u201edich\u201c lieb hat \u2013 in den unterschiedlichsten Lebenssituationen. Er m\u00f6chte \u201eder Freund in deinem Herzen sein\u201c, ist immer zur Hilfe bereit, schickt einen W\u00e4chter-Engel. Es ist ein \u201eGeburtstags-Gute-Nacht-Buch\u201c, das Vertrauen wecken m\u00f6chte.<\/p>\n\n\n\n<p>Das Kind begegnet als Bild nur am Anfang und am Schluss \u2013 dazwischen wimmelt es von Tieren, Hauptdarsteller \u2013 Identifikationsfigur \u2013 ist ein junger B\u00e4r, der diese verschiedenen Situationen eines Menschen erlebt. Die expressiven, grob gemalten Bilder sind gro\u00dfformatig und zeigen ein buntes, munteres Treiben.<\/p>\n\n\n\n<p style=\"background-color:#bab52b;text-align:center\" class=\"has-background\"><strong>Franz H\u00fcbner<\/strong>: Der liebe Gott wohnt bei uns im Apfelbaum. Bilder von <strong>Brigitte Smith<\/strong>. Wunderland Verlag, Aschaffenburg 2017<\/p>\n\n\n\n<p>Ein kleiner Junge spielt mit seinem Vater \u2013 und stellt unvermittelt die Frage, wie er Gott erkennen k\u00f6nne, wenn er ihm begegne. Nach einer Bedenkzeit sagt der Vater, dass er Gott dann ganz deutlich sp\u00fcren k\u00f6nne, wenn einer ihm etwas schenkt, ohne etwas daf\u00fcr zur\u00fcckzubekommen. \u201eDann muss der liebe Gott in der N\u00e4he sein.\u201c Und daraufhin sucht das Kind. Doch alle schenken, und wollen etwas daf\u00fcr bekommen. Zuletzt erkennt er, dass der Apfelbaum etwas \u201emit dem lieben Gott zu tun haben m\u00fcsste.\u201c Dieser schenkt \u00c4pfel, ohne dass er etwas daf\u00fcr verlangt. Zuletzt schenkt ihm der Vater ein Holzherzchen, selbst geschnitzt. Auch, ohne dass er etwas verlangt. Das wird jedoch nicht mehr betont.<\/p>\n\n\n\n<p>Die Bilder geben bunt eine quicklebendige Jungenwelt wieder, sind gegenst\u00e4ndlich, b\u00e4ndigen die Phantasie.<\/p>\n\n\n\n<p style=\"background-color:#bab52b;text-align:center\" class=\"has-background\"><strong>Laura Lattughini und Franco Scaramuccia<\/strong>: Lieber Gott, wer bist du? Illustrationen von <strong>Silvia Gastald<\/strong>i, Neukirchener-Verlagshaus, Neukirchen-Vluyn 2006<\/p>\n\n\n\n<p>In einem Vorwort wird die Intention des Buches beschrieben: Es werden Bilder der Bibel aufgegriffen, die Gott beschreiben. Es wird zum Beispiel ein Bibeltext zitiert \u2013 dann wird er knapp und kindgerecht kommentiert, entsprechend bebildert. Zum Beispiel: \u201eWie ein Vater seine Kinder liebt, so liebt der Herr alle, die ihn ehren. Psalm 103,13\u201c Das wird kommentiert: \u201eGott ist wie ein Papa f\u00fcr alle Menschen\u2026 So wie ein Kind wei\u00df, dass es sich auf seinen Papa verlassen kann, so k\u00f6nnen wir Gott vertrauen.\u201c Das ganzseitige Bild zeigt ein M\u00e4dchen, das an der Hand des Vaters herumwirbelt. Und so werden viele Bilder aufgegriffen: Gott ist wie eine Mutter, wie das Licht, wie ein Hirte usw. Jesus wird entsprechend vorgestellt: wie eine T\u00fcr (\u201eWer Jesus kennt und bei ihm `anklopft\u00b4, kann sicher sein, dass er Gott findet.\u201c), wie ein Weinstock usw. Zuletzt wird entsprechend der Heilige Geist vorgestellt: wie eine Taube, ein Helfer, wie ein neues Leben (\u201eDer Heilige Geist ist st\u00e4rker als die Angst. Er macht lebendig, mutig und froh.), usw.<\/p>\n\n\n\n<p>Die munteren, stark kontrastiven Wachsmalbilder geben die jeweiligen Themen wieder, indem Kinder damit verbunden werden.<\/p>\n\n\n\n<p style=\"background-color:#bab52b;text-align:center\" class=\"has-background\"><strong>Werner Laubi:<\/strong> Eine Geschichte von der Sch\u00f6pfung. Mit Illustrationen von Sabine Waldmann-Brun. Kaufmann Verlag\/ButzonBercker, Kevelaer 2010<\/p>\n\n\n\n<p>Es beginnt schwarz \u2013 keine Sch\u00f6pfung ist da. Gott war. Gott, der Liebe ist. Aus Liebe will er etwas. Weil nichts da ist, ist er traurig. Dann beginnt er mit der Erschaffung der Welt. Es wird, je weiter die Sch\u00f6pfung voranschreitet, immer bunter.<\/p>\n\n\n\n<p>Die Bilder sind paradiesisch friedlich \u2013 und eben: bunt.<\/p>\n\n\n\n<p style=\"background-color:#bab52b;text-align:center\" class=\"has-background\"><strong>Manuela Monari<\/strong>: Der rote Faden. Illustriert von <strong>Brunella Baldi<\/strong>. Tyrolia-Verlag Innsbruck\/Wien, 3. Auflage 2018<\/p>\n\n\n\n<p>Alles wird mit einem roten Faden verbunden. Mama, Papa, ich \u2013 unser Haus mit den anderen H\u00e4usern, St\u00e4dte\u2026 \u2013 einfach alles. Und was ist der rote Faden? Die Mutter meinte: die Liebe, der Vater meinte: der Verstand, die Lehrerin meinte: die Wahrheit, ein Freund meinte: Gott. Und wenn man ihn verloren hat, kann man ihn suchen und er wird gefunden.<\/p>\n\n\n\n<p>Die Bilder sind dezent gemalt worden, sehr phantasievoll, irreal, Kinder haben viel zu sehen.<\/p>\n\n\n\n<p style=\"background-color:#bab52b;text-align:center\" class=\"has-background\"><strong>Rainer Oberth\u00fcr und Marieke ten Berge<\/strong>: So viel mehr als Sternenstaub. Nachdenken und Staunen \u00fcber Gott, Gabriel-Verlag, Stuttgart 2018<\/p>\n\n\n\n<p>Die Bilder von Marieke ten Berge lassen staunen. Sie sind so vielf\u00e4ltig, dass man sie nicht mit wenigen Worten beschreiben kann. Ihnen sind die Texte angepasst, denen ein Bibeltext zugeordnet wurde. Die Welt wird auf uns Menschen bezogen. Urknall \u2013 Sterne entstehen \u2013 \u201eAus nichts lie\u00df Gott alles werden. Sternenstaub sind wir und vom Sternenlicht leben wir!\u201c Diese Bez\u00fcge werden hergestellt mit Blick auf das Wasser, die Welt zeigt uns Gottes Geheimnisse, Gott kommt uns n\u00e4her in der Stille, der Mensch ist Ebenbild Gottes \u2013 als solches ist er wie Gott ein Geheimnis. Jesus wird genannt (\u201eJesus ist das beste Bild von Gott, der f\u00fcr uns unsichtbar ist!\u201c). Zweifel, Liebe, Gef\u00fchle, Gerechtigkeit, Musik, Angst, Glauben (\u201eAus der Geduld mit Gott wird die Kraft des Glaubens gro\u00df\u201c) und viele Themen mehr werden angesprochen. Zuletzt hei\u00dft es, den Anfang aufgreifend: \u201eDoch wir sind so viel mehr als Sternenstaub!\u201c Ein Gedanken anregendes Nachwort beschlie\u00dft dieses wertvolle f\u00fcr \u00e4ltere Kinder angelegte Buch.<\/p>\n\n\n\n<p style=\"background-color:#bab52b;text-align:center\" class=\"has-background\"><strong>Rainer Oberth\u00fcr<\/strong>: Stell dir vor\u2026 Gedankenspiele \u00fcber dich, Gott und die Welt. K\u00f6sel-Verlag M\u00fcnchen 2016<\/p>\n\n\n\n<p>Dieses B\u00fcchlein ist f\u00fcr philosophisch interessierte Menschen gedacht. Was das Thema \u201eGott\u201c betrifft, wird zum Beispiel die Wette von Blaise Pascal vorgestellt und besprochen (\u201e\u201cWir wollen etwas ja nicht glauben, weil es uns guttut, sondern weil es wahr ist.\u201c). Es werden Gottesbeweise vorgestellt \u2013 die in viele Fragen m\u00fcnden (z.B.: \u201eWer ist f\u00fcr dich der Sieger des Wettbewerbs?\u2026 musste jeder scheitern und hat als Verlierer an Einsicht gewonnen?\u201c). Auch dieses Buch ist f\u00fcr Menschen, die gerne nachdenken \u2013 und zwar vertieft nachdenken, recht anregend.<\/p>\n\n\n\n<p style=\"background-color:#bab52b;text-align:center\" class=\"has-background\"><strong>Rafik Schami:<\/strong> \u201eWie sehe ich aus?\u201c, fragte Gott. Mit Illustrationen von <strong>Sandra Beer<\/strong>, edition chrismon, Hansisches Druck- und Verlagshaus, Frankfurt\/Main, 4. Auflage 2015<\/p>\n\n\n\n<p>Gott fragte alle m\u00f6glichen Lebewesen und Gegenst\u00e4nde (Wolke, Atom usw.) danach, wie seine Sch\u00f6pfung ihn sieht. Entsprechend bekommt er Antworten, die den jeweiligen Menschen, Tieren oder Gegenst\u00e4nden entsprechen. So fragt er einen Schmetterling, der sagt: \u201eGott ist wie eine zauberhafte Hand, die alles H\u00e4ssliche in Sch\u00f6nheit verwandelt, die eine unansehnliche Raupe in ihrem Kokon streichelt, und schon komme ich heraus.\u201c Zuletzt begegnet er einem Maler, der sich selbst malt und stolz sagt: \u201eDas ist Gott\u201c. Wie Gott darauf reagiert, verrate ich nicht.<\/p>\n\n\n\n<p>Die Schrift ist gro\u00df, hat eine braune Farbe, die Zeichnungen sind sehr abstrakt. Manchmal kann man nur ahnen, was sie wiedergeben sollen.<\/p>\n\n\n\n<p style=\"background-color:#bab52b;text-align:center\" class=\"has-background\"><strong>Elisabeth Zartl<\/strong>: Wo versteckst du dich, lieber Gott? Tyrolia-Verlag, Innsbruck\/Wien, 2. Auflage 2015<\/p>\n\n\n\n<p>Ein M\u00e4dchenbilderbuch, die Seiten sind dicker, die Bilder geben phantasievoll mit geschwungenen Formen eine M\u00e4dchenwelt wieder. Ein Versteckspiel. Das M\u00e4dchen sucht Gott in ihrer kleinen Welt. Sie findet ihn nicht. Dann, als sie resigniert und nicht mehr weitersuchen will, wird sie von einem Blatt ber\u00fchrt, das der Wind gel\u00f6st hat. Jetzt hat sie Gott gefunden! Und sie geht die Orte, an denen sie Gott nicht gefunden hatte zur\u00fcck und entdeckt ihn \u00fcberall. Zuletzt findet sie ihn im Spiegel \u2013 in dem das lesende Kind sich selbst sehen kann.<\/p>\n\n\n\n<p style=\"text-align:center\"><strong>***<\/strong><\/p>\n\n\n\n<p>Gott kann nicht in seiner ganzen F\u00fclle zur Sprache gebracht werden. In manchen Bilderb\u00fcchern tragen die Bilder dazu bei, sich Gott anzun\u00e4hern \u2013 gemeinsam mit den Texten. Wenn dann noch die Musik hinzugenommen w\u00fcrde \u2013 dann h\u00e4tten wir drei wesentliche Aspekte zusammen.<\/p>\n\n\n\n<p style=\"text-align:center\"><strong>Bilderb\u00fccher zu weiteren Glaubensfragen<\/strong><\/p>\n\n\n\n<p style=\"background-color:#bab52b;text-align:center\" class=\"has-background\"><strong>Reinhard Abeln<\/strong>: Wohnt der liebe Gott im Himmel? Was Kinder fragen. Mit Illustrationen von <strong>Sigrid und Sven Leberer<\/strong>, Butzon&amp;Bercker, Kevelaer 2. Auflage 2017<\/p>\n\n\n\n<p>Das Buch, das feste Bl\u00e4tter hat, aber f\u00fcr Kinder gedacht ist, die ihren Namen schon schreiben k\u00f6nnen, richtet sich zun\u00e4chst in einem Vorwort an Eltern und Gro\u00dfeltern. Zun\u00e4chst geht es um Gott, dann um das Kirchenjahr, \u201eWir sind Kinder Gottes\u201c usw. und zuletzt: \u201eLeid und Tod\u201c. Manche Texte geben knapp kindgem\u00e4\u00df nacherz\u00e4hlt biblische Texte wieder, manche geben eigenst\u00e4ndige Antworten: Himmel ist da \u201ewo Menschen einander lieben, da wohnt Gott.\u201c Es werden Kinder angesprochen: \u201eDu bist einmalig auf der Welt \u2013 und Gott hat dich lieb, so wie du bist.\u201c Oder es wird ein altes Gebet in Angst genannt (\u201eWo ich gehe, wo ich stehe, bist du, lieber Gott, bei mir. Wenn ich dich auch niemals sehe, wei\u00df ich sicher: Du bist hier. Ich danke dir daf\u00fcr.\u201c Die Frage nach b\u00f6sen Menschen, Kriegen und Tod werden angesprochen. Hier werden Antworten aus christlicher Sicht gegeben, aber auch, wenn wir Menschen an Grenzen sto\u00dfen, wird gesagt: Das wei\u00df ich nicht.<\/p>\n\n\n\n<p>Die Bilder sind hell und fr\u00f6hlich.<\/p>\n\n\n\n<p style=\"background-color:#bab52b;text-align:center\" class=\"has-background\"><strong>Anke Kallauch<\/strong>: Wei\u00df Gott, wer ich bin? Das gro\u00dfe Buch der Glaubensfragen. Mit Illustrationen von <strong>Amelie Rosato,<\/strong> SCM-Verlag, Witten 2017<\/p>\n\n\n\n<p>In diesem Buch werden viele Fragen angesprochen und kurz aber pr\u00e4gnant beantwortet: Es geht um Gott (Vater, Sohn, Geist), Jesus, Bibel, Theodizee-Frage, Glauben, Kirchenjahr und Kirche. Die Antworten sind nicht abstrakt, sondern Kind bezogen. Zum Beispiel: \u201eDu kannst es dir auch so vorstellen: Gott reicht dir seine gro\u00dfe, unsichtbare Hand und l\u00e4dt dich ein, deine Hand in seine zu legen. Dann vertraust du ihm ganz fest und wei\u00dft: Gott ist da und hat mich lieb.\u201c<\/p>\n\n\n\n<p>Die hellen, munteren Illustrationen zeigen nicht ein Kind durchg\u00e4ngig, sondern viele Kinder, die mit den jeweiligen Themen verbunden sind.<\/p>\n\n\n\n<p style=\"background-color:#bab52b;text-align:center\" class=\"has-background\"><strong>***<\/strong><\/p>\n\n\n\n<p>Die Bilderb\u00fccher zeigen vielfach eine heile Welt. Sie str\u00f6mt Geborgenheit aus, lassen sich einfinden in diese Welt. Je nach Alter der Zielgruppe, kommen auch behutsam schwere Themen in den Blick: Wo kann ich Gott finden? Warum sterben Menschen? Wer bin ich im Weltganzen? Meine R\u00e4tsel und Fragen, Gottesbeweise \u2013 das sind dann B\u00fccher, die eher f\u00fcr Jugendliche gedacht sind.<\/p>\n\n\n\n<p>Anders als die meisten Bilderb\u00fccher zum Thema Tod sind diese hier christlich fundiert und weiterf\u00fchrend. <a href=\"https:\/\/evangelische-religion.de\/ReligionNeu\/mensch\/bilderbuecher-zum-thema-tod\/\">https:\/\/evangelische-religion.de\/ReligionNeu\/mensch\/bilderbuecher-zum-thema-tod\/<\/a><\/p>\n","protected":false},"excerpt":{"rendered":"<p>Bilderb\u00fccher, die den Glauben an Gott vorstellen \u00c0ngels Comella: Ich erz\u00e4hl dir vom lieben Gott. Lahn-Verlag 2006 (Spanien 2001) Ein Buch f\u00fcr kleine Kinder, das zeigt, wie unendlich gro\u00df Gott ist, alles wirksam durchdringt \u2013 aber Menschen auch sagt, was er von ihnen m\u00f6chte (andere gl\u00fccklich machen), er ist zu [&hellip;]<\/p>\n","protected":false},"author":1,"featured_media":0,"parent":47,"menu_order":0,"comment_status":"closed","ping_status":"closed","template":"","meta":{"footnotes":""},"class_list":["post-774","page","type-page","status-publish","hentry"],"_links":{"self":[{"href":"https:\/\/evangelische-religion.de\/ReligionNeu\/wp-json\/wp\/v2\/pages\/774","targetHints":{"allow":["GET"]}}],"collection":[{"href":"https:\/\/evangelische-religion.de\/ReligionNeu\/wp-json\/wp\/v2\/pages"}],"about":[{"href":"https:\/\/evangelische-religion.de\/ReligionNeu\/wp-json\/wp\/v2\/types\/page"}],"author":[{"embeddable":true,"href":"https:\/\/evangelische-religion.de\/ReligionNeu\/wp-json\/wp\/v2\/users\/1"}],"replies":[{"embeddable":true,"href":"https:\/\/evangelische-religion.de\/ReligionNeu\/wp-json\/wp\/v2\/comments?post=774"}],"version-history":[{"count":3,"href":"https:\/\/evangelische-religion.de\/ReligionNeu\/wp-json\/wp\/v2\/pages\/774\/revisions"}],"predecessor-version":[{"id":1447,"href":"https:\/\/evangelische-religion.de\/ReligionNeu\/wp-json\/wp\/v2\/pages\/774\/revisions\/1447"}],"up":[{"embeddable":true,"href":"https:\/\/evangelische-religion.de\/ReligionNeu\/wp-json\/wp\/v2\/pages\/47"}],"wp:attachment":[{"href":"https:\/\/evangelische-religion.de\/ReligionNeu\/wp-json\/wp\/v2\/media?parent=774"}],"curies":[{"name":"wp","href":"https:\/\/api.w.org\/{rel}","templated":true}]}}