{"id":737,"date":"2019-07-02T16:08:28","date_gmt":"2019-07-02T14:08:28","guid":{"rendered":"https:\/\/evangelische-religion.de\/ReligionNeu\/?page_id=737"},"modified":"2019-08-03T10:46:49","modified_gmt":"2019-08-03T08:46:49","slug":"reflexion-3-glaube-weihnachtsgeschichte","status":"publish","type":"page","link":"https:\/\/evangelische-religion.de\/ReligionNeu\/jesus-christus\/reflexion-3-glaube-weihnachtsgeschichte\/","title":{"rendered":"Reflexion 3: Glaube + Weihnachtsgeschichte"},"content":{"rendered":"\n<p style=\"color:#a30003;text-align:center\" class=\"has-text-color\"><strong>Diskutiere<\/strong><\/p>\n\n\n\n<p style=\"text-align:center\" class=\"has-medium-font-size\">Kleine Reflexion zur Weihnachtsgeschichte<\/p>\n\n\n\n<p>Im Glauben tauchen wir ein in die Welt Gottes:<\/p>\n\n\n\n<p>Die Geburtsgeschichten Jesu \u00f6ffnen Ohren, Augen, Herzen f\u00fcr die Welt Gottes, die in unsere selbstbegrenzte Welt einbricht. Wunder \u00fcber Wunder sehen die Evangelisten als Vertreter ihrer Glaubensbr\u00fcder und Glaubensschwestern, und lassen uns Glaubensschwestern und Glaubensbr\u00fcder an ihnen teilhaben, in sie eintauchen.<\/p>\n\n\n\n<p>Glauben bricht aus, bricht aus, aus den festgef\u00fcgten Rahmen, die wir Menschen zimmern. Mit den Geburtsgeschichten zerbr\u00f6seln die Evangelisten festgef\u00fcgte soziale Strukturen, Sprache wird gedehnt bis ins Geht-nicht-mehr \u2013 manchmal auch gesprengt, Zeitdimensionen geraten ins Wanken: Mann, Frau, Kind \u2013 alles ger\u00e4t in Bewegung \u2013 , Kind ohne Zutun eines Mannes, die unehelich schwangere Frau wird nicht get\u00f6tet, nicht vertrieben, ein Mann l\u00e4sst sich \u00fcberzeugen, sich ihrer anzunehmen, Gottes Weg zu gehen; Menschen aus fernen L\u00e4ndern kommen herbei, paktieren nicht mit dem Herrscher, sondern gehorchen Gott, ehrbare M\u00e4nner \u2013 sie huldigen einem Kind, einem Kind mit einem Allerweltsnamen: Jeschua; Super-Herrscher werden deklassiert \u2013 statt Augustus wird Gott akklamiert; Menschen, sozial abgewertet, ungebildet, steigen auf, d\u00fcrfen h\u00f6ren, d\u00fcrfen sehen, d\u00fcrfen reden, berichten \u2013 man h\u00f6rt ihnen zu; unsichtbare M\u00e4chte Gottes beginnen zu agieren, in Tr\u00e4umen und k\u00f6rperlich. Eine riesen gro\u00dfe Freude l\u00f6st die Menschen aus ihren Sorgen, N\u00f6ten und Erniedrigungen. Alltags-Worte beginnen zu strahlen, sie entfalten eine Kraft, ein Licht, eine Herrlichkeit, die Menschen ergreift \u2013 die sie im Herzen bewegen. Wie Maria. Die Mutter des Kindes mit dem Allerweltsnamen: Jeschua. Ein Name, der sich seitdem in die Herzen, Seelen, Hirne eingewohnt hat: Was f\u00fcr ein Name, ein Name ohnegleichen.<\/p>\n\n\n\n<p>Diese Bewegung durchzieht die gesamten 2000 Jahre, wenn wir die Weihnachtslieder betrachten. Es wurde etwas in Gang gesetzt, das Menschen \u00fcbersprudeln l\u00e4sst. So manchen von uns auch. Ehre sei Gott!<\/p>\n","protected":false},"excerpt":{"rendered":"<p>Diskutiere Kleine Reflexion zur Weihnachtsgeschichte Im Glauben tauchen wir ein in die Welt Gottes: Die Geburtsgeschichten Jesu \u00f6ffnen Ohren, Augen, Herzen f\u00fcr die Welt Gottes, die in unsere selbstbegrenzte Welt einbricht. Wunder \u00fcber Wunder sehen die Evangelisten als Vertreter ihrer Glaubensbr\u00fcder und Glaubensschwestern, und lassen uns Glaubensschwestern und Glaubensbr\u00fcder an [&hellip;]<\/p>\n","protected":false},"author":1,"featured_media":0,"parent":46,"menu_order":0,"comment_status":"closed","ping_status":"closed","template":"","meta":{"footnotes":""},"class_list":["post-737","page","type-page","status-publish","hentry"],"_links":{"self":[{"href":"https:\/\/evangelische-religion.de\/ReligionNeu\/wp-json\/wp\/v2\/pages\/737","targetHints":{"allow":["GET"]}}],"collection":[{"href":"https:\/\/evangelische-religion.de\/ReligionNeu\/wp-json\/wp\/v2\/pages"}],"about":[{"href":"https:\/\/evangelische-religion.de\/ReligionNeu\/wp-json\/wp\/v2\/types\/page"}],"author":[{"embeddable":true,"href":"https:\/\/evangelische-religion.de\/ReligionNeu\/wp-json\/wp\/v2\/users\/1"}],"replies":[{"embeddable":true,"href":"https:\/\/evangelische-religion.de\/ReligionNeu\/wp-json\/wp\/v2\/comments?post=737"}],"version-history":[{"count":2,"href":"https:\/\/evangelische-religion.de\/ReligionNeu\/wp-json\/wp\/v2\/pages\/737\/revisions"}],"predecessor-version":[{"id":1372,"href":"https:\/\/evangelische-religion.de\/ReligionNeu\/wp-json\/wp\/v2\/pages\/737\/revisions\/1372"}],"up":[{"embeddable":true,"href":"https:\/\/evangelische-religion.de\/ReligionNeu\/wp-json\/wp\/v2\/pages\/46"}],"wp:attachment":[{"href":"https:\/\/evangelische-religion.de\/ReligionNeu\/wp-json\/wp\/v2\/media?parent=737"}],"curies":[{"name":"wp","href":"https:\/\/api.w.org\/{rel}","templated":true}]}}