{"id":714,"date":"2019-07-02T15:55:51","date_gmt":"2019-07-02T13:55:51","guid":{"rendered":"https:\/\/evangelische-religion.de\/ReligionNeu\/?page_id=714"},"modified":"2019-08-02T16:59:18","modified_gmt":"2019-08-02T14:59:18","slug":"hoheitstitel","status":"publish","type":"page","link":"https:\/\/evangelische-religion.de\/ReligionNeu\/jesus-christus\/hoheitstitel\/","title":{"rendered":"Hoheitstitel"},"content":{"rendered":"\n<p style=\"text-align:center\" class=\"has-medium-font-size\">HOHEITSTITEL, DIE JESUS ZUGEWIESEN WURDEN\/WERDEN<\/p>\n\n\n\n<p>Es gibt sehr viele Bezeichnungen f\u00fcr Jesus im Neuen Testament. Zu nennen sind: <em>letzter Adam, A und O, Gerechter, F\u00fcrst des Lebens, Haupt der Gemeinde, Hoherpriester, Prophet, Hirte, Lamm Gottes<\/em>\u2026 Er wird als der <em>Pr\u00e4existente<\/em> geglaubt, der, der schon immer war. Zudem ist der <em>kosmische Christus<\/em> zu nennen, in dem alles geschaffen ist. Manche dieser Vorstellungen sind nur schwer miteinander zu verbinden. So stellt sich die Frage: Wie kann der, in dem die ganze Sch\u00f6pfung enthalten ist, selbst als Gesch\u00f6pf in seine Sch\u00f6pfung hinein kommen? Man kann viele Vorstellungen entwickeln. Wie die fr\u00fche Gemeinde das verstanden hat, wissen wir nicht mehr. <em>Glaubende wissen jedoch, dass sie sich diesem Geheimnis nur betend ann\u00e4hern k\u00f6nnen.<\/em><\/p>\n\n\n\n<p>Viele dieser Hoheitstitel sind den alttestamentlichen Schriften entnommen worden, um hervorzuheben, dass Jesus von Nazareth der von Gott verhei\u00dfene \/ versprochene <em>Retter<\/em> ist \u2013 und um Jesus in engste N\u00e4he zu Gott zu r\u00fccken.<\/p>\n\n\n\n<p style=\"text-align:center\"><strong>Ausgangspunkt f\u00fcr diese Bekenntnisse ist:<\/strong><\/p>\n\n\n\n<ul class=\"wp-block-list\"><li>Jesus wurde als ein au\u00dfergew\u00f6hnlicher Mensch angesehen<\/li><li>Jesus wurde nach seiner Hinrichtung als Auferstandener, das hei\u00dft als wirksamer Herrscher, wirksame Kraft, Macht erfahren.<\/li><\/ul>\n\n\n\n<p style=\"background-color:#eeec74;text-align:center\" class=\"has-background\"><strong>In den Evangelien sind folgende Titel besonders hervorzuheben:<\/strong><\/p>\n\n\n\n<p style=\"text-align:center\"><strong>1. Messias \/ Christus = der Gesalbte<\/strong><\/p>\n\n\n\n<p>K\u00f6nige und Hohepriester konnten zur Amtseinf\u00fchrung gesalbt werden. Gottes N\u00e4he, sein Geist, dringt durch die Salbung in die von ihm beauftragten Menschen ein, der Wohlgeruch Gottes begleitet sie. Gott verhei\u00dft dem K\u00f6nig David und seinen Nachkommen ununterbrochene Herrschaft. Nachdem das Reich Israel zusammengebrochen war, wurde der Gesalbte, der Nachkomme Davids von Gott erwartet, <\/p>\n\n\n\n<ul class=\"wp-block-list\"><li>der die politische Herrschaft wieder aufnimmt;<\/li><li>der Gottes Willen durchsetzt;<\/li><li>der das Volk rettet.<\/li><\/ul>\n\n\n\n<p>Und Jesus war h\u00f6chstwahrscheinlich wirklich Nachkomme Davids (Hoheitstitel: Sohn Davids). Von daher lag es nahe, diese Erwartungen mit ihm zu verbinden. Durch seine heilenden Taten und guten Worte erwies er sich als einer, der mit Gottes Geist gesalbt war. In den Evangelien wird Jesus Christus als der von Gott gesandte Messias angesehen \u2013 allerdings wird die traditionelle Hoffnung korrigiert:<\/p>\n\n\n\n<p>Jesus ist der Messias, der von Gott verhei\u00dfene Mensch, der auf eine ganz andere Weise seine Herrschaft durchsetzt: gewaltlos, leidend, trotz erniedrigender Hinrichtung\u2026<\/p>\n\n\n\n<p style=\"text-align:center\"><strong>2. Kyrios \/ Adonai \/ Herr<\/strong><\/p>\n\n\n\n<p>&nbsp;Kyrios ist ein Herrschaftstitel, mit dem Menschen und auch Gott bzw. G\u00f6tter benannt werden konnten. In der griechischen \u00dcbersetzung wird Gott \u2013 Adonai \u00fcberwiegend als Kyrios wiedergegeben. Dieser Titel wird auf Jesus Christus \u00fcbertragen:<\/p>\n\n\n\n<ul class=\"wp-block-list\"><li>Jesus hat die Macht im Himmel und auf der Erde (Mt 28,8).<\/li><li>Er bildet mit Gott eine Herrschaftseinheit.<\/li><li>Er wird mit Gott angebetet, verehrt, sein Wille wird umgesetzt.<\/li><li>Ein uralter Gebetsruf weist darauf hin, dass Jesus aufgrund seiner Auferstehung als Herr angesehen wurde (1Kor 16,22): Maranatha:\u00a0<em>Unser Herr, komm!<\/em>\u00a0bzw.\u00a0<em>Unser Herr kommt!<\/em><\/li><\/ul>\n\n\n\n<p style=\"text-align:center\"><strong>3. Menschensohn<\/strong><\/p>\n\n\n\n<p>Bezeichnung f\u00fcr Mensch: Hesekiel 2,1; Menschensohn ist die von Gott gesandte Gestalt, um seinen Willen durchzusetzen (Daniel 7,13ff.), und der als Richter auftreten wird (\u00c4thiopischer Henoch). Diese Bezeichnung wird auf Jesus \u00fcbertragen: Er ist der am Ende der Zeiten kommende Menschensohn.<\/p>\n\n\n\n<p>Ob Jesus diese Sicht auch von sich selbst hatte, ist umstritten. Nicht umstritten ist, dass er von sich selbst als leidenden Menschensohn gesprochen hat. Jesus hatte einen hohen Anspruch \u2013 den er allerdings nicht betonte, aber zum Beispiel in solchen S\u00e4tzen ausgesprochen hat: Den V\u00e4tern wurde gesagt \u2013 ich aber sage euch\u2026 Das kann darauf hinweisen, dass Jesus ganz bewusst ein schillerndes Wort verwendet, das Hoheit und Kleinheit umfasst.<\/p>\n\n\n\n<p style=\"text-align:center\"><strong>4. Sohn Gottes<\/strong><\/p>\n\n\n\n<p>Tradition: Das Volk Israel bzw. der Gerechte bzw. der K\u00f6nig werden als Sohn Gottes bezeichnet; im heidnischen Bereich sind es K\u00f6nige und Helden. Es geht sowohl um eine Wesensaussage als auch um eine Verh\u00e4ltnisbestimmung.<\/p>\n\n\n\n<ul class=\"wp-block-list\"><li>In den Evangelien wird Jesus als Sohn Gottes bezeichnet,<\/li><li>weil er in Maria durch den sch\u00f6pferischen Gottesgeist als Mensch geschaffen wurde (Lk 1,32),<\/li><li>weil Gott ihn bei der Taufe zum Sohn Gottes \u201eadoptiert\u201c hat (Mt 3).<\/li><li>Er wurde durch die Auferstehung zum Sohn Gottes erh\u00f6ht und \u201einthronisiert\u201c (R\u00f6m 1).<\/li><li>Weil in ihm Gott auf die Erde kam, in ihm wirksam wurde \/ innigste Einheit mit Gott (Joh 1)(Pr\u00e4existenz).<\/li><li>Weil durch Jesus allein Gotteserkenntnis m\u00f6glich ist (Mt 11,25ff.).<\/li><\/ul>\n\n\n\n<p>Jesus selbst hat Gott mit der f\u00fcr Juden eher ungebr\u00e4uchlichen Bezeichnung Abba (\u201eVater \/ V\u00e4terchen\u201c) angeredet \u2013 das zeigte eine besondere Vertrautheit zu Gott. Menschen, die ihn verehrt haben, haben m\u00f6glicherweise unter anderem diese Aussage als Grundlage f\u00fcr die Bezeichnung \u201eSohn Gottes\u201c genommen.<\/p>\n\n\n\n<p style=\"color:#a3000a\" class=\"has-text-color\"><strong>Aufgaben: Gegenwart<\/strong><\/p>\n\n\n\n<p style=\"color:#a30003\" class=\"has-text-color\">Menschen, die Jesus nachfolgen, habe eine enge Beziehung zu ihm. Warum versuchen sie, ihn mit Titeln, Bezeichnungen zu erfassen?<\/p>\n\n\n\n<p style=\"color:#a30003\" class=\"has-text-color\">Welche Hoheitstitel k\u00f6nnten gegenw\u00e4rtig f\u00fcr Jesus herangezogen werden \/ werden gegenw\u00e4rtig verwendet?<\/p>\n\n\n\n<p style=\"color:#a30003\" class=\"has-text-color\">Ist die Losl\u00f6sung von den traditionellen Hoheitstiteln ohne Bedeutungsverlust m\u00f6glich? Warum\/Warum nicht?<\/p>\n\n\n\n<p style=\"color:#a30003\" class=\"has-text-color\">K\u00f6nnen die traditionellen Bezeichnungen neu interpretiert werden?<\/p>\n","protected":false},"excerpt":{"rendered":"<p>HOHEITSTITEL, DIE JESUS ZUGEWIESEN WURDEN\/WERDEN Es gibt sehr viele Bezeichnungen f\u00fcr Jesus im Neuen Testament. Zu nennen sind: letzter Adam, A und O, Gerechter, F\u00fcrst des Lebens, Haupt der Gemeinde, Hoherpriester, Prophet, Hirte, Lamm Gottes\u2026 Er wird als der Pr\u00e4existente geglaubt, der, der schon immer war. Zudem ist der kosmische [&hellip;]<\/p>\n","protected":false},"author":1,"featured_media":0,"parent":46,"menu_order":0,"comment_status":"closed","ping_status":"closed","template":"","meta":{"footnotes":""},"class_list":["post-714","page","type-page","status-publish","hentry"],"_links":{"self":[{"href":"https:\/\/evangelische-religion.de\/ReligionNeu\/wp-json\/wp\/v2\/pages\/714","targetHints":{"allow":["GET"]}}],"collection":[{"href":"https:\/\/evangelische-religion.de\/ReligionNeu\/wp-json\/wp\/v2\/pages"}],"about":[{"href":"https:\/\/evangelische-religion.de\/ReligionNeu\/wp-json\/wp\/v2\/types\/page"}],"author":[{"embeddable":true,"href":"https:\/\/evangelische-religion.de\/ReligionNeu\/wp-json\/wp\/v2\/users\/1"}],"replies":[{"embeddable":true,"href":"https:\/\/evangelische-religion.de\/ReligionNeu\/wp-json\/wp\/v2\/comments?post=714"}],"version-history":[{"count":2,"href":"https:\/\/evangelische-religion.de\/ReligionNeu\/wp-json\/wp\/v2\/pages\/714\/revisions"}],"predecessor-version":[{"id":1353,"href":"https:\/\/evangelische-religion.de\/ReligionNeu\/wp-json\/wp\/v2\/pages\/714\/revisions\/1353"}],"up":[{"embeddable":true,"href":"https:\/\/evangelische-religion.de\/ReligionNeu\/wp-json\/wp\/v2\/pages\/46"}],"wp:attachment":[{"href":"https:\/\/evangelische-religion.de\/ReligionNeu\/wp-json\/wp\/v2\/media?parent=714"}],"curies":[{"name":"wp","href":"https:\/\/api.w.org\/{rel}","templated":true}]}}