{"id":708,"date":"2019-07-02T15:52:39","date_gmt":"2019-07-02T13:52:39","guid":{"rendered":"https:\/\/evangelische-religion.de\/ReligionNeu\/?page_id=708"},"modified":"2022-07-28T16:03:17","modified_gmt":"2022-07-28T14:03:17","slug":"jesus-christus-nachfolgen","status":"publish","type":"page","link":"https:\/\/evangelische-religion.de\/ReligionNeu\/jesus-christus\/jesus-christus-nachfolgen\/","title":{"rendered":"Jesus Christus nachfolgen"},"content":{"rendered":"\n<p>(s. auch: <a href=\"https:\/\/mini.evangelische-religion.de\/jesus-christus-nachfolgen\/\">https:\/\/mini.evangelische-religion.de\/jesus-christus-nachfolgen\/<\/a> )<\/p>\n\n\n\n<p class=\"has-text-align-center has-medium-font-size\">JESUS CHRISTUS NACHFOLGEN<\/p>\n\n\n\n<p>Jesus Christus nachfolgen ist mehr als ihn als Vorbild anzuerkennen (s. auch:&nbsp;<a href=\"https:\/\/evangelische-religion.de\/ReligionNeu\/jesus-christus\/lehre-jesu\/\">https:\/\/evangelische-religion.de\/ReligionNeu\/jesus-christus\/lehre-jesu\/<\/a>. 6.5 und:  <a href=\"https:\/\/evangelische-religion.de\/ReligionNeu\/kirche\/diakonie-caritas\/\">https:\/\/evangelische-religion.de\/ReligionNeu\/kirche\/diakonie-caritas\/<\/a> )<\/p>\n\n\n\n<p>Wenn Menschen Jesus begegneten, wurden sie ver\u00e4ndert:<\/p>\n\n\n\n<ul class=\"wp-block-list\"><li>sie \u00e4nderten ihr Leben im Sinne Jesu,<\/li><li>sie wandten sich gegen Jesus, wie die Evangelien berichten, wandten sich im wesentlichen herrschende Gruppen gegen ihn.<\/li><\/ul>\n\n\n\n<p>Die Begegnung mit Jesus geht bis in die Gegenwart auf diese Weise weiter \u2013 in der Auseinandersetzung mit dem lebendigen Jesus Christus. Auch hier:<\/p>\n\n\n\n<ul class=\"wp-block-list\"><li>das Leben wird im Sinne Jesu ver\u00e4ndert,<\/li><li>man wendet sich gegen Jesus Christus. Das hat nicht unbedingt etwas mit anderen Religionen zu tun, denn auch in diesen gibt es Bewunderer Jesu, allerdings als Weisheitslehrer, alte Seele usw, hat auch nichts mit der atheistischen Weltanschauung zu tun, denn auch hier gibt es Menschen, die Jesus als Handelnden bewundern. Es ist die pers\u00f6nliche Einstellung, die von Religion und Weltanschauung gepr\u00e4gt sein kann, aber nicht muss.<\/li><\/ul>\n\n\n\n<p>So mancher Mensch folgt Jesus Christus nach. Jesus Christus nachfolgen bedeutet:<\/p>\n\n\n\n<ul class=\"wp-block-list\"><li>ihn als Herrn anzuerkennen<\/li><li>an ihn zu glauben<\/li><li>aus der Beziehung mit ihm leben<\/li><li>nach seinem Wort, das wir im Neuen Testament lesen, leben<\/li><li>aus seinem Geist heraus leben.<\/li><li>Nachfolge hei\u00dft: Sich das Gottes- und Menschenbild Jesu aneignen.<\/li><\/ul>\n\n\n\n<p class=\"has-text-color\" style=\"color:#a30003\"><strong>Aufgabe: Lies die Texte<\/strong><\/p>\n\n\n\n<ul class=\"wp-block-list\"><li>Markus 8,27-38<\/li><li>Lukas 9,57-62<\/li><li>Matth\u00e4usevangelium 10<\/li><li>Johannesevangelium 15<\/li><\/ul>\n\n\n\n<p>Jesus hat in seinem Leben erfahren, dass es nicht ungef\u00e4hrlich ist, seinen Glauben zu leben.<\/p>\n\n\n\n<p>Menschen wollen die Lehre von Gott als Vater, der ein verantwortliches Leben in Liebe und Vergebung fordert, ein Leben, das soziales Engagement in den Mittelpunkt stellt und allein von den Vorgaben Gottes \u2013 nicht denen der Menschen (religi\u00f6sen und politischen Elite) \u2013 abh\u00e4ngig ist, nicht h\u00f6ren.<\/p>\n\n\n\n<p>Jesus selbst wurde verurteilt und nach Folterungen hingerichtet.<\/p>\n\n\n\n<p>Seine Nachfolger lebten zun\u00e4chst zur\u00fcckgezogen in Angst. Nachdem sie Jesus Christus als Auferstandenen, als Lebenden erfahren haben, haben sie ihr Leben im Geist Jesu gef\u00fchrt:<\/p>\n\n\n\n<p>Sie haben seine Botschaft nicht verstummen lassen \u2013 und wurden vielfach ebenfalls verfolgt, gefoltert und ermordet bzw. hingerichtet.<\/p>\n\n\n\n<p>Diese Erfahrungen, dass die Nachfolge Jesu Christi kein gem\u00fctlicher Spaziergang ist, sondern ein Leben, das harte Konsequenzen ertragen muss, um Gottes Willen in der Welt durchsetzen zu k\u00f6nnen, das hei\u00dft, die Welt besser, sozialer zu machen, gingen in diese Texte ein. Von daher haben diese Texte eine gewisse Strenge, H\u00e4rte. Menschen wollen im Allgemeinen eher an ihrem Egoismus, ihrer Dominanz \u00fcber anderen, ihrem Hedonismus folgen \u2013 und da st\u00f6rt die Stimme Jesu, die eine Verhaltens\u00e4nderung fordert.<\/p>\n\n\n\n<p class=\"has-text-color\" style=\"color:#a30003\"><strong>Aufgaben<\/strong>:<\/p>\n\n\n\n<ol class=\"wp-block-list\"><li>Welche Aussagen bzw. Themen der Lehre Jesu siehst Du als wesentlich an?<\/li><li>Was siehst Du als herausragende Taten Jesu an?<\/li><li>Nenne Texte.<\/li><li>Was bedeutet es, in dem Geist Jesu Christi zu leben?<\/li><li>Ver\u00e4ndert mich die Begegnung mit Jesus Christus auch? (Bewusst? Vielleicht unbewusst?)<\/li><\/ol>\n\n\n\n<p>Vielleicht hilft das folgende Video, Nachfolge ein wenig besser zu verstehen: <a href=\"https:\/\/www.youtube.com\/watch?v=ZZuykGnSVr0\">https:\/\/www.youtube.com\/watch?v=ZZuykGnSVr0<\/a><\/p>\n","protected":false},"excerpt":{"rendered":"<p>(s. auch: https:\/\/mini.evangelische-religion.de\/jesus-christus-nachfolgen\/ ) JESUS CHRISTUS NACHFOLGEN Jesus Christus nachfolgen ist mehr als ihn als Vorbild anzuerkennen (s. auch:&nbsp;https:\/\/evangelische-religion.de\/ReligionNeu\/jesus-christus\/lehre-jesu\/. 6.5 und: https:\/\/evangelische-religion.de\/ReligionNeu\/kirche\/diakonie-caritas\/ ) Wenn Menschen Jesus begegneten, wurden sie ver\u00e4ndert: sie \u00e4nderten ihr Leben im Sinne Jesu, sie wandten sich gegen Jesus, wie die Evangelien berichten, wandten sich im wesentlichen [&hellip;]<\/p>\n","protected":false},"author":1,"featured_media":0,"parent":46,"menu_order":0,"comment_status":"closed","ping_status":"closed","template":"","meta":{"footnotes":""},"class_list":["post-708","page","type-page","status-publish","hentry"],"_links":{"self":[{"href":"https:\/\/evangelische-religion.de\/ReligionNeu\/wp-json\/wp\/v2\/pages\/708","targetHints":{"allow":["GET"]}}],"collection":[{"href":"https:\/\/evangelische-religion.de\/ReligionNeu\/wp-json\/wp\/v2\/pages"}],"about":[{"href":"https:\/\/evangelische-religion.de\/ReligionNeu\/wp-json\/wp\/v2\/types\/page"}],"author":[{"embeddable":true,"href":"https:\/\/evangelische-religion.de\/ReligionNeu\/wp-json\/wp\/v2\/users\/1"}],"replies":[{"embeddable":true,"href":"https:\/\/evangelische-religion.de\/ReligionNeu\/wp-json\/wp\/v2\/comments?post=708"}],"version-history":[{"count":6,"href":"https:\/\/evangelische-religion.de\/ReligionNeu\/wp-json\/wp\/v2\/pages\/708\/revisions"}],"predecessor-version":[{"id":2668,"href":"https:\/\/evangelische-religion.de\/ReligionNeu\/wp-json\/wp\/v2\/pages\/708\/revisions\/2668"}],"up":[{"embeddable":true,"href":"https:\/\/evangelische-religion.de\/ReligionNeu\/wp-json\/wp\/v2\/pages\/46"}],"wp:attachment":[{"href":"https:\/\/evangelische-religion.de\/ReligionNeu\/wp-json\/wp\/v2\/media?parent=708"}],"curies":[{"name":"wp","href":"https:\/\/api.w.org\/{rel}","templated":true}]}}