{"id":702,"date":"2019-07-02T15:50:09","date_gmt":"2019-07-02T13:50:09","guid":{"rendered":"https:\/\/evangelische-religion.de\/ReligionNeu\/?page_id=702"},"modified":"2022-07-28T16:08:56","modified_gmt":"2022-07-28T14:08:56","slug":"jesu-sterben-fuer-uns","status":"publish","type":"page","link":"https:\/\/evangelische-religion.de\/ReligionNeu\/jesus-christus\/jesu-sterben-fuer-uns\/","title":{"rendered":"Jesu Sterben f\u00fcr uns"},"content":{"rendered":"\n<p>(s. auch: <a href=\"https:\/\/mini.evangelische-religion.de\/jesu-sterben-fuer-uns\/\">https:\/\/mini.evangelische-religion.de\/jesu-sterben-fuer-uns\/<\/a> )<\/p>\n\n\n\n<p class=\"has-text-align-center has-medium-font-size\">JESU STERBEN \u2013 F\u00dcR UNS<\/p>\n\n\n\n<p>Jesus von Nazareth, der Menschen auf ganz neue Gedanken gebracht hat, der die Gemeinschaft der Menschen gef\u00f6rdert hat wie vor ihm keiner \u2013 dieser Jesus wurde hingerichtet. Ein trauriges Ereignis. Doch dieses schlimme Ereignis konnte die Nachfolgerinnen und Nachfolger nur f\u00fcr eine kurze Zeit aus der Bahn werfen. Denn es geschah Ungeheuerliches: Der Hingerichtete, Gestorbene, Begrabene \u2013 war wieder unter ihnen. Irgendwie war er da. Er war der Alte \u2013 aber irgendwie doch nicht. Das wird mit: Auferweckung\/Auferstehung ausgesprochen. Welches Wort h\u00e4tten wir Menschen sonst daf\u00fcr? Wie konnte das sein? Das war nur m\u00f6glich, weil Gott selbst an Jesus Christus gewirkt hat \u2013 durch Jesus Christus gewirkt hat.<\/p>\n\n\n\n<p>Diese Erfahrung der Auferweckung lie\u00df dann, auch mit Hilfe von Worten Jesu, die man vorher nicht verstanden hat, die Hinrichtung und das Sterben Jesu neu deuten. Es war kein geschichtliches Ereignis wie jedes geschichtliche Ereignis. Es muss einen Sinn machen! Und so fand man mit Hilfe der Tradition und der Worte Jesu viele Antworten.<\/p>\n\n\n\n<p class=\"has-text-color\" style=\"color:#a30003\"><strong>Aufgabe: Gib den einzelnen Abschnitt, die mit einem Spiegelstrich gekennzeichnet sind, \u00dcberschriften, die aus einem Wort bestehen.<\/strong><\/p>\n\n\n\n<p class=\"has-text-color\" style=\"color:#a30003\">\u2013<\/p>\n\n\n\n<p>In zeitlicher N\u00e4he zum Passafest starb Jesus \u2013 wie das Volk Israel aus der Sklaverei befreit wurde, befreit Gott den Menschen nun aus der Sklaverei S\u00fcnde.<\/p>\n\n\n\n<p class=\"has-text-color\" style=\"color:#a30003\">\u2013<\/p>\n\n\n\n<p>Durch die Befreiung wurde ein neuer Bund geschlossen: Gott erm\u00f6glicht es den Menschen, mit Gott ganz neu anzufangen \u2013 und darum auch mit den Mitmenschen.<\/p>\n\n\n\n<p class=\"has-text-color\" style=\"color:#a30003\">\u2013<\/p>\n\n\n\n<p>Die Bosheit, die S\u00fcnde des Menschen f\u00fchrt ihn dazu, gegen Gott zu k\u00e4mpfen. Der Mensch will Gott vernichten, er will sich von ihm nichts sagen lassen, f\u00fchlt sich von Gott im Stich gelassen und ungerecht behandelt. Darum richtet er Gott in Jesus Christus hin. Er will ihn beseitigen, will selbst an Gottes Stelle stehen und alles besser machen. Gott wei\u00df um die verzweifelte Bosheit der Menschen und geht nicht den Weg der Rache und des Zornes, er geht einen anderen Weg: Gott hat Jesus Christus nicht aus den F\u00e4ngen der H\u00e4scher befreit, sondern: Er selbst hat sich in Jesus Christus \u2013 dem Lamm Gottes \u2013 als Opfer dargebracht, damit die Menschen mit ihm vers\u00f6hnt w\u00fcrden.<\/p>\n\n\n\n<p class=\"has-text-color\" style=\"color:#a30003\">\u2013<\/p>\n\n\n\n<p>Der Mensch muss Gott nicht mehr als Gegner ansehen, sondern als der Vers\u00f6hner, der aus Liebe und Gerechtigkeit die Gemeinschaft mit den Menschen sucht.<\/p>\n\n\n\n<p class=\"has-text-color\" style=\"color:#a30003\">\u2013<\/p>\n\n\n\n<p>Der Mensch muss auch nicht mehr gegen sich selbst ank\u00e4mpfen. Gott hat ihn gerechtfertigt. Rechtfertigung bedeutet: Gott macht den Ungerechten gerecht. Ich kenne mich selbst \u2013 und ahne die Abgr\u00fcnde in mir \u2013 doch sie m\u00fcssen mich nicht mehr \u00e4ngstigen, denn Gott macht mich gerecht \u2013 durch den Tod Jesu.<\/p>\n\n\n\n<p class=\"has-text-color\" style=\"color:#a30003\">\u2013<\/p>\n\n\n\n<p>Jesus Christus gibt sich aus Liebe f\u00fcr die Seinen hin. Und die Seinen erkennen diese gro\u00dfe Liebe. Und wer sie erkennt, nimmt den Bund, den Gott anbietet, an und schlie\u00dft Frieden mit Gott, versucht in seinen Spuren zu gehen, seinen Friedenswillen mit den Menschen auf der Erde durchzusetzen.<\/p>\n\n\n\n<p class=\"has-text-color\" style=\"color:#a30003\">\u2013<\/p>\n\n\n\n<p>Und das nicht mehr in Gegnerschaft zueinander, nicht mit Eifersucht, Neid, Lieblosigkeit, sondern als die zur Gemeinschaft befreiten Kinder Gottes.<\/p>\n\n\n\n<p class=\"has-text-color\" style=\"color:#a30003\">\u2013<\/p>\n\n\n\n<p>Wenn die Seinen leiden, dann wissen sie, dass der leidende Jesus Christus auch der Auferstandene Jesus Christus ist, dass er bei ihnen ist, sie in ihrem Leiden mit seiner Gegenwart st\u00e4rkt. Und wenn der Tod im Blick ist: Er, der \u201cgute Hirte\u201d wird sie auch dann im finsteren Tal nicht allein lassen.<\/p>\n\n\n\n<p class=\"has-text-color\" style=\"color:#a30003\">\u2013<\/p>\n\n\n\n<p>All das Leiden des Jesus Christus war kein Zufall. Wer den Menschen kennt, der wei\u00df, dass er Gott bek\u00e4mpft. Und wenn Gott in seinem Sohn Jesus Christus auf der Erde aktiv wird \u2013 wer kann dann besser absehen, was Menschen mit ihm machen, als Gott? Aber Gott ging diesen Leidensweg. Evangelien sagen: Es musste geschehen. Warum? Ginge es nicht auch anders?<\/p>\n\n\n\n<p class=\"has-text-color\" style=\"color:#a30003\">\u2013<\/p>\n\n\n\n<p>Diese Frage er\u00fcbrigt sich immer: Was w\u00e4re gewesen, wenn die Weltgeschichte anders verlaufen w\u00e4re? Sie ist es nicht. Von daher muss man von den Gegebenheiten ausgehen. Gott und Mensch leben in einer Wechselbeziehung. Und so ging Gott diesen Weg, weil das der einzige Weg war, den Menschen von Grund auf zu heilen \u2013 ihm gleichzeitig die Freiheit zu lassen.<\/p>\n\n\n\n<p class=\"has-text-color\" style=\"color:#a30005\">\u2013<\/p>\n\n\n\n<p>Wie tief dieses Ereignis die Psyche des Menschen beeinflusst, sieht man nicht nur daran, dass erst der christliche Glaube das Opfern von Tieren und Pflanzen als irrelevant darstellte und in den Herzen verankerte.<\/p>\n\n\n\n<p class=\"has-text-color\" style=\"color:#a30003\">\u2013<\/p>\n\n\n\n<p>Viele Menschen wissen sich befreit von ihrer Vergangenheit, ihrer Schuld, sie wissen um Gottes Gegenwart im Leiden, sie wissen, dass Gott ihnen Gemeinschaft mit anderen Befreiten schenkt, wissen aufgrund der Auferstehung, dass es eine begr\u00fcndete Hoffnung auf Weiterleben gibt, sie schmecken und sehen am Abendmahl die Liebe Gottes.<\/p>\n\n\n\n<p class=\"has-text-color\" style=\"color:#a30003\">\u2013<\/p>\n\n\n\n<p>Wir k\u00f6nnen das nicht rational nachvollziehen. Wie wir Gott selbst nicht rational vollkommen erfassen k\u00f6nnen. Man kann es jedoch versuchen und muss es versuchen \u2013 vielleicht ahnt man dann die Bedeutung, die diese Botschaft f\u00fcr die Menschen hat bzw. haben kann.<\/p>\n\n\n\n<p class=\"has-text-color\" style=\"color:#a30003\">Aufgabe 1: \u00dcberlege: Welche Bedeutung kann diese Botschaft f\u00fcr Menschen haben? Fasse die Worte der Spiegelstriche zusammen:<\/p>\n\n\n\n<p class=\"has-text-color\" style=\"color:#a30003\">Aufgabe 2: Ordne die Bibelstellen den jeweiligen Spiegelstrichen zu. Mehrfachnennungen sind m\u00f6glich:<\/p>\n\n\n\n<p class=\"has-black-color has-text-color\"><strong>R\u00f6mer 5,8:<\/strong> Gott hat uns seine gro\u00dfe Liebe dadurch bewiesen, dass Christus f\u00fcr uns starb, als wir noch S\u00fcnder waren.<\/p>\n\n\n\n<p><strong>R\u00f6mer 4,25:<\/strong> Jesus Christus, der um unser S\u00fcnde Willen dahingegeben und um unserer Rechtfertigung Willen auferweckt wurde.<\/p>\n\n\n\n<p><strong>R\u00f6mer 3,25<\/strong>: Gott hat Jesus Christus f\u00fcr den Glauben hingestellt als S\u00fchne in seinem Blut zum Erweis seiner Gerechtigkeit, indem er die S\u00fcnden vergibt.<\/p>\n\n\n\n<p><strong>1. Korinther 6,20<\/strong>: Ihr wurdet durch den Tod Jesu teuer erkauft; darum preist Gott mit eurem Leib.<\/p>\n\n\n\n<p><strong>1. Korinther 1,18<\/strong>: Das Wort vom Kreuz ist eine Torheit denen, die verloren werden; uns aber, die wir selig werden, ist es eine Gotteskraft.<\/p>\n\n\n\n<p><strong>2. Korinther 5,14<\/strong>: Weil Jesus Christus stellvertretend f\u00fcr alle Menschen starb, sind sie gewisserma\u00dfen in ihm alle gestorben.<\/p>\n\n\n\n<p><strong>2. Korinther 5,19<\/strong>: Gott war in Christus und vers\u00f6hnte die Welt mit sich selber und rechnete ihnen ihre S\u00fcnde nicht zu und hat unter uns aufgerichtet das Wort von der Vers\u00f6hnung.<\/p>\n\n\n\n<p><strong>2. Korinther 5,21<\/strong>:Gott hat den, der s\u00fcndlos war, f\u00fcr uns zur S\u00fcnde gemacht (= an der Stelle der S\u00fcnder hinrichten lassen), damit wir Gottes Gerechtigkeit w\u00fcrden in ihm.<\/p>\n\n\n\n<p><strong>Markus 14,22ff.<\/strong>: Jesus nahm das Brot, dankte und brach es und gab es ihnen und sprach: Nehmet, das ist mein Leib. Und er nahm den Kelch, dankte, gab ihnen den und sie tranken alle daraus. Und er sprach zu ihnen: Das ist mein Blut des Bundes, das f\u00fcr viele vergossen wird.<\/p>\n\n\n\n<p><strong>Markus 8,31<\/strong>: der Menschensohn (= Jesus) muss viel leiden und verworfen werden von den \u00c4ltesten und Hohepriestern und Schriftgelehrten und get\u00f6tet werden und nach drei Tagen auferstehen.<\/p>\n\n\n\n<p><strong>Johannes 3,16<\/strong>: So hat Gott die Welt geliebt, dass er seinen Sohn (zum Tode) gab, damit alle, die an ihn glauben, nicht verloren werden, sondern das ewige Leben haben.<\/p>\n\n\n\n<p><strong>Apostelgeschichte 3,15<\/strong>: Ihr habt Jesus Christus, von dem alles Leben kommt, get\u00f6tet. Aber Gott hat ihn von den Toten auferweckt.<\/p>\n\n\n\n<p><strong>Johannes 1,29<\/strong>: Siehe, das ist Gottes Lamm, das die S\u00fcnde der Welt hinweg nimmt.<\/p>\n\n\n\n<p><strong>Johannes 10, 11<\/strong>: Ich bin der gute Hirte. Der gute Hirte gibt sein Leben f\u00fcr die Schafe.<\/p>\n\n\n\n<p><strong>1. Johannes 3,16<\/strong>: daran haben wir die Liebe erkannt, dass er sein Leben f\u00fcr uns gelassen hat, und wir sollen auch das Leben f\u00fcr unsere Br\u00fcder lassen.<\/p>\n\n\n\n<p><strong>1. Petrus 1,18-19<\/strong>: Ihr wisst, dass ihr nicht mit verg\u00e4nglichem Silber oder Gold erl\u00f6st seid (= Opfergaben an Gott) von eurem sinnlosen Verhalten\u2026, sondern durch das teure Blut Christi, des unschuldigen Lammes.<\/p>\n\n\n\n<p><strong>1. Petrus 2,24<\/strong>: Jesus Christus hat unsere S\u00fcnde selbst hinaufgetragen an seinem leibe auf das Holz, damit wir, der S\u00fcnde abgestorben, der Gerechtigkeit leben.<\/p>\n","protected":false},"excerpt":{"rendered":"<p>(s. auch: https:\/\/mini.evangelische-religion.de\/jesu-sterben-fuer-uns\/ ) JESU STERBEN \u2013 F\u00dcR UNS Jesus von Nazareth, der Menschen auf ganz neue Gedanken gebracht hat, der die Gemeinschaft der Menschen gef\u00f6rdert hat wie vor ihm keiner \u2013 dieser Jesus wurde hingerichtet. Ein trauriges Ereignis. Doch dieses schlimme Ereignis konnte die Nachfolgerinnen und Nachfolger nur f\u00fcr [&hellip;]<\/p>\n","protected":false},"author":1,"featured_media":0,"parent":46,"menu_order":0,"comment_status":"closed","ping_status":"closed","template":"","meta":{"footnotes":""},"class_list":["post-702","page","type-page","status-publish","hentry"],"_links":{"self":[{"href":"https:\/\/evangelische-religion.de\/ReligionNeu\/wp-json\/wp\/v2\/pages\/702","targetHints":{"allow":["GET"]}}],"collection":[{"href":"https:\/\/evangelische-religion.de\/ReligionNeu\/wp-json\/wp\/v2\/pages"}],"about":[{"href":"https:\/\/evangelische-religion.de\/ReligionNeu\/wp-json\/wp\/v2\/types\/page"}],"author":[{"embeddable":true,"href":"https:\/\/evangelische-religion.de\/ReligionNeu\/wp-json\/wp\/v2\/users\/1"}],"replies":[{"embeddable":true,"href":"https:\/\/evangelische-religion.de\/ReligionNeu\/wp-json\/wp\/v2\/comments?post=702"}],"version-history":[{"count":3,"href":"https:\/\/evangelische-religion.de\/ReligionNeu\/wp-json\/wp\/v2\/pages\/702\/revisions"}],"predecessor-version":[{"id":2674,"href":"https:\/\/evangelische-religion.de\/ReligionNeu\/wp-json\/wp\/v2\/pages\/702\/revisions\/2674"}],"up":[{"embeddable":true,"href":"https:\/\/evangelische-religion.de\/ReligionNeu\/wp-json\/wp\/v2\/pages\/46"}],"wp:attachment":[{"href":"https:\/\/evangelische-religion.de\/ReligionNeu\/wp-json\/wp\/v2\/media?parent=702"}],"curies":[{"name":"wp","href":"https:\/\/api.w.org\/{rel}","templated":true}]}}