{"id":690,"date":"2019-07-02T15:44:46","date_gmt":"2019-07-02T13:44:46","guid":{"rendered":"https:\/\/evangelische-religion.de\/ReligionNeu\/?page_id=690"},"modified":"2022-07-28T16:15:08","modified_gmt":"2022-07-28T14:15:08","slug":"leben-jesu","status":"publish","type":"page","link":"https:\/\/evangelische-religion.de\/ReligionNeu\/jesus-christus\/leben-jesu\/","title":{"rendered":"Leben Jesu"},"content":{"rendered":"\n<p>(s. auch: <a href=\"https:\/\/mini.evangelische-religion.de\/leben-jesu-biographische-kurzfassung\/\">https:\/\/mini.evangelische-religion.de\/leben-jesu-biographische-kurzfassung\/<\/a> )<\/p>\n\n\n\n<p class=\"has-text-align-center has-medium-font-size\">LEBEN JESU<\/p>\n\n\n\n<p class=\"has-text-align-center has-background\" style=\"background-color:#f1e470\"><strong>1. Biographische Angaben<\/strong><\/p>\n\n\n\n<p>* 7-4 v.Chr.<\/p>\n\n\n\n<p>Eltern\/Geschwister: Maria und Joseph und zahlreiche Geschwister, die Namen der Br\u00fcder sind bekannt: Jakobus, Joses, Judas, Simon. Die Namen der Schwestern sind unbekannt.<\/p>\n\n\n\n<p>Aufgewachsen in Nazareth.<\/p>\n\n\n\n<p>Beruf seines Vaters \u00fcbernommen: Zimmermann.<\/p>\n\n\n\n<p>Ca. 27.\/29. n.Chr. \u00f6ffentliches Auftreten vor allem in Galil\u00e4a \u2013 m\u00f6glicherweise veranlasst durch die Verhaftung von Johannes dem T\u00e4ufer, mit dem er in enger Verbindung gestanden hat (Sch\u00fcler?). Jesus hatte w\u00e4hrend seiner Taufe eine Vision und Audition: Gott sandte seinen Geist auf ihn und bekannte sich zu ihm: Jesus ist sein Sohn. (Vgl. Hesekiel 1) Jesus zieht sich nach diesem einmaligen Erlebnis zur\u00fcck in die Einsamkeit und wird vom B\u00f6sen versucht: Jesus soll beweisen, dass er Gottes Sohn ist &#8211; und zwar mit machtvollen Taten, die ihm Ruhm bringen. Jesus geht einen \u00fcberraschend anderen Weg: Er sammelte 12 J\u00fcnger (Zahl der St\u00e4mme Israels) um sich, die seine Botschaft auf menschliche Art und Weise durch Wort und Tat an die St\u00e4mme Israels weitergeben sollten. Er hatte auch weitere 70 J\u00fcnger (wie Mose 70 \u00c4lteste berufen hatte) ausgesandt. Die wirkungsgeschichtlich wesentlichsten J\u00fcnger: Petrus, Johannes, vielleicht Thomas \u2013 und auch Judas.<\/p>\n\n\n\n<p>&nbsp;\u2020 ca. 30 n.Chr. Hinrichtung am Kreuz.<\/p>\n\n\n\n<p>Die nach drei Tagen folgende Auferstehung z\u00e4hlt nicht zu historisch verifizierbaren Ereignissen des Lebens Jesu. Wenngleich der Glaube an die Auferstehung historisch immense Auswirkungen hatte. Im Grunde ist seitdem nichts mehr wie es war. Leben, Sterben und Tod k\u00f6nnen aus einer ganz neuen Perspektive gesehen werden.<\/p>\n\n\n\n<p><strong>Beurteilung in der Forschung:<\/strong> Dass Jesus gelebt und gewirkt hat, ist, mit historischen Mitteln gesehen, sicher. Die Frage stellt sich nur zu einzelnen Texten: Wieweit sind sie legendarisch ausgeschm\u00fcckt worden, wieweit hat die fr\u00fche Gemeinde neue Texte hinzugef\u00fcgt, sie aufgrund von theologischen und sozialen Vorstellungen tendenziell ver\u00e4ndert. Dieser Frage geht die Forschung in der so genannten Frage nach dem \u201ehistorischen Jesus\u201c nach.<\/p>\n\n\n\n<p>Au\u00dferchristliche Quellen: der j\u00fcdische Geschichtsschreiber Josephus (ca. 37-100) spricht von Jakobus, dem Bruder Jesu. Der r\u00f6mische Historiker Tacitus wei\u00df von Christus, der unter Tiberius durch Pilatus hingerichtet worden sei. Rabbinen \u2013 j\u00fcdische Gelehrte \u2013 erw\u00e4hnen Jesus immer wieder einmal. (S.&nbsp;<a href=\"http:\/\/evangelische-religion.de\/lebte-jesus.html\">http:\/\/evangelische-religion.de\/lebte-jesus.html<\/a>&nbsp;)<\/p>\n\n\n\n<p class=\"has-text-align-center has-background\" style=\"background-color:#f1e470\"><strong>2. Umwelt Jesu<\/strong><\/p>\n\n\n\n<p><em>Politische Situation<\/em>: Jesus wurde geboren, als Israel unter r\u00f6mischer Besatzung stand. Der Herrscher Herodes konnte zwar verh\u00e4ltnism\u00e4\u00dfig selbstst\u00e4ndig regieren, war aber abh\u00e4ngig von Rom. Dass Rom herrschte, zeigte sich vor allem an dem Umgang der R\u00f6mer mit den Nachfolgern des Herodes. Entsprechend gab es Menschen, die mit Rom zusammenarbeiteten (Oberschicht), und Menschen, die die Besatzungsmacht bek\u00e4mpften: Zeloten (Eiferer), Sikarier (Messerm\u00e4nner).<\/p>\n\n\n\n<p><em>Soziale Situation:<\/em> Es gab wenige sehr reiche Menschen (Oberschicht) und viele sehr arme Menschen. Menschen (Unterschicht), die sich nicht selbst ern\u00e4hren konnten, wurden leicht \u00fcberrollt. Viele gingen ihrer Arbeit nach (Fischer, Handwerker, Landwirte, Z\u00f6llner\u2026). Es war zum Teil eine Gesellschaft, die aufgrund sozialer Verwerfungen nicht einheitlich war. Mittelschicht \u2013 so man von ihr sprechen kann, bedeutete Unsicherheit: Man konnte ganz schnell sozial abrutschen.<\/p>\n\n\n\n<p><em>Religi\u00f6se Situation<\/em>:&nbsp;Der Hohepriester wie die Schriftgelehrten (Juristen) waren stark mit der Besatzungsmacht verbunden, denn sie wurden f\u00fcr die Ruhe und Ordnung im Land verantwortlich gemacht. Pharis\u00e4er, fromme Juden, haben versucht, das Gesetz Gottes im Alltag umzusetzen, sie waren st\u00e4rker mit dem Volk verbunden als die Schriftgelehrten. Strenge Gl\u00e4ubige, wie die Qumran-Essener, sonderten sich st\u00e4rker vom normalen Volk ab und versuchten ihren gesetzlichen Glauben umzusetzen.<\/p>\n\n\n\n<p><em>Kulturelle Situation<\/em>:&nbsp;Die Oberschicht war der r\u00f6misch-griechischen Kultur gegen\u00fcber \u00fcberwiegend offen (Mosaiken, Sport). Die Unterschicht versuchte st\u00e4rker an den Traditionen festzuhalten. Juden konnten wohl \u00fcberwiegend lesen \u2013 vielleicht auch schreiben. \u00dcberwiegend ging es der Bev\u00f6lkerung darum, das t\u00e4gliche \u00dcberleben zu sichern \u2013 und das aus dem Glauben heraus, somit pr\u00e4gte dieser weite Bereiche der Kultur.<\/p>\n","protected":false},"excerpt":{"rendered":"<p>(s. auch: https:\/\/mini.evangelische-religion.de\/leben-jesu-biographische-kurzfassung\/ ) LEBEN JESU 1. Biographische Angaben * 7-4 v.Chr. Eltern\/Geschwister: Maria und Joseph und zahlreiche Geschwister, die Namen der Br\u00fcder sind bekannt: Jakobus, Joses, Judas, Simon. Die Namen der Schwestern sind unbekannt. Aufgewachsen in Nazareth. Beruf seines Vaters \u00fcbernommen: Zimmermann. Ca. 27.\/29. n.Chr. \u00f6ffentliches Auftreten vor allem [&hellip;]<\/p>\n","protected":false},"author":1,"featured_media":0,"parent":46,"menu_order":0,"comment_status":"closed","ping_status":"closed","template":"","meta":{"footnotes":""},"class_list":["post-690","page","type-page","status-publish","hentry"],"_links":{"self":[{"href":"https:\/\/evangelische-religion.de\/ReligionNeu\/wp-json\/wp\/v2\/pages\/690","targetHints":{"allow":["GET"]}}],"collection":[{"href":"https:\/\/evangelische-religion.de\/ReligionNeu\/wp-json\/wp\/v2\/pages"}],"about":[{"href":"https:\/\/evangelische-religion.de\/ReligionNeu\/wp-json\/wp\/v2\/types\/page"}],"author":[{"embeddable":true,"href":"https:\/\/evangelische-religion.de\/ReligionNeu\/wp-json\/wp\/v2\/users\/1"}],"replies":[{"embeddable":true,"href":"https:\/\/evangelische-religion.de\/ReligionNeu\/wp-json\/wp\/v2\/comments?post=690"}],"version-history":[{"count":7,"href":"https:\/\/evangelische-religion.de\/ReligionNeu\/wp-json\/wp\/v2\/pages\/690\/revisions"}],"predecessor-version":[{"id":2679,"href":"https:\/\/evangelische-religion.de\/ReligionNeu\/wp-json\/wp\/v2\/pages\/690\/revisions\/2679"}],"up":[{"embeddable":true,"href":"https:\/\/evangelische-religion.de\/ReligionNeu\/wp-json\/wp\/v2\/pages\/46"}],"wp:attachment":[{"href":"https:\/\/evangelische-religion.de\/ReligionNeu\/wp-json\/wp\/v2\/media?parent=690"}],"curies":[{"name":"wp","href":"https:\/\/api.w.org\/{rel}","templated":true}]}}