{"id":669,"date":"2019-07-02T11:41:28","date_gmt":"2019-07-02T09:41:28","guid":{"rendered":"https:\/\/evangelische-religion.de\/ReligionNeu\/?page_id=669"},"modified":"2024-09-08T16:43:49","modified_gmt":"2024-09-08T14:43:49","slug":"main-points-kultur","status":"publish","type":"page","link":"https:\/\/evangelische-religion.de\/ReligionNeu\/crashkurs-christentum\/main-points-kultur\/","title":{"rendered":"Main Points (Kultur)"},"content":{"rendered":"\n<p class=\"has-text-align-center has-medium-font-size\">MAIN POINTS<\/p>\n\n\n\n<p>Zu den jeweiligen Main Points siehe die jeweiligen Abschnitte auf der evangelische-religion-Seite.<\/p>\n\n\n\n<ol class=\"wp-block-list\">\n<li>Glaube an Jesus Christus, der den Menschen in Liebe zugewandte Gott:<\/li>\n\n\n\n<li>S\u00fcndenvergebung<\/li>\n\n\n\n<li>Neue Ethik<\/li>\n\n\n\n<li>Ewiges Leben<\/li>\n\n\n\n<li>Gottesherrschaft<\/li>\n\n\n\n<li>Heiliger Geist<\/li>\n\n\n\n<li>Sakramente = Zusammenf\u00fchrung mit Gott in Jesus Christus<\/li>\n\n\n\n<li>Gemeinschaft (Ekklesia = Berufen zur Versammlung) \u2013 Kirche<\/li>\n\n\n\n<li>F\u00fcr alle Welt \u2013 grenzenlos (Mission)<\/li>\n<\/ol>\n\n\n\n<p><\/p>\n\n\n\n<p class=\"has-text-align-center has-black-color has-text-color has-background\" style=\"background-color:#5ad023\"><strong>WICHTIGE WERKE<\/strong><\/p>\n\n\n\n<p>Es ist vermessen, \u00fcberhaupt eine Auswahl zu treffen. Es sei gewagt. Und wer meint, ich h\u00e4tte die wichtigsten Werke \u00fcbersehen, m\u00f6ge es mir mitteilen. Diese Auswahl mag dazu anregen, weitere zu recherchieren. (Gro\u00dfe Theologen und Philosophen des 19.-20. Jahrhunderts sollen einen eigenen Abschnitt bekommen. Zu den Kirchenv\u00e4tern siehe:&nbsp;<a href=\"https:\/\/evangelische-religion.de\/ReligionNeu\/kirche\/kirchenvaeter\/\">https:\/\/evangelische-religion.de\/ReligionNeu\/kirche\/kirchenvaeter\/<\/a>  Siehe auch:&nbsp;<a href=\"https:\/\/evangelische-religion.de\/ReligionNeu\/film-musik\/kirche-und-medien\/\">https:\/\/evangelische-religion.de\/ReligionNeu\/film-musik\/kirche-und-medien\/<\/a>&nbsp;und: <a href=\"https:\/\/evangelische-religion.de\/ReligionNeu\/film-musik\/gott-in-der-musik\/\">https:\/\/evangelische-religion.de\/ReligionNeu\/film-musik\/gott-in-der-musik\/<\/a> )<\/p>\n\n\n\n<p class=\"has-text-align-center has-text-color\" style=\"color:#5ad023\"><strong>1. Literatur (subjektive Auswahl)<\/strong><\/p>\n\n\n\n<ul class=\"wp-block-list\">\n<li>Neues Testament&nbsp;(1.\/2. Jahrhundert).<\/li>\n\n\n\n<li>Eusebius: Erstes gro\u00dfes Kirchen-Geschichtswerk nach Lukas (3.\/4. Jahrhundert).<\/li>\n\n\n\n<li>Heliodorus: Aithiopika (m\u00f6glicherweise christlicher Liebesroman mit Betonung der Tugenden) (3.\/4.Jahrhundert)<\/li>\n\n\n\n<li>Ambrosius von Mailand&nbsp;(4. Jahrhundert) Politiker\/Beamter und Bischof. Betont sei hier seine Lyrik, der Ambrosianische Gesang. Dieser wurde von der Gregorianik abgel\u00f6st \u2013 nicht wenig gewaltsam z.B. durch Karl den Gro\u00dfen. \u00dcberhaupt bestand lange Zeit eine Auseinandersetzung zwischen Rom und Mailand, so auch im Kampf Roms gegen den so genannten Ambrosianischen Ritus (6 Adventssonntage). Aber grunds\u00e4tzlich \u00fcberdauerten viele Gedichte des Ambrosius (und ihm zugeschriebener Texte) bis heute. Auch das&nbsp;<em>Te Deum<\/em>&nbsp;wird ihm zugeschrieben.<\/li>\n\n\n\n<li>Prudentius: Gedichte, die gro\u00dfen Einfluss hatten (4. Jh).<\/li>\n\n\n\n<li>Augustinus: Vita (Biographie): Bekenntnisse; Der Staat, \u00dcber die Dreieinigkeit, Augustinerregel (4.\/5. Jahrhundert).<\/li>\n\n\n\n<li>Dionysios von Areopagita&nbsp;(um 500): Gro\u00dfer Einfluss auf die christliche Mystik (Meister Eckhart; Heinrich Seuse) \u2013 und christliche Mystik hat Einfluss auch auf die gegenw\u00e4rtigen mystischen Str\u00f6mungen, die auch asiatische Religionen einbeziehen.<\/li>\n\n\n\n<li>Benedikt von Nursia: Benediktinische Regeln (6. Jahrhundert) \u2013 die f\u00fcr die Orden wichtigen und vorbildhaften Regeln werden auch heute f\u00fcr die Wirtschaft entdeckt.<\/li>\n\n\n\n<li>Heliand: Evangelien als germanisches Heldenepos (9. Jahrhundert)<\/li>\n\n\n\n<li>Hildegard von Bingen: Mystikerin, F\u00f6rderung der Klostermedizin, der Musik. (11.\/12. Jahrhundert)<\/li>\n\n\n\n<li>Franz von Assisi:&nbsp;Sonnengesang \/ Herr, mach mich zum Werkzeug deines Friedens\u2026 (12.\/13. Jahrhundert)<\/li>\n\n\n\n<li>Thomas von Aquin: Philosophisch-theologische Werke: Summa Theologica (13. Jahrhundert)<\/li>\n\n\n\n<li>Legenda aurea des&nbsp;Jacobus de Voragine&nbsp;(13. Jahrhundert): einflussreiche Legenden<\/li>\n\n\n\n<li>Dante: G\u00f6ttliche Komm\u00f6die (14. Jahrhundert)<\/li>\n\n\n\n<li>Thomas a Kempis:&nbsp;Nachfolge Christi (15. Jahrhundert)<\/li>\n\n\n\n<li>Erasmus von Rotterdam:&nbsp;Handb\u00fcchlein des christlichen Streiters (16. Jahrhundert)<\/li>\n\n\n\n<li>Martin Luther: Freiheit eines Christenmenschen (16. Jahrhundert)<\/li>\n\n\n\n<li>Ignatius von Loyola: Exerzitien (16. Jahrhundert)<\/li>\n\n\n\n<li>Paul Gerhard: Liederdichter (17. Jahrhundert)<\/li>\n\n\n\n<li>Philipp Jakob Spener: Pia Desideria (17. Jahrhundert)<\/li>\n\n\n\n<li>Blaise Pascal: Pens\u00e9es sur la religion \u2013 Gedanken zur Religion (17. Jahrhundert)<\/li>\n\n\n\n<li>John Bunyan:&nbsp;Pilgerreise (17. Jahrhundert)<\/li>\n\n\n\n<li>Daniel Defoe: Robinson Crusoe (18. Jahrhundert)<\/li>\n\n\n\n<li>Matthias Claudius: Schriftsteller, Dichter (18. Jahrhundert)<\/li>\n\n\n\n<li>Leo Tolstoi: Kurzgeschichten, Romane (19. Jahrhundert)<\/li>\n\n\n\n<li>Fjodor Dostojewski: Romane (19. Jahrhundert)<\/li>\n\n\n\n<li>G. K. Chesterton: Pater Brown Kriminalromane (20. Jahrhundert)<\/li>\n\n\n\n<li>Dietrich Bonhoeffer: Widerstand und Ergebung (20. Jahrhundert)<\/li>\n\n\n\n<li>Patricia St. John: Kinder- und Jugendb\u00fccher (20. Jahrhundert)<\/li>\n\n\n\n<li>C.S. Lewis: Chroniken von Narnia, Dienstanweisungen an einen Unterteufel, Pardon, ich bin Christ (20. Jahrhundert)<\/li>\n\n\n\n<li>Gerd Thei\u00dfen: Der Schatten des Galil\u00e4ers; Der Anwalt des Paulus (21. Jahrhundert)<\/li>\n<\/ul>\n\n\n\n<p class=\"has-text-align-center has-text-color\" style=\"color:#5ad023\"><strong>2. Musik (subjektive Auswahl)<\/strong><\/p>\n\n\n\n<ul class=\"wp-block-list\">\n<li>Gregor der Gro\u00dfe&nbsp;(+ 604): Choral-Gregorianik \u2013 Musik im Gottesdienst<\/li>\n\n\n\n<li>Guido von Arezzo&nbsp;(1025): Notenschrift (vorher Buchstaben usw.<\/li>\n\n\n\n<li>Johann Sebastian Bach&nbsp;(1685-1750) (Sp\u00e4tbarock): besonders: Passionen<\/li>\n\n\n\n<li>Georg Friedrich H\u00e4ndel&nbsp;(1685-1759): Oratorien (Messias\/Halleluja)<\/li>\n\n\n\n<li>Wolfgang Amadeus Mozart&nbsp;(1756-1791): zahlreiche Messen<\/li>\n\n\n\n<li>Felix Mendelssohn-Bartholdy&nbsp;(1809-1847): Elias+Paulus-Oratorien<\/li>\n\n\n\n<li>Spiritualsals Grundlage der Gospel (= Evangelium): afroamerikanische Kirchen (Philipp P. Bliss: 1874)<\/li>\n\n\n\n<li>Hiermit wurde nur eine sehr subjektive Auswahl getroffen. Es gibt vor dem 20. Jahrhundert kaum einen namhaften Komponisten, der nicht auch St\u00fccke in der Tradition des christlichen Glaubens komponiert hat:&nbsp;Haydn, Liszt, Beethoven, Schubert, Bruckner, Rossini;<\/li>\n\n\n\n<li>Im 20. Jahrhundert zum Beispiel:\u00a0Rudolf Mauersberger, Martin B\u00fchler, Frank Martin, Krzystof Penderecki, Igor Strawinsky, Olivier Messiaen, Ariel Ramirez, Morten Lauridsen, John Rutter, Nikolaus Schapfl, Cyprien Rugamba, John Tavener, Sofija Asgatovna Gubajdulina, Andrew Lloyd Webber, \u0112riks E\u0161envalds, John Tavener, Stephan Paulus, Henryk G\u00f3recki, Wojciech Kilar, Alfred Schnittke, MacMillan, Elaine Hagenberg.<\/li>\n\n\n\n<li>Christliche Popul\u00e4rmusik verschiedenster Stilrichtungen sind zu nennen. An dieser Stelle m\u00f6chte ich nur ein paar nennen, von denen ich denke, dass sie einflussreich geworden sind. F\u00fcr Deutschland ist pars pro toto&nbsp;Manfred Siebald&nbsp;zu nennen. Weltweit&nbsp;<em>Hillsong Church<\/em>, deren Beginn und treibende Kraft&nbsp;<em>Darlene Zschech&nbsp;<\/em>ist.&nbsp;Amy Grant&nbsp;und&nbsp;Michael W. Smith,&nbsp;Audrey Assad, die Gruppen:&nbsp;Oslo Gospel Choir,&nbsp;die s\u00fcdafrikanische Gruppe:&nbsp;Selah,&nbsp;die zahlreichen S\u00e4ngerinnen und S\u00e4nger von&nbsp;Bethel Music\/Jesus Culture Music, Kari Jobe&nbsp;(Gateway Worship). Aus Afrika:&nbsp;Nothando Hlophe&nbsp;(Swasiland),&nbsp;Ntokozo Mbambo&nbsp;(S\u00fcdafrika), Gospel Ch\u00f6re: Tansania Gospel Choir in Dar es Salaam), Rwanda (Heman Choir), Kusda Chor (Kenia), Soweto Gospel Choir (S\u00fcdafrika), Armor Music (Zimbabwe), \u00c4gyptische christliche Lieder (z.B. Egypt Singers: Praise Team), Lieder und Gruppen aus Nigeria \u2013 es gibt eine weitere gro\u00dfe F\u00fclle.<\/li>\n\n\n\n<li>Geistliche Lieder und Ch\u00f6re:&nbsp;Bel Canto Chor Vilnius, BYU Men\u2019s Chorus&nbsp;und&nbsp;BYU Women\u2019s Chorus, Dresdner Kreuzchor, Thomanerchor&nbsp;und viele, viele andere.<\/li>\n\n\n\n<li>Dar\u00fcber hinaus sind auch zahlreiche Bands und S\u00e4ngerinnen und S\u00e4nger der Pop-Kultur zu nennen. Pars pro toto:&nbsp;Bono\/U2. Vor allem mit Weihnachtsliedern, zum Beispiel:&nbsp;Pentatonix.<\/li>\n\n\n\n<li>Zu diesem Abschnitt siehe:&nbsp;<a href=\"https:\/\/evangelische-religion.de\/ReligionNeu\/film-musik\/gott-in-der-musik\/\">https:\/\/evangelische-religion.de\/ReligionNeu\/film-musik\/gott-in-der-musik\/<\/a><\/li>\n<\/ul>\n\n\n\n<p class=\"has-text-align-center has-text-color\" style=\"color:#5ad023\"><strong>3. Malerei\/Bildhauer (subjektive Auswahl)<\/strong><\/p>\n\n\n\n<p>Sicher waren Auftraggeber f\u00fcr Maler und Bildhauer oft Kirchen \u2013 von daher stehen viele \u00fcberlieferten Werke auch in christlicher Tradition. Das liegt freilich nicht nur an dem Auftraggeber, wie zum Beispiel an&nbsp;D\u00fcrer&nbsp;(1471-1526) zu sehen ist. Er malte beides: weltliche Bilder und Bilder mit christlicher Thematik \u2013 und das in sehr ausdrucksvoller Form. Die K\u00fcnstler sind so zahlreich, dass sie kaum zu benennen sind. Bevor einzelne K\u00fcnstler mit Namen bekannt wurden, gab es sehr gro\u00dfartige Wandmalerei, Buchmalerei, Glasmalereien, Ikonen, in Stein gehauene Szenen, Elfenbeinschnitzereien, Mosaiken, plastische Kreuzesdarstellungen, Statuen unbekannter K\u00fcnstler. Herausheben m\u00f6chte ich nur:<\/p>\n\n\n\n<ul class=\"wp-block-list\">\n<li>Giotto&nbsp;(1276-1337),<\/li>\n\n\n\n<li>Jan van Eyck (1390-1441)<\/li>\n\n\n\n<li>Boticelli&nbsp;(1445-1510),<\/li>\n\n\n\n<li>Leonardo da Vinci&nbsp;(1452-1519)<\/li>\n\n\n\n<li>Matthias Gr\u00fcnewald&nbsp;(1470-1528),<\/li>\n\n\n\n<li>Albrecht D\u00fcrer (1471-1528)<\/li>\n\n\n\n<li>Michelangelo&nbsp;(1475-1564),<\/li>\n\n\n\n<li>Raffael&nbsp;1483-1520),<\/li>\n\n\n\n<li>Rubens&nbsp;(1577-1640),<\/li>\n\n\n\n<li>Rembrandt&nbsp;(1606-1669), als Gruppe die Gruppe der<\/li>\n\n\n\n<li>\u201eNazarener\u201c&nbsp;(19. Jahrhundert)<\/li>\n\n\n\n<li>Caspar David Friedrich&nbsp;(1774-1840),<\/li>\n\n\n\n<li>C\u00e9zanne&nbsp;(1839-1906).<\/li>\n\n\n\n<li>Zu nennen sind auch die j\u00fcdisch-christlichen Einfl\u00fcsse auf die Kunst des Expressionismus (Nolde&nbsp;[1867-1956], Barlach&nbsp;[1870-1938],&nbsp;Chagall&nbsp;[1887-1985]). Einzelne Gem\u00e4lde haben auch&nbsp;Lovis Corinth, Otto Dix, Arnold B\u00f6cklin, Max Beckmann, Salvador Dali, Bilder der&nbsp;Pr\u00e4raffaeliten. Heute sind z.B. (in einer subjektiven Auswahl)&nbsp;Sieger K\u00f6der,&nbsp;Jacques Gassmann, Michael Willfort, Karola Onken, Marijan Dadic, Kamba Luesa, Janet McKenzie, Hatigammana Uttarananda, Fernando Arizti, Joseph Mulamba-Mandangi, Frank Wesley&nbsp;(seine&nbsp;<em>Blue Madonna<\/em>&nbsp;wurde die erste Unicef-Weihnachtskarte),&nbsp;Fan Pu, Shim Sun-Hwa Catherine, Jonathan Mayer (scapegoatstudio)&nbsp;und viele andere aus aller Welt zu nennen.<\/li>\n\n\n\n<li>Timothy P. Schmalz (*1969)<\/li>\n<\/ul>\n\n\n\n<p>Zahlreiche Skulpturen in Kirchen, an Kirchengeb\u00e4uden, Kreuzesdarstellungen durch die Jahrhunderte. Genannt sei nur: der Bildschnitzer&nbsp;Tilman Riemenschneider&nbsp;(1460-1531), die Piet\u00e0 von&nbsp;Michelangelo&nbsp;(1475-1564).<\/p>\n\n\n\n<p class=\"has-text-align-center has-text-color\" style=\"color:#5ad023\"><strong>4. Architektur (subjektive Auswahl)<\/strong><\/p>\n\n\n\n<p>Die Geschichte christlicher Architektur hier darzustellen, w\u00fcrde den Rahmen sprengen. Vom Beginn des 3. Jahrhunderts (Dura Europos), \u00fcber die bedeutenden Bauten unter Konstantin dem Gro\u00dfen und seiner Nachfolger (Ravenna, Konstantinopel\/Istanbul: Hagia Sophia), dann weitergehend in Mitteleuropa die Romanik, Gotik \u2013 bis hin zu den Bauten weltweit und ihrer jeweiligen Symbolik bzw. Kunst, die Vielfalt darzustellen, ist nicht machbar. Darum sei als erste Einf\u00fchrung nur auf <a href=\"http:\/\/de.wikipedia.org\/wiki\/Kirche_(Bauwerk)\">http:\/\/de.wikipedia.org\/wiki\/Kirche_(Bauwerk)<\/a>&nbsp;hingewiesen.<\/p>\n","protected":false},"excerpt":{"rendered":"<p>MAIN POINTS Zu den jeweiligen Main Points siehe die jeweiligen Abschnitte auf der evangelische-religion-Seite. WICHTIGE WERKE Es ist vermessen, \u00fcberhaupt eine Auswahl zu treffen. Es sei gewagt. Und wer meint, ich h\u00e4tte die wichtigsten Werke \u00fcbersehen, m\u00f6ge es mir mitteilen. Diese Auswahl mag dazu anregen, weitere zu recherchieren. (Gro\u00dfe Theologen [&hellip;]<\/p>\n","protected":false},"author":1,"featured_media":0,"parent":620,"menu_order":0,"comment_status":"closed","ping_status":"closed","template":"","meta":{"footnotes":""},"class_list":["post-669","page","type-page","status-publish","hentry"],"_links":{"self":[{"href":"https:\/\/evangelische-religion.de\/ReligionNeu\/wp-json\/wp\/v2\/pages\/669","targetHints":{"allow":["GET"]}}],"collection":[{"href":"https:\/\/evangelische-religion.de\/ReligionNeu\/wp-json\/wp\/v2\/pages"}],"about":[{"href":"https:\/\/evangelische-religion.de\/ReligionNeu\/wp-json\/wp\/v2\/types\/page"}],"author":[{"embeddable":true,"href":"https:\/\/evangelische-religion.de\/ReligionNeu\/wp-json\/wp\/v2\/users\/1"}],"replies":[{"embeddable":true,"href":"https:\/\/evangelische-religion.de\/ReligionNeu\/wp-json\/wp\/v2\/comments?post=669"}],"version-history":[{"count":10,"href":"https:\/\/evangelische-religion.de\/ReligionNeu\/wp-json\/wp\/v2\/pages\/669\/revisions"}],"predecessor-version":[{"id":2747,"href":"https:\/\/evangelische-religion.de\/ReligionNeu\/wp-json\/wp\/v2\/pages\/669\/revisions\/2747"}],"up":[{"embeddable":true,"href":"https:\/\/evangelische-religion.de\/ReligionNeu\/wp-json\/wp\/v2\/pages\/620"}],"wp:attachment":[{"href":"https:\/\/evangelische-religion.de\/ReligionNeu\/wp-json\/wp\/v2\/media?parent=669"}],"curies":[{"name":"wp","href":"https:\/\/api.w.org\/{rel}","templated":true}]}}