{"id":658,"date":"2019-07-02T11:33:33","date_gmt":"2019-07-02T09:33:33","guid":{"rendered":"https:\/\/evangelische-religion.de\/ReligionNeu\/?page_id=658"},"modified":"2019-07-31T08:54:20","modified_gmt":"2019-07-31T06:54:20","slug":"gelebte-kirche","status":"publish","type":"page","link":"https:\/\/evangelische-religion.de\/ReligionNeu\/kirche\/gelebte-kirche\/","title":{"rendered":"Gelebte Kirche"},"content":{"rendered":"\n<p style=\"text-align:center\" class=\"has-medium-font-size\">GELEBTE KIRCHE<\/p>\n\n\n\n<p>Das vielf\u00e4ltige Leben und die Lebendigkeit der christlichen Gemeinde kann man ein wenig im Internet erkennen \u2013 nat\u00fcrlich auch life\/live, wenn man die Augen aufh\u00e4lt.<\/p>\n\n\n\n<p>Dazu folgende Tipps:Youtube-Clips analysieren: christliche Lieder und die dazugeh\u00f6rigen Bilder, versuche die Spiritualit\u00e4t zu erfassen. Ein Beispiel:\u00a0<a href=\"https:\/\/youtube.com\/watch?v=8xc9sWYKvs4\">\/\/youtube.com\/watch?v=8xc9sWYKvs4<\/a><\/p>\n\n\n\n<p>Youtube-Clips: Jesusfilme (Beispiel:\u00a0<a href=\"https:\/\/youtube.com\/watch?v=3uKy8N-Lz4Y\">\/\/youtube.com\/watch?v=3uKy8N-Lz4Y<\/a>\u00a0[Teil1])<\/p>\n\n\n\n<p>Brot f\u00fcr die Welt\u00a0<a href=\"http:\/\/www.brot-fuer-die-welt.de\/\">http:\/\/www.brot-fuer-die-welt.de\/<\/a>\u00a0; Gottes Liebe weltweit\u00a0<a href=\"http:\/\/www.gottes-liebe-weltweit.de\/start\">http:\/\/www.gottes-liebe-weltweit.de\/start<\/a>\u00a0; Misereor\u00a0<a href=\"http:\/\/www.misereor.de\/\">http:\/\/www.misereor.de\/<\/a>\u00a0; Christoffel Blindenmission,\u00a0<a href=\"http:\/\/www.cbm.de\/\">http:\/\/www.cbm.de\/<\/a>\u00a0, world vision http:\/\/<a href=\"http:\/\/www.worldvision.de\/\">www.worldvision.de\/<\/a><\/p>\n\n\n\n<p>Kl\u00f6ster (z.B. Kloster Arenberg:\u00a0<a href=\"http:\/\/www.kloster-arenberg.de\/\">http:\/\/www.kloster-arenberg.de\/<\/a>\u00a0und:\u00a0<a href=\"http:\/\/www.maria-laach.de\/index.php\">http:\/\/www.maria-laach.de\/index.php<\/a>\u00a0und:\u00a0<a href=\"http:\/\/www.franziskaner.de\/\">http:\/\/www.franziskaner.de\/<\/a>\u00a0; Bruderschaften: z.B. Evangelische Michaelsbruderschaft:\u00a0<a href=\"http:\/\/www.michaelsbruderschaft.de\/\">http:\/\/www.michaelsbruderschaft.de\/<\/a>\u00a0Taize:\u00a0<a href=\"http:\/\/www.taize.fr\/de\">http:\/\/www.taize.fr\/de<\/a><\/p>\n\n\n\n<p>Diakonie\u00a0<a href=\"http:\/\/www.diakonie.de\/index.htm\">http:\/\/www.diakonie.de\/index.htm<\/a><\/p>\n\n\n\n<p>Internetseiten der Kirchen\/Institutionen usw.: ekd\u00a0<a href=\"http:\/\/www.ekd.de\/\">http:\/\/www.ekd.de\/<\/a>\u00a0; vatikan\u00a0<a href=\"http:\/\/www.vatican.va\/phome_ge.htm\">http:\/\/www.vatican.va\/phome_ge.htm<\/a>\u00a0; ekhn\u00a0<a href=\"http:\/\/www.ekhn.de\/\">http:\/\/www.ekhn.de\/<\/a>\u00a0; Evangelische Allianz\u00a0<a href=\"http:\/\/www.ead.de\/\">http:\/\/www.ead.de\/<\/a><\/p>\n\n\n\n<p>Nachrichten: Pro-Medienmagazin\u00a0<a href=\"http:\/\/www.pro-medienmagazin.de\/\">http:\/\/www.pro-medienmagazin.de\/<\/a>\u00a0und idea\u00a0<a href=\"http:\/\/www.idea.de\/startseite.html\">http:\/\/www.idea.de\/startseite.html<\/a>\u00a0; Katholische Seiten:\u00a0<a href=\"http:\/\/www.kath.net\/\">http:\/\/www.kath.net\/<\/a>\u00a0und\u00a0<a href=\"http:\/\/www.katholisch.de\/startseite\">http:\/\/www.katholisch.de\/startseite<\/a><\/p>\n\n\n\n<p>Christliche Musik (selbst in Suchmaschine eingeben): moderne: Ariel Ramirez: misa criolla; Arvo P\u00e4rt (verschiedene); \u00e4ltere: Johann Sebastian Bach (s. Crashkurs)<\/p>\n\n\n\n<p>Gem\u00e4lde: moderne christliche Kunst: Jacques Gassmann; Ernst Barlach; \u00e4ltere: Rembrandt (s. Crashkurs)<\/p>\n\n\n\n<p>Christenverfolgung: Open Doors\u00a0<a href=\"http:\/\/www.opendoors-de.org\/\">http:\/\/www.opendoors-de.org\/<\/a>\u00a0; IGFM\u00a0<a href=\"http:\/\/www.igfm.de\/\">http:\/\/www.igfm.de\/<\/a>\u00a0; Kirche in Not\u00a0<a href=\"http:\/\/www.kirche-in-not.de\/\">http:\/\/www.kirche-in-not.de\/<\/a><\/p>\n\n\n\n<p>Angebote theologischer Fakult\u00e4ten, z.B. G\u00f6ttingen\u00a0<a href=\"http:\/\/www.uni-goettingen.de\/de\/sh\/19855.html\">http:\/\/www.uni-goettingen.de\/de\/sh\/19855.html<\/a>\u00a0+ Heidelberg\u00a0<a href=\"http:\/\/www.theologie.uni-heidelberg.de\/\">http:\/\/www.theologie.uni-heidelberg.de\/<\/a>\u00a0+ T\u00fcbingen\u00a0<a href=\"http:\/\/www.ev-theologie.uni-tuebingen.de\/\">http:\/\/www.ev-theologie.uni-tuebingen.de\/<\/a><\/p>\n\n\n\n<p>YOUCAT (= katholischer Jugendkatechismus)\u00a0<a href=\"http:\/\/de.youcat.org\/\">http:\/\/de.youcat.org\/<\/a><\/p>\n\n\n\n<p>Evangelische Jugend\u00a0<a href=\"http:\/\/www.evangelische-jugend.de\/\">http:\/\/www.evangelische-jugend.de\/<\/a><\/p>\n\n\n\n<p>SMD (Studentenmission Deutschland)\u00a0<a href=\"http:\/\/www.smd.org\/\">http:\/\/www.smd.org\/<\/a>\u00a0; Campus f\u00fcr Christus\u00a0<a href=\"http:\/\/www.campus-d.de\/\">http:\/\/www.campus-d.de\/<\/a>\u00a0; ESG \u2013 Evangelische Studentengemeinden (s. den jeweiligen Ort)<\/p>\n\n\n\n<p>\u00d6kumenischer Rat\u00a0<a href=\"http:\/\/www.oikoumene.org\/de.html\">http:\/\/www.oikoumene.org\/de.html<\/a>\u00a0 und\u00a0<a href=\"http:\/\/www.oikoumene.org\/de\/nachrichten\/news-management\/a\/ger\/article\/1634\/oerk-und-globethicsnet-s.html\">http:\/\/www.oikoumene.org\/de\/nachrichten\/news-management\/a\/ger\/article\/1634\/oerk-und-globethicsnet-s.html<\/a><\/p>\n\n\n\n<p>Christliche Verlage\u00a0<a href=\"http:\/\/www.christliche-verlage.de\/\">http:\/\/www.christliche-verlage.de\/<\/a><\/p>\n\n\n\n<p>Rundg\u00e4nge in Kirchen: zB. K\u00f6lner Dom\u00a0<a href=\"http:\/\/www.koelner-dom.de\/\">http:\/\/www.koelner-dom.de\/<\/a>\u00a0Frauenkirche Dresden\u00a0<a href=\"http:\/\/www.frauenkirche-dresden.de\/\">http:\/\/www.frauenkirche-dresden.de\/<\/a>\u00a0und der Hamburger Michel (Sankt Michaelis):\u00a0<a href=\"http:\/\/www.st-michaelis.de\/\">http:\/\/www.st-michaelis.de\/<\/a><\/p>\n","protected":false},"excerpt":{"rendered":"<p>GELEBTE KIRCHE Das vielf\u00e4ltige Leben und die Lebendigkeit der christlichen Gemeinde kann man ein wenig im Internet erkennen \u2013 nat\u00fcrlich auch life\/live, wenn man die Augen aufh\u00e4lt. Dazu folgende Tipps:Youtube-Clips analysieren: christliche Lieder und die dazugeh\u00f6rigen Bilder, versuche die Spiritualit\u00e4t zu erfassen. Ein Beispiel:\u00a0\/\/youtube.com\/watch?v=8xc9sWYKvs4 Youtube-Clips: Jesusfilme (Beispiel:\u00a0\/\/youtube.com\/watch?v=3uKy8N-Lz4Y\u00a0[Teil1]) Brot f\u00fcr die [&hellip;]<\/p>\n","protected":false},"author":1,"featured_media":0,"parent":74,"menu_order":0,"comment_status":"closed","ping_status":"closed","template":"","meta":{"footnotes":""},"class_list":["post-658","page","type-page","status-publish","hentry"],"_links":{"self":[{"href":"https:\/\/evangelische-religion.de\/ReligionNeu\/wp-json\/wp\/v2\/pages\/658","targetHints":{"allow":["GET"]}}],"collection":[{"href":"https:\/\/evangelische-religion.de\/ReligionNeu\/wp-json\/wp\/v2\/pages"}],"about":[{"href":"https:\/\/evangelische-religion.de\/ReligionNeu\/wp-json\/wp\/v2\/types\/page"}],"author":[{"embeddable":true,"href":"https:\/\/evangelische-religion.de\/ReligionNeu\/wp-json\/wp\/v2\/users\/1"}],"replies":[{"embeddable":true,"href":"https:\/\/evangelische-religion.de\/ReligionNeu\/wp-json\/wp\/v2\/comments?post=658"}],"version-history":[{"count":4,"href":"https:\/\/evangelische-religion.de\/ReligionNeu\/wp-json\/wp\/v2\/pages\/658\/revisions"}],"predecessor-version":[{"id":1298,"href":"https:\/\/evangelische-religion.de\/ReligionNeu\/wp-json\/wp\/v2\/pages\/658\/revisions\/1298"}],"up":[{"embeddable":true,"href":"https:\/\/evangelische-religion.de\/ReligionNeu\/wp-json\/wp\/v2\/pages\/74"}],"wp:attachment":[{"href":"https:\/\/evangelische-religion.de\/ReligionNeu\/wp-json\/wp\/v2\/media?parent=658"}],"curies":[{"name":"wp","href":"https:\/\/api.w.org\/{rel}","templated":true}]}}