{"id":651,"date":"2019-07-02T11:30:02","date_gmt":"2019-07-02T09:30:02","guid":{"rendered":"https:\/\/evangelische-religion.de\/ReligionNeu\/?page_id=651"},"modified":"2021-03-05T21:37:41","modified_gmt":"2021-03-05T20:37:41","slug":"kommunikation-und-kunst","status":"publish","type":"page","link":"https:\/\/evangelische-religion.de\/ReligionNeu\/film-musik\/kommunikation-und-kunst\/","title":{"rendered":"Kommunikation und Kunst"},"content":{"rendered":"\n<p class=\"has-text-align-center has-medium-font-size\">KOMMUNIKATION UND KUNST<\/p>\n\n\n\n<p>Bislang wurde das Schwergewicht auf die kommunikative Bedeutung von Texten gelegt. Aber auch Gem\u00e4lde \/ Fotos versuchen zu kommunizieren und dabei Regeln einzuhalten, die sich im Laufe der Jahrhunderte herausgebildet haben.<\/p>\n\n\n\n<p>Kirche und Kunst \u2013 sie geh\u00f6ren zusammen \u2013 zumindest \u00fcber Jahrhunderte hinweg.<\/p>\n\n\n\n<p>1. Bei allem, was im folgenden Abschnitt gesagt wird, muss beachtet werden, dass die einzelnen Teile des Werkes die Interpretation des Gesamtwerkes bestimmen bzw. den Eindruck, den das Gesamtwerk hinterl\u00e4sst, beeinflussen \u2013 aber auch andersherum: Das Gesamtwerk bestimmt die Interpretation der einzelnen Teile bzw. bestimmt den Eindruck, den die Komposition der einzelnen Teile hinterl\u00e4sst.Das Thema. Die Grundlage: Ein K\u00fcnstler versucht Menschen mit seinem Kunstwerk, seinem Thema zu ber\u00fchren, beeinflussen, ihnen damit etwas zu sagen \u2013 und sei es, sein Gef\u00fchl mitteilen. Daf\u00fcr lohnt es sich vielfach, sich mit der Psyche des Menschen zu besch\u00e4ftigen<\/p>\n\n\n\n<p>2. Das Thema bestimmt die Formalia \u2013 auch wenn es sie nicht zwangsl\u00e4ufig vorgibt, denn man kann das Thema auch unerwartet umsetzen. Zu den kommunikativen Formalia geh\u00f6ren zum Beispiel:<\/p>\n\n\n\n<p>Bildformat (z.B. klein-gro\u00df; quer)<\/p>\n\n\n\n<p>Kompositionslinien und Kompositionsfiguren<\/p>\n\n\n\n<p>Richtung (z.B. Diagonale von links unten nach rechts oben)<\/p>\n\n\n\n<p>Figuren (z.B. Komposition der dargestellten Gegenst\u00e4nde\/Personen in Dreiecke)<\/p>\n\n\n\n<p>Fl\u00e4chen (z.B. begrenzt, verschwommen)<\/p>\n\n\n\n<p>Zentrum\/Zentren<\/p>\n\n\n\n<p>Farbigkeit (z.B. hell-dunkel)<\/p>\n\n\n\n<p>3. Auch die technische Umsetzung des Themas hat kommunikative Bedeutung:<\/p>\n\n\n\n<p>Farb-Materialien (z.B. \u00d6l)<\/p>\n\n\n\n<p>Farbauftrag (z.B. wie mit dem Pinsel die Farbe aufgetragen wird, bestimmt den Eindruck des Bildes)<\/p>\n\n\n\n<p>Rahmen<\/p>\n\n\n\n<p>Zu dem Thema Ikonographie siehe:<\/p>\n\n\n\n<figure class=\"wp-block-embed is-type-video is-provider-youtube wp-block-embed-youtube wp-embed-aspect-16-9 wp-has-aspect-ratio\"><div class=\"wp-block-embed__wrapper\">\n<iframe loading=\"lazy\" title=\"Ikonografie \/\/ Einf\u00fchrung in die Methoden der Kunstwissenschaft\" width=\"750\" height=\"422\" src=\"https:\/\/www.youtube.com\/embed\/1t7Wj2cSxdc?feature=oembed\" frameborder=\"0\" allow=\"accelerometer; autoplay; clipboard-write; encrypted-media; gyroscope; picture-in-picture\" allowfullscreen><\/iframe>\n<\/div><\/figure>\n\n\n\n<figure class=\"wp-block-embed is-type-video is-provider-youtube wp-block-embed-youtube wp-embed-aspect-16-9 wp-has-aspect-ratio\"><div class=\"wp-block-embed__wrapper\">\n<iframe loading=\"lazy\" title=\"Ikonologie \/\/ Einf\u00fchrung in die Methoden der Kunstwissenschaft\" width=\"750\" height=\"422\" src=\"https:\/\/www.youtube.com\/embed\/0B5nfePFmuk?feature=oembed\" frameborder=\"0\" allow=\"accelerometer; autoplay; clipboard-write; encrypted-media; gyroscope; picture-in-picture\" allowfullscreen><\/iframe>\n<\/div><\/figure>\n\n\n\n<p>Englisch:<\/p>\n\n\n\n<figure class=\"wp-block-embed is-type-video is-provider-youtube wp-block-embed-youtube wp-embed-aspect-16-9 wp-has-aspect-ratio\"><div class=\"wp-block-embed__wrapper\">\n<iframe loading=\"lazy\" title=\"A History of Iconography\" width=\"750\" height=\"422\" src=\"https:\/\/www.youtube.com\/embed\/CR6hCtKpUBg?feature=oembed\" frameborder=\"0\" allow=\"accelerometer; autoplay; clipboard-write; encrypted-media; gyroscope; picture-in-picture\" allowfullscreen><\/iframe>\n<\/div><\/figure>\n","protected":false},"excerpt":{"rendered":"<p>KOMMUNIKATION UND KUNST Bislang wurde das Schwergewicht auf die kommunikative Bedeutung von Texten gelegt. Aber auch Gem\u00e4lde \/ Fotos versuchen zu kommunizieren und dabei Regeln einzuhalten, die sich im Laufe der Jahrhunderte herausgebildet haben. Kirche und Kunst \u2013 sie geh\u00f6ren zusammen \u2013 zumindest \u00fcber Jahrhunderte hinweg. 1. Bei allem, was [&hellip;]<\/p>\n","protected":false},"author":1,"featured_media":0,"parent":619,"menu_order":0,"comment_status":"closed","ping_status":"closed","template":"","meta":{"footnotes":""},"class_list":["post-651","page","type-page","status-publish","hentry"],"_links":{"self":[{"href":"https:\/\/evangelische-religion.de\/ReligionNeu\/wp-json\/wp\/v2\/pages\/651","targetHints":{"allow":["GET"]}}],"collection":[{"href":"https:\/\/evangelische-religion.de\/ReligionNeu\/wp-json\/wp\/v2\/pages"}],"about":[{"href":"https:\/\/evangelische-religion.de\/ReligionNeu\/wp-json\/wp\/v2\/types\/page"}],"author":[{"embeddable":true,"href":"https:\/\/evangelische-religion.de\/ReligionNeu\/wp-json\/wp\/v2\/users\/1"}],"replies":[{"embeddable":true,"href":"https:\/\/evangelische-religion.de\/ReligionNeu\/wp-json\/wp\/v2\/comments?post=651"}],"version-history":[{"count":3,"href":"https:\/\/evangelische-religion.de\/ReligionNeu\/wp-json\/wp\/v2\/pages\/651\/revisions"}],"predecessor-version":[{"id":2542,"href":"https:\/\/evangelische-religion.de\/ReligionNeu\/wp-json\/wp\/v2\/pages\/651\/revisions\/2542"}],"up":[{"embeddable":true,"href":"https:\/\/evangelische-religion.de\/ReligionNeu\/wp-json\/wp\/v2\/pages\/619"}],"wp:attachment":[{"href":"https:\/\/evangelische-religion.de\/ReligionNeu\/wp-json\/wp\/v2\/media?parent=651"}],"curies":[{"name":"wp","href":"https:\/\/api.w.org\/{rel}","templated":true}]}}