{"id":648,"date":"2019-07-02T11:27:52","date_gmt":"2019-07-02T09:27:52","guid":{"rendered":"https:\/\/evangelische-religion.de\/ReligionNeu\/?page_id=648"},"modified":"2019-09-18T21:24:37","modified_gmt":"2019-09-18T19:24:37","slug":"werbung","status":"publish","type":"page","link":"https:\/\/evangelische-religion.de\/ReligionNeu\/film-musik\/werbung\/","title":{"rendered":"Werbung"},"content":{"rendered":"\n<p style=\"text-align:center\" class=\"has-text-color has-medium-font-size has-accent-color\">RELIGION in der WERBUNG<\/p>\n\n\n\n<p class=\"has-text-color has-black-color\">Werbung dient dem Image der Firma, die ihr Produkt anpreist. Und im Rahmen dieser Image-Werbung sind bekanntlich diese vier Punkte zu ber\u00fccksichtigen:<\/p>\n\n\n\n<p class=\"has-text-color has-accent-color\">A \u2013 Attention\/Aufmerksamkeit<br>I \u2013 Interest \/ Interesse<br>D \u2013 Desire \/ Wunsch wecken<br>A \u2013 Action \/ Kauf<\/p>\n\n\n\n<p style=\"color:#17a300;text-align:center\" class=\"has-text-color\"><strong>Bedeutung religi\u00f6ser Themen in der Werbung<\/strong><\/p>\n\n\n\n<p class=\"has-text-color has-black-color\">Religi\u00f6se Themen dienen dazu, Aufmerksamkeit zu wecken \u2013 ist aber auch mit dem \u201eD\u201c zu verbinden: dem Wunsch zu kaufen, weil man mit dem Produkt noch mehr kauft, als das Produkt.<\/p>\n\n\n\n<p class=\"has-text-color has-black-color\">Man soll sich in der Erinnerung zu Hause f\u00fchlen (1. Klasse: Sch\u00f6pfungsgeschichten, Weihnachten\u2026),<\/p>\n\n\n\n<p class=\"has-text-color has-black-color\">auf Bekanntes wird zur\u00fcckgegriffen, auch wenn es im Unterbewussten schlummert,<\/p>\n\n\n\n<p class=\"has-text-color has-black-color\">es soll dem Produkt einen seri\u00f6sen Touch geben und bekommt spirituellen Mehrwert, das hei\u00dft: das Produkt wird religi\u00f6s\/emotional \u00fcberh\u00f6ht.<\/p>\n\n\n\n<p class=\"has-text-color has-black-color\">Religion vermittelt Sinn des Lebens \u2013 das Produkt \u00fcbernimmt die Sinnvermittlung,<\/p>\n\n\n\n<p class=\"has-text-color has-black-color\">Zudem werden Bilder, die die Religion verwendet, von der Werbung aufgenommen und durch das Produkt ersetzt.<\/p>\n\n\n\n<p class=\"has-text-color has-black-color\">Wie die allt\u00e4gliche Lebenswelt verfremdet wird, so auch die Religion. Die M\u00e4nner und Frauen in der Werbung entsprechen nicht der Realit\u00e4t, sind Photoshop-Figuren.<\/p>\n\n\n\n<p class=\"has-text-color has-black-color\">Um dieses zu erreichen, wird nicht nur die Religion aufgegriffen, die im Hintergrund der Kultur noch vorhanden ist, das betrifft auch andere Sehns\u00fcchte, Erwartungen, Hoffnungen der Gesellschaft. So greift die Werbung die Sehnsucht nach Freiheit auf \u2013 indem sie diese im Grunde mit Zigaretten bzw. einem Cabrio verbindet. Die Sehnsucht wird kanalisiert. Sexuelle Sehns\u00fcchte werden auf das jeweilige Produkt gerichtet.<\/p>\n\n\n\n<p class=\"has-text-color has-black-color\">Freilich kann die Werbung Religion auch kritisch aufgreifen, also so, dass religi\u00f6se Traditionen verfremdet werden, das Kind in der Krippe wird zu einem Telefon in der Krippe usw. Das bedeutet, dass kirchenkritisch eingestellte Menschen das Gef\u00fchl bekommen sollen: Diese Firma ist mutig, sie kritisiert die Kirchen, den Glauben \u00fcber die Schmerzgrenze hinaus (die J\u00fcnger werden beim letzten Abendmahl durch Frauen mit entbl\u00f6\u00dftem Oberk\u00f6rper ersetzt, die Pieta von zwei Frauen, die f\u00fcr Unterw\u00e4sche werben\u2026).<\/p>\n\n\n\n<p style=\"color:#a30003;text-align:center\" class=\"has-text-color\"><strong>Aufgabe: \u00dcberlege: Ist es positiv oder negativ, wenn Religion in der Werbung verwendet wird?<\/strong><\/p>\n\n\n\n<p class=\"has-text-color has-black-color\">Ein paar Gedanken: <\/p>\n\n\n\n<p class=\"has-text-color has-black-color\">Positiv:<\/p>\n\n\n\n<ul class=\"wp-block-list\"><li>Religion bzw. bestimmte Aspekte der Religion bleiben im Gespr\u00e4ch.<\/li><li>Religion wird nicht in die Nische der Kirche oder der vier W\u00e4nde verdr\u00e4ngt.<\/li><li>&#8230;<\/li><\/ul>\n\n\n\n<p>Negativ:<\/p>\n\n\n\n<ul class=\"wp-block-list\"><li>Religion wird verfremdet, das religi\u00f6se Bild wird durch ein Produkt ersetzt. Wer betet: Unser t\u00e4gliches Brot gib uns heute \u2013 denkt dann nicht mehr an Gott, dem man sich vertrauensvoll zuwendet, sondern an die Butter der Firma XY.<\/li><li>Das Produkt wird dadurch gro\u00df, dass die Religion klein gemacht wird.<\/li><li>&#8230;<\/li><\/ul>\n\n\n\n<p style=\"color:#00a311;text-align:center\" class=\"has-text-color\"><strong>Aufgaben der Religion mit Blick auf Werbung<\/strong><\/p>\n\n\n\n<p class=\"has-text-color has-black-color\">Sie hat die Aufgabe, die Realit\u00e4t zu betonen und nicht die Verfremdung zu unterst\u00fctzen.<\/p>\n\n\n\n<p class=\"has-text-color has-black-color\">Sie muss betonen, dass die Sehns\u00fcchte nicht zu kaufen sind, sie sind Geschenk Gottes.<\/p>\n\n\n\n<p class=\"has-text-color has-black-color\">Religion muss die falschen Bilder der Werbung korrigieren \u2013 was jedoch kaum m\u00f6glich ist, da die Werbung mehr Menschen anspricht, als die Religion. Andererseits: Die jeweilige Werbung ist eine Eintagsfliege. Die Tradition \u00fcberblendet im Laufe der Zeit das jeweilige Bild.<\/p>\n\n\n\n<p class=\"has-text-color has-black-color\">Skandalisierungen sind nicht angemessen, weil das erw\u00fcnscht ist und sich dadurch die Werbung bzw. das Produkt st\u00e4rker im Kopf festsetzt.<\/p>\n\n\n\n<p class=\"has-text-color has-black-color\">Religion muss die Werbung beobachten, weil durch sie erkennbar wird, was Menschen noch an religi\u00f6sen Traditionen im Bewusstsein haben bzw. im Unterbewussten schlummert, denn sonst w\u00fcrden die Werbemacher dieses Motiv nicht aufnehmen. Was f\u00fcr einen Ankn\u00fcpfungspunkt, um das Evangelium zu verk\u00fcndigen bietet die Werbung?<\/p>\n\n\n\n<p>*<\/p>\n\n\n\n<p style=\"color:#a36c00\" class=\"has-text-color\">S. auch:&nbsp;<a href=\"http:\/\/www.antjeschrupp.de\/werbung\">http:\/\/www.antjeschrupp.de\/werbung<\/a>&nbsp;und&nbsp;<a href=\"https:\/\/www.amertin.de\/aufsatz\/1996\/werbung.htm\">https:\/\/www.amertin.de\/aufsatz\/1996\/werbung.htm<\/a>&nbsp; Zu diesem Thema Religion in der Werbung gibt es eine F\u00fclle an Internetdarlegungen. Bilder \u00fcber Google: <em>Bilder zur Religion in der Werbung<\/em>. Diese Seite, von der im oben genannten Beitrag ein paar Gedanken \u00fcbernommen wurden, ist im Augenblick vom Netz genommen: glauben und kaufen.<\/p>\n\n\n\n<p> Ein paar Clips:  <a href=\"https:\/\/www.youtube.com\/watch?v=THOWuOXA-EM&amp;list=PLKWZ6wKO0RmJwPyo-5AwbF-3i8jUYD_op\">https:\/\/www.youtube.com\/watch?v=THOWuOXA-EM&amp;list=PLKWZ6wKO0RmJwPyo-5AwbF-3i8jUYD_op<\/a> Noch einmal Axe:  <a href=\"https:\/\/www.youtube.com\/watch?v=9bGQMKYw4SM&amp;list=PLKWZ6wKO0RmJwPyo-5AwbF-3i8jUYD_op&amp;index=2\">https:\/\/www.youtube.com\/watch?v=9bGQMKYw4SM&amp;list=PLKWZ6wKO0RmJwPyo-5AwbF-3i8jUYD_op&amp;index=2<\/a>  Zu diesen Clips kann man auch das Thema Sexismus behandeln. Zu Diskussionen regt sicher auch dieser Clip an:  <a href=\"https:\/\/www.youtube.com\/watch?v=DDE-Ajo2JV4\">https:\/\/www.youtube.com\/watch?v=DDE-Ajo2JV4<\/a>  <\/p>\n\n\n\n<p>Weitere:  <a href=\"https:\/\/www.youtube.com\/watch?v=sVoA4sT5W3M&amp;list=PL5Lho4LzwBdLko4Ge4Q2AwabqgiHIcmTf&amp;index=5\">https:\/\/www.youtube.com\/watch?v=sVoA4sT5W3M&amp;list=PL5Lho4LzwBdLko4Ge4Q2AwabqgiHIcmTf&amp;index=5<\/a>  und  <a href=\"https:\/\/www.youtube.com\/watch?v=sVoA4sT5W3M&amp;list=PL5Lho4LzwBdLko4Ge4Q2AwabqgiHIcmTf&amp;index=5\">https:\/\/www.youtube.com\/watch?v=sVoA4sT5W3M&amp;list=PL5Lho4LzwBdLko4Ge4Q2AwabqgiHIcmTf&amp;index=5<\/a> und:  <a href=\"https:\/\/www.youtube.com\/watch?v=mWwWXt8C3co&amp;list=PL5Lho4LzwBdLko4Ge4Q2AwabqgiHIcmTf\">https:\/\/www.youtube.com\/watch?v=mWwWXt8C3co&amp;list=PL5Lho4LzwBdLko4Ge4Q2AwabqgiHIcmTf<\/a> <\/p>\n\n\n\n<p>Siehe auch die interessanten Aspekte:  <a href=\"https:\/\/axelkolaschnik.wordpress.com\/mit-studenten\/glaube-liebe-design-%E2%80%93-der-gestalter-als-markenweltschopfer\/\">https:\/\/axelkolaschnik.wordpress.com\/mit-studenten\/glaube-liebe-design-\u2013-der-gestalter-als-markenweltschopfer\/<\/a>  &#8211; dort den angegebenen Link anklicken &#8211; und auf Seite 44ff. gehen (Villeroi&amp;Boch). <\/p>\n","protected":false},"excerpt":{"rendered":"<p>RELIGION in der WERBUNG Werbung dient dem Image der Firma, die ihr Produkt anpreist. Und im Rahmen dieser Image-Werbung sind bekanntlich diese vier Punkte zu ber\u00fccksichtigen: A \u2013 Attention\/AufmerksamkeitI \u2013 Interest \/ InteresseD \u2013 Desire \/ Wunsch weckenA \u2013 Action \/ Kauf Bedeutung religi\u00f6ser Themen in der Werbung Religi\u00f6se Themen [&hellip;]<\/p>\n","protected":false},"author":1,"featured_media":0,"parent":619,"menu_order":0,"comment_status":"closed","ping_status":"closed","template":"","meta":{"footnotes":""},"class_list":["post-648","page","type-page","status-publish","hentry"],"_links":{"self":[{"href":"https:\/\/evangelische-religion.de\/ReligionNeu\/wp-json\/wp\/v2\/pages\/648","targetHints":{"allow":["GET"]}}],"collection":[{"href":"https:\/\/evangelische-religion.de\/ReligionNeu\/wp-json\/wp\/v2\/pages"}],"about":[{"href":"https:\/\/evangelische-religion.de\/ReligionNeu\/wp-json\/wp\/v2\/types\/page"}],"author":[{"embeddable":true,"href":"https:\/\/evangelische-religion.de\/ReligionNeu\/wp-json\/wp\/v2\/users\/1"}],"replies":[{"embeddable":true,"href":"https:\/\/evangelische-religion.de\/ReligionNeu\/wp-json\/wp\/v2\/comments?post=648"}],"version-history":[{"count":10,"href":"https:\/\/evangelische-religion.de\/ReligionNeu\/wp-json\/wp\/v2\/pages\/648\/revisions"}],"predecessor-version":[{"id":1887,"href":"https:\/\/evangelische-religion.de\/ReligionNeu\/wp-json\/wp\/v2\/pages\/648\/revisions\/1887"}],"up":[{"embeddable":true,"href":"https:\/\/evangelische-religion.de\/ReligionNeu\/wp-json\/wp\/v2\/pages\/619"}],"wp:attachment":[{"href":"https:\/\/evangelische-religion.de\/ReligionNeu\/wp-json\/wp\/v2\/media?parent=648"}],"curies":[{"name":"wp","href":"https:\/\/api.w.org\/{rel}","templated":true}]}}