{"id":638,"date":"2019-07-02T11:18:08","date_gmt":"2019-07-02T09:18:08","guid":{"rendered":"https:\/\/evangelische-religion.de\/ReligionNeu\/?page_id=638"},"modified":"2019-08-18T17:16:12","modified_gmt":"2019-08-18T15:16:12","slug":"geschichtsdaten","status":"publish","type":"page","link":"https:\/\/evangelische-religion.de\/ReligionNeu\/kirche\/geschichtsdaten\/","title":{"rendered":"Geschichtsdaten"},"content":{"rendered":"\n<p style=\"text-align:center\" class=\"has-medium-font-size\">KIRCHENGESCHICHTE IN DER NEUZEIT<\/p>\n\n\n\n<p>Ein paar politische Daten \u2013 vor allem mit Blick auf Deutschland (mit Betonung der Kommunikation\/Medien: s.\u00a0<a href=\"https:\/\/evangelische-religion.de\/ReligionNeu\/film-musik\/kirche-und-medien\/\">https:\/\/evangelische-religion.de\/ReligionNeu\/film-musik\/kirche-und-medien\/<\/a>\u00a0)<\/p>\n\n\n\n<p style=\"text-align:center\"><strong>16. Jahrhundert: Beginn der Emanzipation von der r\u00f6misch-katholischen Kirche.<\/strong><\/p>\n\n\n\n<ul class=\"wp-block-list\"><li>1500: Entdeckung Brasiliens; 1530: Eroberung des Inka-Reichs \u2192 Missionierungen.<\/li><li>1517: Beginn der Reformation \u2013 Martin Luthers \u201eThesenanschlag\u201c \u2192 Lutherische Kirche.<\/li><li>1518: Der erste Schwarzafrikaner wurde 1518 im Kongo zum Bischof geweiht (das Christentum wurde dort jedoch wieder bis ins 19. Jahrhundert zur\u00fcckgedr\u00e4ngt).<\/li><li>1521: \u00c4chtung Luthers durch den Kaiser \u2013 dennoch treten Staaten f\u00fcr Luther ein \u2192 Nationenbildung wird verst\u00e4rkt.<\/li><li>1529 + 1532: T\u00fcrken belagern Wien + R\u00fcckzug; 1532 war man besser auf den Angriff vorbereitet: christliche Truppen aus allen Teilen Europas verteidigten Wien.<\/li><li>1530: Letzte Kaiserkr\u00f6nung durch einen Papst.<\/li><li>1534: Anglikanische Kirche entsteht: Heinrich VIII. bricht wegen seiner Ehew\u00fcnsche mit Rom.<\/li><li>1535: Zwingli\/Calvin \u2192 Reformierte Kirche (vor allem Schweiz + Niederlande)<\/li><li>1539: Jesuitenorden gegr\u00fcndet (Ignatius von Loyola): bis hin nach Asien sehr einflussreich auch in politischer T\u00e4tigkeit.<\/li><li>1545-1563: Konzil von Trient: Bruch mit dem Protestantismus, Erneuerungen in der katholischen Kirche.<\/li><li>1555: Augsburger Religionsfriede (cuius regio, eius religio): ein wichtiger Schritt auf dem Weg zur Glaubensfreiheit; Glaube ist zwar \u2013 wie in der Zeit germanischer St\u00e4mme \u2013 noch abh\u00e4ngig vom jeweiligen Herrscher, aber nicht mehr von einer politisch-religi\u00f6sen Zentrale.<\/li><li>1563: Beginn der Gegenreformation: Versuch der r\u00f6misch-katholischen Kirche, alte Machtverh\u00e4ltnisse wieder herzustellen.<\/li><li>1572: Bartholom\u00e4us-Nacht: Spannung zwischen Hugenotten \/ Calvinisten und Katholiken entladen sich in Frankreich auf \u00e4u\u00dferst brutale Weise durch einen \u00dcberfall auf wehrlose Protestanten \u2013 wahrscheinlich angestachelt durch die Mutter des K\u00f6nigs: Katharina von Medici, die den Einfluss eines Hugenotten-Generals auf den jungen K\u00f6nig verhindern wollte. Get\u00f6tet wurden bis zu 15.000 M\u00e4nner, Frauen, Kinder. Papst Gregor XIII. zeigte danach seine ganze Unmenschlichkeit.<\/li><\/ul>\n\n\n\n<p style=\"text-align:center\"><strong>17. Jahrhundert: Auseinandersetzungen<\/strong><\/p>\n\n\n\n<ul class=\"wp-block-list\"><li>1608-1609: Milit\u00e4rische Unionen protestantischer M\u00e4chte und katholischer M\u00e4chte.<\/li><li>1613-1626: Ermordung der Christen in Japan &#8211; weitgehend Ausrottung des Christentums.<\/li><li>1618-1648: 30j\u00e4hriger Krieg (Zerst\u00f6rung \u2013 Ver-Heer-ung \u2013 gro\u00dfer Teile Mitteleuropas; 6 Millionen Tote?) (zum Teil jedoch auch B\u00fcndnis von Protestanten + Katholiken gegen andere B\u00fcndnisse von Protestanten + Katholiken).<\/li><li>1620: Puritaner wandern nach Amerika aus.<\/li><li>1640: erste Baptistische Gemeinden in den USA\/England; das bedeutet: Einzelne Menschen stehen wieder zu ihrem Glauben und ordnen sich nicht mehr glaubensm\u00e4\u00dfig den jeweiligen Herrschern unter.<\/li><li>1648: Westf\u00e4lischer Friede: 30j\u00e4hriger Krieg wird beendet; Religionswechsel soll geduldet werden.<\/li><li>1649: Das puritanische Parlament schaffte in England die Monarchie ab \u2013 Cromwell f\u00f6rderte die Demokratie (erste geschriebene Verfassung und begr\u00fcndete den Commonwealth), war selbst aber zum Teil brutal und diktatorisch, vor allem im katholischen Irland und gegen Katholiken. (Vorangegangen war ein lange schwelender Konflikt, der bis in die Mitte des 16. Jahrhunderts zur\u00fcckreichte {Versuch durch K\u00f6nigin Mary [Bloody Mary] den Katholizismus durchzusetzen, wie auch durch den Angriff der katholischen spanischen Armada 1588 gegen Elisabeth I., die den Protestantismus durchsetzte; der Angriff war schon eine Art Kreuzzug \u2013 allerdings ging es auch um gesellschaftliche Konzepte: Feudalismus gegen aufkommendes B\u00fcrgertum}).<\/li><li>1675: Philipp Jacob Spener: Betonung der Eigenverantwortung des Christen in Glaubensfragen; man soll sich nicht auf Priester \/ Pfarrer berufen, man ist selbst verantwortlich vor Gott \u2192 Bibel-Laienbewegung. Diese Bewegung des \u201ePietismus\u201c f\u00fchrte zu zahlreichen sozialen T\u00e4tigkeiten: Glauben hei\u00dft, gute Werke zu tun (z.B. August Hermann Francke; Wichern \u201es. Diakonie\u201c).<\/li><li>1683: 2. T\u00fcrkenbelagerung von Wien \u2013 Zur\u00fcckschlagung der Belagerung durch gemeinsame Anstrengungen der christlichen, europ\u00e4ischer Staaten. Weite Zur\u00fcckdr\u00e4ngung der Angreifer. Kirchen (orthodoxe und katholische) konnten wieder in S\u00fcdosteuropa Fu\u00df fassen. Der Islam war keine Bedrohung mehr.<\/li><\/ul>\n\n\n\n<p style=\"text-align:center\"><strong>18. Jahrhundert: Individualisierung + Emanzipation von Kirche <\/strong><\/p>\n\n\n\n<ul class=\"wp-block-list\"><li>Was im 16. und 17. Jahrhundert begann, wurde verst\u00e4rkt weitergef\u00fchrt:<\/li><li>Ca. 1740: Wesley: Erweckungsbewegung in Gro\u00dfbritannien \u2192 Methodisten. Erweckungsbewegungen bedeuten immer auch Emanzipation des glaubenden Menschen von Vorgaben der politischen und religi\u00f6sen Institutionen.<\/li><li>Zweite H\u00e4lfte des 18. Jahrhunderts: Aufkl\u00e4rung (Voltaire, Kant): Kritik an Kirche und ihrer Verflechtung mit der Politik, Rationalisierung des Glaubens.<\/li><li>1789-1799 Franz\u00f6sische Revolution, Ziel: Abschaffung des Christentums; Papst wurde abgesetzt. Massive Christenverfolgung. \u00dcber 50.000 Tote.<\/li><\/ul>\n\n\n\n<p style=\"text-align:center\"><strong>19. Jahrhundert: Ersatz f\u00fcr Kirchen: aufkommende Ideologien<\/strong><\/p>\n\n\n\n<ul class=\"wp-block-list\"><li>1841: Ludwig Feuerbach: Nicht Gott schuf den Menschen, sondern der Mensch schuf sich Gott.<\/li><li>1842: Karl Marx\/Friedrich Engels \u2013 Soziale Missst\u00e4nde wurden angeprangert. Da Kirchen daran beteiligt waren bzw. nur wenig dagegen unternommen haben, l\u00f6sten sich benachteiligte Schichten durch Kommunismus\/Sozialismus von Kirchen. Nicht mehr die Kirche stand im Fokus der Kritik, sondern (wie bei Feuerbach) der Glaube selbst.<\/li><li>1848: Beginn der intensiven sozialen T\u00e4tigkeit der evangelischen Kirche durch Gr\u00fcndung der \u201eInneren Mission\u201c = Diakonie (Johann Hinrich Wichern).<\/li><li>1848: Charles Darwin (Evolutionstheorie): Nicht Gott schuf den Menschen, sondern er ist Folge einer langen geschichtlichen Entwicklung der Lebewesen.<\/li><li>1871-1878: Kulturkampf in Deutschland\/Preu\u00dfen: Katholische Kirche = feindliche Macht; Bismarck lenkte ein, als er sah, dass die Katholiken zusammenr\u00fcckten: Katholische Zentrumspartei bekam immer gr\u00f6\u00dfere politische Bedeutung.<\/li><li>1894-1909\/1933: Massaker an den christlichen Armeniern und Aram\u00e4ern durch Osmanen (um 2 Millionen Tote durch den Genozid).<\/li><\/ul>\n\n\n\n<p style=\"text-align:center\"><strong>20. Jahrhundert: Befreiung der Kirchen von ihrer Macht \u00fcber Staaten und Verfolgungen durch Ideologien<\/strong> <strong>und: Trennung von Kirche und Staat \u2013 neue internationale Perspektive der Kirchen<\/strong><\/p>\n\n\n\n<ul class=\"wp-block-list\"><li>1900: Boxeraufstand in China: 10.000e von Christen wurden ermordet.<\/li><li>Beginn des 20. Jahrhunderts: Entstehung der Pfingstbewegung: Betonung des Heiligen Geistes.<\/li><li>1914-1918: Erster Weltkrieg; Abdankung des Kaisers \u2013 dem Chef der Protestantischen Kirche. Das f\u00fchrte zu einer Neuorientierung der Evangelischen Kirche in Deutschland.<\/li><li>1917: Oktoberrevolution in Russland: Massive Christenverfolgung durch Kommunisten. Durch Lenins \u201eRoter Terror\u201c \u2013 der nicht allein Christen betraf \u2013 bis zu 1 Million Tote; sp\u00e4ter allein durch Stalin \u00fcber 3 Millionen Tote. Der Kommunismus sah sich als Atheismus an.<\/li><li>1932-1937: Massive Christenverfolgung in Spanien durch  Kommunisten, sp\u00e4ter Verfolgung von Kommunisten durch Faschisten..<\/li><li>1933-1945: Herrschaft des Nationalsozialismus (Hitler) (\u00fcber 7 Millionen Tote \u2013 allein in KZ). Weitere Tote bis 70 Millionen.<\/li><li>1945: Gr\u00fcndung der Evangelischen Kirche in Deutschland (EKD): Gemeinschaft lutherischer, reformierter und unierter Kirchen in Deutschland.<\/li><li>1948: Gr\u00fcndung des \u00d6kumenischen Rates der Kirchen (\u00d6RK): Weltkirchenrat: protestantische Kirchen aller Welt wollen zusammenarbeiten + Orthodoxe Kirchen.<\/li><li>1962-1965: 2. Vatikanisches Konzil: \u00d6ffnung der r\u00f6misch-katholischen Kirche.<\/li><li>1966: Mao setzte in China den Kommunismus durch: zahllose Christen fielen dieser Ideologie zum Opfer (vermutlich hat die Politik \u00fcber 45 Millionen Menschen das Leben gekostet).<\/li><li>1973: Leuenberger Konkordie: Protestantische Kirchen (Lutheraner, Reformierte \u2192 Altar- und Kanzelgemeinschaft)<\/li><li>1989: Durch den Zerfall der kommunistischen Staaten gibt es wieder freiere Beziehungen der Kirchen von Ost und West. Neue Entfaltungsm\u00f6glichkeiten der Kirchen Osteuropas.<\/li><li>2000: Papst Johannes Paul II. bittet um Vergebung f\u00fcr alle im Namen der Kirche begangenen Untaten.<\/li><\/ul>\n\n\n\n<p style=\"color:#a38400\" class=\"has-text-color\">Literatur: Harmjan Dam: Kirchengeschichte im Religionsunterricht. Basiswissen und Bausteine f\u00fcr die Klassen 5-10, Vandenhoeck&amp;Ruprecht, G\u00f6ttingen 2010 (Die oben vorgelegten Daten wurden unabh\u00e4ngig von diesem Werk zusammengestellt. Manches \u00fcberschneidet sich freilich, manches legt unterschiedliche Schwerpunkte.)<\/p>\n","protected":false},"excerpt":{"rendered":"<p>KIRCHENGESCHICHTE IN DER NEUZEIT Ein paar politische Daten \u2013 vor allem mit Blick auf Deutschland (mit Betonung der Kommunikation\/Medien: s.\u00a0https:\/\/evangelische-religion.de\/ReligionNeu\/film-musik\/kirche-und-medien\/\u00a0) 16. Jahrhundert: Beginn der Emanzipation von der r\u00f6misch-katholischen Kirche. 1500: Entdeckung Brasiliens; 1530: Eroberung des Inka-Reichs \u2192 Missionierungen. 1517: Beginn der Reformation \u2013 Martin Luthers \u201eThesenanschlag\u201c \u2192 Lutherische Kirche. 1518: [&hellip;]<\/p>\n","protected":false},"author":1,"featured_media":0,"parent":74,"menu_order":0,"comment_status":"closed","ping_status":"closed","template":"","meta":{"footnotes":""},"class_list":["post-638","page","type-page","status-publish","hentry"],"_links":{"self":[{"href":"https:\/\/evangelische-religion.de\/ReligionNeu\/wp-json\/wp\/v2\/pages\/638","targetHints":{"allow":["GET"]}}],"collection":[{"href":"https:\/\/evangelische-religion.de\/ReligionNeu\/wp-json\/wp\/v2\/pages"}],"about":[{"href":"https:\/\/evangelische-religion.de\/ReligionNeu\/wp-json\/wp\/v2\/types\/page"}],"author":[{"embeddable":true,"href":"https:\/\/evangelische-religion.de\/ReligionNeu\/wp-json\/wp\/v2\/users\/1"}],"replies":[{"embeddable":true,"href":"https:\/\/evangelische-religion.de\/ReligionNeu\/wp-json\/wp\/v2\/comments?post=638"}],"version-history":[{"count":3,"href":"https:\/\/evangelische-religion.de\/ReligionNeu\/wp-json\/wp\/v2\/pages\/638\/revisions"}],"predecessor-version":[{"id":1665,"href":"https:\/\/evangelische-religion.de\/ReligionNeu\/wp-json\/wp\/v2\/pages\/638\/revisions\/1665"}],"up":[{"embeddable":true,"href":"https:\/\/evangelische-religion.de\/ReligionNeu\/wp-json\/wp\/v2\/pages\/74"}],"wp:attachment":[{"href":"https:\/\/evangelische-religion.de\/ReligionNeu\/wp-json\/wp\/v2\/media?parent=638"}],"curies":[{"name":"wp","href":"https:\/\/api.w.org\/{rel}","templated":true}]}}