{"id":603,"date":"2019-07-02T10:47:59","date_gmt":"2019-07-02T08:47:59","guid":{"rendered":"https:\/\/evangelische-religion.de\/ReligionNeu\/?page_id=603"},"modified":"2019-07-30T18:17:21","modified_gmt":"2019-07-30T16:17:21","slug":"spiel-oekumene","status":"publish","type":"page","link":"https:\/\/evangelische-religion.de\/ReligionNeu\/kirche\/spiel-oekumene\/","title":{"rendered":"Spiel: \u00d6kumene"},"content":{"rendered":"\n<p style=\"text-align:center\" class=\"has-medium-font-size\">\u00d6KUMENE-SPIEL<\/p>\n\n\n\n<p style=\"color:#a30003\" class=\"has-text-color\">Male das Symbol der \u00d6kumene auf ein DIN A3 Blatt. Wie das Logo des \u00d6kumenischen Rates aussieht (Boot mit Kreuz):  <a href=\"https:\/\/www.oikoumene.org\/de\">https:\/\/www.oikoumene.org\/de<\/a>   Verteile darauf 12 Stationen\/Ereignisfelder zwischen mindestens 50 Zugfeldern. F\u00fcr maximal f\u00fcnf Spielrinnen und Spieler pro Gruppe. N\u00f6tig sind ein W\u00fcrfel. (Spielkonzept: Wolfgang Fenske)<\/p>\n\n\n\n<p style=\"text-align:center\"><strong>Ereignisfelder:<\/strong><\/p>\n\n\n\n<p>1. In der Katholischen Kirche des 15. Jahrhunderts gibt es viele Dinge, die nicht in Ordnung sind. Kaum einer kann sie ver\u00e4ndern. Stehe auf und bleibe zwei Spielrunden stehen und setze dabei einmal aus.<\/p>\n\n\n\n<p>2. Martin Luther bringt Aufregung in die Kirche. Renne im Klassenraum herum.<\/p>\n\n\n\n<p>3. Nicht nur Luther m\u00f6chte viel ver\u00e4ndern. Nenne einen noch nicht genannten Reformator oder eine noch nicht genannte reformatorische Gruppe. Kannst Du keine nennen, setze einmal aus.<\/p>\n\n\n\n<p>4. Es kommt zur Trennung zwischen der r\u00f6misch-katholischen Kirche und den Kirchen der Reformation. Liefere mit dem Nachbarn zur Linken einen kleinen Schaukampf.<\/p>\n\n\n\n<p>5. Man findet eine L\u00f6sung: Rufe in den Raum:\u00a0<em>cuius regio \u2013 eius religio<\/em>.<\/p>\n\n\n\n<p>6. Doch der Friede w\u00e4hrt nur eine kurze Zeit. Der Drei\u00dfigj\u00e4hrige Krieg beginnt. Du darfst erst weiterziehen, wenn Du eine drei gew\u00fcrfelt hast. Mit jedem Fehlversuch musst du dich unter einem Tisch verstecken.<\/p>\n\n\n\n<p>7. Nach dem Drei\u00dfigj\u00e4hrigen Krieg beginnen sich die evangelische Kirche und die r\u00f6misch-katholische Kirche in den weiteren Jahrhunderten zu erneuern. Glaube und gute Werke pr\u00e4gen immer intensiver das Wirken gro\u00dfartiger Menschen. Schreibe an die Tafel: Diakonie und Caritas!<\/p>\n\n\n\n<p>8. Unterschiede zwischen den beiden gro\u00dfen Kirchen gibt es noch im 20. und 21. Jahrhundert. Nimm einen der Buchstaben aus den Worten \u201eDiakonie und Caritas\u201c und bilde damit als Anfangsbuchstabe ein trennendes Element (z.B. D \u2013 Ehesakrament). Wenn Dir keines einf\u00e4llt: 2x aussetzen.<\/p>\n\n\n\n<p>9. Der \u00d6kumenische Rat wird gegr\u00fcndet. Aus Freude dar\u00fcber, stehe auf und lies einen Absatz vor (der n\u00e4chste Spieler, der auf den Punkt kommt, liest den n\u00e4chsten Absatz vor usw.):<\/p>\n\n\n\n<p>A) <em>Der \u00d6kumenische Rat der Kirchen ist eine Gemeinschaft von Kirchen, die den Herrn Jesus Christus gem\u00e4\u00df der Heiligen Schrift als Gott und Heiland bekennen und darum gemeinsam zu erf\u00fcllen trachten, wozu sie berufen sind, zur Ehre Gottes, des Vaters, des Sohnes und des Heiligen Geistes.<\/em><\/p>\n\n\n\n<p>B) <em>Er ist eine Gemeinschaft von Kirchen auf dem Weg zur sichtbaren Einheit in dem einen Glauben und der einen eucharistischen Gemeinschaft, die ihren Ausdruck im Gottesdienst und im gemeinsamen Leben in Christus findet. Er will auf diese Einheit zugehen, \u201edamit die Welt glaube\u201c, wie es im Gebet Jesu f\u00fcr seine J\u00fcnger und J\u00fcngerinnen hei\u00dft<\/em> (Joh. 17,21).<\/p>\n\n\n\n<p>C)<em> Der \u00d6kumenische Rat der Kirchen (\u00d6RK) ist unter den zahlreichen Organisationen der modernen \u00f6kumenischen Bewegung, deren Ziel die Einheit der Christen ist, die umfassendste und repr\u00e4sentativste. Die Mitgliedschaft des \u00d6RK umfasst mehr als 560 Millionen Christen in 349 Kirchen, Denominationen und kirchlichen Gemeinschaften aus \u00fcber 110 L\u00e4ndern: zu ihnen z\u00e4hlen die Mehrzahl der orthodoxen Kirchen, zahlreiche anglikanische, baptistische, lutherische, methodistische und reformierte Kirchen, sowie viele vereinigte und unabh\u00e4ngige Kirchen. W\u00e4hrend die meisten \u00d6RK-Gr\u00fcndungsmitglieder europ\u00e4ische und nordamerikanische Kirchen waren, setzt sich die heutige Mitgliedschaft vorwiegend aus Kirchen in Afrika, Asien, der Karibik, Lateinamerika, dem Nahen und Mittleren Osten sowie dem pazifischen Raum zusammen.<\/em><\/p>\n\n\n\n<p>D) <em>F\u00fcr seine Mitgliedskirchen ist der \u00d6RK ein einzigartiger Begegnungsraum: hier k\u00f6nnen sie miteinander nachdenken, diskutieren, gemeinsam handeln und Gottesdienst feiern, k\u00f6nnen einander in Frage stellen und einander unterst\u00fctzen, miteinander teilen und debattieren.<\/em><\/p>\n\n\n\n<p>E) <em>Als Teil dieser Gemeinschaft haben die Mitgliedskirchen des \u00d6RK die Aufgabe, die Kirchen aufzurufen zur Verwirklichung der sichtbaren Einheit in dem einen Glauben und der einen eucharistischen Gemeinschaft, ihr gemeinsames Zeugnis in der Erf\u00fcllung ihrer missionarischen und evangelistischen Aufgaben zu f\u00f6rdern, ihren christlichen Dienst zu erf\u00fcllen, indem sie Menschen in Not helfen, Schranken zwischen Menschen niederrei\u00dfen, sich f\u00fcr Gerechtigkeit und Frieden sowie f\u00fcr die Bewahrung der Sch\u00f6pfung einsetzen und Erneuerung in Einheit, Gottesdienst, Mission und Diakonie anstreben.<\/em> (Aus:\u00a0<a href=\"http:\/\/www.oikoumene.org\/de\/about-us\">http:\/\/www.oikoumene.org\/de\/about-us<\/a>\u00a0)<\/p>\n\n\n\n<p>10. Leider gibt es immer noch sehr viel miteinander zu diskutieren. Stell vier St\u00fchle um einen Tisch.<\/p>\n\n\n\n<p>11. Dennoch diskutiert man heute als Menschen, die einander respektieren und achten. Geh zu den anderen Spielgruppen und umarme jede Mitspielerin und jeden Mitspieler \u2013 oder gib jedem Mitspieler und jeder Mitspielerin die Hand.<\/p>\n\n\n\n<p>12. Du bist am Ziel. Nimm Deine Partnerin\/Deinen Partner zur linken Seite und tanze hin und her.<\/p>\n\n\n\n<p>***<\/p>\n\n\n\n<p style=\"color:#a36c00\" class=\"has-text-color\">Literatur: Ausf\u00fchrlich und verst\u00e4ndlich zur \u00d6kumene:&nbsp;<a href=\"http:\/\/www.theologische-links.de\/downloads\/oekumene\/oekumene_geschichte.html\">http:\/\/www.theologische-links.de\/downloads\/oekumene\/oekumene_geschichte.html<\/a><\/p>\n\n\n\n<p style=\"color:#a36700\" class=\"has-text-color\">Biographie: Informationen zum Leben des ersten Generalsekret\u00e4rs des \u00d6kumenischen Rates Visser\u00b4t Hooft:&nbsp;<a href=\"http:\/\/de.wikipedia.org\/wiki\/Willem_Adolf_Visser_%E2%80%99t_Hooft\">http:\/\/de.wikipedia.org\/wiki\/Willem_Adolf_Visser_%E2%80%99t_Hooft<\/a><\/p>\n\n\n\n<p style=\"color:#a33100\" class=\"has-text-color\">J\u00f6rg Schilling\/Mette Bonde Schmid-Hennies: Evangelisch-katholisch-\u00f6kumenisch. 18 Arbeitsbl\u00e4tter mit Kommentar. Sek. I, Klett, Leipzig 2008 (5. Auflage)<\/p>\n","protected":false},"excerpt":{"rendered":"<p>\u00d6KUMENE-SPIEL Male das Symbol der \u00d6kumene auf ein DIN A3 Blatt. Wie das Logo des \u00d6kumenischen Rates aussieht (Boot mit Kreuz): https:\/\/www.oikoumene.org\/de Verteile darauf 12 Stationen\/Ereignisfelder zwischen mindestens 50 Zugfeldern. F\u00fcr maximal f\u00fcnf Spielrinnen und Spieler pro Gruppe. N\u00f6tig sind ein W\u00fcrfel. (Spielkonzept: Wolfgang Fenske) Ereignisfelder: 1. In der Katholischen [&hellip;]<\/p>\n","protected":false},"author":1,"featured_media":0,"parent":74,"menu_order":0,"comment_status":"closed","ping_status":"closed","template":"","meta":{"footnotes":""},"class_list":["post-603","page","type-page","status-publish","hentry"],"_links":{"self":[{"href":"https:\/\/evangelische-religion.de\/ReligionNeu\/wp-json\/wp\/v2\/pages\/603","targetHints":{"allow":["GET"]}}],"collection":[{"href":"https:\/\/evangelische-religion.de\/ReligionNeu\/wp-json\/wp\/v2\/pages"}],"about":[{"href":"https:\/\/evangelische-religion.de\/ReligionNeu\/wp-json\/wp\/v2\/types\/page"}],"author":[{"embeddable":true,"href":"https:\/\/evangelische-religion.de\/ReligionNeu\/wp-json\/wp\/v2\/users\/1"}],"replies":[{"embeddable":true,"href":"https:\/\/evangelische-religion.de\/ReligionNeu\/wp-json\/wp\/v2\/comments?post=603"}],"version-history":[{"count":7,"href":"https:\/\/evangelische-religion.de\/ReligionNeu\/wp-json\/wp\/v2\/pages\/603\/revisions"}],"predecessor-version":[{"id":1288,"href":"https:\/\/evangelische-religion.de\/ReligionNeu\/wp-json\/wp\/v2\/pages\/603\/revisions\/1288"}],"up":[{"embeddable":true,"href":"https:\/\/evangelische-religion.de\/ReligionNeu\/wp-json\/wp\/v2\/pages\/74"}],"wp:attachment":[{"href":"https:\/\/evangelische-religion.de\/ReligionNeu\/wp-json\/wp\/v2\/media?parent=603"}],"curies":[{"name":"wp","href":"https:\/\/api.w.org\/{rel}","templated":true}]}}