{"id":601,"date":"2019-07-02T10:47:12","date_gmt":"2019-07-02T08:47:12","guid":{"rendered":"https:\/\/evangelische-religion.de\/ReligionNeu\/?page_id=601"},"modified":"2020-12-07T20:44:55","modified_gmt":"2020-12-07T19:44:55","slug":"evangelisch-katholisch","status":"publish","type":"page","link":"https:\/\/evangelische-religion.de\/ReligionNeu\/kirche\/evangelisch-katholisch\/","title":{"rendered":"Evangelisch-Katholisch"},"content":{"rendered":"\n<p class=\"has-text-align-center has-medium-font-size\">EVANGELISCH \u2013 KATHOLISCH<\/p>\n\n\n\n<p class=\"has-text-color\" style=\"color:#a30003\">Aufgabe: Sammelt miteinander das, was Ihr als Gemeinsamkeiten und Unterschiede zwischen den beiden christlichen Konfessionen kennt. Malt eine Mindmap.<\/p>\n\n\n\n<p class=\"has-text-align-center has-white-color has-text-color has-background\" style=\"background-color:#00a302\"><strong>1. Katholisch \u2013 evangelisch: Was uns eint<\/strong><\/p>\n\n\n\n<ul class=\"wp-block-list\"><li><strong>Gott offenbarte sich in seinem Sohn Jesus Christus<\/strong>, der Menschen den die Liebe Gottes lebte und den Willen Gottes verk\u00fcndete und f\u00fcr die S\u00fcnden der Menschen starb und auferstanden ist.<\/li><li>Glaube an den <strong>Heiligen Geist,<\/strong> den wirksamen Gott in der Welt, der Glaubende dazu bef\u00e4higt, Gott zu erkennen und seinen Willen zu tun.<\/li><li><strong>Trinit\u00e4t<\/strong> sagt: Gott Vater \u2013 Sohn \u2013 Geist sind in Unterschiedenheit eine Einheit.<\/li><li>Die <strong>Bibel<\/strong> ist Gottes Wort.<\/li><li><strong>Getauft<\/strong> wird auf den Namen des Vaters, des Sohnes und des Heiligen Geistes.<\/li><li><strong>Gott liebt den Menschen<\/strong>, vergibt die Schuld, nimmt den Menschen an ohne Vorleistungen, allein aus Gnade. Wer kommt, wird aufgenommen.<\/li><li>Der gekreuzigte und auferstandene Jesus Christus ist im <strong>Abendmahl <\/strong>gegenw\u00e4rtig.<\/li><li>Gott schenkt Glaubenden <strong>ewiges Leben<\/strong>.<\/li><li>Das Apostolische, das<strong> Glaubensbekenntnis <\/strong>von Niz\u00e4a (325) und von Konstantinopel (381) werden von beiden Kirchen anerkannt.<\/li><li><strong>Festtage<\/strong> (Advent, Weihnachten, Gr\u00fcndonnerstag, Karfreitag, Ostern, Erntedank) sind gemeinsam.<\/li><li>Gemeinsame <strong>Gebete und Lieder <\/strong>werden gebetet und gesungen.<\/li><li><strong>Sozialer Einsatz<\/strong> f\u00fcr die Welt (Diakonie, Caritas, Misereor, Brot f\u00fcr die Welt usw.) bestimmt unser Handeln aus Glauben.<\/li><\/ul>\n\n\n\n<p class=\"has-text-align-center has-white-color has-text-color has-background\" style=\"background-color:#08a300\"><strong>2. Katholisch-evangelisch: Was uns trennt<\/strong><\/p>\n\n\n\n<p><strong>Amtsverst\u00e4ndnis<\/strong>&nbsp;\u2013 vom Papst bis hin zum Priester. In der evangelischen Kirche wird der Pfarrer nicht geweiht, sondern ordiniert. In der katholischen Kirche wird er geweiht. Das hei\u00dft: Nach katholischem Verst\u00e4ndnis hat der Priester eine gro\u00dfe Heiligkeit, in der evangelischen Kirche wird er von der Gemeinde gew\u00e4hlt und f\u00fcr den besonderen Dienst legitimiert. Kirchenleitung geht in der evangelischen Kirche von unten nach oben: Priestertum aller Gl\u00e4ubigen, die aus sich heraus einen be-gabten Menschen w\u00e4hlen \u2013 bis hin zur Kirchenleitung wird gew\u00e4hlt. In der Katholischen Kirche geht es von oben nach unten: Der Papst wird zwar von Kardin\u00e4len gew\u00e4hlt, der Papst bestimmt aber Kardin\u00e4le, die wiederum die Bisch\u00f6fe usw. (Das wird freilich nicht als ein demokratischer oder autorit\u00e4rer Akt verstanden, sondern durch die Kardin\u00e4le handelt Gott in seinem Geist.) Der Papst wird als Stellvertreter Christi auf Erden angesehen \u2013 in der Amtsnachfolge des Apostels Petrus. Die Besonderheit des Priesters wird auch darin deutlich, dass er anders als der Pfarrer nicht heiraten darf (Z\u00f6libat), dass nur er die Eucharistie \/ Abendmahl austeilen darf. Von hier aus gesehen sieht sich die r\u00f6misch-katholische Kirche als die einzige Kirche an. Evangelische Christen sind nicht gleichberechtigt.<\/p>\n\n\n\n<p><strong>Eucharistie \/ Abendmahl<\/strong>:\u00a0Die Eucharistie ist ein Dankopfer-Mahl. Durch die Einsetzungsworte wandeln sich Brot und Wein in das Blut und den Leib Jesu. Somit ist der auferstandene Jesus Christus k\u00f6rperlich in der Messe anwesend. Die Eucharistie wird sonnt\u00e4glich gefeiert. In der lutherisch-evangelischen Kirche wandeln sich Brot und Wein nur im Glauben durch den Heiligen Geist zum \u00f6sterlichen Leib und Blut &#8211; also des auferstandenen &#8211; Jesus Christus. In der evangelisch-reformierten Kirche sind Brot und Wein symbolisch Leib und Blut Christi. Von daher d\u00fcrfen in der katholischen Kirche auch nur Katholiken an der Eucharistiefeier teilnehmen. Das evangelische Abendmahl ist aus Sicht der Katholiken keine gleichwertige Eucharistiefeier, denn dort ist Jesus Christus nicht k\u00f6rperlich anwesend, weil der Pfarrer kein Priester ist. In den protestantischen Kirchen wird nicht an jedem Sonntag Abendmahl gefeiert, im Mittelpunkt steht die Lehre \/ Predigt, die Gemeinschaft der Menschen untereinander mit Jesus Christus, darum gibt man sich bei vielen Abendmahlsfeiern die Hand.<\/p>\n\n\n\n<p><strong>Sakramente<\/strong>:&nbsp;Katholische wie orthodoxe Kirche kennen sieben Sakramente (Geheimnisse \/ Mysterien der Gegenwart Gottes; Zeichen f\u00fcr die Begegnung von Mensch und Gott; sie pr\u00e4gen den Menschen unwiederrufbar):&nbsp;<em>Taufe, Firmung, Eucharistie, Bu\u00dfe, Krankensalbung, Weihe, Ehe<\/em>. Daneben gibt es Sakramentalien, z.B.&nbsp;<em>Kreuzzeichen, Weihwasser, Aschekreuz<\/em>&nbsp;(Aschermittwoch),&nbsp;<em>Fu\u00dfwaschung<\/em>&nbsp;(Gr\u00fcndonnerstag) usw. Die evangelische Kirche erkennt nur zwei\/drei Sakramente an:&nbsp;<em>Taufe und Abendmahl<\/em>. Die&nbsp;<em>Bu\u00dfe&nbsp;<\/em>als drittes Sakrament ist im Laufe der Zeit weggefallen. Sakramente bestehen aus zwei Kriterien: Ein Einsetzungswort Jesu verbunden mit einem Zeichen. Weil die Ehe f\u00fcr Katholiken ein Sakrament ist, in der also Gottes Verh\u00e4ltnis zum Menschen abgebildet wird, kann die Ehe nicht getrennt werden. Anders im evangelischen Bereich, weil die Ehe allein als Verbindung zweier Menschen gesehen wird, kann sie auch getrennt werden.<\/p>\n\n\n\n<p>In der evangelischen Kirche werden die Mutter Jesu,&nbsp;<strong>Maria<\/strong>, und <strong>Heilige<\/strong>&nbsp;geachtet \u2013 aber nicht in dem Ma\u00dfe verehrt wie in der katholischen Kirche. Das h\u00e4ngt mit dem jeweiligen Kirchenverst\u00e4ndnis zusammen. Kirche ist f\u00fcr die katholische Kirche die Gemeinschaft der Heiligen \u2013 das hei\u00dft aller Christen, die sind, die waren und die sein werden. Und das weltweit. Unter den verstorbenen Christen gibt es solche, die besonderen Zugang zu Gott haben. Dazu geh\u00f6ren Maria (Himmelsk\u00f6nigin) und die Heiligen. Die Heiligen sind eine besondere M\u00f6glichkeit, Zugang zu Gott zu finden, denn sie sind Menschen, die einfach nur ein St\u00fcck weiter sind als die jetzt Lebenden. F\u00fcr evangelische Christen spielt diese umfassende Sicht nicht unbedingt eine Rolle. Kirche bilden diejenigen, die jetzt glauben. Verstorbene werden zwar auch in dieses Denken einbezogen, aber nur am Rande. F\u00fcr Evangelische sind alle \u201eHeilige\u201c, alle, die an Jesus Christus glauben und ihm folgen. Sie wenden sich im Gebet an ihn \u2013 ohne Mittler. Aufgrund der intensiven Verehrung der Maria gibt es in der Katholischen Kirche Feiertage, ihr zu Ehre, und so genannte Mariendogmen.<\/p>\n\n\n\n<p>Die&nbsp;<strong>Bibel&nbsp;<\/strong>ist f\u00fcr evangelische Christen selbstredend. Wer sie als ernsthafter Christ liest, versteht sie mit Hilfe des Heiligen Geistes. F\u00fcr die katholische Kirche sind die Interpretationen der Bibel durch Kirchenv\u00e4ter, durch Konzilien, das Lehramt (z.B. Papst) wesentlich, um die Bibel richtig zu verstehen. Zudem haben die Katholiken ein umfangreicheres Altes Testament als die Protestanten, denn die Grundlage der Katholiken ist die griechische Bibel (LXX = Septuaginta), die ins Latein \u00fcbersetzt wurde (Vulgata). Die Grundlage der evangelischen Bibel ist die hebr\u00e4ische Sammlung alttestamentlicher Schriften (Hebraica).<\/p>\n\n\n\n<p>Die&nbsp;<strong>Kirchen als Geb\u00e4ude<\/strong>&nbsp;haben charakteristische Gemeinsamkeiten und Unterschiede. Unterschiede einer katholischen Kirche im Vergleich mit einer evangelischen Kirche sind zum Beispiel: Weihwasserbecken, Marienstatue, Leidensweg Jesu, Beichtst\u00fchle, ewiges Licht, Sakramentsh\u00e4uschen, Reliquien, Weihrauch, Gew\u00e4nder, Gl\u00f6ckchen). Wesentlich ist in evangelischen Kirchen das Geh\u00f6rte (Predigt, Lieder, Bibelwort). In der katholischen Kirche spielen die anderen Sinne eine ebenso gro\u00dfe Rolle: Sehen (Bilder), riechen (Weihrauch), sp\u00fcren (Weihwasser\/Kreuzzeichen\/Rosenkranz).<\/p>\n","protected":false},"excerpt":{"rendered":"<p>EVANGELISCH \u2013 KATHOLISCH Aufgabe: Sammelt miteinander das, was Ihr als Gemeinsamkeiten und Unterschiede zwischen den beiden christlichen Konfessionen kennt. Malt eine Mindmap. 1. Katholisch \u2013 evangelisch: Was uns eint Gott offenbarte sich in seinem Sohn Jesus Christus, der Menschen den die Liebe Gottes lebte und den Willen Gottes verk\u00fcndete und [&hellip;]<\/p>\n","protected":false},"author":1,"featured_media":0,"parent":74,"menu_order":0,"comment_status":"closed","ping_status":"closed","template":"","meta":{"footnotes":""},"class_list":["post-601","page","type-page","status-publish","hentry"],"_links":{"self":[{"href":"https:\/\/evangelische-religion.de\/ReligionNeu\/wp-json\/wp\/v2\/pages\/601","targetHints":{"allow":["GET"]}}],"collection":[{"href":"https:\/\/evangelische-religion.de\/ReligionNeu\/wp-json\/wp\/v2\/pages"}],"about":[{"href":"https:\/\/evangelische-religion.de\/ReligionNeu\/wp-json\/wp\/v2\/types\/page"}],"author":[{"embeddable":true,"href":"https:\/\/evangelische-religion.de\/ReligionNeu\/wp-json\/wp\/v2\/users\/1"}],"replies":[{"embeddable":true,"href":"https:\/\/evangelische-religion.de\/ReligionNeu\/wp-json\/wp\/v2\/comments?post=601"}],"version-history":[{"count":6,"href":"https:\/\/evangelische-religion.de\/ReligionNeu\/wp-json\/wp\/v2\/pages\/601\/revisions"}],"predecessor-version":[{"id":2405,"href":"https:\/\/evangelische-religion.de\/ReligionNeu\/wp-json\/wp\/v2\/pages\/601\/revisions\/2405"}],"up":[{"embeddable":true,"href":"https:\/\/evangelische-religion.de\/ReligionNeu\/wp-json\/wp\/v2\/pages\/74"}],"wp:attachment":[{"href":"https:\/\/evangelische-religion.de\/ReligionNeu\/wp-json\/wp\/v2\/media?parent=601"}],"curies":[{"name":"wp","href":"https:\/\/api.w.org\/{rel}","templated":true}]}}