{"id":599,"date":"2019-07-02T10:46:27","date_gmt":"2019-07-02T08:46:27","guid":{"rendered":"https:\/\/evangelische-religion.de\/ReligionNeu\/?page_id=599"},"modified":"2020-01-25T13:18:59","modified_gmt":"2020-01-25T12:18:59","slug":"reformation","status":"publish","type":"page","link":"https:\/\/evangelische-religion.de\/ReligionNeu\/kirche\/reformation\/","title":{"rendered":"Reformation"},"content":{"rendered":"\n<p class=\"has-text-align-center has-medium-font-size\">REFORMATION<\/p>\n\n\n\n<p class=\"has-text-color has-text-align-center has-accent-color\"><strong>1. Vorreformatoren<\/strong><\/p>\n\n\n\n<ul class=\"wp-block-list\"><li><em>Petrus Waldus<\/em>&nbsp;(um 1140-1206) \u2013 bis heute gibt es \u201eWaldenser\u201c.<\/li><li><em>John Wyclif<\/em>&nbsp;(um 1330-1384) \u2013 bis heute spielt er eine Rolle: Bibel\u00fcbersetzer<\/li><li><em>Johannes Hus<\/em>&nbsp;(um: 1372- hingerichtet 1415)<\/li><li><em>Girolamo Savonarola<\/em>&nbsp;(1452- hingerichtet 1498)<\/li><\/ul>\n\n\n\n<p>Ihnen gemeinsam war: Kritik an den bestehenden kirchlichen Verh\u00e4ltnissen (Sittenlosigkeit, theologischer Verfall). Dagegen setzten sie:<\/p>\n\n\n\n<ul class=\"wp-block-list\"><li>Betonung des Individuums<\/li><li>\u00dcbersetzung der Bibel in die jeweilige Landessprache<\/li><li>Jesus Christus ist Oberhaupt der Kirche, nicht der Papst<\/li><li>Armut und Sittenstrenge \u2013 im Sinne der Bergpredigt<\/li><\/ul>\n\n\n\n<p>Hinweisen m\u00f6chte ich auch noch auf:&nbsp;<em>Hans B\u00f6hm<\/em>&nbsp;(Pauker\/Pfeifer von Niklashausen), auf die \u201e<em>Gravamina der deutschen Nation<\/em>\u201c und auf den Mystiker&nbsp;<em>Johannes Tauler<\/em>.<\/p>\n\n\n\n<p style=\"color:#a36c00\" class=\"has-text-color has-text-align-center\"><strong>2. Zeitgeschichte<\/strong><\/p>\n\n\n\n<p style=\"color:#a30003\" class=\"has-text-color\"><strong>Aufgabe:<\/strong> Erkundigt Euch \u2013 sicher kann der Geschichtslehrer oder die Geschichtslehrerin gute Tipps geben:<\/p>\n\n\n\n<p>Wie lebten Menschen vor 500 Jahren? Es geht um<\/p>\n\n\n\n<ul class=\"wp-block-list\"><li>die gesellschaftliche Situation (Hierarchien\/Abgaben\/Frondienste\/St\u00e4mme\/Heer)<\/li><li>die Entdeckungen (Amerika, Afrikanische K\u00fcste, Asien, [vielleicht] Australien)<\/li><li>die Erfindungen (Johannes Gutenbergs Buchdruck, Bergbautechnik)<\/li><li>um \u00c4ngste (religi\u00f6se \u00c4ngste\/Fegefeuer \u2013 aber auch Lebens\u00e4ngste: Krankheiten, Seuchen, Geister, Hunger, Ausbeutung, Kindersterblichkeit)<\/li><li>um Kunst und Dichtung, um Tanz und Musik<\/li><li>um Bildung.<\/li><\/ul>\n\n\n\n<p style=\"color:#6000a3\" class=\"has-text-color has-text-align-center\"><strong>3. Leben und Wirken Martin Luthers<\/strong><\/p>\n\n\n\n<ul class=\"wp-block-list\"><li>* am 10. 11. 1483 in Eisleben.<\/li><li>Luthers Vater war Besitzer einer Mine.<\/li><li>Luther besuchte die Schule. Er verlie\u00df sie 1501 und begann in Erfurt Latein, Philosophie, Mathematik, Rhetorik zu studieren.<\/li><li>1505 sollte er Rechtswissenschaften studieren. Sein leichtsinniges Leben lie\u00df ihn bef\u00fcrchten, dass er in die H\u00f6lle kommt. Ein Blitz soll ihn dazu gebracht haben, einen anderen Weg einzuschlagen, als sein Vater wollte.<\/li><li>Luther trat ins Kloster der Augustiner in Erfurt ein. 1506 legte er das M\u00f6nchsgel\u00fcbde ab.<\/li><li>1507 wurde er zum Priester geweiht.<\/li><li>1510 wurde er von seinem Orden auf eine Reise nach Rom geschickt und war geschockt von der Sittenlosigkeit, die dort herrschte.<\/li><li>1512 wurde er Professor an der Universit\u00e4t Wittenberg. Die gesamte Zeit rang er um die Frage: Wie bekomme ich \u2013 trotz meiner \u00fcblen Taten, trotz meines S\u00fcnderdaseins \u2013 einen gn\u00e4digen Gott? Die Antwort bekam er durch den R\u00f6merbrief des Paulus: <em>Man wird nicht durch gute Werke, sondern durch Gottes Gnade gerettet. Nicht das Gericht Gottes steht im Mittelpunkt des christlichen Glaubens, sondern die Liebe Gottes. Das zeigt zum Beispiel das Gleichnis vom verlorenen Sohn \u2013 vor allem aber das Sterben Jesu Christi f\u00fcr uns am Kreuz.<\/em><\/li><li>Am 31.10.1517 soll er 95 Thesen an die T\u00fcr der Wittenberger Schlosskirche angebracht haben: <em>gegen Ablass<\/em> \u2013 mit theologischer bzw. biblischer Begr\u00fcndung (heute wird der Tag als Reformationstag gefeiert). Damit zusammen h\u00e4ngt: Kritik am Papst (wobei Luther zu der Zeit noch meinte, der Papst w\u00fcsste nichts von den Missst\u00e4nden in der Kirche). Mit dem Ablass \u2013 wie auch mit Wallfahrten, Reliquienkulten usw. \u2013 konnten Menschen sich und ihre Verstorbenen vom Fegefeuer freikaufen. \u201eWenn das Geld im Kasten klingt, die Seele in den Himmel springt.\u201c (Tetzel)<\/li><li>1518 Er\u00f6ffnung des Ketzerprozesses gegen ihn.<\/li><li>1519 sollte er die Thesen widerrufen: Es fand eine <em>\u201eLeipziger Disputation\u201c <\/em>mit Johannes Eck statt. Luther: <em>P\u00e4pste und Konzilien stehen nicht \u00fcber der Bibel und die Heiligen, auch sie irren; nicht Gehorsam gegen\u00fcber der Kirche, sondern Glauben z\u00e4hlt.<\/em><\/li><li>1520\/1521 erschienen drei wesentliche Schriften:<\/li><li><em>\u201eAn den christlichen Adel deutscher Nation\u201c<\/em>: Keine \u00dcberordnung der Priester \u00fcber den Laien, Abschaffung des Kirchenstaats und des Z\u00f6libats, Reform des Bildungswesens.<\/li><li><em>\u201eVon der babylonischen Gefangenschaft der Kirche\u201c:<\/em>&nbsp;Nicht sieben Sakramente, sondern drei: Taufe, Abendmahl, Bu\u00dfe. Ein Sakrament besteht aus einem Verhei\u00dfungswort Jesu und einem Zeichen.<\/li><li><em>\u201eVon der Freiheit eines Christenmenschen\u201c:<\/em>&nbsp;Ein Christ ist ein freier Herr und niemandem untertan \u2013 ein Christ ist ein Knecht und jedem untertan: Es ist ein freiwilliger Dienst in Liebe. Der Christ muss nicht Gutes tun, sondern tut Gutes, weil er aus Gottes Kraft, aus Glauben heraus Gutes tun will.<\/li><li>1520 verbrennt Luther die Bannandrohungsbulle des Papstes, 1521 wurde der Bann \u00fcber Luther verh\u00e4ngt.<\/li><li>1521 Reichstag in Worms. Luther beruft sich auf sein Gewissen, das von Gottes Wort gefangen genommen wurde. Hier soll das Wort gefallen sein:&nbsp;<em>\u201eHier stehe ich, ich kann nicht anders, Gott helfe mir. Amen\u201c<\/em>.<\/li><li>Wormser Edikt: Der Kaiser verh\u00e4ngt Reichsacht \u00fcber Luther \u2013 er ist nun vogelfrei.<\/li><li>Um Luther zu sch\u00fctzen, wurde er auf die Wartburg entf\u00fchrt, dort lebte er als Junker J\u00f6rg und \u00fcbersetzte die Bibel \u2013 das Neue Testament \u2013 und hat damit auch wesentlich zur Vereinheitlichung der deutschen Schriftsprache beigetragen.<\/li><li>Sein Freund und Wegbegleiter war Philipp Melanchton (Philologe, Humanist, Philosoph, Theologe) \u2013 der die reformatorische Lehre geschickt formulieren konnte.<\/li><li>1522 kehrt Luther nach Wittenberg zur\u00fcck, wendet sich gegen die aufst\u00e4ndischen Bauern (\u201eSchw\u00e4rmer und Rottengeister\u201c), die Kl\u00f6ster und Burgen mit ihren Massen \u00fcberrennen, Menschen morden und pl\u00fcndern. Er wendet sich auch gegen seinen Anh\u00e4nger, den Bauernf\u00fchrer Thomas M\u00fcntzer \u2013 mit seiner Schrift&nbsp;<em>\u201eWider die r\u00e4uberischen und m\u00f6rderischen Rotten der Bauern\u201c<\/em>.<\/li><li>1523 hat Papst Hadrian auf dem Reichstag zu N\u00fcrnberg ein Schuldbekenntnis vorlesen lassen und versprochen, die Kurie zu reformieren. Luther hat darauf nicht reagiert.<\/li><li>1525 heiratete er die ehemalige Nonne Katharina von Bora und beide bekamen sechs Kinder.<\/li><li>1529 protestierten F\u00fcrsten und St\u00e4dte auf dem Reichstag in Speyer gegen die Unterdr\u00fcckung der Reformation. Darum hei\u00dfen Evangelische auch \u201eProtestanten\u201c.<\/li><li>1530 wurde in Augsburg ein Bekenntnis vorgelegt, in das der reformatorische Glaube in seinen Grundz\u00fcgen dargestellt wurde.<\/li><li>1534 schloss Luther die \u00dcbersetzung der Bibel ab.<\/li><li>1543 wendete er sich mit seiner Schrift&nbsp;<em>\u201eVon den Juden und ihren L\u00fcgen\u201c<\/em>&nbsp;gegen Juden, weil er entt\u00e4uscht war, dass sie sich nicht der Reformation angeschlossen haben.<\/li><li>1546 starb Luther auf einer Reise nach Eisleben im Alter von 63 Jahren.<\/li><\/ul>\n\n\n\n<p style=\"color:#a37b00\" class=\"has-text-color has-text-align-center\"><strong>4. Weitere Themen:<\/strong><\/p>\n\n\n\n<p>a)&nbsp; Zentrale theologische Aussagen der Reformation:&nbsp;<em>Solus Christus, sola fide, sola scriptura<\/em>:<\/p>\n\n\n\n<ul class=\"wp-block-list\"><li>Allein Christus \/ Solus Christus (nicht der Papst, nicht die Heilsmittlerfunktion der Kirche durch Priester und Sakramente),<\/li><li>allein der Glaube \/ sola fide (nicht die Werke),<\/li><li>allein die Schrift\/Bibel \/ sola scriptura (nicht Kirchenv\u00e4ter und Konzilisbeschl\u00fcsse).<\/li><\/ul>\n\n\n\n<p>b)&nbsp; 95 Thesen:&nbsp;<a href=\"http:\/\/www.martinschlu.de\/kulturgeschichte\/renaissance\/frueh\/luther\/thesen.htm\">http:\/\/www.martinschlu.de\/kulturgeschichte\/renaissance\/frueh\/luther\/thesen.htm<\/a><\/p>\n\n\n\n<p>c)&nbsp; Verteidigungsrede auf dem Reichstag zu Worms:&nbsp;<a href=\"http:\/\/www.martinschlu.de\/kulturgeschichte\/renaissance\/frueh\/luther\/texte\/1521worms.htm#1524\">http:\/\/www.martinschlu.de\/kulturgeschichte\/renaissance\/frueh\/luther\/texte\/1521worms.htm#1524<\/a><\/p>\n\n\n\n<p>d)&nbsp; Theologie Luthers und die Auseinandersetzung in Liedern und Gebeten:&nbsp;<a href=\"http:\/\/www.martinschlu.de\/kulturgeschichte\/renaissance\/frueh\/luther\/lieder\/start.htm\">http:\/\/www.martinschlu.de\/kulturgeschichte\/renaissance\/frueh\/luther\/lieder\/start.htm<\/a><\/p>\n\n\n\n<p>e)&nbsp; Lucas Cranach\/Altarbild:&nbsp;<a href=\"http:\/\/www.goethe-gymnasium-berlin.cidsnet.de\/83-deutsch\/deutsch-exkursionen\/443-weimar2014-2\">http:\/\/www.goethe-gymnasium-berlin.cidsnet.de\/83-deutsch\/deutsch-exkursionen\/443-weimar2014-2<\/a><\/p>\n\n\n\n<p>f)&nbsp; Johannes Calvin f\u00fcr den Unterricht:&nbsp;<a href=\"http:\/\/www.reformiert-info.de\/daten\/File\/Upload\/doc-7708-1.pdf\">http:\/\/www.reformiert-info.de\/daten\/File\/Upload\/doc-7708-1.pdf<\/a><\/p>\n\n\n\n<p>g) Zu Luther mit Blick auf Menschenrechte s.: <a href=\"https:\/\/evangelische-religion.de\/ReligionNeu\/mensch\/menschenrechte\/\">https:\/\/evangelische-religion.de\/ReligionNeu\/mensch\/menschenrechte\/<\/a> <\/p>\n\n\n\n<p style=\"color:#a35800\" class=\"has-text-color\">Literatur: Michael Landgraf: Reformation. Angst \u00fcberwinden \u2013 Aufbruch wagen. Einf\u00fchrung \u2013 Materialien \u2013 Kreativideen. Calwer \u2013 EPV \u2013 RPE Speyer und Stuttgart 2008 (2. Auflage)<\/p>\n\n\n\n<p style=\"color:#a35800\" class=\"has-text-color\">DVD: Luther. Regie: Eric Till, Universal Pictures\/Warner Home 2003<\/p>\n\n\n\n<p style=\"color:#a36700\" class=\"has-text-color\">DVD: Martin Luther, Regie: G\u00fcnther Klein, SCM-Verlagsgruppe 2007<\/p>\n\n\n\n<p style=\"color:#a35400\" class=\"has-text-color\">DVD: Katharina Luther; Regie: Julia Heinz, Euro Video Medien 2017<\/p>\n\n\n\n<p>Martin Luther:  <a href=\"https:\/\/www.youtube.com\/watch?v=gVLyT-MxTV4\">https:\/\/www.youtube.com\/watch?v=gVLyT-MxTV4<\/a> <\/p>\n\n\n\n<p>Reformation einfach erkl\u00e4rt:  <a href=\"https:\/\/www.youtube.com\/watch?v=AToDOEAYRj8\">https:\/\/www.youtube.com\/watch?v=AToDOEAYRj8<\/a> <\/p>\n","protected":false},"excerpt":{"rendered":"<p>REFORMATION 1. Vorreformatoren Petrus Waldus&nbsp;(um 1140-1206) \u2013 bis heute gibt es \u201eWaldenser\u201c. John Wyclif&nbsp;(um 1330-1384) \u2013 bis heute spielt er eine Rolle: Bibel\u00fcbersetzer Johannes Hus&nbsp;(um: 1372- hingerichtet 1415) Girolamo Savonarola&nbsp;(1452- hingerichtet 1498) Ihnen gemeinsam war: Kritik an den bestehenden kirchlichen Verh\u00e4ltnissen (Sittenlosigkeit, theologischer Verfall). Dagegen setzten sie: Betonung des Individuums [&hellip;]<\/p>\n","protected":false},"author":1,"featured_media":0,"parent":74,"menu_order":0,"comment_status":"closed","ping_status":"closed","template":"","meta":{"footnotes":""},"class_list":["post-599","page","type-page","status-publish","hentry"],"_links":{"self":[{"href":"https:\/\/evangelische-religion.de\/ReligionNeu\/wp-json\/wp\/v2\/pages\/599","targetHints":{"allow":["GET"]}}],"collection":[{"href":"https:\/\/evangelische-religion.de\/ReligionNeu\/wp-json\/wp\/v2\/pages"}],"about":[{"href":"https:\/\/evangelische-religion.de\/ReligionNeu\/wp-json\/wp\/v2\/types\/page"}],"author":[{"embeddable":true,"href":"https:\/\/evangelische-religion.de\/ReligionNeu\/wp-json\/wp\/v2\/users\/1"}],"replies":[{"embeddable":true,"href":"https:\/\/evangelische-religion.de\/ReligionNeu\/wp-json\/wp\/v2\/comments?post=599"}],"version-history":[{"count":4,"href":"https:\/\/evangelische-religion.de\/ReligionNeu\/wp-json\/wp\/v2\/pages\/599\/revisions"}],"predecessor-version":[{"id":2035,"href":"https:\/\/evangelische-religion.de\/ReligionNeu\/wp-json\/wp\/v2\/pages\/599\/revisions\/2035"}],"up":[{"embeddable":true,"href":"https:\/\/evangelische-religion.de\/ReligionNeu\/wp-json\/wp\/v2\/pages\/74"}],"wp:attachment":[{"href":"https:\/\/evangelische-religion.de\/ReligionNeu\/wp-json\/wp\/v2\/media?parent=599"}],"curies":[{"name":"wp","href":"https:\/\/api.w.org\/{rel}","templated":true}]}}