{"id":597,"date":"2019-07-02T10:45:44","date_gmt":"2019-07-02T08:45:44","guid":{"rendered":"https:\/\/evangelische-religion.de\/ReligionNeu\/?page_id=597"},"modified":"2020-01-25T12:50:29","modified_gmt":"2020-01-25T11:50:29","slug":"oekumene-fragen","status":"publish","type":"page","link":"https:\/\/evangelische-religion.de\/ReligionNeu\/kirche\/oekumene-fragen\/","title":{"rendered":"\u00d6kumene: Fragen"},"content":{"rendered":"\n<p class=\"has-text-align-center has-medium-font-size\">EVANGELISCH-\u00d6KUMENISCH: EINLEITUNG<\/p>\n\n\n\n<p>Die Reformation brachte neuen Wind ins Mittelalter \u2013 besser: einen Sturm. Danach war in Europa nichts mehr wie vorher, weder in der Politik, noch in der Religion, der Bildung, Kunst\u2026<\/p>\n\n\n\n<p style=\"color:#a30003\" class=\"has-text-color\">Aufgabe 1&nbsp;(zu Beginn des Themas):<\/p>\n\n\n\n<ul class=\"wp-block-list\"><li>Was sind Protestanten?<\/li><li>Was sind Evangelische?<\/li><li>Was sind Katholiken?<\/li><li>Was ist \u00d6kumene?<\/li><li>Was ist der \u00d6kumenische Rat? (Information: Katholiken nehmen darin nur Beobachterstatus ein!)<\/li><\/ul>\n\n\n\n<p style=\"color:#a30003\" class=\"has-text-color\">Aufgabe 2&nbsp;(am Schluss des Themas):<\/p>\n\n\n\n<p>Ein alter Mann erz\u00e4hlte: Als ich Kind war, lebte ich als einziges evangelisches Kind in einem katholischen Dorf in Bayern. Ich wurde sehr oft verpr\u00fcgelt, misshandelt, verspottet. Aber so erging es sicher auch den einzigen katholischen Kindern in evangelisch gepr\u00e4gten D\u00f6rfern in Niedersachsen.<\/p>\n\n\n\n<p>Eine alte Frau erz\u00e4hlte: In unserem Dorf gab es nur ein Haus, in dem Gottesdienste gefeiert wurden. Wenn die Katholiken Gottesdienste feierten, haben wir im ersten Stock gro\u00dfen L\u00e4rm gemacht \u2013 und als wir Gottesdienste feierten, haben die Katholiken im ersten Stock gro\u00dfen L\u00e4rm gemacht.<\/p>\n\n\n\n<p>Nun schreibe denen, die den jeweils anderen \u00e4rgern, eine SMS, die dieses Treiben beenden k\u00f6nnte.<\/p>\n\n\n\n<p>Ein Tipp: Denk an Jesus\u2026 (ist schon zu viel verraten?).<\/p>\n\n\n\n<p style=\"color:#a36200\" class=\"has-text-color\"><strong>Medien:<\/strong><\/p>\n\n\n\n<p>\u00d6kumene (katholisch.de):  <a href=\"https:\/\/www.youtube.com\/watch?v=ySxO4jczST8\">https:\/\/www.youtube.com\/watch?v=ySxO4jczST8<\/a> <\/p>\n","protected":false},"excerpt":{"rendered":"<p>EVANGELISCH-\u00d6KUMENISCH: EINLEITUNG Die Reformation brachte neuen Wind ins Mittelalter \u2013 besser: einen Sturm. Danach war in Europa nichts mehr wie vorher, weder in der Politik, noch in der Religion, der Bildung, Kunst\u2026 Aufgabe 1&nbsp;(zu Beginn des Themas): Was sind Protestanten? Was sind Evangelische? Was sind Katholiken? Was ist \u00d6kumene? Was [&hellip;]<\/p>\n","protected":false},"author":1,"featured_media":0,"parent":74,"menu_order":0,"comment_status":"closed","ping_status":"closed","template":"","meta":{"footnotes":""},"class_list":["post-597","page","type-page","status-publish","hentry"],"_links":{"self":[{"href":"https:\/\/evangelische-religion.de\/ReligionNeu\/wp-json\/wp\/v2\/pages\/597","targetHints":{"allow":["GET"]}}],"collection":[{"href":"https:\/\/evangelische-religion.de\/ReligionNeu\/wp-json\/wp\/v2\/pages"}],"about":[{"href":"https:\/\/evangelische-religion.de\/ReligionNeu\/wp-json\/wp\/v2\/types\/page"}],"author":[{"embeddable":true,"href":"https:\/\/evangelische-religion.de\/ReligionNeu\/wp-json\/wp\/v2\/users\/1"}],"replies":[{"embeddable":true,"href":"https:\/\/evangelische-religion.de\/ReligionNeu\/wp-json\/wp\/v2\/comments?post=597"}],"version-history":[{"count":3,"href":"https:\/\/evangelische-religion.de\/ReligionNeu\/wp-json\/wp\/v2\/pages\/597\/revisions"}],"predecessor-version":[{"id":2033,"href":"https:\/\/evangelische-religion.de\/ReligionNeu\/wp-json\/wp\/v2\/pages\/597\/revisions\/2033"}],"up":[{"embeddable":true,"href":"https:\/\/evangelische-religion.de\/ReligionNeu\/wp-json\/wp\/v2\/pages\/74"}],"wp:attachment":[{"href":"https:\/\/evangelische-religion.de\/ReligionNeu\/wp-json\/wp\/v2\/media?parent=597"}],"curies":[{"name":"wp","href":"https:\/\/api.w.org\/{rel}","templated":true}]}}