{"id":585,"date":"2019-07-02T10:40:24","date_gmt":"2019-07-02T08:40:24","guid":{"rendered":"https:\/\/evangelische-religion.de\/ReligionNeu\/?page_id=585"},"modified":"2019-07-30T17:09:47","modified_gmt":"2019-07-30T15:09:47","slug":"christliche-sozialethik","status":"publish","type":"page","link":"https:\/\/evangelische-religion.de\/ReligionNeu\/kirche\/christliche-sozialethik\/","title":{"rendered":"Christliche Sozialethik"},"content":{"rendered":"\n<p style=\"text-align:center\" class=\"has-medium-font-size\">CHRISTLICHE SOZIALLEHRE \/ SOZIALETHIK<\/p>\n\n\n\n<p style=\"color:#a30003\" class=\"has-text-color\">Aufgabe:&nbsp;Von Dietrich Bonhoeffer kommt der Satz:<\/p>\n\n\n\n<p><em>Es reicht nicht, die Opfer unter dem Rad zu verbinden. Man muss dem Rad selbst in die Speichen fallen.<\/em> Zu Bonhoeffer:\n\n\n\n\nhttp:\/\/www.bonhoeffer.ch\/artikel\/bonhoeffer-bbdem-rad-in-die-speichen-fallenab\/\n\n\n\n\n<\/p>\n\n\n\n<p style=\"color:#a30003\" class=\"has-text-color\">\u00dcberlege: Was meint er in der Zeit des Nationalsozialismus damit?<\/p>\n\n\n\n<p>Dieser Satz von Bonhoeffer kennzeichnet auch das Wirken von Diakonie und Caritas: Es geht nicht nur darum, dass man den Menschen, die in Not geraten sind, hilft, sondern es geht auch darum, alle Bedingungen, die Menschen in die Not f\u00fchren, so gut es eben geht, zu ver\u00e4ndern. Das hei\u00dft, man muss im Bereich der Gesetzgebung seine Stimme erheben, man muss vor Ort jeweils das ver\u00e4ndern, was Not herbei f\u00fchrt.<\/p>\n\n\n\n<p>Um das bewerkstelligen zu k\u00f6nnen, denkt die <strong>christliche Soziallehre<\/strong> (Katholisch) bzw. <strong>Sozialethik<\/strong> (Evangelisch) \u00fcber das Handeln und politisch verantwortliches Denken nach. Grundlegend sind die drei Standbeine: Gemeinwohl, Solidarit\u00e4t und Subsidiarit\u00e4t.<\/p>\n\n\n\n<p style=\"background-color:#00a311\" class=\"has-text-color has-background has-white-color\"><strong>Gemeinwohl:<\/strong><\/p>\n\n\n\n<p>Es geht darum, dass nicht Individual-Interessen bzw. Gruppen-Interessen vor dem Gemeinwohl stehen d\u00fcrfen, sondern dass zwischen Individuen, Gruppen und Gesellschaft ein ausgewogenes Verh\u00e4ltnis herrscht. Doch was ist das \u201eGemeinwohl\u201c? Das, was Gemeinwohl ist, kann nicht einer oder eine Gruppe bestimmen, sondern wird durch die Interaktion verschiedenster Gruppen und Individuen immer wieder neu austariert. Dabei handelt es sich um sehr komplizierte gesellschaftspolitische Prozesse, denn wenn Medien alle dasselbe sagen, dann kann die Bev\u00f6lkerung auch in eine Richtung gedr\u00e4ngt werden \u2013 oder wenn manche Gruppen unterdr\u00fcckt und bedr\u00e4ngt werden, sie Angst bekommen, ihre Meinung auszusprechen, dann ist das Gemeinwohl sehr stark gef\u00e4hrdet. Von daher geh\u00f6rt zu diesem Prozess Meinungsfreiheit dazu.<\/p>\n\n\n\n<p style=\"background-color:#00a333\" class=\"has-text-color has-background has-white-color\"><strong>Solidarit\u00e4t:<\/strong><\/p>\n\n\n\n<p>Menschen tragen f\u00fcreinander Verantwortung. Sie bilden eine Gesellschaft aus Individuen, die einander helfen m\u00fcssen, das Leben nach Wunsch und Notwendigkeit gestalten zu k\u00f6nnen. Nach dem Motto: Gemeinsam sind wir stark, helfen also Interessengruppen einander \u2013 aber nicht nur. Sondern man erkennt, dass man auch fremde Menschen\/Gruppen unterst\u00fctzen muss, weil es dadurch der Gesellschaft besser geht. Man ist aufeinander angewiesen.<\/p>\n\n\n\n<p style=\"background-color:#17a300\" class=\"has-text-color has-background has-white-color\"><strong>Subsidiarit\u00e4t:<\/strong><\/p>\n\n\n\n<p>Subsidiarit\u00e4t hei\u00dft, dass die kleinsten Einheiten einer Gesellschaft f\u00fcr sich selbst verantwortlich sind und gest\u00e4rkt werden m\u00fcssen. Die kleinsten Einheiten sind: Familie, Kommune \u2013 und es geht dann politisch immer weiter (Kreis, Land, Bund\u2026). Diese kleinsten Einheiten bilden die Grundlage der Gesamtgesellschaft und die Gesamtgesellschaft hat diese kleinsten Einheiten zu unterst\u00fctzen. Diese pr\u00e4gen dann wieder die Gesamtgesellschaft. Konkret: In den Diktaturen ist das Prinzip andersherum: Es wird von einer Gruppe, die die Macht hat, bestimmt, was die jeweils untergebenen Menschen tun m\u00fcssen, welchen Gesetzen sie zu folgen haben, welcher Weltanschauung sie folgen m\u00fcssen. Das Subsidiarit\u00e4tsprinzip bedeutet hingegen, dass die Regierung die Pflicht hat, unabh\u00e4ngig von den Weltanschauungen der kleinsten Einheiten diese zu unterst\u00fctzen und zu f\u00f6rdern, denn diese bilden auch die Grundlage der Weltanschauung f\u00fcr den Staat. Regierungen m\u00fcssen somit die Familien, die Sport- und Kulturvereine usw. unterst\u00fctzen, sie m\u00fcssen die Kirchen (denen ja die Mehrheit der kleinsten Einheiten in unserem Land zugeh\u00f6ren) unterst\u00fctzen \u2013 und diese pr\u00e4gen jeweils wieder die Gesellschaft. Die Regierungen k\u00f6nnen laut dieses Prinzips nicht mehr sagen: Wir wollen die kleinsten Einheiten nicht mehr unterst\u00fctzen! oder sie k\u00f6nnen nicht mehr sagen: Die Weltanschauung\/Religion der Gesellschaft gef\u00e4llt uns nicht, wir wollen sie ver\u00e4ndern! Wenn eine Regierung das sagt, dann vergreift sie sich am Grundprinzip unserer Gesellschaft.<\/p>\n\n\n\n<p style=\"color:#a30003\" class=\"has-text-color\">Aufgabe:&nbsp;Finde Beispiele \u2013 diskutiere:<\/p>\n\n\n\n<p>Zurzeit wird jeder noch so kleinen Gruppe, die medial wirksam auf sich aufmerksam macht, Raum gegeben \u2013 zum Teil auch auf Kosten der Mehrheit.<\/p>\n\n\n\n<ul class=\"wp-block-list\"><li>Ist das richtig? Ist das falsch?<\/li><li>Darf \/ muss eine kleine Gruppe ein gro\u00dfer Raum einger\u00e4umt werden?<\/li><li>Wie kann eine Gesellschaft damit umgehen, damit sie nicht von einer kleinen weltanschaulichen Gruppe abh\u00e4ngig wird?<\/li><li>Wie muss eine Gesellschaft mit Minderheiten umgehen, dass diese angemessen ber\u00fccksichtigt werden?<\/li><\/ul>\n","protected":false},"excerpt":{"rendered":"<p>CHRISTLICHE SOZIALLEHRE \/ SOZIALETHIK Aufgabe:&nbsp;Von Dietrich Bonhoeffer kommt der Satz: Es reicht nicht, die Opfer unter dem Rad zu verbinden. Man muss dem Rad selbst in die Speichen fallen. Zu Bonhoeffer: http:\/\/www.bonhoeffer.ch\/artikel\/bonhoeffer-bbdem-rad-in-die-speichen-fallenab\/ \u00dcberlege: Was meint er in der Zeit des Nationalsozialismus damit? Dieser Satz von Bonhoeffer kennzeichnet auch das Wirken [&hellip;]<\/p>\n","protected":false},"author":1,"featured_media":0,"parent":74,"menu_order":0,"comment_status":"closed","ping_status":"closed","template":"","meta":{"footnotes":""},"class_list":["post-585","page","type-page","status-publish","hentry"],"_links":{"self":[{"href":"https:\/\/evangelische-religion.de\/ReligionNeu\/wp-json\/wp\/v2\/pages\/585","targetHints":{"allow":["GET"]}}],"collection":[{"href":"https:\/\/evangelische-religion.de\/ReligionNeu\/wp-json\/wp\/v2\/pages"}],"about":[{"href":"https:\/\/evangelische-religion.de\/ReligionNeu\/wp-json\/wp\/v2\/types\/page"}],"author":[{"embeddable":true,"href":"https:\/\/evangelische-religion.de\/ReligionNeu\/wp-json\/wp\/v2\/users\/1"}],"replies":[{"embeddable":true,"href":"https:\/\/evangelische-religion.de\/ReligionNeu\/wp-json\/wp\/v2\/comments?post=585"}],"version-history":[{"count":3,"href":"https:\/\/evangelische-religion.de\/ReligionNeu\/wp-json\/wp\/v2\/pages\/585\/revisions"}],"predecessor-version":[{"id":1274,"href":"https:\/\/evangelische-religion.de\/ReligionNeu\/wp-json\/wp\/v2\/pages\/585\/revisions\/1274"}],"up":[{"embeddable":true,"href":"https:\/\/evangelische-religion.de\/ReligionNeu\/wp-json\/wp\/v2\/pages\/74"}],"wp:attachment":[{"href":"https:\/\/evangelische-religion.de\/ReligionNeu\/wp-json\/wp\/v2\/media?parent=585"}],"curies":[{"name":"wp","href":"https:\/\/api.w.org\/{rel}","templated":true}]}}