{"id":581,"date":"2019-07-02T10:38:49","date_gmt":"2019-07-02T08:38:49","guid":{"rendered":"https:\/\/evangelische-religion.de\/ReligionNeu\/?page_id=581"},"modified":"2019-07-30T16:44:35","modified_gmt":"2019-07-30T14:44:35","slug":"diakonie-caritas-arbeitsfelder","status":"publish","type":"page","link":"https:\/\/evangelische-religion.de\/ReligionNeu\/kirche\/diakonie-caritas-arbeitsfelder\/","title":{"rendered":"Diakonie\/Caritas: Arbeitsfelder"},"content":{"rendered":"\n<p style=\"text-align:center\" class=\"has-medium-font-size\">ARBEITSFELDER DER DIAKONIE\/CARITAS \u2013 BER\u00dcHMTE CHRISTEN, DIE DIAKONISCH T\u00c4TIG WAREN<\/p>\n\n\n\n<p style=\"background-color:#a30003\" class=\"has-text-color has-background has-white-color\">Aufgaben:<\/p>\n\n\n\n<p style=\"color:#a30003\" class=\"has-text-color\">1.1 Welche Signale k\u00f6nnen H\u00e4nde geben? Sammelt \u2013 und versucht sie zu malen:<\/p>\n\n\n\n<p>Sie k\u00f6nnen drohen, abwehren, schlagen, entmutigen (Daumen nach unten), auf jemanden zeigen, beschimpfen, Vogel zeigen, verdeutlichen: hau ab,\u2026<\/p>\n\n\n\n<p>Sie k\u00f6nnen streicheln, segnen, man kann anderen die Hand reichen, Herz formen, aufmuntern (Daumen nach oben), sie k\u00f6nnen beten\u2026<\/p>\n\n\n\n<p style=\"color:#a30003\" class=\"has-text-color\">1.2. Macht ein paar Schattenspiele! (Im Internet gibt es zahlreiche Anleitungen.)<\/p>\n\n\n\n<p style=\"color:#a30003\" class=\"has-text-color\">1.3. Welche Gesten w\u00fcrden wir Jesus zutrauen? Begr\u00fcnde!<\/p>\n\n\n\n<p style=\"color:#a30003\" class=\"has-text-color\">2.1. Male einen Kreis, schreibe in den Kreis: \u201eGesellschaft\u201c. Auf den Kreisrand male Strichm\u00e4nnchen \u2013 manche lass auch runter fallen.<\/p>\n\n\n\n<p style=\"color:#a30003\" class=\"has-text-color\">2.2. Dann \u00fcberlege:<\/p>\n\n\n\n<ul class=\"wp-block-list\"><li>Welche Menschen leben in dem Kreis?<\/li><li>Welche Menschen leben am Rand der Gesellschaft?<\/li><li>Welche fallen aus der Gesellschaft ganz heraus?<\/li><li>Warum trifft das jeweilige auf Menschen zu?<\/li><\/ul>\n\n\n\n<p style=\"color:#a30003\" class=\"has-text-color\">2.3. Welche Gef\u00fchle haben wohl die Menschen am Rand? Sammelt im Plenum.<\/p>\n\n\n\n<p style=\"color:#a30003\" class=\"has-text-color\">2.4. Schreibe eine Geschichte von einem Menschen, der sich am Rand der Gesellschaft f\u00fchlt.<\/p>\n\n\n\n<p style=\"color:#a30003\" class=\"has-text-color\">2.5. Lest die Geschichten einander vor \u2013 \u00fcberlegt miteinander, wie kann dem Menschen geholfen werden?<\/p>\n\n\n\n<p style=\"text-align:center\" class=\"has-text-color has-medium-font-size has-accent-color\"><strong>Arbeitsfelder der Diakonie + Caritas<\/strong><\/p>\n\n\n\n<ul class=\"wp-block-list\"><li>Altenhilfe<\/li><li>Behindertenhilfe (Geistig\/K\u00f6rperlich)<\/li><li>Beratungsstellen (Telefonseelsorge)<\/li><li>Gemeindediakonie<\/li><li>Gesundheitsf\u00fcrsorge (Krankenhaus + Kurheime)<\/li><li>Kinder- und Jugendhilfe (Erziehungshilfe + Jugendwohnheime)<\/li><li>Kinderg\u00e4rten<\/li><li>Psychiatrische Hilfen<\/li><li>Seemanns- und Flussschiffermission<\/li><li>Sucht<\/li><li>Weltweite Diakonie (Brot f\u00fcr die Welt + Katastrophenhilfe)<\/li><li>Wohnungslosenhilfe<\/li><li>Migration + Integration<\/li><li>Straff\u00e4lligenhilfe<\/li><\/ul>\n\n\n\n<p style=\"text-align:center\" class=\"has-text-color has-accent-color\"><strong>Menschen christlicher F\u00fcrsorge\u00a0(kleine Auswahl mit Schwerpunkt auf die Neuzeit. In der \u00e4lteren Zeit vor allem Kl\u00f6ster)<\/strong><\/p>\n\n\n\n<ul class=\"wp-block-list\"><li>Basilius der Gro\u00dfe + 379<\/li><li>Benedikt von Nursia + 547<\/li><li>Cassiodor + um 580<\/li><li>Elisabeth von Th\u00fcringen + 1231<\/li><li>Johann Amos Comenius + 1670<\/li><li>August Hermann Franke 1727<\/li><li>Johann Julius Hecker 1768<\/li><li>Johannes Daniel Falk + 1826<\/li><li>Johann Friedrich Oberlin +1826<\/li><li>Louise Scheppler 1837<\/li><li>Friederike Fliedner + 1842<\/li><li>Amalie Sieveking + 1859<\/li><li>Theodor Fliedner + 1864<\/li><li>Clemens Theodor Perthes + 1867<\/li><li>Wilhelm L\u00f6he + 1872<\/li><li>Johann Hinrich Wichern + 1881<\/li><li>Gustav Werner + 1887<\/li><li>Theodor Lohmann + 1905<\/li><li>Adolf Stoecker + 1909<\/li><li>Friedrich v. Bodelschwingh d.\u00c4. + 1910<\/li><li>Lorenz Werthmann + 1921<\/li><li>Eva von Thiele Winckler + 1930<\/li><li>Theodor Hoppe + 1934<\/li><li>Friedrich v. Bodelschwingh d. J. + 1946<\/li><li>Paul Gerhard Braune + 1954<\/li><li>Eugen Gerstenmaier + 1986<\/li><li>Mutter Teresa + 1997<\/li><li>Cicely Saunders + 2005<\/li><\/ul>\n\n\n\n<p style=\"color:#a30003\" class=\"has-text-color\">Referate zu den Arbeitsfeldern. Informationen siehe unter:&nbsp;<a href=\"https:\/\/www.diakonie.de\/arbeitsfelder-im-historischen-verlauf\/\">https:\/\/www.diakonie.de\/arbeitsfelder-im-historischen-verlauf\/<\/a>&nbsp; ) s. auch&nbsp;<a href=\"https:\/\/www.caritas.de\/diecaritas\/deutschercaritasverband\/verbandszentrale\/arbeitsbereiche\/arbeitsbereiche.aspx\">https:\/\/www.caritas.de\/diecaritas\/deutschercaritasverband\/verbandszentrale\/arbeitsbereiche\/arbeitsbereiche.aspx<\/a>&nbsp;.<\/p>\n\n\n\n<p style=\"color:#a30003\" class=\"has-text-color\">Ebenso lassen sich Referate zu den genannten Menschen verteilen: biographische Hinweise zum Beispiel im Heiligenlexikon\u00a0<a href=\"http:\/\/www.heiligenlexikon.de\/\">http:\/\/www.heiligenlexikon.de\/<\/a>\u00a0 und nat\u00fcrlich in Wikipedia (aber nie Wikipedia allein benutzen &#8211; immer auch andere Infos zu Rate ziehen!).<\/p>\n","protected":false},"excerpt":{"rendered":"<p>ARBEITSFELDER DER DIAKONIE\/CARITAS \u2013 BER\u00dcHMTE CHRISTEN, DIE DIAKONISCH T\u00c4TIG WAREN Aufgaben: 1.1 Welche Signale k\u00f6nnen H\u00e4nde geben? Sammelt \u2013 und versucht sie zu malen: Sie k\u00f6nnen drohen, abwehren, schlagen, entmutigen (Daumen nach unten), auf jemanden zeigen, beschimpfen, Vogel zeigen, verdeutlichen: hau ab,\u2026 Sie k\u00f6nnen streicheln, segnen, man kann anderen die [&hellip;]<\/p>\n","protected":false},"author":1,"featured_media":0,"parent":74,"menu_order":0,"comment_status":"closed","ping_status":"closed","template":"","meta":{"footnotes":""},"class_list":["post-581","page","type-page","status-publish","hentry"],"_links":{"self":[{"href":"https:\/\/evangelische-religion.de\/ReligionNeu\/wp-json\/wp\/v2\/pages\/581","targetHints":{"allow":["GET"]}}],"collection":[{"href":"https:\/\/evangelische-religion.de\/ReligionNeu\/wp-json\/wp\/v2\/pages"}],"about":[{"href":"https:\/\/evangelische-religion.de\/ReligionNeu\/wp-json\/wp\/v2\/types\/page"}],"author":[{"embeddable":true,"href":"https:\/\/evangelische-religion.de\/ReligionNeu\/wp-json\/wp\/v2\/users\/1"}],"replies":[{"embeddable":true,"href":"https:\/\/evangelische-religion.de\/ReligionNeu\/wp-json\/wp\/v2\/comments?post=581"}],"version-history":[{"count":2,"href":"https:\/\/evangelische-religion.de\/ReligionNeu\/wp-json\/wp\/v2\/pages\/581\/revisions"}],"predecessor-version":[{"id":1268,"href":"https:\/\/evangelische-religion.de\/ReligionNeu\/wp-json\/wp\/v2\/pages\/581\/revisions\/1268"}],"up":[{"embeddable":true,"href":"https:\/\/evangelische-religion.de\/ReligionNeu\/wp-json\/wp\/v2\/pages\/74"}],"wp:attachment":[{"href":"https:\/\/evangelische-religion.de\/ReligionNeu\/wp-json\/wp\/v2\/media?parent=581"}],"curies":[{"name":"wp","href":"https:\/\/api.w.org\/{rel}","templated":true}]}}