{"id":562,"date":"2019-07-02T10:30:22","date_gmt":"2019-07-02T08:30:22","guid":{"rendered":"https:\/\/evangelische-religion.de\/ReligionNeu\/?page_id=562"},"modified":"2019-07-29T17:55:08","modified_gmt":"2019-07-29T15:55:08","slug":"kreuzzuege","status":"publish","type":"page","link":"https:\/\/evangelische-religion.de\/ReligionNeu\/kirche\/kreuzzuege\/","title":{"rendered":"Kreuzz\u00fcge"},"content":{"rendered":"\n<p style=\"text-align:center\" class=\"has-medium-font-size\">Kreuzz\u00fcge<\/p>\n\n\n\n<p>Die Bezeichnung \u201eKreuzzug\u201c stammt aus dem 17. Jahrhundert; vorher hie\u00df das, was wir heute mit \u201eKreuzzug\u201c bezeichnen: <em>Peregrinatio = Pilgerfahrt<\/em>)<\/p>\n\n\n\n<p style=\"background-color:#1de762;text-align:center\" class=\"has-text-color has-background has-white-color\"><strong>Vorgeschichte: Von Mohammed bis zum Kreuzzugsaufruf<\/strong><\/p>\n\n\n\n<p>Mit den so genannten Kreuzz\u00fcgen handelte es sich um milit\u00e4rische Reaktionen auf <em>islamische Angriffe<\/em> gegen das christliche Byzanz. Die Grenzen des Reiches sollten entlastet werden, indem sich die K\u00e4mpfe auf das Heilige Land konzentrierten. Dar\u00fcber hinaus kamen die Aufrufe, in den Kampf zu ziehen, sicherlich auch innenpolitisch gelegen, weil Mitteleuropa auf diese Weise junge M\u00e4nner loswerden konnte, die Sicherheitsrisiken boten: <em>Bandenbildung, Raubz\u00fcge<\/em>\u2026 Diese milit\u00e4rischen Aktionen waren zum Teil kaum sorgf\u00e4ltig geplant, sondern Aktionen, die von emotionalisierten Menschen durchgef\u00fchrt wurden \u2013 auch zum Nachteil vieler Mitteleurop\u00e4er: <em>Heere pl\u00fcnderten<\/em> auf dem Weg nach Pal\u00e4stina ganze Regionen, es fanden \u00dcberf\u00e4lle auf D\u00f6rfer und St\u00e4dte statt \u2013 auch <em>Pogrome<\/em> gegen Juden. Diese Art \u201eKriegf\u00fchrung\u201c war etwas typisch Mitteleurop\u00e4isches. Nicht ausgebildete Heere f\u00fchrten weitgehend Kriege, sondern \u2013 wie man es den alten Germanen nachsagte \u2013 Banden kampffreudiger Menschen. Zudem ist zu ber\u00fccksichtigen: In dieser fr\u00fchen Zeit wurde der <em>Islam als eine christliche Sekte<\/em> angesehen \u2013 als eine christliche Splittergruppe, die Irrlehren verbreitet. Das h\u00e4ngt damit zusammen, dass der Koran auf weiten Strecken das Alte Testament neu erz\u00e4hlt und Mohammed meinte, Judentum wie Christentum zu reformieren. Kreuzz\u00fcge waren im Christentum nicht unumstritten, obgleich genaue Regeln aufgestellt wurden, die allerdings kaum eingehalten worden sind. So hat <em>Radolphus Niger<\/em> (1146-1200[?]) ein Traktat gegen Kreuzz\u00fcge geschrieben, ebenso hat <em>Wolfram von Eschenbach<\/em> die Ermordung von Menschen als S\u00fcnde bezeichnet. In den Kreuzz\u00fcgen ging es nicht um Mission, darum, Menschen zu Jesus Christus zu bekehren. Denn schon fr\u00fch wussten Christen, dass gewaltsame Missionierung f\u00fcr sie tabu ist. Freiheit der Religion ist Menschenrecht (<em>Tertullian<\/em>: 150-220; Ansatz daf\u00fcr: Gleichnis vom Unkraut unter dem Weizen: <em>Matth\u00e4usevangelium 13,24ff<\/em>.). Die Kreuzz\u00fcge waren kein Krieg gegen die Muslime, es ging um die Unterst\u00fctzung von Byzanz und die R\u00fcckeroberung Jerusalems. <em>Kreuzz\u00fcge waren nur eine Episode f\u00fcr die Kampf erprobten Muslime.<\/em> Ohne weitere Bedeutung. Diese bekamen Bedeutung erst, als sie mit dem <em>britisch\/franz\u00f6sischen Kolonialismus<\/em> der Neuzeit verbunden wurden. Europ\u00e4ische Staaten hatten islamische Staaten besetzt, was dem religi\u00f6sen Selbstbewusstsein von Muslimen einen massiven Schlag versetzte.<\/p>\n\n\n\n<p><em>Die positiven Auswirkungen der Kreuzz\u00fcge:<\/em> Sie haben Europa wirtschaftlich und politisch selbst\u00e4ndiger gemacht. Europa war seit dem Niedergang des R\u00f6mischen Reiches ein bedeutungsloses Anh\u00e4ngsel asiatischer und islamischer Politik. Das \u00e4nderte sich erst mit den Kreuzz\u00fcgen \u2013 kultureller Ausdruck war die Renaissance. (Vor allem mit der Entdeckung Amerikas durch Kolumbus im 15. Jahrhundert begann Europa aufgrund des dadurch erlangten Reichtums intensiv die Weltpolitik zu bestimmen.) Was das Christentum Asiens betraf: Die Kreuzz\u00fcge hatten im weiteren asiatischen Umfeld kaum negative Auswirkungen auf Christen, wie an <em>Johannes von Montecorvino<\/em> (1246-1328) zu sehen ist\u00a0<a href=\"https:\/\/de.wikipedia.org\/wiki\/Johannes_von_Montecorvino\">https:\/\/de.wikipedia.org\/wiki\/Johannes_von_Montecorvino<\/a>\u00a0.<\/p>\n\n\n\n<ul class=\"wp-block-list\"><li><strong>622-632<\/strong> Eroberung des Gebietes von Saudi Arabien usw. durch Mohammed.<\/li><li><strong>632-661<\/strong> Islamische Eroberungen bis nach Afghanistan und Libyen.<\/li><li><strong>661-750<\/strong>\u00a0Islamische Eroberungen bis nach Pakistan\/Indien und Spanien.<\/li><li><strong>722<\/strong> Araber in Spanien \u2013 st\u00e4ndige Abwehrk\u00e4mpfe.<\/li><li><strong>732\u00a0<\/strong>besiegte Karl Martell die Araber und behielt Nordspanien (Schlacht von Poitiers).<\/li><li><strong>831<\/strong> Muslime nehmen Palermo (Sizilien) ein; viele Angriffe auf Rom. <\/li><li><strong>846<\/strong> Verw\u00fcstung Roms.<\/li><li><strong>939-960\u00a0<\/strong>Araber \u2013 Raubz\u00fcge in der Schweiz: bis Genf\/St. Gallen.<\/li><li><strong>966-1009<\/strong>\u00a0Aufgrund einer Radikalisierung der muslimischen Bev\u00f6lkerung, wurde der Bischof von Jerusalem, Johannes, \u00a0\u00a0\u00a0\u00a0\u00a0\u00a0\u00a0\u00a0\u00a0\u00a0 verbrannt. Der Kalif Al Hakim lie\u00df Christen massiv verfolgen, Kirchen zerst\u00f6ren und pl\u00fcndern und die Grabeskirche schleifen.<\/li><li><strong>1071\/1078<\/strong>\u00a0Islamische Seldschuken-T\u00fcrken (Gro\u00dfdynastie) bedrohen Byzanz und erobern Jerusalem.<\/li><li>(Info zur Situation in Europa: 1076-1122\u00a0Investiturstreit: Auseinandersetzung zwischen den zwei dominanten M\u00e4chten im christlichen Bereich: Wer hat mehr Macht: Kaiser oder Papst?)<\/li><li><strong>1095<\/strong>\u00a0Byzanz bittet den Papst um S\u00f6ldner zur Unterst\u00fctzung gegen die muslimischen Seldschuken. Auf der <em>Synode zu Clermont<\/em> ruft <em>Papst Urban II.<\/em> zum Kreuzzug auf. Neu an diesem Kreuzzugsaufruf war: Wer k\u00e4mpft, bekommt S\u00fcndenvergebung, hat somit Anteil am Paradies. Hier wurde muslimische Tradition vom Papst \u00fcbernommen und ins Christentum \u00fcbertragen.<\/li><\/ul>\n\n\n\n<p style=\"background-color:#1de71f;text-align:center\" class=\"has-text-color has-background has-white-color\"><strong>Kreuzz\u00fcge<\/strong><\/p>\n\n\n\n<ul class=\"wp-block-list\"><li><strong>1096-1099<\/strong>\u00a0<em>1. Kreuzzug<\/em>: Er f\u00fchrte zur Gr\u00fcndung: Grafschaft Edessa, F\u00fcrstentum Antiochia, K\u00f6nigreich Jerusalem. Der erste Kreuzzug sollte im August geregelt aufbrechen. Peter der Einsiedler hat vorher eine sehr gro\u00dfe Menschenhorde (M\u00e4nner, Frauen, Kinder) emotionalisiert, sodass sie schon im April aufgebrochen ist \u2013 und hat Judenpogrome durchgef\u00fchrt \u2013 Bisch\u00f6fe und St\u00e4dte versuchten, Juden zu sch\u00fctzen. Die Gruppe wurde in Israel bek\u00e4mpft und besiegt, was in Europa als Strafe f\u00fcr ihre Verbrechen angesehen wurde. Peter der Einsiedler blieb am Leben und schloss sich dann den sp\u00e4ter eintreffenden Rittern an. Aber nachdem die Leitung gestorben war, zerstritten sich die Ritter. Jerusalem wurde dann von verh\u00e4ltnism\u00e4\u00dfig wenigen Rittern erobert. Wie jede Eroberung von St\u00e4dten war sie brutal. Die brutalen Schilderungen der damaligen Zeit greifen jedoch Schilderungen aus der Antike auf, um die Bedeutung des Sieges hervorzuheben (zum Beispiel Schilderungen aus dem 1. Makkab\u00e4erbuch 5). Sie entsprechen nicht den Tatsachen. Neu ist allerdings, dass solche Schilderungen von Christen \u00fcbernommen wurden. Es waren keine Missions-Kreuzz\u00fcge (Ausnahme: Bernhard von Clairvaux [1090-1153] war f\u00fcr Mission mit Gewalt, Wilhelm von Tyrus mit vielen anderen [1130-1186] dagegen). Ebenso sollten es keine Eroberungs-Kreuzz\u00fcge sein: Eroberter Besitz sei an die alten Besitzer zur\u00fcckzugeben.<\/li><li><strong>1144<\/strong>\u00a0T\u00fcrken\/Osmanen erobern Edessa (den \u00e4ltesten christlichen Staat: Armenien).<\/li><li><strong>1147-1149<\/strong>\u00a0<em>2. Kreuzzug<\/em> zur Entlastung der Kreuzfahrerstaaten. Er hatte keinen Erfolg. <em>Wendenkreuzzug<\/em> an der Elbe (d\u00e4nische, s\u00e4chsische und polnische F\u00fcrsten gegen die Elbslawen. Es wurden also nicht nur Kreuzz\u00fcge gegen islamische Heere gef\u00fchrt).<\/li><li><strong>1187<\/strong>\u00a0Sultan Saladin (1171 Sultan in \u00c4gypten, 1193 Herrscher auch \u00fcber Syrien) erobert Jerusalem und den gr\u00f6\u00dften Teil der von Franken gehaltenen Gebiete.<\/li><li><strong>1189-1192<\/strong>\u00a0<em>3. Kreuzzug<\/em>\u00a0Friedrich Barbarossa, Richard L\u00f6wenherz, Philipp II. August (K\u00f6nig von Frankreich): Eroberung Zyperns und R\u00fcckeroberung Akkons.<\/li><li><strong>1202-1204<\/strong>\u00a0<em>4. Kreuzzug<\/em>\u00a0Eroberung des christlichen Konstantinopel (durch franz\u00f6sische Ritter und der Republik Venedig \u2013 es ging um Vorherrschaft im Handel \u2013 gegen den Willen des Papstes) und Teile Griechenlands; Gr\u00fcndung des lateinischen Kaiserreichs durch Franken und Venezier.<\/li><li><strong>1209-1229<\/strong>\u00a0<em>Kreuzzug gegen die Albigenser <\/em>(Katharer \u2013 eine extrem asketische christliche Gruppe) in S\u00fcdfrankreich.<\/li><li><strong>1212<\/strong>\u00a0<em>Kinderkreuzzug<\/em> \u2013 von Herrschern abgelehnt, sogar gewaltt\u00e4tig bek\u00e4mpft, um Kinder zum Umlenken zu bringen \u2013 Kinder\/Jugendliche starben oder endeten als Sklaven in islamischen L\u00e4ndern, verkauft von H\u00e4ndlern (die Forschung ist sich allerdings uneins \u00fcber die Ausma\u00dfe).<\/li><li><strong>1218-1221<\/strong>\u00a0<em>\u00c4gyptenkreuzzug.<\/em><\/li><li><strong>1228-1229<\/strong>\u00a0<em>5. Kreuzzug\u00a0<\/em>Friedrich II. gewinnt durch einen Vertrag Jerusalem zur\u00fcck; 1239 Deportation der Muslime aus Sizilien.<\/li><li><strong>1244<\/strong>\u00a0Endg\u00fcltige Eroberung Jerusalems durch \u00e4gyptische Muslime (Mamluken) (gegen ein Kreuzfahrerheer, mit dem syrische Muslime verb\u00fcndet waren!).<\/li><li><strong>1248-1254<\/strong>\u00a0<em>6. Kreuzzug<\/em>\u00a0Ludwig der Heilige von Frankreich versucht das Heilige Land von \u00c4gypten her zu erobern.<\/li><li><strong>1261<\/strong>\u00a0Ende des lateinischen Kaiserreichs.<\/li><li><strong>1270<\/strong>\u00a0<em>7. Kreuzzug<\/em>\u00a0\u00a0Ludwig der Heilige zieht gegen das islamische Tunesien, da von dort aus st\u00e4ndige arabische Sklavenz\u00fcge in Europa durchgef\u00fchrt wurden.<\/li><li><strong>1291\u00a0<\/strong>Ende der fr\u00e4nkischen Herrschaft im Heiligen Land.<\/li><li><strong>1371<\/strong>\u00a0fiel Makedonien in die H\u00e4nde der Osmanen.<\/li><li><strong>1396<\/strong>\u00a0Der sogenannte \u201e<em>letzte Kreuzzug<\/em>\u201c eines franz\u00f6sisch-ungarischen Heeres: Niederlage von Nikopolis.<\/li><li><strong>ab\u00a01420<\/strong>\u00a0Kreuzz\u00fcge gegen die christlichen Hussiten in B\u00f6hmen.<\/li><\/ul>\n\n\n\n<p style=\"background-color:#00a302;text-align:center\" class=\"has-text-color has-background has-white-color\"><strong>Weitere Abwehrk\u00e4mpfe durch europ\u00e4ische Staaten und Eroberungen islamischer Staaten:<\/strong><\/p>\n\n\n\n<ul class=\"wp-block-list\"><li><strong>1448<\/strong> <em>3<\/em>. Schlacht auf dem Amselfeld (Ungarn+Deutsch-B\u00f6hmen gegen Osmanen)<\/li><li><strong>1453<\/strong>\u00a0T\u00fcrken erobern Konstantinopel, die Hauptstadt von Byzanz, das Reich, das im Wesentlichen schon von den Osmanen besetzt war. Sie nannten Konstantinopel: Istanbul.<\/li><li><strong>1479<\/strong>\u00a0T\u00fcrkische Truppen in Norditalien.<\/li><li>(Info zur Situation in Europa: 1517:\u00a0Beginn der Reformation durch Luther.)<\/li><li><strong>1529\/1532<\/strong>\u00a0T\u00fcrken vor Wien: konnten zur\u00fcckgeschlagen werden.<\/li><li><strong>1571<\/strong> Zerst\u00f6rung der osmanischen Flotte (Seeschlacht bei Lepanto: Spanien + Venedig gegen Osmanen).<\/li><li>(Info zur Situation in Europa: 1618-1648\u00a030 j\u00e4hriger Krieg.)<\/li><li><strong>1683-1699<\/strong>\u00a0T\u00fcrken belagern Wien erneut \u2013 sie wurden zur\u00fcckgeschlagen.<\/li><li><strong>1714-1718<\/strong>\u00a0 6. \u00d6sterreichischer T\u00fcrkenkrieg: Prinz Eugen von Savoyen schlug sie endg\u00fcltig zur\u00fcck.<\/li><li><strong>1830\u00a0<\/strong>Griechenland befreit sich von osmanischer Herrschaft.<\/li><li><strong>1878<\/strong>\u00a0Serbien und Bulgarien wurden unabh\u00e4ngige Staaten.<\/li><li><strong>Zwischen 1830<\/strong> (Algerien) <strong>und 1912<\/strong> (Marokko) wurde Nordafrika von Frankreich erobert, ab <strong>1839<\/strong> (Jemen), <strong>1882<\/strong> (\u00c4gypten) und <strong>1920<\/strong> (Irak und weitere) hat Gro\u00dfbritannien gro\u00dfe Teile der islamischen Welt \u201e\u00fcbernommen\u201c. Inzwischen sind sie jedoch wieder selbst\u00e4ndig.<\/li><\/ul>\n\n\n\n<p style=\"background-color:#20a300;text-align:center\" class=\"has-text-color has-background has-white-color\"><strong>Hinweise:<\/strong><\/p>\n\n\n\n<p>Manche Untersuchung wird noch \u00dcberraschungen mit sich bringen, die ein neues Licht auf die Kreuzz\u00fcge werfen lassen.<\/p>\n\n\n\n<p style=\"color:#a30003\" class=\"has-text-color\"><strong>Aufgabe<\/strong>: Vergleiche diese Aussagen oben mit diesem Beitrag:\u00a0<a href=\"https:\/\/klexikon.zum.de\/wiki\/Kreuzzug\">https:\/\/klexikon.zum.de\/wiki\/Kreuzzug<\/a><\/p>\n\n\n\n<p style=\"color:#a30003\" class=\"has-text-color\">Was fehlt in dem Beitrag des Lexikons? Wenn das fehlt, kann man die Kreuzz\u00fcge geschichtlich richtig einordnen?<\/p>\n","protected":false},"excerpt":{"rendered":"<p>Kreuzz\u00fcge Die Bezeichnung \u201eKreuzzug\u201c stammt aus dem 17. Jahrhundert; vorher hie\u00df das, was wir heute mit \u201eKreuzzug\u201c bezeichnen: Peregrinatio = Pilgerfahrt) Vorgeschichte: Von Mohammed bis zum Kreuzzugsaufruf Mit den so genannten Kreuzz\u00fcgen handelte es sich um milit\u00e4rische Reaktionen auf islamische Angriffe gegen das christliche Byzanz. Die Grenzen des Reiches sollten [&hellip;]<\/p>\n","protected":false},"author":1,"featured_media":0,"parent":74,"menu_order":0,"comment_status":"closed","ping_status":"closed","template":"","meta":{"footnotes":""},"class_list":["post-562","page","type-page","status-publish","hentry"],"_links":{"self":[{"href":"https:\/\/evangelische-religion.de\/ReligionNeu\/wp-json\/wp\/v2\/pages\/562","targetHints":{"allow":["GET"]}}],"collection":[{"href":"https:\/\/evangelische-religion.de\/ReligionNeu\/wp-json\/wp\/v2\/pages"}],"about":[{"href":"https:\/\/evangelische-religion.de\/ReligionNeu\/wp-json\/wp\/v2\/types\/page"}],"author":[{"embeddable":true,"href":"https:\/\/evangelische-religion.de\/ReligionNeu\/wp-json\/wp\/v2\/users\/1"}],"replies":[{"embeddable":true,"href":"https:\/\/evangelische-religion.de\/ReligionNeu\/wp-json\/wp\/v2\/comments?post=562"}],"version-history":[{"count":2,"href":"https:\/\/evangelische-religion.de\/ReligionNeu\/wp-json\/wp\/v2\/pages\/562\/revisions"}],"predecessor-version":[{"id":1248,"href":"https:\/\/evangelische-religion.de\/ReligionNeu\/wp-json\/wp\/v2\/pages\/562\/revisions\/1248"}],"up":[{"embeddable":true,"href":"https:\/\/evangelische-religion.de\/ReligionNeu\/wp-json\/wp\/v2\/pages\/74"}],"wp:attachment":[{"href":"https:\/\/evangelische-religion.de\/ReligionNeu\/wp-json\/wp\/v2\/media?parent=562"}],"curies":[{"name":"wp","href":"https:\/\/api.w.org\/{rel}","templated":true}]}}