{"id":519,"date":"2019-07-01T21:07:27","date_gmt":"2019-07-01T19:07:27","guid":{"rendered":"https:\/\/evangelische-religion.de\/ReligionNeu\/?page_id=519"},"modified":"2019-08-18T16:54:22","modified_gmt":"2019-08-18T14:54:22","slug":"bibeltagebuch","status":"publish","type":"page","link":"https:\/\/evangelische-religion.de\/ReligionNeu\/heilige-schriften\/bibeltagebuch\/","title":{"rendered":"Bibeltagebuch"},"content":{"rendered":"\n<p style=\"text-align:center\" class=\"has-medium-font-size\">DIE BIBEL: BIBELTAGEBUCH<\/p>\n\n\n\n<p>Hast Du schon ein Bibel-Tagebuch angelegt? Gestalte Dir ein Ringbuch sch\u00f6n &#8211; und lege es folgenderma\u00dfen an. Es werden nur ein paar Hinweise gegeben. Du wirst schon selbst wissen, wie es sch\u00f6n anzulegen ist.<\/p>\n\n\n\n<p style=\"text-align:center\" class=\"has-text-color has-accent-color\"><strong>Datum \u2013 wann lese und bearbeite ich den Bibeltext?<\/strong> <strong>Welchen Bibeltext?<\/strong><\/p>\n\n\n\n<p style=\"text-align:center\">Bibeltext lesen (zum wissenschaftlichen Lesen siehe: <a href=\"https:\/\/evangelische-religion.de\/ReligionNeu\/heilige-schriften\/exegese\/\">https:\/\/evangelische-religion.de\/ReligionNeu\/heilige-schriften\/exegese\/<\/a>)<\/p>\n\n\n\n<p>1. Mein erster Eindruck: Wesentliche Aussage des Textes:&#8230;<\/p>\n\n\n\n<p>2. Nun gilt es, genauer zu lesen:<\/p>\n\n\n\n<p>3. Welcher Gattung \/ Textart \/ Form geh\u00f6rt der Text an? (Wunder, Gleichnis, Gebet, Rede, Brief, Biographie, Erscheinungsgeschichte, Prophetisches Wort,\u2026)<\/p>\n\n\n\n<p>3a) Was sagt der Text \u00fcber Gott? (<strong>Theologie<\/strong>)<\/p>\n\n\n\n<p>3b) Was sagt er \u00fcber den Menschen (Jesus, J\u00fcnger, Verfasser\u2026)<\/p>\n\n\n\n<p>3c) Was sagt er \u00fcber den auferstandenen Jesus? (<strong>Christologie<\/strong>)<\/p>\n\n\n\n<p>3d) Was sagt er \u00fcber das Heilshandeln Jesu (z.B.: gestorben f\u00fcr uns) (<strong>Soteriologie<\/strong>)<\/p>\n\n\n\n<p>3e) Was sagt er \u00fcber den Heiligen Geist? (<strong>Pneumatologie<\/strong>)<\/p>\n\n\n\n<p>3f) Was sagt er \u00fcber die Kirche, Gemeinde? (<strong>Ekklesiologie<\/strong>)<\/p>\n\n\n\n<p>3g) Was sagt er \u00fcber die letzte Zeit? (<strong>Eschatologie<\/strong>)<\/p>\n\n\n\n<p>3h) Was sagt er \u00fcber den Menschen? (<strong>Anthropologie<\/strong>)<\/p>\n\n\n\n<p>3i) Was sagt er \u00fcber tats\u00e4chliches, erwartetes, gefordertes Verhalten des Menschen?&nbsp; (<strong>Ethik<\/strong>)<\/p>\n\n\n\n<p>4. Die folgende Aussage, das Wort, den Aspekt des Textes habe ich \u00fcberhaupt nicht verstanden!<\/p>\n\n\n\n<p>5. Genau formulieren, was nicht verstanden wurde!<\/p>\n\n\n\n<p>6. Um zu verstehen, habe ich im Wibilex nachgeschaut:&nbsp;<a href=\"http:\/\/www.bibelwissenschaft.de\/wibilex\/themenregister\/\">http:\/\/www.bibelwissenschaft.de\/wibilex\/themenregister\/<\/a> oder andere Hilfsmittel verwendet:<\/p>\n\n\n\n<p>7a) Die wesentlichste Aussage des Textes nach dieser Vorarbeit.<\/p>\n\n\n\n<p>7b) Unterscheidet sie sich von dem ersten Eindruck? (oben unter 1.)<\/p>\n\n\n\n<p>8a) Der Text war mir hilfreich\u2026 &#8211; begr\u00fcnden!<\/p>\n\n\n\n<p>8b) der Text k\u00f6nnte anderen hilfreich sein\u2026 \u2013 begr\u00fcnden!<\/p>\n\n\n\n<p>9. Ich m\u00f6chte dem Text folgendes Zeichen \/ folgende Farbe geben (zum Beispiel: hellere Zeichen: Haus, Blume, Sonne, Kreuz, Wolke, Smiley \u2013 oder dunklere Zeichen: Winterbaum, geknickte Blume, zerst\u00f6rtes Haus, Anti-Smiley\u2026)<\/p>\n\n\n\n<p>10. Hier kann man sich Tipps holen:  <a href=\"https:\/\/www.youtube.com\/watch?v=3tqArx7eFmw\">https:\/\/www.youtube.com\/watch?v=3tqArx7eFmw<\/a> und:  <a href=\"https:\/\/www.youtube.com\/watch?v=fsrpPUi6Ql8\">https:\/\/www.youtube.com\/watch?v=fsrpPUi6Ql8<\/a> <\/p>\n","protected":false},"excerpt":{"rendered":"<p>DIE BIBEL: BIBELTAGEBUCH Hast Du schon ein Bibel-Tagebuch angelegt? Gestalte Dir ein Ringbuch sch\u00f6n &#8211; und lege es folgenderma\u00dfen an. Es werden nur ein paar Hinweise gegeben. Du wirst schon selbst wissen, wie es sch\u00f6n anzulegen ist. Datum \u2013 wann lese und bearbeite ich den Bibeltext? Welchen Bibeltext? Bibeltext lesen [&hellip;]<\/p>\n","protected":false},"author":1,"featured_media":0,"parent":45,"menu_order":0,"comment_status":"closed","ping_status":"closed","template":"","meta":{"footnotes":""},"class_list":["post-519","page","type-page","status-publish","hentry"],"_links":{"self":[{"href":"https:\/\/evangelische-religion.de\/ReligionNeu\/wp-json\/wp\/v2\/pages\/519","targetHints":{"allow":["GET"]}}],"collection":[{"href":"https:\/\/evangelische-religion.de\/ReligionNeu\/wp-json\/wp\/v2\/pages"}],"about":[{"href":"https:\/\/evangelische-religion.de\/ReligionNeu\/wp-json\/wp\/v2\/types\/page"}],"author":[{"embeddable":true,"href":"https:\/\/evangelische-religion.de\/ReligionNeu\/wp-json\/wp\/v2\/users\/1"}],"replies":[{"embeddable":true,"href":"https:\/\/evangelische-religion.de\/ReligionNeu\/wp-json\/wp\/v2\/comments?post=519"}],"version-history":[{"count":4,"href":"https:\/\/evangelische-religion.de\/ReligionNeu\/wp-json\/wp\/v2\/pages\/519\/revisions"}],"predecessor-version":[{"id":1655,"href":"https:\/\/evangelische-religion.de\/ReligionNeu\/wp-json\/wp\/v2\/pages\/519\/revisions\/1655"}],"up":[{"embeddable":true,"href":"https:\/\/evangelische-religion.de\/ReligionNeu\/wp-json\/wp\/v2\/pages\/45"}],"wp:attachment":[{"href":"https:\/\/evangelische-religion.de\/ReligionNeu\/wp-json\/wp\/v2\/media?parent=519"}],"curies":[{"name":"wp","href":"https:\/\/api.w.org\/{rel}","templated":true}]}}