{"id":513,"date":"2019-07-01T21:04:58","date_gmt":"2019-07-01T19:04:58","guid":{"rendered":"https:\/\/evangelische-religion.de\/ReligionNeu\/?page_id=513"},"modified":"2020-01-25T12:46:01","modified_gmt":"2020-01-25T11:46:01","slug":"einleitung-bibel","status":"publish","type":"page","link":"https:\/\/evangelische-religion.de\/ReligionNeu\/heilige-schriften\/einleitung-bibel\/","title":{"rendered":"Einleitung: Bibel"},"content":{"rendered":"\n<p class=\"has-text-align-center has-medium-font-size\">Kurz\u00fcberblick \u00fcber die Bibel<\/p>\n\n\n\n<p>Die Bibel besteht aus einer Zusammenstellung zahlreicher Texte, die im Laufe von ca. 1000 Jahren entstanden sind. Einen Kurz\u00fcberblick \u00fcber das Werden der Texte, der Textzusammenstellung (Kanonisierung) und der Wirkungsgeschichte gibt die Zeitachse (wird nachgeliefert).<\/p>\n\n\n\n<p>*<\/p>\n\n\n\n<p>Die Bibel spannt einen Bogen \u00fcber die gesamte Sch\u00f6pfung und Menschheitsgeschichte:&nbsp;&nbsp;&nbsp;&nbsp;&nbsp;&nbsp;&nbsp;&nbsp;&nbsp;&nbsp;&nbsp;&nbsp;&nbsp;&nbsp;<\/p>\n\n\n\n<p class=\"has-text-color has-accent-color\"><strong>Von A: Gott ist der Sch\u00f6pfer aller Menschen&nbsp;&nbsp;&nbsp;&nbsp;&nbsp;<\/strong>&nbsp;&nbsp;&nbsp;&nbsp;&nbsp;&nbsp;&nbsp;&nbsp;&nbsp;&nbsp;&nbsp;&nbsp;&nbsp;&nbsp;&nbsp;&nbsp;&nbsp;&nbsp;&nbsp;&nbsp;&nbsp;&nbsp;&nbsp;&nbsp;&nbsp;&nbsp;&nbsp;&nbsp;&nbsp;&nbsp;&nbsp;&nbsp;&nbsp; <\/p>\n\n\n\n<p style=\"color:#00a31f\" class=\"has-text-color\"><em>\u00fcber B: Gott erw\u00e4hlt sich ein Volk.<\/em><\/p>\n\n\n\n<p style=\"color:#176d3c\" class=\"has-text-color\"><em>\u00fcber B\u00b4: Gott wird in Jesus Christus Mensch f\u00fcr alle Menschen.&nbsp;<\/em>&nbsp;&nbsp;&nbsp;                                               <\/p>\n\n\n\n<p style=\"color:#001aa3\" class=\"has-text-color\"><strong>zu A\u00b4: Gott wird eine neue Sch\u00f6pfung herbeif\u00fchren<\/strong><\/p>\n\n\n\n<p>Mit diesem Bogen sagt sie: Gott ist der Herr der Geschichte: Er hat sie erschaffen, er erh\u00e4lt sie, er f\u00fchrt sie zum Ende und neuen Anfang.<\/p>\n\n\n\n<p>*<\/p>\n\n\n\n<p>Bibeltexte sind online unter anderem hier zu finden:<\/p>\n\n\n\n<p> <a href=\"https:\/\/www.bibleserver.com\/\">https:\/\/www.bibleserver.com\/<\/a> &nbsp;Dort muss man dann die gew\u00fcnschte \u00dcbersetzung und dann das jeweilige biblische Buch w\u00e4hlen und das gew\u00fcnschte Kapitel. \u2013 Alles Gute beim Lesen!<\/p>\n\n\n\n<p style=\"color:#a30a00\" class=\"has-text-color\">Die Luher-Bibel kann man sich als App kostenlos herunterladen.<\/p>\n\n\n\n<p>*<\/p>\n\n\n\n<p style=\"color:#a36700\" class=\"has-text-color\">Literatur<\/p>\n\n\n\n<p style=\"color:#a34f00\" class=\"has-text-color\">Literatur \u2013 aus der zahlreichen Literatur m\u00f6chte ich nur folgende nennen:<\/p>\n\n\n\n<p style=\"color:#a36c00\" class=\"has-text-color\">Andreas Di\u00dfe: Die Bibel. Gymnasium. stark-Verlag 2009 (Abitur-Wissen Religion)<\/p>\n\n\n\n<p style=\"color:#a34f00\" class=\"has-text-color\">Michael Landgraf: Bibel. Einf\u00fchrung \u2013 Materialien \u2013 Kreativideen, Calwer \u2013 EPV \u2013 RPE, Speyer\/Stuttgart 2009<\/p>\n\n\n\n<p style=\"color:#a37100\" class=\"has-text-color\">Stephan Sigg; Die Bibel f\u00fcr Sch\u00fcler lebendig machen. Motivierende Ideen und Methoden zur Bibelarbeit, Verlag an der Ruhr, Nachdruck 2018<\/p>\n\n\n\n<p style=\"color:#a34f00\" class=\"has-text-color\">Ebenso sei die Reihe: Mit Kindern die Bibel entdecken, Christliche Verlagsgesellschaft Dillenburg genannt, die zahlreiche Anregungen f\u00fcr den Unterricht (mit DVD) enth\u00e4lt.<\/p>\n\n\n\n<p>3 Stunden &#8211; Arte Dokumentation:  <a href=\"https:\/\/www.youtube.com\/watch?v=LxIB4__r9jQ\">https:\/\/www.youtube.com\/watch?v=LxIB4__r9jQ<\/a> <\/p>\n\n\n\n<p>DVDs: Josef, SCM (Zeichentrick), Der Prinz von \u00c4gypten (Moses) (Zeichentrick)<\/p>\n\n\n\n<p>Youtube &#8211; Zeichentrick Bibel-Geschichten: David  <a href=\"https:\/\/www.youtube.com\/watch?v=W52CKu8p2cM\">https:\/\/www.youtube.com\/watch?v=W52CKu8p2cM<\/a> und Teil 2:   <a href=\"https:\/\/www.youtube.com\/watch?v=MaXL_Y7nyhE\">https:\/\/www.youtube.com\/watch?v=MaXL_Y7nyhE<\/a>  David gegen Goliath &#8211; Gespr\u00e4chsankn\u00fcpfung: Wann verwendet man heute diese Kombination? <\/p>\n\n\n\n<p>Bibel-Geschichten auch zu anderen Themen, so zum Beispiel zu Josua&#8230;<\/p>\n\n\n\n<p>Es gibt zahlreiche Clips zu Bible Art Journaling + Digital + &#8230;  <a href=\"https:\/\/www.youtube.com\/watch?v=tUWkmkLxd3M\">https:\/\/www.youtube.com\/watch?v=tUWkmkLxd3M<\/a>  Bibel-Lettering finden wir hier:  <a href=\"https:\/\/www.youtube.com\/watch?v=7eRSR8lixQE\">https:\/\/www.youtube.com\/watch?v=7eRSR8lixQE<\/a> und Tipps:  <a href=\"https:\/\/www.youtube.com\/watch?v=4yyOKP6ms2Y\">https:\/\/www.youtube.com\/watch?v=4yyOKP6ms2Y<\/a> <\/p>\n\n\n\n<p style=\"color:#a35400\" class=\"has-text-color\"><strong>Viel brauchbares Folien-Material bietet auch:  reli-mat.de im<\/strong>  <a href=\"https:\/\/www.reli-shop.de\/\">https:\/\/www.reli-shop.de\/<\/a> <\/p>\n","protected":false},"excerpt":{"rendered":"<p>Kurz\u00fcberblick \u00fcber die Bibel Die Bibel besteht aus einer Zusammenstellung zahlreicher Texte, die im Laufe von ca. 1000 Jahren entstanden sind. Einen Kurz\u00fcberblick \u00fcber das Werden der Texte, der Textzusammenstellung (Kanonisierung) und der Wirkungsgeschichte gibt die Zeitachse (wird nachgeliefert). * Die Bibel spannt einen Bogen \u00fcber die gesamte Sch\u00f6pfung und [&hellip;]<\/p>\n","protected":false},"author":1,"featured_media":0,"parent":45,"menu_order":0,"comment_status":"closed","ping_status":"closed","template":"","meta":{"footnotes":""},"class_list":["post-513","page","type-page","status-publish","hentry"],"_links":{"self":[{"href":"https:\/\/evangelische-religion.de\/ReligionNeu\/wp-json\/wp\/v2\/pages\/513","targetHints":{"allow":["GET"]}}],"collection":[{"href":"https:\/\/evangelische-religion.de\/ReligionNeu\/wp-json\/wp\/v2\/pages"}],"about":[{"href":"https:\/\/evangelische-religion.de\/ReligionNeu\/wp-json\/wp\/v2\/types\/page"}],"author":[{"embeddable":true,"href":"https:\/\/evangelische-religion.de\/ReligionNeu\/wp-json\/wp\/v2\/users\/1"}],"replies":[{"embeddable":true,"href":"https:\/\/evangelische-religion.de\/ReligionNeu\/wp-json\/wp\/v2\/comments?post=513"}],"version-history":[{"count":12,"href":"https:\/\/evangelische-religion.de\/ReligionNeu\/wp-json\/wp\/v2\/pages\/513\/revisions"}],"predecessor-version":[{"id":2031,"href":"https:\/\/evangelische-religion.de\/ReligionNeu\/wp-json\/wp\/v2\/pages\/513\/revisions\/2031"}],"up":[{"embeddable":true,"href":"https:\/\/evangelische-religion.de\/ReligionNeu\/wp-json\/wp\/v2\/pages\/45"}],"wp:attachment":[{"href":"https:\/\/evangelische-religion.de\/ReligionNeu\/wp-json\/wp\/v2\/media?parent=513"}],"curies":[{"name":"wp","href":"https:\/\/api.w.org\/{rel}","templated":true}]}}