{"id":509,"date":"2019-07-01T21:02:32","date_gmt":"2019-07-01T19:02:32","guid":{"rendered":"https:\/\/evangelische-religion.de\/ReligionNeu\/?page_id=509"},"modified":"2019-08-10T16:15:12","modified_gmt":"2019-08-10T14:15:12","slug":"bedeutung-der-bibel","status":"publish","type":"page","link":"https:\/\/evangelische-religion.de\/ReligionNeu\/heilige-schriften\/bedeutung-der-bibel\/","title":{"rendered":"Bedeutung der Bibel"},"content":{"rendered":"\n<p style=\"text-align:center\" class=\"has-medium-font-size\">DIE GROSSE BEDEUTUNG DER BIBEL<\/p>\n\n\n\n<p>Auf Youtube gibt es Filme, die zeigen, wie Menschen auf Papua Neu Guinea eine Bibel bekommen. Sie tanzen und jubeln und feiern ein gro\u00dfes Bibelfest \u2013 die Bibel ist endlich da! In einer Gemeinde in China bekommen Menschen Bibeln. Sie weinen, sie lachen, sie dr\u00fccken sie an ihr Herz \u2013 die Bibel. Unsere Bibel.  <a href=\"https:\/\/www.youtube.com\/watch?v=ShO0wQAelxo\">https:\/\/www.youtube.com\/watch?v=ShO0wQAelxo<\/a>  (Papua Neu Guinea),  <a href=\"https:\/\/www.youtube.com\/watch?v=yWyjQcaEXHQ\">https:\/\/www.youtube.com\/watch?v=yWyjQcaEXHQ<\/a>  (China).<\/p>\n\n\n\n<p>Und wir? Bei uns kann man Bibeln nachgeworfen kriegen. Und so gehen auch manche mit ihr um. Ich h\u00f6rte einmal, dass einer sagte, er habe gesehen, wie sein Nachbar die Bibel als Schrankbein benutzt hat, weil sie gerade die H\u00f6he des kaputten Schrankbeines hatte. Sie war zumindest zu etwas n\u00fctzlich und verstaubte nicht irgendwo in den Regalen. Aber warum ist dem so?<\/p>\n\n\n\n<p><em>Oh, die Bibel ist so schwer zu verstehen!&nbsp;<\/em>Ja, in einer Zeit, in der man m\u00f6glichst viele Informationen in einer leicht erkl\u00e4rten Form, m\u00f6glichst mit Grafiken und Bildchen bekommen m\u00f6chte, verlangt die Bibel uns vieles ab. Aber das macht sie auch so besonders. Man muss sie ganz anders lesen, wie Luther sinngem\u00e4\u00df sagte: <em>Die Bibel ist wie ein Kr\u00e4utlein, man muss es zerreiben, damit es Wirkung entfalten kann.<\/em>&nbsp; Man muss ihre Texte im Herzen und mit dem Kopf bewegen, damit Gottes Wort in uns wahrnehmbar wird.<\/p>\n\n\n\n<p>Gottes Wort? Schreiben nicht nur Menschen etwas \u00fcber Gott? Sie ist Gottes Wort: Gott spricht durch Menschen zu uns. Und dass Gott durch Menschen zu uns spricht, d\u00fcrfen wir nicht gering sch\u00e4tzen. Es ist gro\u00dfartig, wie wichtig Gott uns Menschen nimmt. Er spricht durch uns \u2013 zu uns. Aber es ist kein Husch-Husch-Wort, sondern eines, das wie ein Kr\u00e4utlein langsam zerrieben werden muss, um seine heilende Wirkung zu entfalten. Und so gehen viele von unseren Zeitgenossen nicht nachl\u00e4ssig und absch\u00e4tzig mit der Bibel um, sondern wissen, was sie an ihr haben: Hilfe, Trost, Wegweisung, Kraft \u2013 denn all das kommt von Gott in seinem Wort.<\/p>\n\n\n\n<p>Die Autoren der Bibel wollten vermutlich wie die Autoren ihrer Zeit, nicht einfach nur das wiedergeben, was sie als Fakten vorliegen hatten. Sie interpretierten die Fakten so, dass Menschen sie auch gerne lesen, ja, sie begeistern. Wir d\u00fcrfen unseren Anspruch an Geschichtsschreibung nicht einfach 1:1 auf die damalige Zeit \u00fcbertragen.<\/p>\n\n\n\n<p>***<\/p>\n\n\n\n<p style=\"text-align:center\" class=\"has-text-color has-accent-color\"><strong>Die Bibel \u2013 auch heute noch das wichtigste Buch<\/strong>.<\/p>\n\n\n\n<p>Sie ist ein Super-Buch: Sie wurde mehr als alle B\u00fccher der Welt \u00fcbersetzt, verfilmt, gelesen, \u2026 \u2013 K\u00fcnstlerinnen und K\u00fcnstler malten und gestalteten Szenen durch die letzten 2000 Jahre hinweg. Die Bibel wird auch in der Gegenwart eingesetzt, um zum Beispiel technische Errungenschaften vorzuf\u00fchren: Ein Roboter schreibt sie ab, die kleinste Bibel besteht aus einer Folie von 3\u00d72,7 cm. Eine Bibel-App wurde in kurzer Zeit \u00fcber 100Millionen Mal heruntergeladen und kann auf 376 Sprachen gelesen werden.&nbsp;<a href=\"http:\/\/now.youversion.com\/%20Wir%20finden%20Worte%20der%20Bibel%20auf%20neuester%20Mode:%20http:\/\/www.pro-medienmagazin.de\/gesellschaft.html?&amp;news%5Baction%5D=detail&amp;news%5Bid%5D=6938\">http:\/\/now.youversion.com\/ Wir finden Worte der Bibel auf neuester Mode: http:\/\/www.pro-medienmagazin.de\/gesellschaft.html?&amp;news[action]=detail&amp;news[id]=6938<\/a><\/p>\n\n\n\n<p>Vieles k\u00f6nnte noch genannt werden. Wenn Du ein wenig recherchierst, findest Du es selbst heraus. Hast Du schon einmal etwas von Bible Art Journaling geh\u00f6rt? Jetzt ja:  <a href=\"https:\/\/www.youtube.com\/watch?v=U9-QTEjL9-w\">https:\/\/www.youtube.com\/watch?v=U9-QTEjL9-w<\/a> und  <a href=\"https:\/\/www.youtube.com\/watch?v=4WZy37xgFYI\">https:\/\/www.youtube.com\/watch?v=4WZy37xgFYI<\/a> <\/p>\n\n\n\n<p>Aber was macht die Bibel wirklich zu einem so besonderen Buch?<\/p>\n\n\n\n<p>Menschen leben in ihrer Welt, k\u00fcmmern sich um Essen, Trinken, Familie, Beruf\u2026 \u2013 die Bibel weist auf etwas, das \u00fcber diesen Alltag hinausgeht. Das wird mit vielen Namen bezeichnet: das G\u00f6ttliche, das Spirituelle, das Transzendente, Gott\u2026<\/p>\n\n\n\n<p>In der Bibel finden wir Berichte von Juden und sp\u00e4ter Christen, die von Gottesoffenbarungen, ihren Gotteserlebnissen weitersagen: Von Abraham wird geredet, von Moses, von Propheten und vielen anderen, die Gott geh\u00f6rt haben und diese Worte weitergegeben haben. Im Neuen Testament berichten Menschen von ihren Erfahrungen, die sie mit Jesus Christus gemacht haben. Sie wurden von seiner Anwesenheit so \u00fcberw\u00e4ltigt, dass sie in ihm Gottes Liebe wirken sahen: Er hat geheilt, er hat Menschen gesagt, was sie tun sollen, wenn sie gut miteinander auskommen wollen, hat ihnen Hoffnung gegeben, das schwere Leben gut bew\u00e4ltigen zu k\u00f6nnen. Und seine Liebe ist \u00fcber sein irdisches Leben hinaus zu sp\u00fcren gewesen \u2013 ist es bis heute. Das macht sie zum wichtigsten Buch.<\/p>\n\n\n\n<p>Das sind freilich alte Worte. Warum werden sie heute noch so wichtig genommen?<\/p>\n\n\n\n<p>JUDEN UND CHRISTEN H\u00d6REN IN DIESEN WORTEN VON MENSCHEN GOTT SPRECHEN:<\/p>\n\n\n\n<ul class=\"wp-block-list\"><li>Gott sagt uns, wie wir uns verhalten m\u00fcssen, damit die Welt besser wird. Dazu geh\u00f6rt es, sich f\u00fcr andere Menschen einzusetzen, in Liebe (= Taten, die ihnen gut tun, die gut f\u00fcr sie sind). Das finden wir bei den Propheten (z.B. Prophet Amos), in den 10 Geboten, in der Bergpredigt (Matth\u00e4usevangelium 5-7).<\/li><li>Gott sagt uns, dass alle Menschen gleiche W\u00fcrde haben, dass Menschen nicht das Recht haben, andere zu verachten, sich \u00fcber andere zu stellen. Kranke, Arme, Benachteiligte \u2013 alle sind so viel Wert wie Gesunde, Reiche, Anerkannte. Kein Volk steht \u00fcber dem anderen. (1. Buch Mose 1 = Genesis 1)<\/li><li>Gott sagt uns, dass er bei uns ist, wenn wir traurig, verlassen, einsam sind. Gott sagt uns, dass wir mit ihm reden k\u00f6nnen, dass er h\u00f6rt, dass er bei uns ist. Gott sagt uns, dass wir nicht in Traurigkeit oder in Niederlagen, Ungerechtigkeiten, Schuld verharren m\u00fcssen, sondern dass wir immer wieder weiter gehen k\u00f6nnen, aufstehen\u2026 (Psalmen, Worte und Taten Jesu).<\/li><li>Gott sagt uns, dass wir \u00fcber dieses irdische Leben hinaus eine Hoffnung haben: Wir kommen zu ihm, wenn wir gestorben sind \u2013 und er wird uns vollenden. (Auferstehungsberichte in den Evangelien, Paulus (1. Korintherbrief 15.)<\/li><\/ul>\n\n\n\n<p style=\"color:#a30003\" class=\"has-text-color has-background has-background-color-background-color\">Aufgabe: Schreibe zu einem dieser Punkte 1-4 eine Geschichte aus dem Alltag.<\/p>\n\n\n\n<p>Beispiele finden wir:<\/p>\n\n\n\n<p style=\"color:#a35400\" class=\"has-text-color\">Christina Koenig: Ein Senfkorn in Jules Garten. Jesu Gleichnisse f\u00fcr Kinder von heute, Kreuz-Verlag, Stuttgart 2006<\/p>\n","protected":false},"excerpt":{"rendered":"<p>DIE GROSSE BEDEUTUNG DER BIBEL Auf Youtube gibt es Filme, die zeigen, wie Menschen auf Papua Neu Guinea eine Bibel bekommen. Sie tanzen und jubeln und feiern ein gro\u00dfes Bibelfest \u2013 die Bibel ist endlich da! In einer Gemeinde in China bekommen Menschen Bibeln. Sie weinen, sie lachen, sie dr\u00fccken [&hellip;]<\/p>\n","protected":false},"author":1,"featured_media":0,"parent":45,"menu_order":0,"comment_status":"closed","ping_status":"closed","template":"","meta":{"footnotes":""},"class_list":["post-509","page","type-page","status-publish","hentry"],"_links":{"self":[{"href":"https:\/\/evangelische-religion.de\/ReligionNeu\/wp-json\/wp\/v2\/pages\/509","targetHints":{"allow":["GET"]}}],"collection":[{"href":"https:\/\/evangelische-religion.de\/ReligionNeu\/wp-json\/wp\/v2\/pages"}],"about":[{"href":"https:\/\/evangelische-religion.de\/ReligionNeu\/wp-json\/wp\/v2\/types\/page"}],"author":[{"embeddable":true,"href":"https:\/\/evangelische-religion.de\/ReligionNeu\/wp-json\/wp\/v2\/users\/1"}],"replies":[{"embeddable":true,"href":"https:\/\/evangelische-religion.de\/ReligionNeu\/wp-json\/wp\/v2\/comments?post=509"}],"version-history":[{"count":5,"href":"https:\/\/evangelische-religion.de\/ReligionNeu\/wp-json\/wp\/v2\/pages\/509\/revisions"}],"predecessor-version":[{"id":1543,"href":"https:\/\/evangelische-religion.de\/ReligionNeu\/wp-json\/wp\/v2\/pages\/509\/revisions\/1543"}],"up":[{"embeddable":true,"href":"https:\/\/evangelische-religion.de\/ReligionNeu\/wp-json\/wp\/v2\/pages\/45"}],"wp:attachment":[{"href":"https:\/\/evangelische-religion.de\/ReligionNeu\/wp-json\/wp\/v2\/media?parent=509"}],"curies":[{"name":"wp","href":"https:\/\/api.w.org\/{rel}","templated":true}]}}