{"id":489,"date":"2019-07-01T20:51:27","date_gmt":"2019-07-01T18:51:27","guid":{"rendered":"https:\/\/evangelische-religion.de\/ReligionNeu\/?page_id=489"},"modified":"2019-07-12T18:27:23","modified_gmt":"2019-07-12T16:27:23","slug":"der-juedische-glaube","status":"publish","type":"page","link":"https:\/\/evangelische-religion.de\/ReligionNeu\/religion-en\/der-juedische-glaube\/","title":{"rendered":"Der j\u00fcdische Glaube"},"content":{"rendered":"\n<p style=\"text-align:center\" class=\"has-medium-font-size\">DER GLAUBE DER JUDEN<\/p>\n\n\n\n<p style=\"text-align:center\"><strong>Grundlegende Bekenntnisse des j\u00fcdischen Glaubens:<\/strong><\/p>\n\n\n\n<p>&nbsp;1.<\/p>\n\n\n\n<p>Das wichtigste Bekenntnis \u2013 das auch als Gebet gesprochen wird \u2013 des j\u00fcdischen Volkes, ist das <strong>Schma Israel<\/strong> (Sch\u00b4ma = H\u00f6re Israel):<\/p>\n\n\n\n<p class=\"has-text-color has-accent-color\"><em>H\u00f6re, Israel, der HERR ist unser Gott, der HERR allein.<\/em><\/p>\n\n\n\n<p class=\"has-text-color has-accent-color\"><em>Darum sollst du den Ewigen, deinen Gott, lieben mit ganzem Herzen, mit ganzer Seele und mit ganzer Kraft.<\/em><\/p>\n\n\n\n<p class=\"has-text-color has-accent-color\"><em>Diese Worte, auf die ich dich heute verpflichte, sollen auf deinem Herzen geschrieben stehen. Du sollst sie deinen Kindern erz\u00e4hlen. Du sollst von ihnen reden, wenn du zu Hause sitzt und wenn du auf der Stra\u00dfe gehst, wenn du dich schlafen legst und wenn du aufstehst. Du sollst sie als Zeichen um dein Handgelenk binden. Sie sollen als Merkzeichen auf deiner Stirn sein. Du sollst sie auf die T\u00fcrpfosten deines Hauses und in deine Tore schreiben.<\/em><\/p>\n\n\n\n<p>(Deuteronomium \/ 5. Buch Mose 6,4-9) (als Lied vgl.:  <a href=\"https:\/\/www.youtube.com\/watch?v=wxO09BUrkMk\">https:\/\/www.youtube.com\/watch?v=wxO09BUrkMk<\/a> )<\/p>\n\n\n\n<p>2.<\/p>\n\n\n\n<p class=\"has-text-color has-accent-color\"><em>Dann sollst du anheben und sagen vor dem HERRN, deinem Gott: Mein Vater war ein Aram\u00e4er, dem Umkommen nahe, und zog hinab nach \u00c4gypten und war dort ein Fremdling mit wenig Leuten und wurde dort ein gro\u00dfes, starkes und zahlreiches Volk. Aber die \u00c4gypter behandelten uns schlecht und bedr\u00fcckten uns und legten uns einen harten Dienst auf. Da schrieen wir zu dem HERRN, dem Gott unserer V\u00e4ter. Und der HERR erh\u00f6rte unser Schreien und sah unser Elend, unsere Angst und Not und f\u00fchrte uns aus \u00c4gypten mit m\u00e4chtiger Hand und ausgerecktem Arm und mit gro\u00dfem Schrecken, durch Zeichen und Wunder, und brachte uns an diese St\u00e4tte und gab uns dies Land, darin Milch und Honig flie\u00dft.<\/em><\/p>\n\n\n\n<p>(Deuteronomium \/ 5. Buch Mose 26,5-9)<\/p>\n\n\n\n<p style=\"text-align:center\"><strong>Der Glaube l\u00e4sst sich in etwa so zusammenfassen:<\/strong><\/p>\n\n\n\n<ul class=\"wp-block-list\"><li>Es ist ein Gott,<\/li><li>Gott hat die Welt erschaffen,<\/li><li>Gott hat seinem Volk durch Abraham eine Verhei\u00dfung gegeben,<\/li><li>Gott hat sein Volk befreit und seinem Volk durch Moses die Tora (die f\u00fcnf B\u00fccher Mose gegeben \u2013 bzw. dann in Fortf\u00fchrung: das Alte Testament) gegeben \u2013 im Zuge des Bundesschlusses,<\/li><li>Gott fordert ein Leben gem\u00e4\u00df der Tora ein.<\/li><li>Und der einzelne Glaubende des j\u00fcdischen Volkes versucht, die Geschichte als Ausdruck der Beziehung zu Gott \u2013 dazu geh\u00f6ren die Gebote \u2013 so im Leben umzusetzen, wie er das verantworten kann. Die Grundlage ist, wie an den f\u00fcnf Punkten zu sehen, die <em>Tora<\/em>. Neben der Tora z\u00e4hlt jedoch auch die m\u00fcndliche Tradition, die von Rabbinen in <em>Mischna<\/em> und <em>Talmud<\/em> niedergeschrieben und diskutiert wurde. Darum sind neben der Tora eben diese Niederschriften sehr wichtig f\u00fcr den j\u00fcdischen Glauben.<\/li><\/ul>\n\n\n\n<p style=\"text-align:center\"><strong>Str\u00f6mungen im gegenw\u00e4rtigen Judentum<\/strong><\/p>\n\n\n\n<p>Im Laufe der Zeit haben sich zwei grundlegende Str\u00f6mungen herausgebildet:<\/p>\n\n\n\n<ul class=\"wp-block-list\"><li>die orthodoxen Juden, die versuchen, die Tora und den Talmud in ihrer Interpretation zu leben,<\/li><li>das liberale \/ progressive \/ Reform-Judentum, das davon ausgeht, dass die Tora nur ein Teil des Gespr\u00e4chs Gottes mit seinem Volk ist.<\/li><li>Neben diesen Hauptstr\u00f6mungen gibt es noch:<\/li><li>die j\u00fcdische Mystik, die bekannteste Form ist die Kabbala und deren Gegenteil:<\/li><li>das s\u00e4kulare Judentum, das hei\u00dft das Judentum, das sich von seiner Glaubenstradition entfremdet hat.<\/li><\/ul>\n\n\n\n<p style=\"color:#a30003\" class=\"has-text-color has-background has-background-color-background-color\">Aufgabe: Recherchiere: Was bedeutet Mystik? Was ist j\u00fcdische Mystik? Was bedeutet: Kabbala?<\/p>\n\n\n\n<p>Neben diesen Gruppen gibt es noch zahlreiche weitere Str\u00f6mungen.<\/p>\n\n\n\n<p style=\"text-align:center\"><strong>Bekannteste Gebete:<\/strong><\/p>\n\n\n\n<ul class=\"wp-block-list\"><li>a) das oben genannte <strong>Sch\u00b4ma Israel<\/strong>. Dieses Gebet soll Morgens und Abends nach ganz bestimmten Ritus gesprochen werden. Dar\u00fcber hinaus wird es in einer Kapsel, <em>Mesusa<\/em> genannt, am T\u00fcrpfosten der H\u00e4user angebracht, und sie wird \u2013 wie in der katholischen Kirche das Weihwasser \u2013 ber\u00fchrt. Dar\u00fcber hinaus wird die Kapsel mit Gebetsriemen (<em>Tefillin<\/em>) verbunden, die am Arm bzw. Kopf angebracht werden;<\/li><li>b) das <strong>Kaddisch<\/strong>. Das Kaddisch ist kein Privatgebet, sondern soll nur in Anwesenheit von mindestens zehn M\u00e4nnern (in Reformgemeinden auch Frauen) gesprochen werden. Es lautet:<\/li><\/ul>\n\n\n\n<p><em>\u201eErhoben und geheiligt werde sein gro\u00dfer Name auf der Welt, die nach seinem Willen von Ihm erschaffen wurde \u2013 sein Reich soll in eurem Leben in den eurigen Tagen und im Leben des ganzen Hauses Israel schnell und in n\u00e4chster Zeit erstehen. Und wir sprechen : Amein! Sein gro\u00dfer Name sei gepriesen in Ewigkeit und Ewigkeit der Ewigkeiten. Gepriesen sei und ger\u00fchmt, verherrlicht, erhoben, erh\u00f6ht, gefeiert, hocherhoben und gepriesen sei Name des Heiligen, gelobt sei er, hoch \u00fcber jedem Lob und Gesang, Verherrlichung und Trostverhei\u00dfung, die je in der Welt gesprochen wurde, sprechet Amein! F\u00fclle des Friedens und Leben m\u00f6ge vom Himmel herab uns und ganz Israel zuteil werden, sprechet Amein. Der Frieden stiftet in seinen Himmelsh\u00f6hen, stifte Frieden unter uns und ganz Israel, sprechet Amein.\u201c\u00a0<\/em>(Zitiert nach:\u00a0<a href=\"http:\/\/www.talmud.de\/cms\/Das_Kaddisch-Gebet.294.0.html\">http:\/\/www.talmud.de\/cms\/Das_Kaddisch-Gebet.294.0.html<\/a>\u00a0) Vgl. dazu:  <a href=\"https:\/\/www.youtube.com\/watch?v=_e50J2VpW48\">https:\/\/www.youtube.com\/watch?v=_e50J2VpW48<\/a> )<\/p>\n\n\n\n<p style=\"color:#a30003\" class=\"has-text-color has-background has-background-color-background-color\">Aufgabe:\u00a0Vergleiche dieses Gebet mit dem\u00a0<em>Vater unser<\/em>, das Jesus seinen J\u00fcngern gelehrt hat!<\/p>\n\n\n\n<p style=\"text-align:center\"><strong>Synagoge<\/strong><\/p>\n\n\n\n<p>Schon parallel zum Tempel gab es j\u00fcdische Versammlungsh\u00e4user (Synagoge = Versammlung). (Ob in Israel selbst, das ist arch\u00e4ologisch gesehen noch ungewiss, da dort der Tempel im Vordergrund stand.) In den Synagogen traf man sich, las, lernte, diskutierte.<\/p>\n\n\n\n<p>Heute sind Synagogen vielfach st\u00e4rker auf Gottesdienste hin orientiert. An der T\u00fcr der Synagoge befindet sich eine <em>Mesusa<\/em> (die wir schon kennengelernt haben). Wenn die Synagoge betreten wird, muss der Besucher eine <em>Kippa<\/em> (eine kleine Kopfbedeckung) aufsetzen. Vieles, was wir aus der Kirche kennen, finden wir in der Synagoge: einen Tisch (<em>Bima<\/em>), dort stehen die <em>Schabbatkerzen<\/em> und auf ihn wird die <em>Tora-Rolle<\/em> gelegt. Wie in der katholischen Kirche die Oblaten in einem K\u00e4stchen untergebracht sind, so die Tora-Rollen in einem gro\u00dfen <em>Tora-Schrein<\/em>. Wie die Kirchen vielfach in Richtung Osten ausgerichtet waren\/sind, so ist die Synagoge Richtung Jerusalem ausgerichtet, sichtbar an der Seite, an der der Toraschrein zu finden ist. Das <em>Ner Tamid<\/em> ist ein ewiges Licht (vgl. katholische Kirche), das an den Tempel bzw. an den Auszug Israels aus \u00c4gypten (Feuers\u00e4ule) erinnert. Der <em>Chanukka-Leuchter<\/em> f\u00e4llt ins Auge.<\/p>\n\n\n\n<p style=\"color:#a30003\" class=\"has-text-color has-background has-background-color-background-color\">Aufgabe: Schaue Dir \u00fcber eine Suchmaschine Innenasichten von Synagogen an. Und wenn Du in einer Stadt wohnst, in der eine Synagoge steht, besuche sie. Was f\u00e4llt Dir auf?<\/p>\n\n\n\n<p>Mittelpunkt der Synagoge ist der Tora-Schrein mit der Tora-Rolle. Die Tora-Rolle ist in einem kostbaren Tuch eingeh\u00fcllt. Die Rolle selbst kann mit silbernen <em>Tora-Kronen<\/em> (<em>Rimonim<\/em>) und dem <em>Tora-Schild<\/em> geschm\u00fcckt werden. Mit einer silbernen <em>Zeigehand (Jad)<\/em> wird auf die zu lesenden Worte der Tora hingewiesen.<\/p>\n\n\n\n<p style=\"text-align:center\"><strong>Riten<\/strong><\/p>\n\n\n\n<p>Zu den Festen der Juden siehe:  <a href=\"https:\/\/evangelische-religion.de\/ReligionNeu\/religion-en\/judentum-feste\/\">https:\/\/evangelische-religion.de\/ReligionNeu\/religion-en\/judentum-feste\/<\/a>  . Dar\u00fcber hinaus gibt es zahlreiche Riten, die das menschliche Leben begleiten.<\/p>\n\n\n\n<p><em>Beschneidung (Brit Mila)<\/em>. Am achten Tag nach der Geburt wird ein kleiner Junge in der Synagoge beschnitten, das hei\u00dft, die Vorhaut seines Gliedes wird entfernt. Es handelt sich um einen in der Regel ungef\u00e4hrlichen Akt. Damit vollzieht das Volk Israel den seit Abraham befohlenen Bundesschluss mit Gott (Genesis 17). Verbunden mit der Beschneidung ist die Namensgebung. M\u00e4dchen bekommen in einer eigenen Zeremonie ihren Namen.<\/p>\n\n\n\n<p><em>Bar\/Bat Mizwa&nbsp;<\/em>(bedeutet: Sohn\/Tochter des Gebotes): Mit 13 Jahren darf ein Junge \u00f6ffentlich aus der Tora vorlesen. Das wird gro\u00df gefeiert. In progressiveren Str\u00f6mungen gibt es auch Feiern f\u00fcr M\u00e4dchen, die 12 Jahre alt geworden sind.<\/p>\n\n\n\n<p><em>Hochzeit (Kidduschin)<\/em>: Wo auch immer die \u00f6ffentliche Hochzeitsfeier stattfindet, das Ehepaar wird unter einem Baldachin (Chuppa) getraut.<\/p>\n\n\n\n<p><em>Beerdigung<\/em>: Der Verstorbene wird nach einer Waschung und der Bekleidung mit einem einfachem Gewand in einem Leinentuch beerdigt (in Deutschland besteht derweil noch Sargpflicht). Feuerbestattung erlaubt der j\u00fcdische Glaube nicht mit Blick auf die kommende Auferstehung. Das Kaddisch-Gebet wird am Grab gesprochen, und Besucher legen einen Stein auf das Grab. Es gibt daf\u00fcr unterschiedliche Begr\u00fcndungen: sehr pragmatische (damit zeigt man: Ich denke an dich; oder es diente dem Wiederfinden des Grabes) oder spirituell: Der Stein symbolisiert das Haus Gottes, das der Verstorbene bewohnen wird.<\/p>\n\n\n\n<p><em>Ess-Riten<\/em>: Wesentlich f\u00fcr viele Juden ist, dass sie nur das essen, was in der Tora als \u201erein\u201c (Koscher) bezeichnet wird. So essen sie nur Fleisch von gesch\u00e4chteten Tieren, das hei\u00dft Tieren, die auf eine besondere Art und Weise geschlachtet wurden. Sie m\u00fcssen Milchspeisen von Fleischspeisen trennen. Und an Passa essen sie nur unges\u00e4uertes Brot.<\/p>\n\n\n\n<p style=\"color:#a30003\" class=\"has-text-color has-background has-background-color-background-color\">Aufgabe: F\u00fcr welche dieser Riten haben wir Christen Parallelen?<\/p>\n\n\n\n<p style=\"color:#a30003\" class=\"has-text-color has-background has-background-color-background-color\">Recherchiere: Was geschieht bei uns in der Taufe? \u2013 Was bei der Konfirmation? \u2013 Was bei der Hochzeit? \u2013 Was bei der Beerdigung? \u2013 Haben wir auch Ess-Riten?<\/p>\n","protected":false},"excerpt":{"rendered":"<p>DER GLAUBE DER JUDEN Grundlegende Bekenntnisse des j\u00fcdischen Glaubens: &nbsp;1. Das wichtigste Bekenntnis \u2013 das auch als Gebet gesprochen wird \u2013 des j\u00fcdischen Volkes, ist das Schma Israel (Sch\u00b4ma = H\u00f6re Israel): H\u00f6re, Israel, der HERR ist unser Gott, der HERR allein. Darum sollst du den Ewigen, deinen Gott, lieben [&hellip;]<\/p>\n","protected":false},"author":1,"featured_media":0,"parent":72,"menu_order":0,"comment_status":"closed","ping_status":"closed","template":"","meta":{"footnotes":""},"class_list":["post-489","page","type-page","status-publish","hentry"],"_links":{"self":[{"href":"https:\/\/evangelische-religion.de\/ReligionNeu\/wp-json\/wp\/v2\/pages\/489","targetHints":{"allow":["GET"]}}],"collection":[{"href":"https:\/\/evangelische-religion.de\/ReligionNeu\/wp-json\/wp\/v2\/pages"}],"about":[{"href":"https:\/\/evangelische-religion.de\/ReligionNeu\/wp-json\/wp\/v2\/types\/page"}],"author":[{"embeddable":true,"href":"https:\/\/evangelische-religion.de\/ReligionNeu\/wp-json\/wp\/v2\/users\/1"}],"replies":[{"embeddable":true,"href":"https:\/\/evangelische-religion.de\/ReligionNeu\/wp-json\/wp\/v2\/comments?post=489"}],"version-history":[{"count":2,"href":"https:\/\/evangelische-religion.de\/ReligionNeu\/wp-json\/wp\/v2\/pages\/489\/revisions"}],"predecessor-version":[{"id":1183,"href":"https:\/\/evangelische-religion.de\/ReligionNeu\/wp-json\/wp\/v2\/pages\/489\/revisions\/1183"}],"up":[{"embeddable":true,"href":"https:\/\/evangelische-religion.de\/ReligionNeu\/wp-json\/wp\/v2\/pages\/72"}],"wp:attachment":[{"href":"https:\/\/evangelische-religion.de\/ReligionNeu\/wp-json\/wp\/v2\/media?parent=489"}],"curies":[{"name":"wp","href":"https:\/\/api.w.org\/{rel}","templated":true}]}}