{"id":481,"date":"2019-07-01T20:47:21","date_gmt":"2019-07-01T18:47:21","guid":{"rendered":"https:\/\/evangelische-religion.de\/ReligionNeu\/?page_id=481"},"modified":"2020-01-25T10:31:47","modified_gmt":"2020-01-25T09:31:47","slug":"judentum-fragen","status":"publish","type":"page","link":"https:\/\/evangelische-religion.de\/ReligionNeu\/religion-en\/judentum-fragen\/","title":{"rendered":"Judentum: Fragen"},"content":{"rendered":"\n<p class=\"has-text-align-center has-medium-font-size\">Judentum: Einleitung<\/p>\n\n\n\n<p style=\"color:#a30003\" class=\"has-text-color has-background has-background-color-background-color\">Aufgabe 1&nbsp;(zu Beginn des Themas): Was wei\u00dft du \u00fcber Juden?<\/p>\n\n\n\n<p>Auffrischung des Gelernten aus bisherigen Religionsunterrichtsstunden\u2026<\/p>\n\n\n\n<p style=\"color:#a30003\" class=\"has-text-color has-background has-background-color-background-color\">Aufgabe 2&nbsp;(zu Beginn des Themas): Was wei\u00dft du \u00fcber j\u00fcdische\/n:<\/p>\n\n\n\n<ul class=\"wp-block-list\"><li>GLAUBEN<\/li><li>GOTTESDIENST<\/li><li>GEB\u00c4UDE<\/li><li>SCHRIFTEN<\/li><li>FEIERTAGE<\/li><li>GESCHICHTE<\/li><\/ul>\n\n\n\n<p style=\"color:#a30003\" class=\"has-text-color has-background has-background-color-background-color\">Aufgabe 3&nbsp;(am Schluss des Themas): Du bekommst von Deinem Freund\/Deiner Freundin einen Brief. Darin hei\u00dft es: Ich habe neulich etwas vom j\u00fcdischen Glauben geh\u00f6rt. Wei\u00dft Du, was damit gemeint ist?<\/p>\n\n\n\n<p>Beantworte diesen Brief \u2013 m\u00f6glichst kurz \u2013 aber mit den wichtigsten Informationen.<\/p>\n\n\n\n<p style=\"color:#a35800\" class=\"has-text-color\">Literatur<\/p>\n\n\n\n<p style=\"color:#a36c00\" class=\"has-text-color\">An Literatur ist vor allem zu empfehlen: Michael Landgraf\/Stefan Mei\u00dfner: Judentum. Einf\u00fchrung \u2013 Meterialien \u2013 Kreativideen. Calwer-EPV-RPE, Speyer\/Stuttgart 2007<\/p>\n\n\n\n<p style=\"color:#a35400\" class=\"has-text-color\">Sehr viel Informationen \u2013 bis hin zu Rezepten f\u00fcr die jeweiligen Feiertage bietet: h<a href=\"ttp:\/\/www.chabadberlin.de\/\">ttp:\/\/www.chabadberlin.de\/<\/a><\/p>\n\n\n\n<p style=\"color:#a37b00\" class=\"has-text-color\">DVD: Hans K\u00fcng: Spurensuche. Die Weltreligionen auf dem Weg. Folge 5: Judentum<\/p>\n\n\n\n<p>Youtube (Galileo): Mein geheimnisvoller Nachbar:  <a href=\"https:\/\/www.youtube.com\/watch?v=5VFzQoWhPus\">https:\/\/www.youtube.com\/watch?v=5VFzQoWhPus<\/a> <\/p>\n\n\n\n<p>In diesem Zusammenhang sei auch hingewiesen auf:<\/p>\n\n\n\n<p style=\"color:#a36200\" class=\"has-text-color\">DVD: Das Tagebuch der Anne Frank, Twentieth-Century-Fox 2004 (1959)<\/p>\n","protected":false},"excerpt":{"rendered":"<p>Judentum: Einleitung Aufgabe 1&nbsp;(zu Beginn des Themas): Was wei\u00dft du \u00fcber Juden? Auffrischung des Gelernten aus bisherigen Religionsunterrichtsstunden\u2026 Aufgabe 2&nbsp;(zu Beginn des Themas): Was wei\u00dft du \u00fcber j\u00fcdische\/n: GLAUBEN GOTTESDIENST GEB\u00c4UDE SCHRIFTEN FEIERTAGE GESCHICHTE Aufgabe 3&nbsp;(am Schluss des Themas): Du bekommst von Deinem Freund\/Deiner Freundin einen Brief. Darin hei\u00dft es: [&hellip;]<\/p>\n","protected":false},"author":1,"featured_media":0,"parent":72,"menu_order":0,"comment_status":"closed","ping_status":"closed","template":"","meta":{"footnotes":""},"class_list":["post-481","page","type-page","status-publish","hentry"],"_links":{"self":[{"href":"https:\/\/evangelische-religion.de\/ReligionNeu\/wp-json\/wp\/v2\/pages\/481","targetHints":{"allow":["GET"]}}],"collection":[{"href":"https:\/\/evangelische-religion.de\/ReligionNeu\/wp-json\/wp\/v2\/pages"}],"about":[{"href":"https:\/\/evangelische-religion.de\/ReligionNeu\/wp-json\/wp\/v2\/types\/page"}],"author":[{"embeddable":true,"href":"https:\/\/evangelische-religion.de\/ReligionNeu\/wp-json\/wp\/v2\/users\/1"}],"replies":[{"embeddable":true,"href":"https:\/\/evangelische-religion.de\/ReligionNeu\/wp-json\/wp\/v2\/comments?post=481"}],"version-history":[{"count":4,"href":"https:\/\/evangelische-religion.de\/ReligionNeu\/wp-json\/wp\/v2\/pages\/481\/revisions"}],"predecessor-version":[{"id":2027,"href":"https:\/\/evangelische-religion.de\/ReligionNeu\/wp-json\/wp\/v2\/pages\/481\/revisions\/2027"}],"up":[{"embeddable":true,"href":"https:\/\/evangelische-religion.de\/ReligionNeu\/wp-json\/wp\/v2\/pages\/72"}],"wp:attachment":[{"href":"https:\/\/evangelische-religion.de\/ReligionNeu\/wp-json\/wp\/v2\/media?parent=481"}],"curies":[{"name":"wp","href":"https:\/\/api.w.org\/{rel}","templated":true}]}}