{"id":469,"date":"2019-07-01T20:38:28","date_gmt":"2019-07-01T18:38:28","guid":{"rendered":"https:\/\/evangelische-religion.de\/ReligionNeu\/?page_id=469"},"modified":"2019-08-18T15:54:15","modified_gmt":"2019-08-18T13:54:15","slug":"einleitung-religionen","status":"publish","type":"page","link":"https:\/\/evangelische-religion.de\/ReligionNeu\/religion-en\/einleitung-religionen\/","title":{"rendered":"Einleitung: Religionen"},"content":{"rendered":"\n<p style=\"text-align:center\" class=\"has-medium-font-size\">RELIGIONEN<\/p>\n\n\n\n<p style=\"color:#a30003;text-align:center\" class=\"has-text-color has-small-font-size\"><em><strong>(Diese folgenden Seiten \u00fcber die Religionen bed\u00fcrfen einer \u00dcberarbeitung. Von daher k\u00f6nnen sie nur als erster Anhaltspunkt dienen. Die Forschung hat seit der Niederschrift dieser Seiten Fortschritte gemacht, die bislang nicht eingearbeitet werden konnten!)<\/strong><\/em> Diese Seiten sind im Zuge eines meiner Seminare an der LMU-M\u00fcnchen entstanden: <em>Jesus Christus in den Religionen<\/em>.  Von daher l\u00e4uft die Darstellung dieser Religionen auf eine Stellungnahme zu Jesus Christus hin.<\/p>\n\n\n\n<p style=\"text-align:center\">Ein paar Zahlen zu den Mitgliedern folgender Religionen:<\/p>\n\n\n\n<p>Christentum 2,4 Milliarden; Islam 1,7 Milliarden; Hinduismus (\u00fcberwiegend in Indien) 1 Milliarde; Buddhismus 514 Millionen; Chinesische Volksreligionen: 436, Stammesreligionen: 251 Millionen, Juden 14 Millionen; Sikhs 25 (?) Millionen. 683 Millionen Nichtreligi\u00f6se und 137 Millionen Atheisten. (Stand 2014)<\/p>\n\n\n\n<p style=\"color:#a30003\" class=\"has-text-color has-background has-background-color-background-color\">Aufgabe 1: Wo begegnen mir gegenw\u00e4rtig andere Religionen?<\/p>\n\n\n\n<p style=\"color:#a30003\" class=\"has-text-color has-background has-background-color-background-color\">Aufgabe 2: Welche emotionale Stellung habe ich zu dem, was ich von anderen Religionen wahrnehme?<\/p>\n\n\n\n<p style=\"color:#a30003\" class=\"has-text-color has-background has-background-color-background-color\">Aufgabe 3: Brainstorming: Was wei\u00df ich \u00fcber<\/p>\n\n\n\n<ul class=\"wp-block-list\"><li>\u2013 Hinduismus?<\/li><li>\u2013 Buddhismus?<\/li><li>\u2013 Islam?<\/li><\/ul>\n\n\n\n<p>Erstelle f\u00fcr die jeweilige Religion eine vorl\u00e4ufige Mindmap.<\/p>\n\n\n\n<p style=\"color:#a30003\" class=\"has-text-color has-background has-background-color-background-color\">Aufgabe 4: Welche emotionale Stellung habe ich zu den Religionen, nachdem ich ein wenig mehr \u00fcber sie nachgedacht, mit anderen dar\u00fcber gesprochen und Informationen gesammelt habe?<\/p>\n\n\n\n<p style=\"color:#a30003\" class=\"has-text-color has-background has-background-color-background-color\">Aufgabe 5: Diese Mindmap (Aufgabe 3) wird im Zuge zunehmender Kenntnisse erweitert, korrigiert.<\/p>\n\n\n\n<p style=\"color:#a30003\" class=\"has-text-color has-background has-background-color-background-color\">Aufgabe 6: Vergleiche deine erste mit deiner letzten Mindmap.<\/p>\n\n\n\n<p style=\"color:#a30003\" class=\"has-text-color has-background has-background-color-background-color\">Aufgabe 7: Meine Emotionale Stellung nach Beendigung des Themas&#8230;<\/p>\n\n\n\n<p style=\"color:#a30003\" class=\"has-text-color has-background has-background-color-background-color\">Aufgabe 8:&nbsp;Was sagst Du zu folgendem Text?<\/p>\n\n\n\n<p>Menschen haben religi\u00f6se Gef\u00fchle, welcher Religion sie auch immer angeh\u00f6ren. Interessanterweise wird auch von Menschen, die sich gegen Religionen wenden, gesagt, dass alle Religionen in ihrer Verschiedenheit gleich sind. Das ist klar, wir Menschen haben nur eine gewisse Bandbreite an Gef\u00fchlen. Aber die Frage stellt sich mir doch: Ist das wirklich gleich? <\/p>\n\n\n\n<ul class=\"wp-block-list\"><li>Ein Christ hat eine&nbsp;lebendige Beziehung&nbsp;zu Gott, der ihm in Jesus Christus und durch seinen eigenen Geist zeigt, dass er ihn liebt, sich f\u00fcr ihn hingegeben hat, damit er befreit von Schuld\/Vergangenheit ein neues Leben beginnen kann, und der ihn durch die Auferweckung von den Toten liebend in seine Vollkommenheit hinein nimmt. <\/li><li>Ist das gleichzusetzen mit der Unterwerfung unter das Gesetz Gottes, den ich lieben mag, aber der mir sagt, dass die Beziehung \u00fcber die Einhaltung des Gesetzes l\u00e4uft? Dem ich dankbar bin, dass er mir die Gesetze gegeben hat, an denen ich mich im Leben ausrichten kann, damit er mich dann, wenn ich ihm gefalle, dem Paradies zuweist? <\/li><li>Ist das gleichzusetzen mit dem Sich-Einpassen in die kosmische Gesetzm\u00e4\u00dfigkeit? Das zur Ruhe kommen, weil ich nichts mehr begehre, der ich gar nicht ich selbst bin, sondern eine g\u00f6ttliche Seele habe, die durch Einklang mit dem \u201eg\u00f6ttlichen\u201c Kosmos m\u00f6glichst rein gehalten werden muss, damit sie letztendlich (nicht ich) in das Nirwana eingehen kann?<\/li><li>Ist das gleichzusetzen mit dem Glauben an verschiedene G\u00f6tter und G\u00f6ttinnen, D\u00e4monen und Ahnengeister, die alle f\u00fcr ihre jeweiligen Zust\u00e4ndigkeitsbereiche verehrt werden, die mir dann aufgrund meiner Verehrung Gutes zukommen lassen, mir \u00c4ngste nehmen k\u00f6nnen, die aber auch \u00e4rgerlich sein k\u00f6nnen, wenn ich Riten nicht vorschriftsm\u00e4\u00dfig beachtet habe? Geister tun auch, was besonders m\u00e4chtige Menschen wollen &#8211; wie sicher f\u00fchle ich mich dann in meinem Leben, wie unabh\u00e4ngig?<\/li><\/ul>\n\n\n\n<p>Religionen sind in ihren Riten, \u00c4u\u00dferungen manchmal \u00e4hnlich. Aber wird an diesen Beispielen nicht sichtbar, dass die innere Haltung des jeweiligen Menschen ganz unterschiedlich sein kann \u2013 trotz \u00dcberschneidungen? Abgesehen davon, dass diese innere Haltung sich auch nach au\u00dfen zeigt, denn wie wir sehen, sind die islamischen, animistischen, hinduistischen, buddhistischen, christlichen Einfl\u00fcsse auf die jeweiligen Kulturen doch recht unterschiedlich.<\/p>\n\n\n\n<p>* <\/p>\n\n\n\n<p>Zur Gottesvorstellung in den Religionen siehe:\u00a0<a href=\"https:\/\/evangelische-religion.de\/ReligionNeu\/religion-en\/gott-goetter-in-religionen\/\">https:\/\/evangelische-religion.de\/ReligionNeu\/religion-en\/gott-goetter-in-religionen\/<\/a><\/p>\n\n\n\n<p style=\"color:#a35d00\" class=\"has-text-color\">Literatur<\/p>\n\n\n\n<p style=\"color:#a35400\" class=\"has-text-color\">Henning Wrogemann: Religionen im Gespr\u00e4ch. Ein Arbeitsbuch zum interreligi\u00f6sen Lernen, calwer-Verlag, Stuttgart 2008<\/p>\n\n\n\n<p>Es gibt zu dem Thema eine F\u00fclle an Hilfsmitteln und Arbeitsmaterialien f\u00fcr den Unterricht. Manches davon gibt allerdings \u201eRealit\u00e4t\u201c harmonisierend wieder, das hei\u00dft: \u00dcbereinstimmungen werden betont bzw. andere Religionen werden den eigenen Vorstellungen angepasst.<\/p>\n\n\n\n<p style=\"color:#a34f00\" class=\"has-text-color\">DVD: Hans K\u00fcng: Spurensuche. Die Welktreligionen auf dem Weg.<\/p>\n","protected":false},"excerpt":{"rendered":"<p>RELIGIONEN (Diese folgenden Seiten \u00fcber die Religionen bed\u00fcrfen einer \u00dcberarbeitung. Von daher k\u00f6nnen sie nur als erster Anhaltspunkt dienen. Die Forschung hat seit der Niederschrift dieser Seiten Fortschritte gemacht, die bislang nicht eingearbeitet werden konnten!) Diese Seiten sind im Zuge eines meiner Seminare an der LMU-M\u00fcnchen entstanden: Jesus Christus in [&hellip;]<\/p>\n","protected":false},"author":1,"featured_media":0,"parent":72,"menu_order":0,"comment_status":"closed","ping_status":"closed","template":"","meta":{"footnotes":""},"class_list":["post-469","page","type-page","status-publish","hentry"],"_links":{"self":[{"href":"https:\/\/evangelische-religion.de\/ReligionNeu\/wp-json\/wp\/v2\/pages\/469","targetHints":{"allow":["GET"]}}],"collection":[{"href":"https:\/\/evangelische-religion.de\/ReligionNeu\/wp-json\/wp\/v2\/pages"}],"about":[{"href":"https:\/\/evangelische-religion.de\/ReligionNeu\/wp-json\/wp\/v2\/types\/page"}],"author":[{"embeddable":true,"href":"https:\/\/evangelische-religion.de\/ReligionNeu\/wp-json\/wp\/v2\/users\/1"}],"replies":[{"embeddable":true,"href":"https:\/\/evangelische-religion.de\/ReligionNeu\/wp-json\/wp\/v2\/comments?post=469"}],"version-history":[{"count":3,"href":"https:\/\/evangelische-religion.de\/ReligionNeu\/wp-json\/wp\/v2\/pages\/469\/revisions"}],"predecessor-version":[{"id":1644,"href":"https:\/\/evangelische-religion.de\/ReligionNeu\/wp-json\/wp\/v2\/pages\/469\/revisions\/1644"}],"up":[{"embeddable":true,"href":"https:\/\/evangelische-religion.de\/ReligionNeu\/wp-json\/wp\/v2\/pages\/72"}],"wp:attachment":[{"href":"https:\/\/evangelische-religion.de\/ReligionNeu\/wp-json\/wp\/v2\/media?parent=469"}],"curies":[{"name":"wp","href":"https:\/\/api.w.org\/{rel}","templated":true}]}}