{"id":463,"date":"2019-07-01T20:34:57","date_gmt":"2019-07-01T18:34:57","guid":{"rendered":"https:\/\/evangelische-religion.de\/ReligionNeu\/?page_id=463"},"modified":"2019-07-13T10:09:41","modified_gmt":"2019-07-13T08:09:41","slug":"esoterik","status":"publish","type":"page","link":"https:\/\/evangelische-religion.de\/ReligionNeu\/religion-en\/esoterik\/","title":{"rendered":"Esoterik"},"content":{"rendered":"\n<p style=\"text-align:center\" class=\"has-medium-font-size\">ESOTERIK<\/p>\n\n\n\n<p style=\"color:#a30003\" class=\"has-text-color has-background has-background-color-background-color\">Aufgaben: Bitte die Namen der Gruppen, die genannt werden, selbst mit Hilfe von Suchmaschinen definieren.<\/p>\n\n\n\n<p style=\"color:#3e00a3;text-align:center\" class=\"has-text-color\"><strong>Esoterik 1: Esoterik als religi\u00f6se Weltanschauung<\/strong><\/p>\n\n\n\n<p>Esoterik ist auch eine Art Religion \u2013 zun\u00e4chst besser: eine Weltanschauung. Das Weltbild: Die Welt ist eine Einheit, eine Ganzheit. Sie ist durchgeistigt von einer Macht, einer Energie \u2013 wenn man so will nicht vom christlichen Gott, sondern vom willenlosen G\u00f6ttlichen. Dieses G\u00f6ttliche durchdringt Mensch wie Stein, durchdringt die Zeiten, Positives wie Negatives. Das Ziel des Menschen besteht nun darin, alles in einen Gleichklang, in eine Balance mit dieser Macht, Energie usw. zu bringen.<\/p>\n\n\n\n<p>Woher wei\u00df ich von dem \u201eG\u00f6ttlichen\u201c, davon, dass alles in Gleichgewicht gebracht werden muss? Die Esoterik hat ihre Grundlage in der subjektiven Erfahrung \u2013 aber diese ist gepr\u00e4gt von ausgew\u00e4hlten Traditionen \u2013 und diese werden von bestimmten Meistern \u00fcbermittelt: Keiner k\u00e4me von sich aus auf die Idee, das Yin-Yang-Prinzip zu finden und in eine Weltanschauung einzubinden, wenn es denn nicht entsprechende Traditionen gibt, die dann von verehrten Menschen gelehrt werden. Der Anspruch besteht allerdings darin, dass Menschen dieses Prinzip subjektiv erfahren k\u00f6nnen. Im Grunde ist das Prinzip aller Religionen auch hier wieder zu erkennen: Man f\u00fchlt etwas, hat Sehnsucht, einer sagt, wonach man diese Sehnsucht hat, man traut ihm, findet es in sich wieder. Von daher sind all die Selbstabgrenzungen der Esoterik von Religion Scheingefechte. Scheingefechte, die aber einen tieferen Hintergrund haben: Esoterik behauptet, dass all das nicht Glaubenssache sei, sondern wissenschaftlich begr\u00fcndet.<\/p>\n\n\n\n<p style=\"color:#001aa3;text-align:center\" class=\"has-text-color\"><strong>Esoterik 2: Ganzheit und Gleichgewicht<\/strong><\/p>\n\n\n\n<p>Yin-Yang-Prinzip: Ein Kreis mit einem schwarzen Tropfen und einem wei\u00dfen Tropfen. Der schwarze Tropfen symbolisiert das Weibliche, die Nacht, K\u00e4lte \u2013 der wei\u00dfe Tropfen das M\u00e4nnliche, den Tag, die W\u00e4rme. Der Kreis umf\u00e4ngt beide. Beide geh\u00f6ren zusammen, beide sind Teil der Ganzheit. Und \u201ewissenschaftlich\u201c sichtbar in Tag und Nacht, Ebbe und Flut, Berg und Tal, Sommer und Winter usw. Diese Erfahrung wird \u201ewissenschaftlich\u201c \u00fcberh\u00f6ht \u2013 aber sie ist von allen nachvollziehbar. Dort, wo nur das Schwarz regiert, ist es nicht gut, dort, wo nur das Wei\u00df regiert, ist es nicht gut. Beides muss in Ausgewogenheit gebracht werden \u2013 erst dann ist es optimal.<\/p>\n\n\n\n<p>Dieses Grundprinzip durchdringt die gesamte Esoterik \u2013 die freilich in vielen Erscheinungsformen auftritt. Da haben Steine ihren Ort, wie Farben, Blumen und B\u00e4ume, Sternbilder und Metalle, R\u00e4ume und Natur. Jedes dieser Elemente hat als Teil der Gesamtenergie bestimmte Energien. Und diese Energien m\u00fcssen vom Menschen zunutze gemacht werden, um in dem genannten Gleichgewicht zu bleiben. Was welche Wirkung hat, das findet nicht der Einzelne heraus, sondern das ist eine eigene Art esoterische \u201eWissenschaft\u201c geworden. Wer wei\u00df schon, dass einer, der im Sternbild Widder geboren wurde, aggressiv ist, Rotes mag, mit Eisen Zypressen und Fichten zu verbinden ist. Um nun zum Ausgleich zu kommen, muss er Kupfer suchen oder Ulmen und Eichen. Das hei\u00dft: Das wissen nur die selbst ernannten Meister der Esoterik \u2013 und darum gibt es auch den Boom an Literatur. Menschen m\u00f6chten gesagt bekommen, wer sie sind und was sie zu tun haben, um ein gl\u00fcckliches Leben leben zu k\u00f6nnen.<\/p>\n\n\n\n<p style=\"color:#5b00a3;text-align:center\" class=\"has-text-color\"><strong>\u00a0Esoterik 3: Esoterische Gruppen und alte Tradition<\/strong><\/p>\n\n\n\n<p>Esoterik ist nicht sehr organisiert, sondern ist von vielf\u00e4ltigen Gruppen bestimmt. Aber was auch immer diese Gruppen jeweils bevorzugen, sie haben Teil an der Suche nach dem, was Ausgleich bewirkt. Sei es Yoga, Reiki, Keltenkulte, Kabbala usw. Und so kann auch in jeder Saison ein neues Thema die Frauenzeitschriften und die Zeitschriften des k\u00f6rperbewussten Bio-Menschen durchlaufen, weil jeder auf der Suche nach dem ist, was ihm wirklich auch dieses subjektive Gef\u00fchl des Gleichgewichts gibt. Jedes Neue ist zun\u00e4chst hilfreich \u2013 aber wird das Neue Alltag, dann l\u00e4sst auch die Wirkung nach, und man muss neue Balance-Hilfen finden bzw. werden auch von cleveren Esoterikern gefunden, erfunden.<\/p>\n\n\n\n<p>Esoteriker sehen sich in einer langen Tradition, die sie selbst hergestellt haben. In der griechischen Antike gab es die Stoiker und die Mysterien-Religionen (z.B. den Demeterkult \u2013 nach der G\u00f6ttin wurde auch eine Biokette benannt). Es gab aus dem \u00e4gyptischen Bereich die Hermetik und verbreitet war die Magie. Viele Gruppen w\u00e4ren da zu nennen. In diesen Fr\u00f6mmigkeiten geht es um Leben und Tod, um Licht und Finsternis, um Vereinigung mit der Gottheit. Sie helfen, das spirituelle Gleichgewicht zu finden \u2013 und wer es gefunden hat, kann auch auf die Realit\u00e4t einwirken, so einwirken, dass sie den W\u00fcnschen angepasst wird. Diese alt-westlichen Kulte wurden \u00fcber das Mittelalter der Neuzeit vermittelt: Alchemie, Templerorden, Katharer usw. \u2013 wichtig sind auch die Neuplatoniker: Der Urgrund des Seins steht \u00fcber jeglichem Denken \u2013 und das Denken muss aus sich heraustreten, um den Urgrund des Seins erfassen zu k\u00f6nnen. Es kamen die Rosenkreuzer dazu usw.<\/p>\n\n\n\n<p style=\"color:#0002a3;text-align:center\" class=\"has-text-color\"><strong>Esoterik 4: 19. und 20. Jahrhundert<\/strong><\/p>\n\n\n\n<p>Im 19. Jahrhundert wurde dieses Denken wieder st\u00e4rker betont. Es schlummerte \u00fcberall in Europa noch im Untergrund \u2013 zumindest soweit wir es, die wir von schriftlichen Zeugnissen abh\u00e4ngig sind, wissen. Ich vermute jedoch, dass die D\u00f6rfer und D\u00f6rfchen viel st\u00e4rker von diesem Geisterglauben, dem so genannten Aberglauben (Talismanen, M\u00e4chten, Energien in Pflanzen, Steinen, Worten, Sternbilder, Feen) gepr\u00e4gt waren, als man so gemeinhin annimmt. Und durch die Technisierung und dem Glauben, dass der Mensch alles in der Hand h\u00e4lt \u2013 nicht durch das Christentum \u2013 ging diese Fr\u00f6mmigkeit zur\u00fcck. Bekannt wurde sie im 19. Jahrhundert vor allem wieder durch den Boom, den Spiritisten (Mitte 19. Jh.) ausgel\u00f6st haben: Kontaktaufnahme mit den Seelen der Verstorbenen. Das durchrauschte schon damals den Zeitungs-Bl\u00e4tterwald und ergriff die gelangweilte Elite in ihren vornehmen H\u00e4usern. Dann ist als wichtige Person <em>Helena Blavatsky<\/em> (geb. Hahn) zu nennen. Eine Deutsch-Russin, die die <em>Theosophische Gesellschaft<\/em> mitbegr\u00fcndet hat. Blavatsky wollte eine Art Ur-Religion entdecken, die aus einer Mischung aus Hinduismus, Buddhismus, Magnetismus, Spiritismus, Gnosis und, und, und zusammengest\u00fcckelt war. Alles, was spirituell klang, emotional ber\u00fchrte, geh\u00f6rte dazu. Und diese Entdeckungen wurden in dicken Werken ver\u00f6ffentlicht. Was \u00fcbrigens auch der philosophischen Stimmung der Zeit entgegenkam: dem Idealismus. F\u00fcr den<em> Idealismus<\/em> gibt es keinen Person-Gott, sondern einen, der als Macht alles durchstr\u00f6mt \u2013 diese Philosophie fand dann im alten <em>Schelling<\/em> einen r\u00e4tselhaften Ausdruck. Und nicht zu vergessen ist: die <em>Romantik<\/em> mit ihrem Streben nach dem \u201etiefen Tann\u201c, dem Erleben der Natur.<\/p>\n\n\n\n<p style=\"color:#7400a3;text-align:center\" class=\"has-text-color\"><strong>Esoterik 5: Der Mensch findet sich<\/strong><\/p>\n\n\n\n<p>In Deutschland spaltete sich <em>Rudolf Steiner<\/em> von der Theosophischen Gesellschaft ab und gr\u00fcndete die <em>Anthroposophen<\/em>. Auch er wird \u2013 um die alte Sprache aufzugreifen \u2013 durchraunt von geheimnisvollen Traditionen, Verbindungen mit Geistern und Meditationstechniken. Die <em>Wandervogelbewegung<\/em> der Zeit, die Suche nach der geheimnisvollen blauen Blume, die Verschmelzung mit der Natur durch die <em>Sportbewegungen<\/em> drau\u00dfen in der Natur, das gesunde Leben durch das Essen von <em>Kellog M\u00fcsli<\/em> wurde im Dienst des Gleichgewichts schon im 19. Jahrhundert entwickelt. Der Tanz, die Musik \u2026 \u2013 nun, der Mensch erkannte sich als ein au\u00dfergew\u00f6hnliches Wesen: Er musste es, um nicht von <em>Darwins Evolutionstheorie<\/em> (und den Theorien seiner Vorg\u00e4nger), laut der der Mensch dem Tier zuzuordnen ist bzw. gar mit den Affen gemeinsame Vorfahren hatte, in die Depression gedr\u00fcckt zu werden. Da half es nicht mehr, zu sagen: Du, Mensch, du bist Gottes Ebenbild! Der Mensch musste sp\u00fcren: Ich bin etwas ganz Besonderes. Ich habe spirituelle F\u00e4higkeiten, Neigungen, Kr\u00e4fte, Energien, ich kann mit dem Einen verschmelzen. Gleichzeitig wird der Mensch von all diesen M\u00e4chten auch abh\u00e4ngig, wenn er sie nicht in den Griff bekommt.<\/p>\n\n\n\n<p>Solche Erfahrungen kann er auch in der christlichen Religion machen. Diese Energien, die der Mensch fand, die h\u00e4tte er auch schon im christlichen Glauben finden k\u00f6nnen, aber Theologen haben in der rational orientierten Zeit Jesus diese Kr\u00e4fte abgesprochen und ihn und die Religion rationalisiert und dogmatisiert \u2013 so sehr, dass Jesus bzw. die Religion nichtssagend wurden. Ebenso kennt der christliche Glaube die Verschmelzung mit dem Geist Gottes \u2013 durch den Geist Gottes \u2013 das war dann jedoch bei den rational-k\u00fchlen Deutschen usw. verp\u00f6nt.<\/p>\n\n\n\n<p style=\"color:#000ba3;text-align:center\" class=\"has-text-color\"><strong>Esoterik 6: Boom seit den 60gern: Wassermannzeitalter, New Age und positives Denken<\/strong><\/p>\n\n\n\n<p>Nach diesen Anf\u00e4ngen kamen ab den 60ger Jahren des 20. Jahrhunderts neue Elemente hinzu: So die Sehnsucht nach dem <em>New Age<\/em> \u2013 dem <em>Wassermannzeitalter.<\/em> Auch das ist nichts Neues. Schon im Mittelalter erwartete man nach dem Zeitalter des Vaters und des Sohnes das wunderbare Zeitalter, das dritte Reich, das des Heiligen Geistes. Im <em>Dritten Reich<\/em> suchte man das heilvolle \u201eDritte Reich\u201c. Das hei\u00dft, die christliche Sehnsucht wurde s\u00e4kularisiert\/verweltlicht \u2013 und gegenw\u00e4rtig suchte man diese im Wassermannzeitalter, das paradiesische Zust\u00e4nde hervorruft. Wassermannzeitalter, das Zeitalter des Gleichgewichts \u2013 das nach manchen mit dem Jahr 2000 im Kommen ist, nach anderen erst im Jahr 3500. Der einzelne Mensch lebt in der Ganzheit, im Gleichgewicht, die ganze Menschheit lebt im Frieden, in der Ganzheit. Dann kam das <em>positive Denken<\/em> hinzu: Um sein Gleichgewicht zu bekommen, solle man in allem positiv denken. Die <em>Bachbl\u00fcten<\/em>, benannt nach einer Therapie von <em>Edward Bach<\/em>, wurden hoff\u00e4hig, die kosmischen Strahlen werden in <em>Globulis<\/em> gefangen, Masseure sind Kan\u00e4le kosmisch-g\u00f6ttlicher Energien \u2013 und alles M\u00f6gliche sonst. Und seitdem suchen sich immer mehr Menschen immer neue Dinge aus, um die Menschen, die nach Ganzheit suchen, bei Laune zu halten, die Wirtschaft anzukurbeln, die Esoterik-Messebesucher mit Neuigkeiten zu begl\u00fccken.<\/p>\n\n\n\n<p style=\"color:#1c00a3;text-align:center\" class=\"has-text-color\"><strong>\u00a0Esoterik 7: Esoterik in der Gegenwart \/ Krankheit + Zukunft<\/strong><\/p>\n\n\n\n<p>Die Esoterik hat sich insofern gewandelt, als es zurzeit nicht um die Menschheit geht, sondern um den Einzelnen. Es geht nicht um Frieden in der Menschheit, sondern darum, den<em> inneren Frieden<\/em> zu finden \u2013 besser: den inneren Ausgleich, das Wohlf\u00fchlen. <em>Wellness<\/em> ist im Grunde eine Form der Esoterik: Ich f\u00fchle mich wohl \u2013 ich habe den Ausgleich, die Balance gefunden. Das Problem der Esoterik ist, dass das B\u00f6se zu dem Guten dazugeh\u00f6rt, das Problem ist, dass sich vor allem Menschen um diese Frage k\u00fcmmern, die krank sind, die etwas tun wollen, die sich nicht nur passiv behandeln lassen wollen, sondern aktiv gegen ihre Krankheit vorgehen. Und da kommen durch esoterische Praktiken Hoffnungen auf, die eigentlich nicht unbedingt begr\u00fcndet sind. Die esoterische Antwort zu dem Thema Leiden und Tod sind dem Hinduismus bzw. Buddhismus (nur in einer europ\u00e4isch gereinigten Form) entnommen: die <em>Reinkarnation<\/em>. Jeder wird entsprechend seines Karmas, Verhaltens wiedergeboren \u2013 allerdings als Mensch, um das Schlimme gut zu machen und das Gute besser zu machen, um dann letztendlich ins Kosmische einzugehen. Welche Folgen der Reinkarnationsglaube f\u00fcr das Zusammenleben der Menschen hat, kann man extrem in Indien beobachten. Die Liebe hat da nicht unbedingt das prim\u00e4re Mitbestimmungsrecht. Wer im irdischen Leben die Balance findet, der hat im kommenden Leben bessere Chancen. Das hei\u00dft: Auch diese Form der Esoterik ist auf Glauben aufgebaut, auf Zukunftsversprechen.<\/p>\n\n\n\n<p style=\"color:#5200a3;text-align:center\" class=\"has-text-color\"><strong>Esoterik 8: Extrem-Esoterik<\/strong><\/p>\n\n\n\n<p>Nun gibt es die Allerwelt-Esoterik \u2013 und es gibt die<em> Elite-Esoterik.<\/em> Und die Letztgenannte hat mit Wellness nicht mehr unbedingt etwas zu tun, sondern mit Askese, Ekstase, Meditation, Hingabe, Inner-Schau. Elit\u00e4res Bewusstsein kann auch Gruppen bestimmen, die nicht den Wellness-H\u00fcpferlingen zuzuordnen sind. Und je tiefer Menschen sich mit der einen oder anderen Tradition einlassen, gibt es auch Gefahren: Man traut der so genannten Schulmedizin nicht mehr und geht lieber zu <em>Geistheilern<\/em>, weil sie emotional agiler sind; oder es gibt wohl Richtungen, die psychisch destabilisieren, angeblich <em>Reiki.<\/em> Ebenso kann der \u2013 im eigentlichen Sinn extrem betriebene <em>Zenbuddhismus<\/em> Menschen psychisch zerbrechen. <em>Tarotkarten<\/em> und andere vermeintliche Zukunftsoffenbarer k\u00f6nnen abh\u00e4ngig machen, wie auch <em>Horoskope<\/em> versklaven k\u00f6nnen: Man mag nichts mehr ohne sein Horoskop tun \u2013 oder auch ohne seinen <em>Guru\/Meister.<\/em> Oder man hat \u00c4ngste vor unendlichen vielen Dingen: vor fehlgeleiteten kosmische Strahlungen und disharmonisierendem <em>Elektrosmog<\/em>, vor <em>dunklen M\u00e4chten<\/em>, der falsche Stein am falschen Ort, die falsche Strahlendosis der Farbe am K\u00f6rper \u2026 Heute ist auch die <em>Psycholyse<\/em> ein Mittel: Drogen werden zur Seelenerweiterung durch die jeweiligen Meister verabreicht \u2013 und zerst\u00f6ren Menschen.<\/p>\n\n\n\n<p style=\"color:#c06dd9;text-align:center\" class=\"has-text-color\"><strong>\u00a0Esoterik 9: positive und negative M\u00e4chte<\/strong><\/p>\n\n\n\n<p>Auch M\u00e4chte m\u00fcssen in Gleichgewicht gehalten werden. Esoterik spricht normalerweise lieber von positiven M\u00e4chten, <em>Engeln, Feen, Geister.<\/em> Sie werden in Schulungen und mit Hilfe von B\u00fcchern den negativen M\u00e4chten entgegengesetzt, damit das Gleichgewicht wieder hergestellt werden kann. Negative und positive M\u00e4chte k\u00f6nnen mit <em>magischen Handlungen<\/em> herbeigerufen und vertrieben werden, was uralte menschliche Hoffnungen und vor allem auch \u00c4ngste hervorrufen kann. In der Esoterik werden einige archaische \u00c4ngste wieder hoff\u00e4hig, die viele Menschen durch den christlichen Glauben \u00fcberwunden hatten. Und es wird versucht, diese archaischen \u00c4ngste mit archaischen Mitteln, die mit moderner wissenschaftlicher Sprache belegt werden, zu bek\u00e4mpfen. Esoterik ist Religion \u2013 sofern man Animismus als Religion bezeichnet.<\/p>\n\n\n\n<p>Esoterik kann aber auch spannende <em>Spielerei<\/em> sein: Wie M\u00e4nner nicht wissen, wor\u00fcber sie sich unterhalten sollen \u2013 darum Fu\u00dfball gerade recht kommt, da kann jeder mitreden \u2013 so sind esoterische Themen vielfach Frauenthemen: man wei\u00df, wor\u00fcber man miteinander reden kann. Beides kann religi\u00f6s \u00fcberzeichnet werden, beides kann die Emotionen so hochschaukeln, dass man daraus Lebenskraft zu gewinnen und Lebensverlust zu bekommen meint. Die Geister, die man rief, werden manche nicht mehr los.<\/p>\n\n\n\n<p style=\"color:#0037a3;text-align:center\" class=\"has-text-color\"><strong>Esoterik 10: Esoterik und Christentum<\/strong><\/p>\n\n\n\n<p style=\"color:#c5ba18\" class=\"has-text-color\">Dem Christentum ist esoterisches Denken nicht fremd, aber:<\/p>\n\n\n\n<ul class=\"wp-block-list\"><li>Im Gegensatz zum Christen, nimmt der Esoteriker jedoch alles selbst in die Hand und meint, es in die Hand nehmen zu k\u00f6nnen \u2013 damit ist er ein typischer Vertreter des modernen \u201eMachers\u201c bzw. findet sich st\u00e4rker in einem europ\u00e4isierten Buddhismus wieder. Hingegen legt sich der Christ im Glauben in Gottes Hand \u2013 und kann von hier aus alles, was mit Wellness zu tun hat, in Anspruch nehmen (Atemtechniken, Wasserspiele, zur Ruhe kommen usw. \u2013 was zum Teil ja auch in der christlichen Mystik beheimatet ist: Klostermedizin, Klostermystik).<\/li><li>Jesus Christus als Zentrum ist Glaubenden wichtig \u2013 auch was Sterben und Tod betrifft. Reinkarnation ist nicht christlich. Christlich ist: die Vergebung durch Jesus Christus und nicht Abarbeiten der Schuld durch Reinkarnationen;<\/li><li>christlich ist: das neue Leben, das Jesus Christus schon jetzt erm\u00f6glicht, einzu\u00fcben und mit seiner Hilfe zu leben;<\/li><li>christlich ist nicht: Mir muss es gut gehen, sondern: Wie geht es dem anderen? Was ist Gottes Wille?<\/li><li>Vielleicht stehen hinter bestimmten Dingen positive und negative M\u00e4chte. Esoterisch ist, sie in Gleichgewicht zu bringen. Mancherorts hat Esoterik in dieser Hinsicht hinduistische und magische Traditionen: Der Hindu-Priester beherrscht aufgrund seiner Kenntnisse von M\u00e4chten und der beseelten Natur die G\u00f6tter. Christlich ist: M\u00e4chte als Gottes Diener anzusehen bzw. sich durch Gott gesch\u00fctzt zu wissen (s. zum Beispiel die Befreiung von Menschen in den Wundern Jesu).<\/li><\/ul>\n\n\n\n<p style=\"color:#a000a3;text-align:center\" class=\"has-text-color\"><strong>Esoterik 11: Esoterik und Wissenschaft<\/strong><\/p>\n\n\n\n<p>Bei der Esoterik ist nicht der Glaube das Problem. Das Problem ist \u2013 vom Selbstverst\u00e4ndnis her gesehen \u2013 der Anspruch, wahre Wissenschaft zu sein, der Anspruch, dass das, was Esoteriker lehren, wissenschaftlich bewiesen werden kann. Diese Vermengung ist das, was die Esoterik f\u00fcr die Wissenschaft unannehmbar macht, denn diese Beweise sind \u201eemotionale\u201c Beweise in dem Sinn: Jeder wei\u00df, dass es Ebbe und Flut gibt, dass beide zusammengeh\u00f6ren \u2013 also stimmt das Yin-Yang-Prinzip. Oder: Chinesen haben eine alte Tradition \u2013 die vielen Chinesen k\u00f6nnen nicht irren \u2013 also stimmt das, was sie sagen. Und so haben wir manche Themen, die als Wissenschaft an der Uni dargelegt werden, aber im Grunde nichts weiter sind, als eine ideologische Modeerscheinung. Diese Vermengung von Wissenschaft und archaischem Glauben kann letztlich auch nicht nur dem Geldbeutel schaden, sondern auch der Gesundheit vieler Menschen.<\/p>\n\n\n\n<p style=\"color:#a37b00\" class=\"has-text-color\">Literatur:&nbsp;Hartmut Zinser: Esoterik. Eine Einf\u00fchrung, Wilhelm-Fink, M\u00fcnchen 2009<\/p>\n\n\n\n<p style=\"color:#a36200\" class=\"has-text-color\">Jens Schnabel: Steine, Pendel, Sph\u00e4renklang. Was ist Esoterik? Neukirchener Verlagshaus, Neukirchen-Vluyn 2008<\/p>\n\n\n\n<p style=\"color:#a34f00\" class=\"has-text-color\">Es gibt zu allen Themen zahlreiche Literatur: Heilsteine, Satanskult, Horoskope, Engel, Elfen, Pendel \u2026 : s. zum Beispiel Lexika esoterischen Wissens.<\/p>\n","protected":false},"excerpt":{"rendered":"<p>ESOTERIK Aufgaben: Bitte die Namen der Gruppen, die genannt werden, selbst mit Hilfe von Suchmaschinen definieren. Esoterik 1: Esoterik als religi\u00f6se Weltanschauung Esoterik ist auch eine Art Religion \u2013 zun\u00e4chst besser: eine Weltanschauung. Das Weltbild: Die Welt ist eine Einheit, eine Ganzheit. Sie ist durchgeistigt von einer Macht, einer Energie [&hellip;]<\/p>\n","protected":false},"author":1,"featured_media":0,"parent":72,"menu_order":0,"comment_status":"closed","ping_status":"closed","template":"","meta":{"footnotes":""},"class_list":["post-463","page","type-page","status-publish","hentry"],"_links":{"self":[{"href":"https:\/\/evangelische-religion.de\/ReligionNeu\/wp-json\/wp\/v2\/pages\/463","targetHints":{"allow":["GET"]}}],"collection":[{"href":"https:\/\/evangelische-religion.de\/ReligionNeu\/wp-json\/wp\/v2\/pages"}],"about":[{"href":"https:\/\/evangelische-religion.de\/ReligionNeu\/wp-json\/wp\/v2\/types\/page"}],"author":[{"embeddable":true,"href":"https:\/\/evangelische-religion.de\/ReligionNeu\/wp-json\/wp\/v2\/users\/1"}],"replies":[{"embeddable":true,"href":"https:\/\/evangelische-religion.de\/ReligionNeu\/wp-json\/wp\/v2\/comments?post=463"}],"version-history":[{"count":4,"href":"https:\/\/evangelische-religion.de\/ReligionNeu\/wp-json\/wp\/v2\/pages\/463\/revisions"}],"predecessor-version":[{"id":1199,"href":"https:\/\/evangelische-religion.de\/ReligionNeu\/wp-json\/wp\/v2\/pages\/463\/revisions\/1199"}],"up":[{"embeddable":true,"href":"https:\/\/evangelische-religion.de\/ReligionNeu\/wp-json\/wp\/v2\/pages\/72"}],"wp:attachment":[{"href":"https:\/\/evangelische-religion.de\/ReligionNeu\/wp-json\/wp\/v2\/media?parent=463"}],"curies":[{"name":"wp","href":"https:\/\/api.w.org\/{rel}","templated":true}]}}