{"id":452,"date":"2019-07-01T20:25:45","date_gmt":"2019-07-01T18:25:45","guid":{"rendered":"https:\/\/evangelische-religion.de\/ReligionNeu\/?page_id=452"},"modified":"2019-08-18T15:40:31","modified_gmt":"2019-08-18T13:40:31","slug":"fragen-zur-religion","status":"publish","type":"page","link":"https:\/\/evangelische-religion.de\/ReligionNeu\/religion-en\/fragen-zur-religion\/","title":{"rendered":"Fragen zur Religion"},"content":{"rendered":"\n<p style=\"text-align:center\" class=\"has-medium-font-size\">FRAGEN ZUR RELIGION<\/p>\n\n\n\n<p>Religion ist ein Ph\u00e4nomen, das den Menschen \u2013 soweit wir in der Geschichte zur\u00fcckschauen k\u00f6nnen \u2013 begleitet. Der Grund daf\u00fcr: Sie bietet, so vermutet man aus wissenschaftlicher Perspektive, evolution\u00e4re Vorteile: Antwort auf Fragen, Sicherheit, Gesundheit, Regeln f\u00fcr das Zusammenleben, Sich selbst in der Welt verorten\u2026<\/p>\n\n\n\n<p>Auf den folgenden Seiten wird dargelegt, was Wissenschaft in der Gegenwart zum Thema Religion zu sagen hat, es wird Religion in unserem Alltag reflektiert, dazu geh\u00f6rt auch die Esoterik.<\/p>\n\n\n\n<p>Den Atheismus habe ich im Kontext des Abschnitts \u00fcber Gott eingef\u00fcgt:\u00a0<a href=\"https:\/\/evangelische-religion.de\/ReligionNeu\/gott\/atheismus-religionskritik\/\">https:\/\/evangelische-religion.de\/ReligionNeu\/gott\/atheismus-religionskritik\/<\/a><\/p>\n\n\n\n<p style=\"color:#a30003\" class=\"has-text-color has-background has-background-color-background-color\"><strong>Aufgaben: Ann\u00e4herung an das Thema:<\/strong><\/p>\n\n\n\n<p style=\"color:#a30003\" class=\"has-text-color\">Meinungsbarometer (eine Seite des Raumes = Ja, die andere Seite = nein. Die einzelnen Personen entscheiden, wie sie die Frage\/These beantworten \u2013 es wird nicht diskutiert, interpretiert, definiert):<\/p>\n\n\n\n<ol class=\"wp-block-list\"><li>Religion ist wichtig.<\/li><li>Religion ist etwas f\u00fcr Kleingeister.<\/li><li>Alle Menschen sind religi\u00f6s.<\/li><li>Religionen sind uninteressant.<\/li><li>Ich habe etwas, das mir heilig ist.<\/li><li>Wissenschaft und Religion schlie\u00dfen sich aus.<\/li><li>Religion spielt heute keine Rolle mehr.<\/li><li>Ich wei\u00df, was Esoterik ist.<\/li><li>Ich wei\u00df, was Spiritualit\u00e4t ist.<\/li><li>Ich kenne einen Hindu.<\/li><li>Ich kenne einen Buddhisten.<\/li><li>Ich kenne einen Christen.<\/li><li>Religion ist wichtig f\u00fcr die Ethik\/Verhalten.<\/li><li>Religion gibt es auch ohne Glauben an einen Gott.<\/li><li>Religionen sind von Menschen ausgedacht worden.<\/li><\/ol>\n\n\n\n<p>Die Teilnehmer k\u00f6nnen an die Gruppe weitere Fragen stellen.<\/p>\n\n\n\n<p>Das zweimal durchf\u00fchren. Das erste Mal: ganz schnell und spontan entscheiden. Beim zweiten Mal am Ende der Unterrichtseinheit \u2013 die Fragen sind bekannt \u2013 und es geht darum, sich noch einmal zu entscheiden.<\/p>\n\n\n\n<p>Zuletzt dann die Frage stellen: Wer hat Unterschiede zwischen der spontanen Entscheidung und der reflektierten Entscheidung entdeckt? Warum?<\/p>\n\n\n\n<p>Wenn \u201enein\u201c \u2013 warum nicht?<\/p>\n\n\n\n<p style=\"color:#a30003\" class=\"has-text-color has-background has-background-color-background-color\"><strong>Aufgaben:<\/strong><\/p>\n\n\n\n<ol class=\"wp-block-list\"><li>Ist Religionsfreiheit notwendig? (Beachte: Allgemeine Erkl\u00e4rung der Menschenrechte \u00a7 18: Gedanken-, Gewissens-, Religionsfreiheit): Positive Religionsfreiheit: Jeder hat das Recht, seine Religion auszu\u00fcben; negative Religionsfreiheit: keiner darf zu religi\u00f6sen Handlungen gezwungen werden.<\/li><li>Wieweit darf Religionsfreiheit gehen? (Beachte: Darf man anderen zumuten, die religi\u00f6sen Symbole \u00f6ffentlich zu sehen?)<\/li><li>Ist Kritik an Religionen erlaubt \u2013 auch Blasphemie (Gottesl\u00e4sterung)?<\/li><li>Ist Feindschaft gegen Religionen vertretbar?<\/li><li>Ist ein Bewusstsein religi\u00f6ser Traditionen notwendig? (Pr\u00e4ambel des Grundgesetzes: \u201eIm Bewusstsein seiner Verantwortung vor Gott\u201c.)<\/li><\/ol>\n","protected":false},"excerpt":{"rendered":"<p>FRAGEN ZUR RELIGION Religion ist ein Ph\u00e4nomen, das den Menschen \u2013 soweit wir in der Geschichte zur\u00fcckschauen k\u00f6nnen \u2013 begleitet. Der Grund daf\u00fcr: Sie bietet, so vermutet man aus wissenschaftlicher Perspektive, evolution\u00e4re Vorteile: Antwort auf Fragen, Sicherheit, Gesundheit, Regeln f\u00fcr das Zusammenleben, Sich selbst in der Welt verorten\u2026 Auf den [&hellip;]<\/p>\n","protected":false},"author":1,"featured_media":0,"parent":72,"menu_order":0,"comment_status":"closed","ping_status":"closed","template":"","meta":{"footnotes":""},"class_list":["post-452","page","type-page","status-publish","hentry"],"_links":{"self":[{"href":"https:\/\/evangelische-religion.de\/ReligionNeu\/wp-json\/wp\/v2\/pages\/452","targetHints":{"allow":["GET"]}}],"collection":[{"href":"https:\/\/evangelische-religion.de\/ReligionNeu\/wp-json\/wp\/v2\/pages"}],"about":[{"href":"https:\/\/evangelische-religion.de\/ReligionNeu\/wp-json\/wp\/v2\/types\/page"}],"author":[{"embeddable":true,"href":"https:\/\/evangelische-religion.de\/ReligionNeu\/wp-json\/wp\/v2\/users\/1"}],"replies":[{"embeddable":true,"href":"https:\/\/evangelische-religion.de\/ReligionNeu\/wp-json\/wp\/v2\/comments?post=452"}],"version-history":[{"count":3,"href":"https:\/\/evangelische-religion.de\/ReligionNeu\/wp-json\/wp\/v2\/pages\/452\/revisions"}],"predecessor-version":[{"id":1639,"href":"https:\/\/evangelische-religion.de\/ReligionNeu\/wp-json\/wp\/v2\/pages\/452\/revisions\/1639"}],"up":[{"embeddable":true,"href":"https:\/\/evangelische-religion.de\/ReligionNeu\/wp-json\/wp\/v2\/pages\/72"}],"wp:attachment":[{"href":"https:\/\/evangelische-religion.de\/ReligionNeu\/wp-json\/wp\/v2\/media?parent=452"}],"curies":[{"name":"wp","href":"https:\/\/api.w.org\/{rel}","templated":true}]}}