{"id":449,"date":"2019-07-01T16:25:15","date_gmt":"2019-07-01T14:25:15","guid":{"rendered":"https:\/\/evangelische-religion.de\/ReligionNeu\/?page_id=449"},"modified":"2019-07-13T09:47:22","modified_gmt":"2019-07-13T07:47:22","slug":"sekten-sondergruppen","status":"publish","type":"page","link":"https:\/\/evangelische-religion.de\/ReligionNeu\/religion-en\/sekten-sondergruppen\/","title":{"rendered":"Sekten\/Sondergruppen"},"content":{"rendered":"\n<p style=\"text-align:center\" class=\"has-medium-font-size\">SEKTEN \/ SONDERGRUPPEN<\/p>\n\n\n\n<p>Zu dem Thema Sekten \/ Sondergruppen m\u00f6chte ich nur auf hilfreiche Seiten verweisen. Sie bieten eine F\u00fclle an Materialien zur Recherche:  <a href=\"https:\/\/www.ezw-berlin.de\/html\/1964.php\">https:\/\/www.ezw-berlin.de\/html\/1964.php<\/a>  und <a href=\"http:\/\/www.relinfo.ch\/index\/start.html\">http:\/\/www.relinfo.ch\/index\/start.html<\/a>\u00a0Auf dieser Seite wird der Fokus auf neuheidnische Gruppen, Psychogruppen usw. gesetzt:<\/p>\n\n\n\n<p>Neuheidnische Gruppen sind solche, die phantasievoll vielfach alte germanische Kulte, zum Beispiel: Keltenkulte, wieder zum Leben erwecken wollen. Sie stehen alle in schamanistischer\/animistischer Tradition \u2013 das hei\u00dft, sie greifen afrikanische-, indianische-, Inuit-Traditionen auf, weil aus germanisch\/keltischer Zeit sehr wenig sichere Informationen \u00fcberliefert wurden.<\/p>\n\n\n\n<p>Psychogruppen greifen auf psychologische Erkenntnisse \u2013 manchmal auch verbunden mit Drogen \u2013 zur\u00fcck, um Menschen zu binden.<\/p>\n\n\n\n<p style=\"color:#a36c00\" class=\"has-text-color\">Literatur:&nbsp;Michael Landgraf: Religion, \u201eSekte\u201c, oder\u2026? Einf\u00fchrung \u2013 Materialien \u2013 Kreativideen. Calwer-EPV-RPE, Speyer-Stuttgart 2006 (2. aktualisierte Auflage)<\/p>\n\n\n\n<p style=\"color:#a34f00\" class=\"has-text-color\">DVD: Rainer Fromm: Mission Scientology. Im Reich der Titane. (Matthias-Film)<\/p>\n\n\n\n<p style=\"text-align:center\"><strong>Anmerkungen:<\/strong><\/p>\n\n\n\n<p>Es gibt ein paar Merkmale, die Sondergruppen bzw. Sekten gemeinsam haben k\u00f6nnen: <\/p>\n\n\n\n<ul class=\"wp-block-list\"><li>Sie denken, sie seien besser als andere, seien die Elite, <\/li><li>sie kontrollieren Mitglieder, <\/li><li>Neuank\u00f6mmlinge werden mit \u201eLiebe\u201c umgarnt \u2013 sie werden best\u00e4tigt und gelobt und f\u00fchlen sich wunderbar verstanden, <\/li><li>das f\u00fchrt dann zur gew\u00fcnschten Abkapselung von anderen Individuen und Gruppen, da die Neuank\u00f6mmlinge sich ganz auf die Gruppe konzentrieren und leicht lenkbar sind, <\/li><li>Fanatismus geh\u00f6rt vielfach dazu, <\/li><li>gesetzliches Festhalten an Vorgaben, <\/li><li>Streben nach Macht \u00fcber andere Gruppen. <\/li><li>Der: wir allein retten die Welt Gedanke ist dominant und zwingt fanatisch zu werden. <\/li><li>Wenn die Gruppe eine religi\u00f6se Gruppe ist, wird die Gottheit mit dem Frommen im Grunde identisch: die Gottheit tut, was die Frommen glauben, weil die Frommen glauben, was die Gottheit tut. Gottheit und Fromme bei\u00dfen sich sozusagen in den Schwanz. Das gilt vor allem auch dann, wenn besondere Personen (Propheten, Gurus, Yogis\u2026) an der Spitze stehen. <\/li><li>Die d\u00e4monischen M\u00e4chte spielen vielfach eine Rolle, Schwarz-Wei\u00df-Denken, Paradies- oder sonstige Versprechen.<\/li><\/ul>\n\n\n\n<p>Nun mag man nat\u00fcrlich sagen: Ah, seht da: Die Christen! Nat\u00fcrlich k\u00f6nnen auch Christen ideologisch, sektiererhaft sein.<\/p>\n\n\n\n<ul class=\"wp-block-list\"><li>Sie lieben Menschen, die Christen geworden sind \u2013 aber sie hassen nicht Menschen, die sich vom Glauben abwenden, sie drangsalieren sie nicht.<\/li><li>Sie lassen auch Gott Freiraum, denn sie haben ihn nicht in ihren H\u00e4nden, sondern wenden sich ihm zu und legen sich in seine H\u00e4nde.<\/li><li>Gott hat sich uns auch nicht mit der Bibel in die H\u00e4nde gegeben, so dass wir sagen k\u00f6nnten: Seht, das Wort Gottes in unserer Hand! Er spricht mit uns durch sein Wort. Gott hat sich den Menschen in Jesus Christus in die Hand gegeben \u2013 und sie hatten nichts Besseres zu tun, als ihn hinzurichten.<\/li><li>Christen haben Regeln und Gesetze \u2013 sie wissen aber auch um die Verantwortung, die es gebietet, manchmal Regeln und Gesetze zu \u00fcbertreten, wenn es um die Liebe geht.<\/li><li>So ganz k\u00f6nnen wir angesichts der Erfahrungen auch nicht das B\u00f6se ignorieren \u2013 aber das B\u00f6se ist besiegt, hat f\u00fcr Glaubende keine wirkliche Relevanz mehr.<\/li><li>Vergebung und Gottesgeist haben das Sagen. Von daher sollte das Schwarz-Wei\u00df denken, das dualistische Element f\u00fcr Christen, Satan \/ Dschinn contra Gott, keinerlei Bedeutung mehr haben. Sicher h\u00e4tte das B\u00f6se gerne, dass wir ihm dieses Gewicht beimessen. Freilich muss man sich hier auch vor Ideologisierung sch\u00fctzen, das hei\u00dft davor, die Realit\u00e4ten nicht mehr wahrzunehmen: Das B\u00f6se in der Welt hat nat\u00fcrlich Macht, die Gedanken zu fesseln, Angst einzufl\u00f6\u00dfen, den Menschen von Grund auf zu erschrecken. Das darf nicht geleugnet werden. Aber wir haben die M\u00f6glichkeit, uns immer wieder von Gottes sch\u00fctzenden Armen bergen zu lassen.<\/li><li>Wir als Christen haben auch den Glauben, dass Gott uns in Jesus Christus nach dem Sterben empf\u00e4ngt \u2013 aber er ist so frei, auch Menschen zu empfangen, von denen wir es ganz und gar nicht erwartet h\u00e4tten.<\/li><li>Und Elite-Denken scheint nicht fern, wenn wir uns als geliebte Kinder Gottes ansehen. Aber wir sehen nicht nur uns als solche an, sondern auch diejenigen, die noch nicht wahrhaben wollen bzw. k\u00f6nnen, dass sie von Gott geliebte Kinder sind.<\/li><li>Christen sind sehr vielf\u00e4ltig, von daher keine einheitlich harte sektiererische Speerspitze.<\/li><\/ul>\n","protected":false},"excerpt":{"rendered":"<p>SEKTEN \/ SONDERGRUPPEN Zu dem Thema Sekten \/ Sondergruppen m\u00f6chte ich nur auf hilfreiche Seiten verweisen. Sie bieten eine F\u00fclle an Materialien zur Recherche: https:\/\/www.ezw-berlin.de\/html\/1964.php und http:\/\/www.relinfo.ch\/index\/start.html\u00a0Auf dieser Seite wird der Fokus auf neuheidnische Gruppen, Psychogruppen usw. gesetzt: Neuheidnische Gruppen sind solche, die phantasievoll vielfach alte germanische Kulte, zum Beispiel: [&hellip;]<\/p>\n","protected":false},"author":1,"featured_media":0,"parent":72,"menu_order":0,"comment_status":"closed","ping_status":"closed","template":"","meta":{"footnotes":""},"class_list":["post-449","page","type-page","status-publish","hentry"],"_links":{"self":[{"href":"https:\/\/evangelische-religion.de\/ReligionNeu\/wp-json\/wp\/v2\/pages\/449","targetHints":{"allow":["GET"]}}],"collection":[{"href":"https:\/\/evangelische-religion.de\/ReligionNeu\/wp-json\/wp\/v2\/pages"}],"about":[{"href":"https:\/\/evangelische-religion.de\/ReligionNeu\/wp-json\/wp\/v2\/types\/page"}],"author":[{"embeddable":true,"href":"https:\/\/evangelische-religion.de\/ReligionNeu\/wp-json\/wp\/v2\/users\/1"}],"replies":[{"embeddable":true,"href":"https:\/\/evangelische-religion.de\/ReligionNeu\/wp-json\/wp\/v2\/comments?post=449"}],"version-history":[{"count":2,"href":"https:\/\/evangelische-religion.de\/ReligionNeu\/wp-json\/wp\/v2\/pages\/449\/revisions"}],"predecessor-version":[{"id":1195,"href":"https:\/\/evangelische-religion.de\/ReligionNeu\/wp-json\/wp\/v2\/pages\/449\/revisions\/1195"}],"up":[{"embeddable":true,"href":"https:\/\/evangelische-religion.de\/ReligionNeu\/wp-json\/wp\/v2\/pages\/72"}],"wp:attachment":[{"href":"https:\/\/evangelische-religion.de\/ReligionNeu\/wp-json\/wp\/v2\/media?parent=449"}],"curies":[{"name":"wp","href":"https:\/\/api.w.org\/{rel}","templated":true}]}}