{"id":441,"date":"2019-07-01T16:16:59","date_gmt":"2019-07-01T14:16:59","guid":{"rendered":"https:\/\/evangelische-religion.de\/ReligionNeu\/?page_id=441"},"modified":"2026-04-17T09:23:57","modified_gmt":"2026-04-17T07:23:57","slug":"sinn-des-lebens","status":"publish","type":"page","link":"https:\/\/evangelische-religion.de\/ReligionNeu\/religion-en\/sinn-des-lebens\/","title":{"rendered":"Sinn &#8211; Sekten &#8211; Sucht"},"content":{"rendered":"\n<p class=\"has-text-align-center has-medium-font-size\">SINN \u2013&nbsp; SEKTEN \u2013 SUCHT: EINLEITUNGSFRAGEN<\/p>\n\n\n\n<p class=\"has-text-align-center\" style=\"text-decoration:underline\">Grunds\u00e4tzliches vorneweg<\/p>\n\n\n\n<p>Viele Fragen, die wir im Leben haben, sind &#8222;mind blowing&#8220; &#8211; &#8222;Kopf zerbrechend&#8220;. Manchmal kommen wir mit den schweren Fragen nicht klar. Je nach Gef\u00fchlslage. Manchmal geht es uns wunderbar gut &#8211; und keine Frage kann mir das Leben tr\u00fcben. Manchmal f\u00fchle ich mich schlecht &#8211; und jede Frage kann zu einer werden, die mein Leben klein und schwer macht.<\/p>\n\n\n\n<p>Wenn ich das Gef\u00fchl habe, dass mein Leben irgendwie nicht funktioniert, alles irgendwie zerbricht, dann kann ich bei anderen Menschen Hilfe suchen. Vor Ort sind Pfarrerinnen \/ Pfarrer und Pastorinnen \/ Pastoren sowie Priester ansprechbar. Wenn ich lieber anonym meine Fragen stelle, mich mit irgendjemandem anonym unterhalten m\u00f6chte, dann bieten sich folgende Telefonnummern an:<\/p>\n\n\n\n<p>(a) Telefonseelsorge: 0800 1110111 \/ 0800 1110222 <a href=\"https:\/\/www.telefonseelsorge.de\/\">https:\/\/www.telefonseelsorge.de\/<\/a> Dort finden sich auch Chat-M\u00f6glichkeiten, e-Mail ist m\u00f6glich und Vor-Ort-Beratungsstellen.<\/p>\n\n\n\n<p>(b) Nummer gegen Kummer: 116 111 Es gibt da auch Hilfe f\u00fcr Eltern: 0800 1110550, sowie Chat und M\u00f6glichkeit zu mailen: <a href=\"https:\/\/www.nummergegenkummer.de\/\">https:\/\/www.nummergegenkummer.de\/<\/a><\/p>\n\n\n\n<p class=\"has-text-align-center\" style=\"text-decoration:underline\">Sinn &#8211; Sekten &#8211; Sucht<\/p>\n\n\n\n<p>Auf der vorangegangenen Seite wurden Hinweise geboten, die anregen sollen, dar\u00fcber nachzudenken, dass unterschiedliche Menschen dem Leben auch unterschiedlichen Sinn abgewinnen k\u00f6nnen \u2013 dar\u00fcber hinaus zeigt sie, dass es auch unterschiedliche Sinn-Angebote gibt.<\/p>\n\n\n\n<p>Die Themen Sekten\/Sondergruppen und Sucht k\u00f6nnen zur Frage nach dem Sinn des Lebens dazugeh\u00f6ren. Vorbereitend auf diese Seiten &#8211; siehe die Links unter Aufgabe 12 &#8211; kannst Du die folgenden Fragen beantworten.<\/p>\n\n\n\n<p>Manche der folgenden Fragen haben es massiv in sich. Wenn Du nicht mit ihnen klar kommst, \u00fcbergehe sie einfach. Vielleicht kommst Du wieder zu ihnen zur\u00fcck, wenn Du Dich ein wenig mit dem Thema besch\u00e4ftigt hast.<\/p>\n\n\n\n<p class=\"has-background-color-background-color has-text-color has-background\" style=\"color:#a30003\"><strong>Aufgabe 1<\/strong>&nbsp;(Stillarbeit): Ist es gut, dar\u00fcber nachzudenken, was der Sinn meines \/ eines Lebens sein k\u00f6nnte?<\/p>\n\n\n\n<p>Wenn ja:<\/p>\n\n\n\n<ol class=\"wp-block-list\">\n<li>Warum ist es gut, dar\u00fcber nachzudenken?<\/li>\n\n\n\n<li>Was f\u00fcr einen Sinn sehe ich in meinem Leben<\/li>\n\n\n\n<li>Was f\u00fcr einen Sinn m\u00f6chte ich meinem Leben geben?<\/li>\n\n\n\n<li>Wenn nein:<\/li>\n\n\n\n<li>Warum ist es nicht gut, dar\u00fcber nachzudenken?<\/li>\n\n\n\n<li>Welchen Sinn k\u00f6nnten andere Menschen in ihrem Leben sehen?<\/li>\n\n\n\n<li>Was k\u00f6nnten sie als Sinn des Lebens ansehen?<\/li>\n<\/ol>\n\n\n\n<p class=\"has-background-color-background-color has-text-color has-background\" style=\"color:#a30003\"><strong>Aufgabe 2<\/strong>: Ein Freund\/eine Freundin mailt Dir bzw. schreibt Dir auf WhatsApp: <em>Es ist alles so sinnlos. Ich bin halt auf der Welt. Mehr nicht.<\/em> Welche M\u00f6glichkeiten siehst Du, darauf zu reagieren?<\/p>\n\n\n\n<p class=\"has-background-color-background-color has-text-color has-background\" style=\"color:#a30003\"><strong>Aufgabe 3<\/strong>&nbsp;(gemeinsam sammeln + erz\u00e4hlen):<\/p>\n\n\n\n<ul class=\"wp-block-list\">\n<li>Was wei\u00dft Du \u00fcber Sekten?<\/li>\n\n\n\n<li>Was wei\u00dft Du \u00fcber Sucht?<\/li>\n<\/ul>\n\n\n\n<p class=\"has-background-color-background-color has-text-color has-background\" style=\"color:#a30003\"><strong>Aufgabe 4<\/strong>&nbsp;(Stillarbeit + Plenum): Was k\u00f6nnen beide Themen mit dem Thema \u201eSinn des Lebens zu tun haben\u201c?<\/p>\n\n\n\n<p class=\"has-background-color-background-color has-text-color has-background\" style=\"color:#a30003\"><strong>Aufgabe 5<\/strong>: Gehen die Themen \u00fcber die Frage nach dem Sinn hinaus? Inwiefern kann man mit Sekten und Drogen in Ber\u00fchrung kommen?<\/p>\n\n\n\n<p class=\"has-background-color-background-color has-text-color has-background\" style=\"color:#a30003\"><strong>Aufgabe 6<\/strong>: Lies die M\u00f6glichkeiten, die die Aufz\u00e4hlung auf der vorangegangenen Seite angibt.<\/p>\n\n\n\n<ul class=\"wp-block-list\">\n<li>Du hast Erfahrungen mit Menschen, Du beobachtest Menschen.<\/li>\n\n\n\n<li>Von daher kannst Du die Tabelle sicher:<\/li>\n\n\n\n<li>erg\u00e4nzen<\/li>\n\n\n\n<li>korrigieren<\/li>\n\n\n\n<li>eine ganz neue erstellen<\/li>\n<\/ul>\n\n\n\n<p class=\"has-background-color-background-color has-text-color has-background\" style=\"color:#a30000\"><strong>Aufgabe 7<\/strong>: Begr\u00fcnde Deine \u00c4nderungen der Aufz\u00e4hlungen.<\/p>\n\n\n\n<p class=\"has-background-color-background-color has-text-color has-background\" style=\"color:#a30003\"><strong>Aufgabe 8:<\/strong> Was h\u00e4ltst Du von den Aussagen:<\/p>\n\n\n\n<ol class=\"wp-block-list\">\n<li>Es kommt nicht darauf an, was ich vom Leben erwarte, sondern darauf, was das Leben von mir erwartet.<\/li>\n\n\n\n<li>Es kommt nicht darauf an, welchen Sinn ich dem Leben gebe, sondern welchen Sinn das Leben mir auftr\u00e4gt.<\/li>\n\n\n\n<li>Es kommt unbedingt darauf an, was ich vom Leben erwarte.<\/li>\n\n\n\n<li>Es kommt unbedingt darauf an, welchen Sinn ich dem Leben gebe.<\/li>\n\n\n\n<li>Andere Menschen tragen viel zu einem sinnvollen Leben von mir bei.<\/li>\n\n\n\n<li>Ich bin von anderen Menschen unabh\u00e4ngig, wenn es um die Frage nach dem Lebenssinn geht.<\/li>\n<\/ol>\n\n\n\n<p class=\"has-background-color-background-color has-text-color has-background\" style=\"color:#a30003\"><strong>Aufgabe 9:<\/strong> Was sagst Du dazu? <\/p>\n\n\n\n<p>Nicht der Mensch stellt die Frage: Was ist der Sinn des Lebens, sondern: Das Leben stellt dem Menschen die Frage: Welchen Sinn siehst Du? Und es fordert auf: Erkenne den Sinn! (Ersetze das Wort &#8222;Leben&#8220; durch: Gott, durch Menschen, die Dir nahe stehen.) <\/p>\n\n\n\n<p class=\"has-background-color-background-color has-text-color has-background\" style=\"color:#a30003\"><strong>Aufgabe 10<\/strong>: Was sagst Du dazu? <\/p>\n\n\n\n<p>Ich als Mensch bin Ich. Aber habe ich das Ich in meiner Hand? Verstehe ich mich wirklich? Habe ich eine mir unbewusste Seite, die ich nicht ergr\u00fcnden kann oder nicht mag?<\/p>\n\n\n\n<p class=\"has-background-color-background-color has-text-color has-background\" style=\"color:#a30003\"><strong>Aufgabe 11<\/strong>: Kannst Du die Aussage nachvollziehen? <\/p>\n\n\n\n<p>Der Theologe Dietrich Bonhoeffer schrieb im Gef\u00e4ngnis, dass andere Menschen ihn anders beurteilen, als er sich selbst zu sehen vermag. Er endet mit dem Satz: <em>\u201eWer bin ich? Einsames Fragen treibt mit mir Spott. \/ Wer ich auch bin, Du kennst mich, Dein bin ich, o Gott!\u201c<\/em> Den gesamten Text findest Du hier:&nbsp;<a href=\"https:\/\/www.religionspaedagogikzh.ch\/upload\/20120229133415.pdf\">https:\/\/www.religionspaedagogikzh.ch\/upload\/20120229133415.pdf<\/a><\/p>\n\n\n\n<p class=\"has-background-color-background-color has-text-color has-background\" style=\"color:#a30003\"><strong>Aufgabe 12<\/strong>: Lies <\/p>\n\n\n\n<p class=\"has-background-color-background-color has-text-color has-background\" style=\"color:#a30003\">(a): <a href=\"https:\/\/evangelische-religion.de\/ReligionNeu\/mensch\/sucht\/\">https:\/\/evangelische-religion.de\/ReligionNeu\/mensch\/sucht\/<\/a><\/p>\n\n\n\n<p class=\"has-background-color-background-color has-text-color has-background\" style=\"color:#a30003\">(b) <a href=\"https:\/\/evangelische-religion.de\/ReligionNeu\/religion-en\/sekten-sondergruppen\/\">https:\/\/evangelische-religion.de\/ReligionNeu\/religion-en\/sekten-sondergruppen\/<\/a><\/p>\n\n\n\n<p><\/p>\n\n\n\n<p>Auch die Frage nach dem Sinn des Lebens ben\u00f6tigt aus christlicher Sicht den Gottesbezug. Menschen finden in allem m\u00f6glichen Erf\u00fcllung f\u00fcr ihr Leben: Familie, Nachkommenschaft, Gemeinschaft, Beruf, Karriere, im finanziell abgesicherten Leben, im Hobby, darin, dass ich von anderen in den Medien oder dem \u201eSozialen Netzwerk\u201c wahrgenommen werde oder einfach im unreflektierten aber gl\u00fccklichen Dasein. Manchen nehmen Drogen das Denken \u00fcber den Sinn des Lebens aus der Hand, manche f\u00fchlen sich sinnvoll geborgen in der sie bestimmenden Gemeinschaft (also religi\u00f6se und weltanschauliche Sekten). Aus diesen Gr\u00fcnden ist die Notwendigkeit des Gottesbezuges nicht immer ersichtlich. Doch angesichts des Todes, aber auch schon angesichts schwerer Erkrankungen und anderen Notlagen kommen Fragen auf, die nach den Sinn des Lebens auf einer anderen Ebene fragen l\u00e4sst: Ich werde sterben \u2013 was machen dann Familie, Beruf, Hobbys f\u00fcr einen Sinn? Alles, was sinnvoll schien, zerrinnt. Auch wenn Goethes Werke den Menschen Johann Wolfgang \u00fcberlebt haben \u2013 er selbst ist nicht mehr. Und von hier aus gesehen fragen Menschen auf einer anderen Ebene, der religi\u00f6sen Ebene nach dem Sinn. Und diese Ebene wird die irdischen Versuche, den Lebenssinn zu finden, \u00fcberdauern. Aus christlicher Perspektive wird der Sinn darin gefunden, dass das fragmentarische Leben auf die Vollendung zugeht. Das verzerrte Gott-Ebenbild Mensch wird zum vollendeten Ebenbild Gottes.<\/p>\n","protected":false},"excerpt":{"rendered":"<p>SINN \u2013&nbsp; SEKTEN \u2013 SUCHT: EINLEITUNGSFRAGEN Grunds\u00e4tzliches vorneweg Viele Fragen, die wir im Leben haben, sind &#8222;mind blowing&#8220; &#8211; &#8222;Kopf zerbrechend&#8220;. Manchmal kommen wir mit den schweren Fragen nicht klar. Je nach Gef\u00fchlslage. Manchmal geht es uns wunderbar gut &#8211; und keine Frage kann mir das Leben tr\u00fcben. Manchmal f\u00fchle [&hellip;]<\/p>\n","protected":false},"author":1,"featured_media":0,"parent":72,"menu_order":0,"comment_status":"closed","ping_status":"closed","template":"","meta":{"footnotes":""},"class_list":["post-441","page","type-page","status-publish","hentry"],"_links":{"self":[{"href":"https:\/\/evangelische-religion.de\/ReligionNeu\/wp-json\/wp\/v2\/pages\/441","targetHints":{"allow":["GET"]}}],"collection":[{"href":"https:\/\/evangelische-religion.de\/ReligionNeu\/wp-json\/wp\/v2\/pages"}],"about":[{"href":"https:\/\/evangelische-religion.de\/ReligionNeu\/wp-json\/wp\/v2\/types\/page"}],"author":[{"embeddable":true,"href":"https:\/\/evangelische-religion.de\/ReligionNeu\/wp-json\/wp\/v2\/users\/1"}],"replies":[{"embeddable":true,"href":"https:\/\/evangelische-religion.de\/ReligionNeu\/wp-json\/wp\/v2\/comments?post=441"}],"version-history":[{"count":11,"href":"https:\/\/evangelische-religion.de\/ReligionNeu\/wp-json\/wp\/v2\/pages\/441\/revisions"}],"predecessor-version":[{"id":2925,"href":"https:\/\/evangelische-religion.de\/ReligionNeu\/wp-json\/wp\/v2\/pages\/441\/revisions\/2925"}],"up":[{"embeddable":true,"href":"https:\/\/evangelische-religion.de\/ReligionNeu\/wp-json\/wp\/v2\/pages\/72"}],"wp:attachment":[{"href":"https:\/\/evangelische-religion.de\/ReligionNeu\/wp-json\/wp\/v2\/media?parent=441"}],"curies":[{"name":"wp","href":"https:\/\/api.w.org\/{rel}","templated":true}]}}