{"id":417,"date":"2019-07-01T16:03:21","date_gmt":"2019-07-01T14:03:21","guid":{"rendered":"https:\/\/evangelische-religion.de\/ReligionNeu\/?page_id=417"},"modified":"2020-12-09T08:20:04","modified_gmt":"2020-12-09T07:20:04","slug":"tod-und-auferstehung","status":"publish","type":"page","link":"https:\/\/evangelische-religion.de\/ReligionNeu\/mensch\/tod-und-auferstehung\/","title":{"rendered":"Tod und Auferstehung"},"content":{"rendered":"\n<p class=\"has-text-align-center has-medium-font-size\"><strong>TOD UND AUFERSTEHUNG<\/strong><\/p>\n\n\n\n<p class=\"has-text-color\" style=\"color:#a3001b\">Aufgabe:<\/p>\n\n\n\n<p class=\"has-text-color\" style=\"color:#a3001b\">Viele Menschen meiden das nachdenken \u00fcber das Sterben und den Tod. <\/p>\n\n\n\n<p class=\"has-text-color\" style=\"color:#a3001b\">a) Kannst Du Dir vorstellen, warum dem so ist? <\/p>\n\n\n\n<p class=\"has-text-color\" style=\"color:#a3001b\">b) Kannst Du Dir vorstellen, warum es wichtig sein kann, dass man sich mit dem Thema besch\u00e4ftigt, bevor man damit massiv konfrontiert wird?<\/p>\n\n\n\n<p>Menschen k\u00f6nnen Sterben ein\u00fcben. Das lehren vor allem der Buddhismus und das Christentum. Paulus spricht davon im 1. Korintherbrief 7,29-31: All das, was wir erleben, ist vor\u00fcbergehend. Was ich heute habe, das kann mir morgen genommen werden. Deshalb darf man sein Herz nicht an Dinge h\u00e4ngen, sondern allein an Gott \u2013 und diese Dinge sind aus seiner Hand zu nehmen (und weiterzugeben). An erster Stelle steht Gott \u2013 erst danach kommt im gro\u00dfen Abstand alles andere. Jesus lehrt, das Leben als begrenzt anzusehen, nicht zu horten, nicht sich selbst in den Mittelpunkt zu stellen, sondern es sinnvoll im Sinne Gottes zu verbringen. Jesus und Paulus, stehen hiermit in ihrer j\u00fcdischen Tradition:<\/p>\n\n\n\n<p><em>Herr, lehre uns bedenken, dass wir sterben m\u00fcssen, auf dass wir klug werden<\/em>&nbsp;(Ps. 90,12).<\/p>\n\n\n\n<p>Dieser Satz wird immer bei Beerdigungen den Lebenden ans Herz gelegt. \u201eLebensklug\u201c werden \u2013 das hei\u00dft: Gott suchen, Liebe \u00fcben, anderen vergeben\u2026 Jesus und Paulus lebten mit dem Sterben vor Augen. Freilich bedeutete das f\u00fcr beide nicht, dass sie darum das konkrete Leben \u00fcbersehen, \u00fcbergangen haben. Sie haben es sehr wichtig genommen. Jesus hat sich den anderen Menschen helfend, heilend, tr\u00f6stend zugewendet, Paulus hat besonders eifrig die frohe Botschaft (Evangelium) weitergegeben. Wenn sich ein Christ in das Sterben ein\u00fcbt, dann bedeutet das auch:<\/p>\n\n\n\n<p class=\"has-white-color has-accent-background-color has-text-color has-background\"><em>Dem Leben zugewendet leben \u2013 gegen die Kultur des Todes.<\/em><\/p>\n\n\n\n<p>Paulus hat f\u00fcr sich folgende Antwort gefunden:<\/p>\n\n\n\n<ul class=\"wp-block-list\"><li><em>Keiner von uns lebt f\u00fcr sich, und keiner stirbt f\u00fcr sich.<\/em><\/li><li><em>Leben wir, leben wir dem Herrn, sterben wir, sterben wir dem Herrn.<\/em><\/li><li><em>Darum: Ob wir leben oder sterben, wir geh\u00f6ren dem Herrn.\u201c<\/em><\/li><li>(R\u00f6merbrief 14,7f.)<\/li><\/ul>\n\n\n\n<p>Und der Herr Jesus Christus weist ins Leben.<\/p>\n\n\n\n<p>Christen \u00fcben sich aber nicht prim\u00e4r in das Sterben ein. Christen \u00fcben sich in das Leben ein. Sie leben als Menschen mit Jesus Christus \u2013 und Jesus Christus wird es sein, der sie nach dem Sterben empf\u00e4ngt zum ewigen Leben. Christlicher Glaube bedeutet: Der Tod hat verloren \u2013 die Liebe hat gesiegt.<\/p>\n\n\n\n<p class=\"has-text-color\" style=\"color:#a30003\">In diesem Zusammenhang kann man auch die Lieder, die das Gesangbuch zum Thema bietet, ber\u00fccksichtigen. Auf Youtube kann man fast alle anh\u00f6ren.<\/p>\n\n\n\n<p class=\"has-text-color\" style=\"color:#a30003\">Aufgabe: Nimm das evangelische oder katholische Gesangbuch. Schau unter den Rubriken Passion\/Ostern oder Sterben und Ewiges Leben nach:<\/p>\n\n\n\n<p class=\"has-text-color\" style=\"color:#a30003\">Wie werden Sterben und Tod beschrieben? Welche Worte werden verwendet, welche Bilder, Beispiele\u2026?<\/p>\n\n\n\n<p class=\"has-text-color\" style=\"color:#a30003\">Welchen Tipp zur Bew\u00e4ltigung der Trauer, der eigenen Sterblichkeit gibt der Autor?<\/p>\n\n\n\n<p class=\"has-text-color\" style=\"color:#a30003\">Handelt es sich um allgemein verbreitete Vorstellungen oder sind sie typisch christlich?<\/p>\n\n\n\n<p class=\"has-text-color\" style=\"color:#a3000a\">Wie w\u00fcrden wir aus der gegenw\u00e4rtigen Perspektive die Melodien beurteilen? Getragen, fr\u00f6hlich \u2013 ein Mittel zwischen beiden?<\/p>\n\n\n\n<p class=\"has-text-color\" style=\"color:#a36700\">Literatur:<\/p>\n\n\n\n<p>Reiner Andreas Neusch\u00e4fer: Alles aus? Kopiervorlagen zum Thema Trauer, Trost und Hoffnung, Vandenhoeck&amp;Ruprecht, 2007<\/p>\n\n\n\n<p>Helmut M\u00f6dritzer: Sterben \u2013 Tod \u2013 Auferstehung. Eine Lernstra\u00dfe f\u00fcr den Religionsunterricht im 9.\/10. Schuljahr, calwer, 2007 (2. Auflage) (calwer materialien)<\/p>\n\n\n\n<p>Ursula Fr\u00fcchtel, Astrid Ohla, Kerstin Othmer-Haake: Tod und Auferstehung. Das Thema im Unterricht der Kirche und der Schule, vandenhoeck&amp;ruprecht 1996<\/p>\n\n\n\n<p>Sabine Pemsel-Maier: Der Traum vom ewigen Leben. Die christliche Hoffnung auf die \u00dcberwindung des Todes, Katholisches Bibelwerk Stuttgart 2000 (Glauben erfahren mit Hand, Kopf und Herz 7)<\/p>\n","protected":false},"excerpt":{"rendered":"<p>TOD UND AUFERSTEHUNG Aufgabe: Viele Menschen meiden das nachdenken \u00fcber das Sterben und den Tod. a) Kannst Du Dir vorstellen, warum dem so ist? b) Kannst Du Dir vorstellen, warum es wichtig sein kann, dass man sich mit dem Thema besch\u00e4ftigt, bevor man damit massiv konfrontiert wird? Menschen k\u00f6nnen Sterben [&hellip;]<\/p>\n","protected":false},"author":1,"featured_media":0,"parent":41,"menu_order":0,"comment_status":"closed","ping_status":"closed","template":"","meta":{"footnotes":""},"class_list":["post-417","page","type-page","status-publish","hentry"],"_links":{"self":[{"href":"https:\/\/evangelische-religion.de\/ReligionNeu\/wp-json\/wp\/v2\/pages\/417","targetHints":{"allow":["GET"]}}],"collection":[{"href":"https:\/\/evangelische-religion.de\/ReligionNeu\/wp-json\/wp\/v2\/pages"}],"about":[{"href":"https:\/\/evangelische-religion.de\/ReligionNeu\/wp-json\/wp\/v2\/types\/page"}],"author":[{"embeddable":true,"href":"https:\/\/evangelische-religion.de\/ReligionNeu\/wp-json\/wp\/v2\/users\/1"}],"replies":[{"embeddable":true,"href":"https:\/\/evangelische-religion.de\/ReligionNeu\/wp-json\/wp\/v2\/comments?post=417"}],"version-history":[{"count":3,"href":"https:\/\/evangelische-religion.de\/ReligionNeu\/wp-json\/wp\/v2\/pages\/417\/revisions"}],"predecessor-version":[{"id":2407,"href":"https:\/\/evangelische-religion.de\/ReligionNeu\/wp-json\/wp\/v2\/pages\/417\/revisions\/2407"}],"up":[{"embeddable":true,"href":"https:\/\/evangelische-religion.de\/ReligionNeu\/wp-json\/wp\/v2\/pages\/41"}],"wp:attachment":[{"href":"https:\/\/evangelische-religion.de\/ReligionNeu\/wp-json\/wp\/v2\/media?parent=417"}],"curies":[{"name":"wp","href":"https:\/\/api.w.org\/{rel}","templated":true}]}}