{"id":399,"date":"2019-07-01T15:52:30","date_gmt":"2019-07-01T13:52:30","guid":{"rendered":"https:\/\/evangelische-religion.de\/ReligionNeu\/?page_id=399"},"modified":"2019-07-09T17:39:34","modified_gmt":"2019-07-09T15:39:34","slug":"propheten","status":"publish","type":"page","link":"https:\/\/evangelische-religion.de\/ReligionNeu\/verhalten-ethik\/propheten\/","title":{"rendered":"Propheten"},"content":{"rendered":"\n<p style=\"text-align:center\" class=\"has-medium-font-size\">PROPHETEN<\/p>\n\n\n\n<p style=\"text-align:center\"><strong>1. Name\/Bezeichnung<\/strong><\/p>\n\n\n\n<ul class=\"wp-block-list\"><li>Hebr\u00e4isch: Nabi = Rufender \/ Gerufener<\/li><li>Griechisch: Prophetes = Sprecher, Bote<\/li><\/ul>\n\n\n\n<p style=\"text-align:center\"><strong>2. Aufgabe der Propheten<\/strong><\/p>\n\n\n\n<p>Alttestamentliche Propheten werden von Gott berufen, um seinem Volk seinen Willen mitzuteilen. Sie sagen vielfach:&nbsp;<em>So spricht der Herr<\/em>\u2026 (<em>Ko amar Jahwe<\/em>) \u2013 und es folgt das Wort, das sie verk\u00fcndigen sollen. Sie haben es in einer Audition \u201egeh\u00f6rt\u201c, in einer Vision \u201egesehen\u201c, oder auch in einer Intuition erfahren.<\/p>\n\n\n\n<p>Propheten sagen Gottes Zukunft an \u2013 die jetzt von dem Volk gestaltet werden kann:<\/p>\n\n\n\n<ul class=\"wp-block-list\"><li>Setzt es Gottes Willen nicht um (wendet es sich vom gerechten Handeln ab), wird es bestraft werden;<\/li><li>setzt es Gottes Willen um (ist sozial und Gott zugewandt), wird Gott es f\u00fchren und leiten.<\/li><\/ul>\n\n\n\n<p style=\"text-align:center\"><strong>3. Vordere Propheten + hintere Propheten (Schriftpropheten)<\/strong><\/p>\n\n\n\n<p>Es gibt Propheten, die selbst nichts Schriftliches hinterlassen haben \u2013 \u00fcber die andere etwas aufgeschrieben haben.<\/p>\n\n\n\n<ul class=\"wp-block-list\"><li>Nathan ermahnt David, weil dieser sich schlimm verhalten hat,<\/li><li>Elia ermahnt das Volk und die Herrscher, sich von G\u00f6tzen abzuwenden und Gott zuzuwenden.<\/li><\/ul>\n\n\n\n<p>Es gibt Propheten, auf die Schriften zur\u00fcckzuf\u00fchren sind. Die von ihrer Wirkungsgeschichte her gesehen wichtigsten Propheten (eine kleine subjektive Auswahl) sind:<\/p>\n\n\n\n<ul class=\"wp-block-list\"><li><em>Amos:<\/em> Er ist Ma\u00dfstab f\u00fcr Kritik an sozialen Missst\u00e4nden bis in die Gegenwart.<\/li><li><em>Jesaja:<\/em> das \u00e4ltere Buch k\u00fcndigt Strafgericht an, wenn das Volk nicht Gottes sozialen Willen umsetzt. Das Volk hat Gottes Willen missachtet und wurde dann ins Exil verschleppt.<\/li><li>Das Buch<em> Deutero-Jesaja<\/em> (Jesaja 40-55) wurde in der Zeit des Exils geschrieben und k\u00fcndigt an, dass Gott das Volk wieder heimf\u00fchren wird.<\/li><li>Als das Volk wieder zu Hause in Israel ist, beginnt es wieder, sich von Gottes Willen abzuwenden \u2013 und das Buch <em>Trito-Jesaja<\/em> mahnt, Gottes Willen zu tun.<\/li><li><em>Jeremia<\/em>: Er ruft dazu auf, Gottes Willen zu tun \u2013 doch die Menschen m\u00f6chten so etwas nicht h\u00f6ren und der Prophet muss so manches grausame Schicksal erleiden. An ihm wird auch besonders deutlich, dass er nicht im Auftrag Gottes handeln m\u00f6chte, aber Gott wird ihm zu stark, so dass er es dann doch tut. Ihm wurden auch die Klagelieder zugeschrieben.<\/li><li>F\u00fcr Christen wurden auch die B\u00fccher <em>Micha<\/em> und <em>Joel<\/em> wichtig, weil in ihnen Jesus Christus angek\u00fcndigt wird bzw. ausgesagt wird, dass die Gemeinde Jesu den Geist Gottes hat.<\/li><\/ul>\n\n\n\n<p style=\"color:#a30003\" class=\"has-text-color\">Aufgabe:&nbsp;St\u00f6bere in den B\u00fcchern der Propheten herum und schau, ob Du eine andere Auswahl treffen w\u00fcrdest.<\/p>\n\n\n\n<p style=\"text-align:center\"><strong>4. Propheten im Neuen Testament<\/strong><\/p>\n\n\n\n<ul class=\"wp-block-list\"><li>Alttestamentliche Propheten waren f\u00fcr die fr\u00fchen Christen bedeutsam, weil sie in ihren Worten Jesus angek\u00fcndigt sahen;<\/li><li>auch in neutestamentlicher Zeit wurden Menschen Propheten genannt. Weil die Gabe des Heiligen Geistes als besonderes Kennzeichen f\u00fcr Prophetie angesehen wurde, sah sich die gesamte christliche Gemeinde in prophetischer Tradition (Apostelgeschichte 2,17);<\/li><li>auch Jesus konnte als Prophet bezeichnet werden, weil er wirkm\u00e4chtig Gottes Wort weitergesagt hat. Weil er freilich mehr ist als ein Prophet, wurden ihm Hoheitstitel beigelegt (Sohn Gottes, Messias\/Christus, Sohn Davids, K\u00f6nig\u2026).<\/li><\/ul>\n\n\n\n<p style=\"text-align:center\"><strong>5. Muslime: Mohammed als Prophet Allahs (Gottes)<\/strong><\/p>\n\n\n\n<p>Im Islam wird Mohammed als Prophet bezeichnet. Mohammed hat, so die muslimische Tradition, Allahs Worte geh\u00f6rt und aufgeschrieben\/aufschreiben lassen. Zu Beginn seines Wirkens ist er als Gerichtsprophet aufgetreten, das hei\u00dft als einer, der Menschen ermahnt, ihr Verhalten zu \u00e4ndern, sonst w\u00fcrde die Strafe Allahs\/Gottes \u00fcber sie kommen.<\/p>\n\n\n\n<p style=\"text-align:center\"><strong>6. Menschen in der Gegenwart<\/strong><\/p>\n\n\n\n<p>Gegenw\u00e4rtig werden Menschen als Propheten bezeichnet, die im Namen Gottes wichtige politische Handlungen \u2013 mit Blick auf die Menschenrechte \u2013 vollbrachten. Als Beispiel seien Martin Luther King, Dietrich Bonhoeffer genannt.<\/p>\n\n\n\n<p style=\"text-align:center\"><strong>7. Falsche Propheten<\/strong><\/p>\n\n\n\n<p>Heute werden manche Menschen von religi\u00f6sen Gruppen (Sekten\/Sondergruppen) als Propheten bezeichnet, um sie als besonders verehrungsw\u00fcrdige Person der \u00d6ffentlichkeit zu pr\u00e4sentieren. Es ist also Vorsicht geboten. Die Bibel wei\u00df auch, dass es \u201efalsche Propheten\u201c gibt, das hei\u00dft, es sind Menschen, die so tun, als w\u00fcrden sie im Auftrag Gottes sprechen, aber dann doch nur die eigene Meinung wiedergeben. Manche denken auch wirklich, dass Gott durch sie spricht. Dann m\u00fcssen andere beurteilen lernen, ob dem wirklich so ist.<\/p>\n","protected":false},"excerpt":{"rendered":"<p>PROPHETEN 1. Name\/Bezeichnung Hebr\u00e4isch: Nabi = Rufender \/ Gerufener Griechisch: Prophetes = Sprecher, Bote 2. Aufgabe der Propheten Alttestamentliche Propheten werden von Gott berufen, um seinem Volk seinen Willen mitzuteilen. Sie sagen vielfach:&nbsp;So spricht der Herr\u2026 (Ko amar Jahwe) \u2013 und es folgt das Wort, das sie verk\u00fcndigen sollen. Sie [&hellip;]<\/p>\n","protected":false},"author":1,"featured_media":0,"parent":89,"menu_order":0,"comment_status":"closed","ping_status":"closed","template":"","meta":{"footnotes":""},"class_list":["post-399","page","type-page","status-publish","hentry"],"_links":{"self":[{"href":"https:\/\/evangelische-religion.de\/ReligionNeu\/wp-json\/wp\/v2\/pages\/399","targetHints":{"allow":["GET"]}}],"collection":[{"href":"https:\/\/evangelische-religion.de\/ReligionNeu\/wp-json\/wp\/v2\/pages"}],"about":[{"href":"https:\/\/evangelische-religion.de\/ReligionNeu\/wp-json\/wp\/v2\/types\/page"}],"author":[{"embeddable":true,"href":"https:\/\/evangelische-religion.de\/ReligionNeu\/wp-json\/wp\/v2\/users\/1"}],"replies":[{"embeddable":true,"href":"https:\/\/evangelische-religion.de\/ReligionNeu\/wp-json\/wp\/v2\/comments?post=399"}],"version-history":[{"count":2,"href":"https:\/\/evangelische-religion.de\/ReligionNeu\/wp-json\/wp\/v2\/pages\/399\/revisions"}],"predecessor-version":[{"id":1094,"href":"https:\/\/evangelische-religion.de\/ReligionNeu\/wp-json\/wp\/v2\/pages\/399\/revisions\/1094"}],"up":[{"embeddable":true,"href":"https:\/\/evangelische-religion.de\/ReligionNeu\/wp-json\/wp\/v2\/pages\/89"}],"wp:attachment":[{"href":"https:\/\/evangelische-religion.de\/ReligionNeu\/wp-json\/wp\/v2\/media?parent=399"}],"curies":[{"name":"wp","href":"https:\/\/api.w.org\/{rel}","templated":true}]}}