{"id":396,"date":"2019-07-01T15:49:53","date_gmt":"2019-07-01T13:49:53","guid":{"rendered":"https:\/\/evangelische-religion.de\/ReligionNeu\/?page_id=396"},"modified":"2020-12-13T09:38:05","modified_gmt":"2020-12-13T08:38:05","slug":"vorbilder-und-propheten","status":"publish","type":"page","link":"https:\/\/evangelische-religion.de\/ReligionNeu\/verhalten-ethik\/vorbilder-und-propheten\/","title":{"rendered":"Vorbilder und Propheten"},"content":{"rendered":"\n<p class=\"has-text-align-center has-medium-font-size\">VORBILDER<\/p>\n\n\n\n<p class=\"has-text-align-center\"><strong>1. Vorbilder allgemein<\/strong><\/p>\n\n\n\n<p class=\"has-text-color\" style=\"color:#a3000f\">\u00dcberlege:&nbsp;Wer\/was sind Vorbilder? Hast Du ein Vorbild\/Vorbilder?<\/p>\n\n\n\n<p>Wir Menschen leben in einer Gemeinschaft mit anderen Menschen. Wie wird das Leben in einer Gemeinschaft geregelt?<\/p>\n\n\n\n<ul class=\"wp-block-list\"><li>Regeln,<\/li><li>\u201evorbildhaftes Verhalten\u201c,<\/li><li>Vorbilder,<\/li><li>Traditionen,<\/li><li>Gesetze,<\/li><li>\u2026<\/li><\/ul>\n\n\n\n<p class=\"has-text-color\" style=\"color:#a30003\">Fragen:<\/p>\n\n\n\n<ul class=\"wp-block-list\"><li>Welche Regeln sind gut?<\/li><li>Was empfinde ich als vorbildhaftes Verhalten? Zeichne sie jeweils in Piktogramme (= ein Bild\/Zeichen, das eine Information weitergibt).<\/li><li>Vorbilder: Was ist ein Vorbild? Was ist ein Held? Was ist ein Idol? Wen bewundert ein \u201eFan\u201c?<\/li><\/ul>\n\n\n\n<p>Anders als Regeln und Gesetze gibt mir die Orientierung an einem Vorbild Freiheit: Ich kann mir mein Vorbild selbst aussuchen \u2013 ich kann selbst entscheiden, was ich von meinem Vorbild \u00fcbernehme, was nicht \u2026 Vorbilder sind auch nicht f\u00fcr allemal festgelegt, sondern ich selbst kann neue Vorbilder suchen bzw. besser: Ich finde in meinem Leben Vorbilder \u2026<\/p>\n\n\n\n<p class=\"has-text-color\" style=\"color:#a30003\">Ein paar Begriffe, die nicht immer scharf voneinander zu trennen sind, sind ansatzweise zu kl\u00e4ren &#8211; <strong>Aufgabe<\/strong>: findest Du Beispiele?:<\/p>\n\n\n\n<ul class=\"wp-block-list\"><li><strong>Regeln:<\/strong> Mehr oder weniger verbindliche Vorgaben, die sich f\u00fcr das Zusammenleben in bestimmten Alltagsfragen als vern\u00fcnftig und gut erwiesen haben.  <\/li><li><strong>Traditionen<\/strong>: Verhaltensweisen, die von Generation zu Generation weiter gegeben werden, zum Teil nicht reflektiert werden.<\/li><li><strong>Normen: <\/strong>verbindliche und einheitlich festgelegte Regeln (vgl. Rechtsnorm\/Gesetze), aber auch anerkannte soziale Grundlage (Soziale Norm)<\/li><li><strong>Werte\/Wertvorstellungen: <\/strong>Eine soziale Gruppe sieht etwas als moralisch erstrebenswert an, damit das Zusammenleben gelingt. Werte sind die Basis, das Fundament von Normen, Regeln usw.<\/li><li><strong>Gesetze:<\/strong> Menschliches Verhalten wird durch &#8222;den Staat&#8220; geregelt, ein entsprechendes Verhalten ist einklagbar.<\/li><li><strong>Vorbild: <\/strong>Ich w\u00e4hle mir aufgrund meiner eigenen Lebenseinstellung ein Verhaltensvorbild.<\/li><\/ul>\n\n\n\n<p><strong>Ehrfurcht vor dem Leben<\/strong> (Albert Schweitzer) ist der <em>Grund<\/em> &#8211; darauf wird die Basis, das Fundament errichtet: <em>Werte<\/em> (Gesundheit, Sicherheit, W\u00fcrde, Gerechtigkeit, Toleranz, Ehrlichkeit, Ordnung, Respekt usw.). Auf dieser Basis, diesem Fundament werden die <em>Regeln, Normen, Gesetze<\/em> errichtet, werden <em>Traditionen<\/em> beurteilt (einander gr\u00fc\u00dfen und nicht hintergehen, sein Umfeld sauber halten, gleicher Lohn f\u00fcr gleiche Arbeit, &#8230;).  <\/p>\n\n\n\n<p class=\"has-text-color\" style=\"color:#a30003\"><strong> Frage:&nbsp;<\/strong>Ben\u00f6tigt jeder Vorbilder?<\/p>\n\n\n\n<p>Als kleine Kinder waren die Eltern, Geschwister usw. automatisch Vorbilder. Wir m\u00fcssen jedoch als selbstbewusste Menschen kein Vorbild haben \u2013 aber ein Vorbild hilft, nach H\u00f6herem zu streben, macht die Seele weiter, gr\u00f6\u00dfer\u2026 Man schmort nicht im eigenen Saft\u2026 Vor allem auch: Die Person, die man sich als Vorbild gew\u00e4hlt hat, spiegelt mich selbst wider, meine W\u00fcnsche\/Vorstellungen vom Leben\u2026 \u2013 sie geben diesen eigenen Vorstellungen aber noch Besonderheiten, Ziele mit.<\/p>\n\n\n\n<p class=\"has-text-color\" style=\"color:#a30003\">Recherchiere:&nbsp;Hatten die Eltern\/Gro\u00dfeltern \u2013 Onkel\/Tanten Vorbilder? Welche?<\/p>\n\n\n\n<p class=\"has-text-color\" style=\"color:#a30003\">\u00dcberlege: Vorbilder k\u00f6nnen sich im Laufe der Zeit auch \u00e4ndern. Bleibt etwas dennoch gleich?<\/p>\n\n\n\n<p class=\"has-text-align-center\"><strong>2. Vorbilder in der Kirche<\/strong><\/p>\n\n\n\n<p>Die christliche Kirche kennt Vorbilder. Schon Jesus hat in seinen Gleichnissen Menschen vor Augen gemalt, die Vorbilder sind. Zum Beispiel den \u201eBarmherzigen Samariter\u201c: Lukas 10,25-37. Dann hat die Kirche Menschen bewundert, die trotz Verfolgungen ihrem Glauben treu geblieben sind und sich mit ihrem Verhalten besonders hervorgetan haben. Man nennt sie \u201e<em>Heilige<\/em>\u201c (urspr\u00fcnglich wurden jedoch alle Christen als \u201eHeilige\u201c bezeichnet). Es gibt auch viele sonderbare Heilige darunter \u2013 denn auch sie waren Menschen mit ihren Macken. Aber dann, als es darauf ankam, haben sie sich so verhalten, wie wir uns christliches Verhalten vorstellen.<\/p>\n\n\n\n<p class=\"has-text-color\" style=\"color:#a30003\">Recherchiere:&nbsp;Erinnert mein Name an einen Heiligen, eine Heilige? Wenn ja: Was war an ihnen vorbildhaft (was nicht)?<\/p>\n\n\n\n<p>Es gibt aber auch Menschen, die nicht Christen sind und sich vorbildlich verhalten, die die Menschheit weiter gebracht haben, zum Beispiel <em>Mahatma Gandhi<\/em>. <em>Paulus<\/em> schrieb im 1. Thessalonicherbrief 5,21:&nbsp;<em>Pr\u00fcft alles, das Gute behaltet<\/em>&nbsp;(vgl. Philipperbrief 4,8f.). Von daher haben Christen auch keine Scheu, Gutes in anderen Kulturen und Menschen zu sehen und es aufzunehmen. Der Ma\u00dfstab ist freilich klar: das, was wir im Neuen Testament von <em>Jesus Christus<\/em> finden.<\/p>\n\n\n\n<p>Im Folgenden werden Namen und Gruppen genannt, die vorbildhaft sind \u2013 die Liste ist freilich subjektiv und willk\u00fcrlich:<\/p>\n\n\n\n<p class=\"has-text-color\" style=\"color:#a30003\">Vorbildliche Menschen&nbsp;(Referate) (nur zu unbekannteren Personen werden ein paar Angaben hinzugef\u00fcgt):<\/p>\n\n\n\n<ol class=\"wp-block-list\"><li>Ayaan Hirsi Ali: Eine Muslima, die f\u00fcr Menschenrechte k\u00e4mpft.<\/li><li>Franz von Assisi<\/li><li>Bartolome de Las Casas: Christ, der sich gegen Menschenrechtsverletzungen durch spanische Herrscher in Mittelamerika wandte.<\/li><li>Hildegard von Bingen<\/li><li>Friedrich von Bodelschwingh&nbsp;(der \u00c4ltere): ein Zuhause f\u00fcr Behinderte.<\/li><li>Dietrich Bonhoeffer<\/li><li>Buddha<\/li><li>Marie Curie: Chemikerin und Physikerin (f\u00fcr beides Nobelpreis).<\/li><li>Elisabeth von Th\u00fcringen: N\u00e4chstenliebe<\/li><li>Anne Frank<\/li><li>Hermann Gmeiner: Gr\u00fcnder der SOS Kinderd\u00f6rfer.<\/li><li>Mahatma Gandhi<\/li><li>Monika Hauser: Eine \u00c4rztin, die sich f\u00fcr Frauen einsetzt, die unter Kriegsvergewaltigungen zu leiden haben.<\/li><li>Jesus von Nazareth<\/li><li>Martin Luther King<\/li><li>Janusz Korczak: Arzt, P\u00e4dagoge, Autor, begleitete Kinder ins KZ Treblinka.<\/li><li>Aung San Suu Kyi:&nbsp;Eine Frau, die sich f\u00fcr die Freiheit in Birma einsetzte \u2013 aber nun kein Vorbild mehr ist?<\/li><li>Dalai Lama<\/li><li>Martin Luther<\/li><li>Nelson Mandela<\/li><li>Friedrich Spee:&nbsp;Jesuit gegen Hexenprozesse.<\/li><li>Cicely Saunders:&nbsp;Eine Frau, die die Hospizhilfe gr\u00fcndete (Begleitung von Sterbenden).<\/li><li>Albert Schweitzer<\/li><li>Sadhu Sundar Singh: Ein Christ, der in hinduistischer Tradition den Glauben lebte.<\/li><li>Mutter Teresa<\/li><li>Desmond Tutu:&nbsp;S\u00fcdafrikanischer Bischof, der sich gegen Rassentrennung einsetzte und nach dem \u00dcbergang in die neue Zeit den runden Tisch der Wahrheitskommission leitete.<\/li><li>Denis Mukwege: Arzt, der sich um misshandelte Frauen im Ostkongo k\u00fcmmert.<\/li><li>Laxmi Saa&nbsp;und<\/li><li>Reshma Qureshi: Frauen, die durch ein S\u00e4ureattentat entstellt wurden und sich f\u00fcr Frauenrechte einsetzt.<\/li><li>Nick Vujicic und<\/li><li>Lizzie Velasquez: Menschen mit Behinderungen, die sich mutig f\u00fcr Menschen einsetzen.<\/li><\/ol>\n\n\n\n<p class=\"has-text-color\" style=\"color:#a30003\">Vorbildliche Gruppen&nbsp;(Referate \u2013 manche sind in den jeweiligen Vereinen. Erz\u00e4hlen lassen):<\/p>\n\n\n\n<ol class=\"wp-block-list\"><li>http:\/\/drk.de\/ (Deutsches Rotes Kreuz)<\/li><li>www.diakonie.de\/index.htm<\/li><li>www.caritas.de\/<\/li><li>www.telefonseelsorge.de\/<\/li><li>www.brot-fuer-die-welt.de\/<\/li><li>www.misereor.de\/<\/li><li>www.igfm.de\/ (Internationale Gesellschaft f\u00fcr Menschenrechte)<\/li><li>www.amnesty.de\/<\/li><li>www.fluechtlingsfrauen.de<\/li><li>www.aerzte-ohne-grenzen.de\/<\/li><li>www.tdh.de\/content\/index.htm (terres des hommes)<\/li><li>&nbsp;www.thw.de\/ (Technisches Hilfswerk)<\/li><li>www.feuerwehr.de\/<\/li><li>www.blindenhilfswerk.de\/<\/li><li>www.kindernothilfe.de<\/li><li>www.dksb.de (Kinderschutzbund)<\/li><li>www.kummernetz.de<\/li><li>www.saubere-kleidung.de<\/li><\/ol>\n\n\n\n<p class=\"has-text-align-center\"><strong>3. Jesus Christus<\/strong><\/p>\n\n\n\n<p class=\"has-accent-color has-text-color\">Ist Jesus auch ein Vorbild? Jesus kann Vorbild sein. Aber f\u00fcr Glaubende ist er mehr als ein Vorbild: Er ist derjenige, der das gesamte Leben pr\u00e4gt und es bestimmen sollte. Christen nennen ihn aus diesem Grund auch: Jesus Christus ist der Herr.<\/p>\n\n\n\n<p>Aber sein Handeln und Reden sind vorbildlich, sie bieten Anhaltspunkte f\u00fcr soziales Miteinander.<\/p>\n\n\n\n<p class=\"has-text-color\" style=\"color:#a30003\">Was verbirgt sich unter WWJD \/ What Would Jesus Do? (Recherchiere! z.B..:&nbsp;<a href=\"http:\/\/de.wikipedia.org\/wiki\/W.W.J.D.\">http:\/\/de.wikipedia.org\/wiki\/W.W.J.D.<\/a>&nbsp;)<\/p>\n\n\n\n<p>Wenn wir Menschen vor Handlungen, die wir begehen, Worten, die wir sprechen, \u00fcberlegen: Was w\u00fcrde Jesus tun? \u2013 dann betrachten wir das Problem aus einer anderen Perspektive, es wird versachlicht. Es wird aber nicht nur versachlicht, sondern wir nehmen die Perspektive dessen ein, der die Menschen liebt. Und Liebe hat das Wohl aller Beteiligten im Blick.<\/p>\n\n\n\n<p class=\"has-text-color\" style=\"color:#a3001f\">Beobachtet die Medien: <br>(a) Woran orientieren sich Menschen? Wer kommt in den Medien h\u00e4ufig zu Wort? <br>(b) Wonach richtest Du Dich im allt\u00e4glichen Leben aus (Kleidungsstil, Worte, Verhalten, PC-Spiele, Youtube-Clips&#8230;)?<br>(c) Woran sollten sich Menschen orientieren, die Jesus Christus nachfolgen?<\/p>\n","protected":false},"excerpt":{"rendered":"<p>VORBILDER 1. Vorbilder allgemein \u00dcberlege:&nbsp;Wer\/was sind Vorbilder? Hast Du ein Vorbild\/Vorbilder? Wir Menschen leben in einer Gemeinschaft mit anderen Menschen. Wie wird das Leben in einer Gemeinschaft geregelt? Regeln, \u201evorbildhaftes Verhalten\u201c, Vorbilder, Traditionen, Gesetze, \u2026 Fragen: Welche Regeln sind gut? Was empfinde ich als vorbildhaftes Verhalten? Zeichne sie jeweils in [&hellip;]<\/p>\n","protected":false},"author":1,"featured_media":0,"parent":89,"menu_order":0,"comment_status":"closed","ping_status":"closed","template":"","meta":{"footnotes":""},"class_list":["post-396","page","type-page","status-publish","hentry"],"_links":{"self":[{"href":"https:\/\/evangelische-religion.de\/ReligionNeu\/wp-json\/wp\/v2\/pages\/396","targetHints":{"allow":["GET"]}}],"collection":[{"href":"https:\/\/evangelische-religion.de\/ReligionNeu\/wp-json\/wp\/v2\/pages"}],"about":[{"href":"https:\/\/evangelische-religion.de\/ReligionNeu\/wp-json\/wp\/v2\/types\/page"}],"author":[{"embeddable":true,"href":"https:\/\/evangelische-religion.de\/ReligionNeu\/wp-json\/wp\/v2\/users\/1"}],"replies":[{"embeddable":true,"href":"https:\/\/evangelische-religion.de\/ReligionNeu\/wp-json\/wp\/v2\/comments?post=396"}],"version-history":[{"count":9,"href":"https:\/\/evangelische-religion.de\/ReligionNeu\/wp-json\/wp\/v2\/pages\/396\/revisions"}],"predecessor-version":[{"id":2430,"href":"https:\/\/evangelische-religion.de\/ReligionNeu\/wp-json\/wp\/v2\/pages\/396\/revisions\/2430"}],"up":[{"embeddable":true,"href":"https:\/\/evangelische-religion.de\/ReligionNeu\/wp-json\/wp\/v2\/pages\/89"}],"wp:attachment":[{"href":"https:\/\/evangelische-religion.de\/ReligionNeu\/wp-json\/wp\/v2\/media?parent=396"}],"curies":[{"name":"wp","href":"https:\/\/api.w.org\/{rel}","templated":true}]}}