{"id":390,"date":"2019-07-01T15:47:16","date_gmt":"2019-07-01T13:47:16","guid":{"rendered":"https:\/\/evangelische-religion.de\/ReligionNeu\/?page_id=390"},"modified":"2019-07-10T19:34:57","modified_gmt":"2019-07-10T17:34:57","slug":"fremd-aber-miteinander","status":"publish","type":"page","link":"https:\/\/evangelische-religion.de\/ReligionNeu\/verhalten-ethik\/fremd-aber-miteinander\/","title":{"rendered":"Fremd aber miteinander"},"content":{"rendered":"\n<p style=\"text-align:center\" class=\"has-medium-font-size\">GEMEINSAMES LEBEN MIT FREMDEN<\/p>\n\n\n\n<p>In unserer Welt Mitteleuropas gibt es kaum noch Bereiche, in denen Menschen abgeschlossen von anderen Kulturen leben. Manche tr\u00e4umen von solchen alten Zeiten \u2013 aber solche Zeiten hat es kaum gegeben und solche Zeiten waren auch nicht einfach. Das wissen wir aus der Geschichte und k\u00f6nnen es heute noch an Kulturen sehen, die ziemlich autark leben und sich vor anderen Einfl\u00fcssen abschlie\u00dfen. Dort herrscht \u00fcberwiegend soziale Unfreiheit und autorit\u00e4re Enge.<\/p>\n\n\n\n<p>Wenn wir \u201eFremdsein\u201c weiter fassen \u2013 also alle Menschen, die uns fremd werden k\u00f6nnen, vor denen wir uns zuerst ein wenig scheuen, hinzuziehen \u2013 dann gab es eine solche Welt nie.<\/p>\n\n\n\n<p>Freilich stellt uns die Begegnung mit anderen Kulturen \u2013 und Menschen, die uns fremd erscheinen \u2013 auch vor Herausforderungen. Man muss neue Wege finden, damit die Menschen gut miteinander leben k\u00f6nnen.<\/p>\n\n\n\n<p style=\"color:#a30003\" class=\"has-text-color has-background has-background-color-background-color\">Aufgabe: \u00dcberlegt: Wie kann man im Alltag mit allen Menschen in Frieden leben?<\/p>\n\n\n\n<ul class=\"wp-block-list\"><li>Baut mit Euren \u00dcberlegungen ein Haus. Jeder Gedanke ist ein Baustein.<\/li><\/ul>\n\n\n\n<p>Vielleicht helfen Euch auch folgende Bausteine ein wenig weiter:<\/p>\n\n\n\n<ol class=\"wp-block-list\"><li>Miteinander reden<\/li><li>wenn man wei\u00df, wo Empfindlichkeiten sind, im Alltag nicht draufrumhacken<\/li><li>den Fremden aus seiner Tradition heraus zu verstehen suchen<\/li><li>sich und seine eigene Kultur reflektieren<\/li><li>manchmal lernt man seine Kultur erst in der Begegnung mit anderen Kulturen besser kennen<\/li><li>einander vergeben<\/li><li>den konkreten Fremden \u2013 wenn er zu einer bestimmten Gruppe geh\u00f6rt \u2013 nicht f\u00fcr schlimme Taten der Gruppe verantwortlich machen<\/li><li>immer wieder nach dem Motto: Steter Tropfen h\u00f6hlt den Stein \u2013 fr\u00f6hlich auf den anderen zugehen<\/li><li>Missverst\u00e4ndnisse erkennen und sie ausr\u00e4umen versuchen<\/li><li>dem anderen Raum lassen, seine Besonderheit zu leben<\/li><li>meinen Raum aber gleichzeitig nicht einengen lassen \u2013 das ist die gr\u00f6\u00dfte Kunst!<\/li><li>Sich bewusst sein: Wo bin ich zurzeit: Im Urlaub \u2013 da muss man sich anpassen, oder zu Hause, da hat der Fremde eine gewisse Anpassungspflicht \u2013 unter Ber\u00fccksichtigung des n\u00e4chsten Punktes:<\/li><li>Menschenrechte gelten bzw. das Grundgesetz (man muss beide kennen!)<\/li><li>Gewaltt\u00e4tigkeiten d\u00fcrfen weder k\u00f6rperlich noch verbal Raum bekommen<\/li><li>weitere\u2026<\/li><\/ol>\n","protected":false},"excerpt":{"rendered":"<p>GEMEINSAMES LEBEN MIT FREMDEN In unserer Welt Mitteleuropas gibt es kaum noch Bereiche, in denen Menschen abgeschlossen von anderen Kulturen leben. Manche tr\u00e4umen von solchen alten Zeiten \u2013 aber solche Zeiten hat es kaum gegeben und solche Zeiten waren auch nicht einfach. Das wissen wir aus der Geschichte und k\u00f6nnen [&hellip;]<\/p>\n","protected":false},"author":1,"featured_media":0,"parent":89,"menu_order":0,"comment_status":"closed","ping_status":"closed","template":"","meta":{"footnotes":""},"class_list":["post-390","page","type-page","status-publish","hentry"],"_links":{"self":[{"href":"https:\/\/evangelische-religion.de\/ReligionNeu\/wp-json\/wp\/v2\/pages\/390","targetHints":{"allow":["GET"]}}],"collection":[{"href":"https:\/\/evangelische-religion.de\/ReligionNeu\/wp-json\/wp\/v2\/pages"}],"about":[{"href":"https:\/\/evangelische-religion.de\/ReligionNeu\/wp-json\/wp\/v2\/types\/page"}],"author":[{"embeddable":true,"href":"https:\/\/evangelische-religion.de\/ReligionNeu\/wp-json\/wp\/v2\/users\/1"}],"replies":[{"embeddable":true,"href":"https:\/\/evangelische-religion.de\/ReligionNeu\/wp-json\/wp\/v2\/comments?post=390"}],"version-history":[{"count":2,"href":"https:\/\/evangelische-religion.de\/ReligionNeu\/wp-json\/wp\/v2\/pages\/390\/revisions"}],"predecessor-version":[{"id":1134,"href":"https:\/\/evangelische-religion.de\/ReligionNeu\/wp-json\/wp\/v2\/pages\/390\/revisions\/1134"}],"up":[{"embeddable":true,"href":"https:\/\/evangelische-religion.de\/ReligionNeu\/wp-json\/wp\/v2\/pages\/89"}],"wp:attachment":[{"href":"https:\/\/evangelische-religion.de\/ReligionNeu\/wp-json\/wp\/v2\/media?parent=390"}],"curies":[{"name":"wp","href":"https:\/\/api.w.org\/{rel}","templated":true}]}}