{"id":381,"date":"2019-07-01T15:41:22","date_gmt":"2019-07-01T13:41:22","guid":{"rendered":"https:\/\/evangelische-religion.de\/ReligionNeu\/?page_id=381"},"modified":"2019-08-17T17:47:38","modified_gmt":"2019-08-17T15:47:38","slug":"medien-und-gewalt-cybermobbing","status":"publish","type":"page","link":"https:\/\/evangelische-religion.de\/ReligionNeu\/verhalten-ethik\/medien-und-gewalt-cybermobbing\/","title":{"rendered":"Medien und Gewalt &#8211; Cybermobbing"},"content":{"rendered":"\n<p style=\"text-align:center\" class=\"has-medium-font-size\">Gewalt in den Medien + Cyber-Mobbing<\/p>\n\n\n\n<p style=\"text-align:center\">(Diese Auflistungen wurden mit mehreren Gruppen erarbeitet)<\/p>\n\n\n\n<p style=\"background-color:#a35400;text-align:center\" class=\"has-text-color has-background has-white-color\"><strong>A 1. Gewalt in allgemeine \u00f6ffentliche Medien<\/strong><\/p>\n\n\n\n<ol class=\"wp-block-list\"><li>Filme \u2013 gestellte \/ nicht gestellte \/ gestellt, aber so getan, als ob real<\/li><li>B\u00fccher\/Zeitschriften<\/li><li>Fotos \u2013 gestellte \/ nicht gestellte \/ gestellt, aber so getan, als ob real<\/li><li>PC-Spiele<\/li><li>Kampfsport \u2013 gestellte \/ nicht gestellte \/ gestellt, aber so getan, als ob real<\/li><li>Musik (Rap)<\/li><li>\u201eSelbstsch\u00e4digungsforen\u201c \u2013 Unterst\u00fctzung lebensfeindlicher Taten<\/li><li>Nachrichtensendungen<\/li><li>Seiten f\u00fcr Gleichgesinnte ( z.B. Satanisten; Sexseiten; brutale Kampfsportseiten)<\/li><li>Werbung (eingestreut auf Kinderseiten und youtube)<\/li><li>Filme, die f\u00fcr j\u00fcngere Alter freigegeben wurden, aber dennoch brutale Szenen beinhalten<\/li><li>Weitere\u2026<\/li><\/ol>\n\n\n\n<p style=\"background-color:#a35400;text-align:center\" class=\"has-text-color has-background has-white-color\"><strong>2. Wie habe ich diese Gewalt wahrgenommen?<\/strong><\/p>\n\n\n\n<p>Freiwillig \/ gezwungen \/ wurde ich \u00fcberrascht? \/ Weitere\u2026<\/p>\n\n\n\n<p style=\"background-color:#a35400;text-align:center\" class=\"has-text-color has-background has-white-color\"><strong>3. Was f\u00fchrt dazu, diese \u2013 wenn freiwillig \u2013 anzusehen?<\/strong><\/p>\n\n\n\n<ol class=\"wp-block-list\"><li>Neugier<\/li><li>Unterhaltung<\/li><li>Langeweile<\/li><li>Reiz des Verbotenen \/ Neuen<\/li><li>Angstlust<\/li><li>Versuche, sich mit Herrschern zu identifizieren<\/li><li>Sich zu Gruppen \/ Freunde zugeh\u00f6rig f\u00fchlen<\/li><li>Konflikte (Klasse, Freunde, Familie\u2026)<\/li><li>Weitere\u2026<\/li><\/ol>\n\n\n\n<p style=\"background-color:#a35400;text-align:center\" class=\"has-text-color has-background has-white-color\"><strong>4. Welche Wirkung hatten die Gewaltszenen auf mich\/auf andere?<\/strong><\/p>\n\n\n\n<ol class=\"wp-block-list\"><li>Schlaflosigkeit \/ Albtr\u00e4ume<\/li><li>Abstumpfung<\/li><li>F\u00f6rderte meine Aggression<\/li><li>Ich wollte immer mehr und heftigere Gewaltszenen<\/li><li>Ich verteidige Gewaltt\u00e4tigkeiten<\/li><li>Ich f\u00fchle mich gro\u00df\/wichtig<\/li><li>Es f\u00f6rdert meine Angst<\/li><li>Es k\u00f6nnte mein Bild, das ich mir von Menschen mache, ver\u00e4ndern<\/li><li>Ich f\u00fchlte mich \u00fcberhaupt nicht gut<\/li><li>Ich f\u00fchlte mich bedr\u00e4ngt<\/li><li>Weitere\u2026<\/li><\/ol>\n\n\n\n<p style=\"text-align:center\" class=\"has-text-color has-background has-white-color has-header-gradient-background-color\"><strong>B 1. Gewalt im privaten medialen Bereich<\/strong><\/p>\n\n\n\n<p>Inwiefern war ich \/war ein Freund\/eine Freundin von Gewalt durch \/ \u00fcber Medien selbst betroffen? (Es geht nur um die Zuhilfenahme von Medien: Smartphone, WhatsApp, Instagram\u2026)<\/p>\n\n\n\n<p style=\"text-align:center\" class=\"has-text-color has-background has-white-color has-header-gradient-background-color\"><strong>1.<\/strong> <strong>Mobbing<\/strong><\/p>\n\n\n\n<p>Im Zusammenhang von Mobbing k\u00f6nnen folgende Sachverhalte verwendet worden sein, sie k\u00f6nnen aber auch unabh\u00e4ngig von Mobbing ausgef\u00fchrt worden sein:<\/p>\n\n\n\n<ol class=\"wp-block-list\"><li>Happy Slapping<\/li><li>Beleidigung<\/li><li>Bedrohung<\/li><li>Erpressung<\/li><li>Ausgrenzung (PC-Spiele)<\/li><li>Raub bzw. Weitergabe pers\u00f6nlicher Daten durch Freunde (Passw\u00f6rter)<\/li><li>Sexuelle Bel\u00e4stigung (Sexting: Verteilen von Nacktfotos; Chats, in denen ich aufgefordert wurde, mich [nackt] zu fotografieren, gef\u00e4lschte Fotos \u00fcber mich)<\/li><li>Ich geh\u00f6re einer Minderheit an, wurde darum ge\u00e4rgert<\/li><li>Weitere\u2026<\/li><\/ol>\n\n\n\n<p style=\"text-align:center\" class=\"has-text-color has-background has-white-color has-header-gradient-background-color\"><strong>2. Was kann man machen, um sich vor Gewalttaten in Medien zu sch\u00fctzen?<\/strong><\/p>\n\n\n\n<ol class=\"wp-block-list\"><li>Vorsichtig sein<\/li><li>Aufpassen, dass man nicht von b\u00f6sartigen Menschen \u00fcberrumpelt wird<\/li><li>wachsam sein<\/li><li>Alles, bei dem man ein komisches Gef\u00fchl hat, meiden<\/li><li>Bestimmte Seiten gar nicht erst aufrufen<\/li><li>Wenn Freunde\/Bekannte damit kommen, sich dagegen wenden; fordern, nicht mehr damit behelligt zu werden, \u00c4rger machen<\/li><li>Wenn nichts hilft: Solche Freunde, die mir schaden, meiden, neue Freunde suchen, Gleichgesinnte<\/li><li>Hilfe holen<\/li><li>Sich informieren, was rechtlich erlaubt bzw. verboten ist \u2013 dann entsprechend anzeigen<\/li><li>Hilfe holen, um es psychisch verarbeiten zu k\u00f6nnen<\/li><li>Bei der Polizei melden<\/li><li>Weitere\u2026<\/li><\/ol>\n\n\n\n<p style=\"background-color:#30552b;text-align:center\" class=\"has-text-color has-background has-white-color\"><strong>C. Kannst Du Dich auch dazu \u00e4u\u00dfern?<\/strong><\/p>\n\n\n\n<ol class=\"wp-block-list\"><li>Kinder werden heute aufgrund der Medien mit Gewalttaten konfrontiert, mit denen die jetzigen Erwachsenen erst viel sp\u00e4ter im Leben \u2013 wenn \u00fcberhaupt \u2013 konfrontiert wurden.<\/li><li>Mutiger ist es, sich gegen Gewalt und f\u00fcr ein friedvolles Miteinander einzusetzen.<\/li><li>Es ist spannend, sich gegen Gewalt einzusetzen und f\u00fcr den Frieden.<\/li><li>Gewaltsam sein war vielleicht mal gut f\u00fcr die Steinzeitmenschen, um sich vor Angriffen zu sch\u00fctzen. Aber heute ist das nicht mehr n\u00f6tig.<\/li><\/ol>\n\n\n\n<p style=\"background-color:#111a6a;text-align:center\" class=\"has-text-color has-background has-white-color\"><strong>D. Warum machen Erwachsene das?<\/strong><\/p>\n\n\n\n<ol class=\"wp-block-list\"><li>Manche Erwachsene m\u00f6gen keine Kinder<\/li><li>Manche Menschen sind einfach b\u00f6sartig<\/li><li>Manche stellen sich vor, wie sie andere erschrecken k\u00f6nnen, anderen Schaden zuf\u00fcgen k\u00f6nnen, und empfinden dabei eine gewisse Befriedigung<\/li><li>Geldgier<\/li><li>Gedankenlosigkeit<\/li><\/ol>\n\n\n\n<p>Zu dem Thema \u201eMedien\u201c s.\u00a0<a href=\"https:\/\/evangelische-religion.de\/ReligionNeu\/film-musik\/medien-kommunikation\/\">https:\/\/evangelische-religion.de\/ReligionNeu\/film-musik\/medien-kommunikation\/<\/a><\/p>\n","protected":false},"excerpt":{"rendered":"<p>Gewalt in den Medien + Cyber-Mobbing (Diese Auflistungen wurden mit mehreren Gruppen erarbeitet) A 1. Gewalt in allgemeine \u00f6ffentliche Medien Filme \u2013 gestellte \/ nicht gestellte \/ gestellt, aber so getan, als ob real B\u00fccher\/Zeitschriften Fotos \u2013 gestellte \/ nicht gestellte \/ gestellt, aber so getan, als ob real PC-Spiele [&hellip;]<\/p>\n","protected":false},"author":1,"featured_media":0,"parent":89,"menu_order":0,"comment_status":"closed","ping_status":"closed","template":"","meta":{"footnotes":""},"class_list":["post-381","page","type-page","status-publish","hentry"],"_links":{"self":[{"href":"https:\/\/evangelische-religion.de\/ReligionNeu\/wp-json\/wp\/v2\/pages\/381","targetHints":{"allow":["GET"]}}],"collection":[{"href":"https:\/\/evangelische-religion.de\/ReligionNeu\/wp-json\/wp\/v2\/pages"}],"about":[{"href":"https:\/\/evangelische-religion.de\/ReligionNeu\/wp-json\/wp\/v2\/types\/page"}],"author":[{"embeddable":true,"href":"https:\/\/evangelische-religion.de\/ReligionNeu\/wp-json\/wp\/v2\/users\/1"}],"replies":[{"embeddable":true,"href":"https:\/\/evangelische-religion.de\/ReligionNeu\/wp-json\/wp\/v2\/comments?post=381"}],"version-history":[{"count":3,"href":"https:\/\/evangelische-religion.de\/ReligionNeu\/wp-json\/wp\/v2\/pages\/381\/revisions"}],"predecessor-version":[{"id":1616,"href":"https:\/\/evangelische-religion.de\/ReligionNeu\/wp-json\/wp\/v2\/pages\/381\/revisions\/1616"}],"up":[{"embeddable":true,"href":"https:\/\/evangelische-religion.de\/ReligionNeu\/wp-json\/wp\/v2\/pages\/89"}],"wp:attachment":[{"href":"https:\/\/evangelische-religion.de\/ReligionNeu\/wp-json\/wp\/v2\/media?parent=381"}],"curies":[{"name":"wp","href":"https:\/\/api.w.org\/{rel}","templated":true}]}}