{"id":378,"date":"2019-07-01T15:39:46","date_gmt":"2019-07-01T13:39:46","guid":{"rendered":"https:\/\/evangelische-religion.de\/ReligionNeu\/?page_id=378"},"modified":"2022-11-15T15:53:51","modified_gmt":"2022-11-15T14:53:51","slug":"mobbing","status":"publish","type":"page","link":"https:\/\/evangelische-religion.de\/ReligionNeu\/verhalten-ethik\/mobbing\/","title":{"rendered":"Mobbing"},"content":{"rendered":"\n<p class=\"has-text-align-center has-medium-font-size\">Gewalt: Mobbing und Pr\u00e4vention<\/p>\n\n\n\n<p>Mit einer Gruppe wurden folgende Aussagen gesammelt.<\/p>\n\n\n\n<p class=\"has-accent-color has-text-color\"><strong>Was ist Mobbing?<\/strong><\/p>\n\n\n\n<p>Einer oder eine Gruppe machen einen \u00fcber einen l\u00e4ngeren Zeitraum hinweg runter, sodass er an sich zweifelt.<\/p>\n\n\n\n<p class=\"has-accent-color has-text-color\"><strong>Warum machen sie das?<\/strong><\/p>\n\n\n\n<p>Ohne Gr\u00fcnde oder mit Gr\u00fcnden: er ist irgendwie anders, aus Spa\u00df, um sich st\u00e4rker und besser zu f\u00fchlen, weil man selbst nicht gemobbt werden will, aus Langeweile.<\/p>\n\n\n\n<p class=\"has-accent-color has-text-color\"><strong>Wie kann man Mobbing verhindern?<\/strong><\/p>\n\n\n\n<ol class=\"wp-block-list\">\n<li>Sich m\u00f6glichst schnell entschuldigen, wenn man jemandem zu Nahe getreten ist,<\/li>\n\n\n\n<li>wenn es geht, keinen Streit anfangen,<\/li>\n\n\n\n<li>nicht anfangen, andere zu \u00e4rgern \u2013 bzw. nicht weitermachen \u2013 auch dann, wenn der andere sich \u201csch\u00f6n\u201d \u00e4rgert,<\/li>\n\n\n\n<li>sich selbst beherrschen,<\/li>\n\n\n\n<li>nicht mit anderen zusammen einen anderen \u00e4rgern,<\/li>\n\n\n\n<li>wahrnehmen, dass Mitmenschen andere \u00e4rgern und bevor es zum Mobbing wird, mit anderen was dagegen tun,<\/li>\n\n\n\n<li>nicht \u00fcber andere lachen,<\/li>\n\n\n\n<li>keine Ger\u00fcchte erz\u00e4hlen,<\/li>\n\n\n\n<li>k\u00f6rperliche Distanz wahren,<\/li>\n\n\n\n<li>keinen angreifen gegen dessen Willen.<\/li>\n<\/ol>\n\n\n\n<p class=\"has-text-color\" style=\"color:#2d7823\"><strong>Als T\u00e4ter: Sein Handeln reflektieren:<\/strong><\/p>\n\n\n\n<ol class=\"wp-block-list\">\n<li>Was mache ich eigentlich?<\/li>\n\n\n\n<li>Ist das richtig?<\/li>\n\n\n\n<li>Welche Konsequenzen hat mein Handeln?<\/li>\n<\/ol>\n\n\n\n<ul class=\"wp-block-list\">\n<li>(a) Strafe,<\/li>\n\n\n\n<li>(b) selbst zum Au\u00dfenseiter werden,<\/li>\n\n\n\n<li>(c) Schuldgef\u00fchle bekommen,<\/li>\n\n\n\n<li>(d) sich \u00fcberlegen: will ich ein feiger Mensch sein, der mit anderen zusammen \u00fcber einen herf\u00e4llt, der einen erniedrigt, der sich nicht wehren kann?<\/li>\n<\/ul>\n\n\n\n<p class=\"has-text-color\" style=\"color:#2d7823\"><strong>Als Opfer:<\/strong><\/p>\n\n\n\n<ol class=\"wp-block-list\">\n<li>Sich nicht provozieren lassen, denn das reizt die T\u00e4ter um so mehr,<\/li>\n\n\n\n<li>Hilfe suchen (Freunde, Lehrer, Eltern, Vertrauenssch\u00fcler, Gewerkschaftler, Seelsorger, \u2026),<\/li>\n\n\n\n<li>nicht aufgeben, denn andere k\u00f6nnen es nicht immer richtig einsch\u00e4tzen,<\/li>\n\n\n\n<li>deutlich aussprechen, denn Andeutungen anderen gegen\u00fcber k\u00f6nnen \u00fcbersehen werden,<\/li>\n\n\n\n<li>manchmal gibt es auch Situationen, in denen man sich nur einredet, gemobbt zu werden,<\/li>\n\n\n\n<li>wie beim Sport oder sonst auch sagen: Das schaff ich schon!<\/li>\n\n\n\n<li>Lernen, damit umzugehen, wie man auch sonst mit Niederlagen umgehen muss,<\/li>\n\n\n\n<li>sich nicht erpressen lassen \u2013 und je nach Schwere (Internet): T\u00e4ter anzeigen,<\/li>\n\n\n\n<li>Sich verdeutlichen: Die T\u00e4ter sind nicht so stark wie sie sich aufplustern, sie sind arme W\u00fcrstchen, die antreibenden T\u00e4ter wurden selbst h\u00e4ufig erniedrigt, sie k\u00f6nnen nichts und m\u00fcssen sich darum auf diese Weise aufspielen,<\/li>\n\n\n\n<li>Nummer f\u00fcr Kummer anrufen: 116111<\/li>\n\n\n\n<li>bei Gott Zuflucht suchen: Gott liebt mich, auch wenn alle gegen mich sind<\/li>\n<\/ol>\n\n\n\n<p class=\"has-text-color\" style=\"color:#2d7823\"><strong>Als mutiger Beobachter:<\/strong><\/p>\n\n\n\n<ol class=\"wp-block-list\">\n<li>dazwischen gehen,<\/li>\n\n\n\n<li>Hilfe holen,<\/li>\n\n\n\n<li>dem Opfer helfen, sich mit ihm treffen, ihm beistehen<\/li>\n\n\n\n<li>M\u00f6glichkeiten suchen, mit dem Mobbingopfer aus der Situation herauszukommen.<\/li>\n<\/ol>\n\n\n\n<p>Manchmal \u00fcbersieht man die Signale von Mobbingopfern, weil man selbst einmal eines war, weil man Angst hat, eines zu werden, weil man einfach seine Ruhe haben will, weil man nicht wei\u00df, wie man damit umgehen soll.<\/p>\n\n\n\n<p>Dass man ein mutiger Mensch ist, zeigt sich nicht in Tr\u00e4umen, in PC-Spielen, in der Phantasie, sondern in seinem Verhalten im Alltag (Zivilcourage, B\u00fcrgermut).<\/p>\n\n\n\n<p class=\"has-text-color\" style=\"color:#2d7823\"><strong>Wie kann man als Arbeitgeber bzw. Schule usw. Mobbing verhindern?<\/strong><\/p>\n\n\n\n<ol class=\"wp-block-list\">\n<li>Indem man Langeweile nicht zul\u00e4sst,<\/li>\n\n\n\n<li>indem man pr\u00e4ventiv immer wieder verdeutlicht, dass es Mobbing gibt und was es ist,<\/li>\n\n\n\n<li>indem man eine Pressuregroup gegen Mobbing im Betrieb, an der Schule usw. bildet, die als Anlaufstation dient, aber auch entsprechende Signale deuten kann,<\/li>\n\n\n\n<li>indem man n\u00f6tige Gruppenbildungen, auch aus Gr\u00fcnden gesunder Konkurrenz im Unternehmen nicht ausarten l\u00e4sst und immer wieder Gruppen zusammenf\u00fchrende Prozesse ein\u00fcbt.<\/li>\n<\/ol>\n\n\n\n<p class=\"has-text-align-center has-white-color has-accent-background-color has-text-color has-background\">Richtiges Verhalten<\/p>\n\n\n\n<p class=\"has-text-align-center has-white-color has-accent-background-color has-text-color has-background\">\u2013 und das macht die Sache so schwer \u2013<\/p>\n\n\n\n<p class=\"has-text-align-center has-white-color has-accent-background-color has-text-color has-background\">ist immer von der Situation abh\u00e4ngig.<\/p>\n\n\n\n<p class=\"has-text-align-center has-white-color has-accent-background-color has-text-color has-background\">Das ist eine Herausforderung, der ich aber begegnen muss.<\/p>\n\n\n\n<p class=\"has-text-align-center has-white-color has-accent-background-color has-text-color has-background\">Das ist eine Herausforderung, der ich begegnen kann.<\/p>\n\n\n\n<p class=\"has-text-align-center has-white-color has-accent-background-color has-text-color has-background\">Der ich begegnen will.<\/p>\n","protected":false},"excerpt":{"rendered":"<p>Gewalt: Mobbing und Pr\u00e4vention Mit einer Gruppe wurden folgende Aussagen gesammelt. Was ist Mobbing? Einer oder eine Gruppe machen einen \u00fcber einen l\u00e4ngeren Zeitraum hinweg runter, sodass er an sich zweifelt. Warum machen sie das? Ohne Gr\u00fcnde oder mit Gr\u00fcnden: er ist irgendwie anders, aus Spa\u00df, um sich st\u00e4rker und [&hellip;]<\/p>\n","protected":false},"author":1,"featured_media":0,"parent":89,"menu_order":0,"comment_status":"closed","ping_status":"closed","template":"","meta":{"footnotes":""},"class_list":["post-378","page","type-page","status-publish","hentry"],"_links":{"self":[{"href":"https:\/\/evangelische-religion.de\/ReligionNeu\/wp-json\/wp\/v2\/pages\/378","targetHints":{"allow":["GET"]}}],"collection":[{"href":"https:\/\/evangelische-religion.de\/ReligionNeu\/wp-json\/wp\/v2\/pages"}],"about":[{"href":"https:\/\/evangelische-religion.de\/ReligionNeu\/wp-json\/wp\/v2\/types\/page"}],"author":[{"embeddable":true,"href":"https:\/\/evangelische-religion.de\/ReligionNeu\/wp-json\/wp\/v2\/users\/1"}],"replies":[{"embeddable":true,"href":"https:\/\/evangelische-religion.de\/ReligionNeu\/wp-json\/wp\/v2\/comments?post=378"}],"version-history":[{"count":3,"href":"https:\/\/evangelische-religion.de\/ReligionNeu\/wp-json\/wp\/v2\/pages\/378\/revisions"}],"predecessor-version":[{"id":2695,"href":"https:\/\/evangelische-religion.de\/ReligionNeu\/wp-json\/wp\/v2\/pages\/378\/revisions\/2695"}],"up":[{"embeddable":true,"href":"https:\/\/evangelische-religion.de\/ReligionNeu\/wp-json\/wp\/v2\/pages\/89"}],"wp:attachment":[{"href":"https:\/\/evangelische-religion.de\/ReligionNeu\/wp-json\/wp\/v2\/media?parent=378"}],"curies":[{"name":"wp","href":"https:\/\/api.w.org\/{rel}","templated":true}]}}