{"id":375,"date":"2019-07-01T15:38:30","date_gmt":"2019-07-01T13:38:30","guid":{"rendered":"https:\/\/evangelische-religion.de\/ReligionNeu\/?page_id=375"},"modified":"2019-07-10T18:33:09","modified_gmt":"2019-07-10T16:33:09","slug":"friedensweg","status":"publish","type":"page","link":"https:\/\/evangelische-religion.de\/ReligionNeu\/verhalten-ethik\/friedensweg\/","title":{"rendered":"Friedensweg"},"content":{"rendered":"\n<p style=\"text-align:center\" class=\"has-medium-font-size\">GEWALT: FRIEDENSWEG<\/p>\n\n\n\n<p style=\"color:#a30003\" class=\"has-text-color has-background has-background-color-background-color\"><strong>Aufgabe 1: Friedensweg<\/strong><\/p>\n\n\n\n<ul class=\"wp-block-list\"><li>Was muss man vermeiden, um Eskalation eines Streits zu verhindern?<\/li><li>Schreibt oben auf die Tafel: \u201eKonflikt\u201c \/ \u201eAuseinandersetzung\u201c&nbsp; oder \u00e4hnliche Worte und \u2013 schreibt unten auf die Tafel: \u201eEinigung\u201c \/ \u201eFriede\u201c oder \u00e4hnliche Worte.<\/li><li>Zwischen Konflikt und Frieden nennt Erfahrungen, wie man Eskalation des Streites verhindern kann.<\/li><\/ul>\n\n\n\n<p style=\"color:#a30003\" class=\"has-text-color has-background has-background-color-background-color\"><strong>Aufgabe 2: \u00dcberlegung<\/strong><\/p>\n\n\n\n<ul class=\"wp-block-list\"><li>Bevor Ihr den folgenden Friedensweg anseht, \u00fcberlegt:<\/li><li>Muss man manchmal streiten?<\/li><li>Kann Streit auch sinnvoll sein?<\/li><li>Ist es immer gut, nachzugeben?<\/li><\/ul>\n\n\n\n<p style=\"color:#a30003\" class=\"has-text-color has-background has-background-color-background-color\"><strong>Aufgabe 3: Vergleicht Euren Weg zum Frieden mit dem folgenden Vorschlag<\/strong><\/p>\n\n\n\n<p>Im Buch \u00fcber das Gleichnis vom Verlorenen Sohn (Fenske: \u201eEin Mensch hatte zwei S\u00f6hne\u201c) findet sich auf Seite 94 der Vorschlag f\u00fcr einen Friedensweg.<\/p>\n\n\n\n<p>Der Friedensweg<\/p>\n\n\n\n<p>1. Station: Streit dreht sich h\u00e4ufig um eine Angelegenheit, die auch sachlich geregelt werden kann. Wie kann die sachliche Regelung aussehen?<\/p>\n\n\n\n<p>2. Station: Im Streit kommen h\u00e4ufig Dinge zur Sprache, die mit dem eigentlichen Thema gar nichts zu tun haben (\u201eimmer machst du \u2026\u201c). Diese Vorw\u00fcrfe sollten vermieden werden!<\/p>\n\n\n\n<p>3. Station: Beleidigungen haben in zwischenmenschlichen Beziehungen nichts zu suchen!<\/p>\n\n\n\n<p>4. Station: Streit hat h\u00e4ufig Ursachen, die nicht im Sachproblem liegen: Man ist m\u00fcde und hungrig, man hat auf anderen Ebenen Stress \u2026 Wenn man das vom Gegenspieler wei\u00df, kann man leichter den Mund halten.<\/p>\n\n\n\n<p>5. Station: Immer das letzte Wort haben zu wollen, erschwert das Beenden des Streits.<\/p>\n\n\n\n<p>6. Station: Streit ist oft ein Machtkampf. H\u00fchner hacken aufeinander herum, um ihre soziale Position zum Ausdruck zu bringen; Hirschk\u00e4fer werfen einander von Zweigen; Hir\u00adsche klappern mit dem Geweih, Affen und Menschen machen meist ein gro\u00dfes Geschrei. Der Mensch kann aber auch anders!<\/p>\n\n\n\n<p>7. Station: Streit wird nicht dadurch vermieden, dass man sofort klein beigibt. Zorn staut sich auf und kann irgendwann nur noch explodieren.<\/p>\n\n\n\n<p>8.Station: Streit um eine Sache muss nicht zum Kampf gegen eine Person f\u00fchren!<\/p>\n\n\n\n<p>9. Station: Bei manchem Streit hilft ein Vermittler.<\/p>\n\n\n\n<p>10. Station: Nach dem Streit sind wichtig: Vers\u00f6hnung und Vergebung.<\/p>\n\n\n\n<p>11. Station: Aus Streit kann man lernen, es n\u00e4chstes Mal besser zu machen.<\/p>\n\n\n\n<p>12. Station: Man sollte auch bedenken, wie albern mancher Streit von au\u00dfen wirkt! Das ist heilsam.<\/p>\n\n\n\n<p style=\"color:#a30003\" class=\"has-text-color has-background has-background-color-background-color\"><strong>Aufgabe 4:&nbsp;Male einen Weg, an dessen Rand 12 B\u00e4ume stehen. <\/strong><\/p>\n\n\n\n<p style=\"color:#a30003\" class=\"has-text-color\">Auf die B\u00e4ume schreibe eine der Zahlen des vorangegangenen Friedensweges. Den Satz, der dir in der jetzigen Situation besonders wichtig ist, schreibe in den Baum mit der jeweiligen Zahl hinein und schm\u00fccke den Baum besonders \u2013 vielleicht mit Obst in den Zweigen, mit bunten Bl\u00e4ttern, am Stamm ein Eichh\u00f6rnchen, am Fu\u00df des Stammes sch\u00f6ne Blumen\u2026<\/p>\n\n\n\n<p style=\"text-align:center\" class=\"has-medium-font-size\">GOTTES GEIST UND FRIEDENSWEG<\/p>\n\n\n\n<p>Der Heilige Geist ist der Geist Gottes, der uns mit Gott verbindet. Wir Menschen haben einen Geist: Wir haben die F\u00e4higkeit, etwas wahrzunehmen, etwas zu beurteilen, \u00fcber etwas nachzudenken, wir erinnern uns, planen, wir beobachten unser Verhalten. All das geh\u00f6rt zu unserem \u201eGeist\u201c. Gottes Geist k\u00f6nnen wir Menschen bekommen \u2013 wir k\u00f6nnen im Geist Gottes unser Leben f\u00fchren. Das hei\u00dft: Wir handeln im Sinn des Geistes Gottes. Paulus schreibt \u00fcber das, was der Geist in uns hervorbringt:<\/p>\n\n\n\n<ul class=\"wp-block-list\"><li>Liebe<\/li><li>Freude<\/li><li>Frieden<\/li><li>Geduld<\/li><li>Freundlichkeit<\/li><li>G\u00fcte<\/li><li>Treue<\/li><li>Besonnenheit<\/li><li>Selbstbeherrschung.<\/li><li>(Galaterbrief Kapitel 5)<\/li><\/ul>\n\n\n\n<p style=\"color:#a30003\" class=\"has-text-color has-background has-background-color-background-color\"><strong>Aufgabe 5: Male zwischen die B\u00e4ume besondere Blumen mit diesen neun Begriffen.<\/strong><\/p>\n","protected":false},"excerpt":{"rendered":"<p>GEWALT: FRIEDENSWEG Aufgabe 1: Friedensweg Was muss man vermeiden, um Eskalation eines Streits zu verhindern? Schreibt oben auf die Tafel: \u201eKonflikt\u201c \/ \u201eAuseinandersetzung\u201c&nbsp; oder \u00e4hnliche Worte und \u2013 schreibt unten auf die Tafel: \u201eEinigung\u201c \/ \u201eFriede\u201c oder \u00e4hnliche Worte. Zwischen Konflikt und Frieden nennt Erfahrungen, wie man Eskalation des Streites [&hellip;]<\/p>\n","protected":false},"author":1,"featured_media":0,"parent":89,"menu_order":0,"comment_status":"closed","ping_status":"closed","template":"","meta":{"footnotes":""},"class_list":["post-375","page","type-page","status-publish","hentry"],"_links":{"self":[{"href":"https:\/\/evangelische-religion.de\/ReligionNeu\/wp-json\/wp\/v2\/pages\/375","targetHints":{"allow":["GET"]}}],"collection":[{"href":"https:\/\/evangelische-religion.de\/ReligionNeu\/wp-json\/wp\/v2\/pages"}],"about":[{"href":"https:\/\/evangelische-religion.de\/ReligionNeu\/wp-json\/wp\/v2\/types\/page"}],"author":[{"embeddable":true,"href":"https:\/\/evangelische-religion.de\/ReligionNeu\/wp-json\/wp\/v2\/users\/1"}],"replies":[{"embeddable":true,"href":"https:\/\/evangelische-religion.de\/ReligionNeu\/wp-json\/wp\/v2\/comments?post=375"}],"version-history":[{"count":3,"href":"https:\/\/evangelische-religion.de\/ReligionNeu\/wp-json\/wp\/v2\/pages\/375\/revisions"}],"predecessor-version":[{"id":1131,"href":"https:\/\/evangelische-religion.de\/ReligionNeu\/wp-json\/wp\/v2\/pages\/375\/revisions\/1131"}],"up":[{"embeddable":true,"href":"https:\/\/evangelische-religion.de\/ReligionNeu\/wp-json\/wp\/v2\/pages\/89"}],"wp:attachment":[{"href":"https:\/\/evangelische-religion.de\/ReligionNeu\/wp-json\/wp\/v2\/media?parent=375"}],"curies":[{"name":"wp","href":"https:\/\/api.w.org\/{rel}","templated":true}]}}