{"id":369,"date":"2019-07-01T15:35:45","date_gmt":"2019-07-01T13:35:45","guid":{"rendered":"https:\/\/evangelische-religion.de\/ReligionNeu\/?page_id=369"},"modified":"2019-08-17T17:43:39","modified_gmt":"2019-08-17T15:43:39","slug":"gewalt","status":"publish","type":"page","link":"https:\/\/evangelische-religion.de\/ReligionNeu\/verhalten-ethik\/gewalt\/","title":{"rendered":"Gewalt"},"content":{"rendered":"\n<p style=\"text-align:center\" class=\"has-medium-font-size\">GEWALT<\/p>\n\n\n\n<p style=\"color:#a3000f\" class=\"has-text-color has-background has-background-color-background-color\"><strong>Aufgabe 1: Vor\u00fcberlegungen<\/strong><\/p>\n\n\n\n<ul class=\"wp-block-list\"><li>Ich wei\u00df, was Gewalt ist:\u2026.<\/li><li>Ich wei\u00df, was eine Gewalttat ist\u2026<\/li><li>Ich habe Gewalttat erlebt\u2026<\/li><li>Ich war schon einmal gewaltt\u00e4tig\u2026<\/li><li>Gewalt ist immer schlimm\u2026<\/li><li>Gewalt ist nicht immer schlimm\u2026<\/li><li>Ich wei\u00df, was strukturelle Gewalt ist\u2026<\/li><li>Ich wei\u00df, was Gewaltenteilung ist\u2026<\/li><li>Ich spiele Spiele am PC, die Gewaltt\u00e4tigkeiten beinhalten\u2026<\/li><li>Ich kann Gewalt h\u00e4ufig beobachten\u2026<\/li><\/ul>\n\n\n\n<p style=\"text-align:center\"><strong>Informationen:<\/strong><\/p>\n\n\n\n<p>Es gibt h\u00e4usliche Gewalt, Gewalt in der Schule \u2013 in allen Bereichen des menschlichen Zusammenlebens gibt es Gewalt -, es gibt Gewalt gegen Gegenst\u00e4nde, es gibt Mobbing, es gibt Gewalt unter Drogeneinfluss, es gibt Gewalt\u00e4ngste, Streitereien\u2026<\/p>\n\n\n\n<p style=\"color:#a30003\" class=\"has-text-color has-background has-background-color-background-color\"><strong>Aufgabe 2: Grund f\u00fcr Gewalt<\/strong><\/p>\n\n\n\n<p style=\"color:#a30003\" class=\"has-text-color\">Hast Du \u00fcberlegt, warum Menschen gewaltt\u00e4tig werden k\u00f6nnen? Zu welchen Schlussfolgerungen bist Du gekommen?<\/p>\n\n\n\n<p>Wir Menschen stehen immer erschrocken vor Gewalttaten \u2013 seien es gro\u00dfe, schlimme Gewalttaten, seien es kleine, kr\u00e4nkende Gewalttaten.<\/p>\n\n\n\n<p>Woher die Gewalt in uns Menschen kommt, das versucht die Wissenschaft zu ergr\u00fcnden. Manche sagen, es liegt in den Genen, manche sagen, es liegt nicht in den Genen, sondern es wird durch die gesellschaftlichen Umst\u00e4nde hervorgerufen, manche sagen: Beides tr\u00e4gt zur Gewaltt\u00e4tigkeit bei.<\/p>\n\n\n\n<p style=\"color:#a30003\" class=\"has-text-color has-background has-background-color-background-color\"><strong>Aufgabe 3: Gewalt definieren<\/strong><\/p>\n\n\n\n<p style=\"color:#a30003\" class=\"has-text-color\">Was verstehst Du unter \u201eGewalt\u201c?<\/p>\n\n\n\n<p style=\"text-align:center\"><strong>Informationen:<\/strong><\/p>\n\n\n\n<p>Lebewesen ben\u00f6tigen zum Leben Nahrung. Nahrungsaufnahme bedeutet, dass ein Lebewesen auf Kosten von anderem lebt. Nun gibt es freilich Unterschiede: Pflanzen, so es keine fleischfressenden Pflanzen sind, leben von dem, was sie in der Erde finden: Mineralien usw. Andere Wesen leben wieder von den Pflanzen oder von Tieren. Sich andere \u201eeinzuverleiben\u201c ist eine Form von Gewalt. Menschen wie viele Tiere auch leben nicht nur von Pflanzen, sondern auch von anderen Tieren. Das ist unsere Natur. Um \u00fcberleben zu k\u00f6nnen, werden wir aggressiv \u2013 so wenn wir Hunger haben. Aber nicht allein Hunger macht aggressiv. Menschen wie Tiere k\u00f6nnen aggressiv werden, wenn es um die Fortpflanzung geht. Die Weitergabe der eigenen Gene ist so wichtig, dass manche Forscher meinten, der Mensch sei wie andere Tiere auch Sklave seiner Gene, die sich fortpflanzen wollen. Wie manche m\u00e4nnliche Tiere (B\u00e4ren, L\u00f6wen) die Jungen eines anderen Vaters t\u00f6ten, so sei das im Grunde auch bei uns Menschen. Nicht allein Nahrungsaufnahme und Fortpflanzung machen aggressiv, sondern auch der Selbsterhaltungswille. Wer angegriffen wird, verteidigt sich. Der gesamte K\u00f6rper richtet sich darauf ein: es schaukelt sich langsam hoch \u2013 und dann ist man zum Kampf bereit.<\/p>\n\n\n\n<p>Gewalt bedeutet also im Grunde: Selbsterhaltung.<\/p>\n\n\n\n<p>Und auch, wenn Jungs raufen, dann diente das in raueren Zeiten dazu, Kampftechniken zur Verteidigung zu erlernen, den K\u00f6rper abzuh\u00e4rten, ihn zu st\u00e4rken. Das Ziel: Die Familie bzw. die Gemeinschaft (Dorf, Stadt) zu verteidigen \u2013 freilich auch, um andere anzugreifen, wenn man aus Hunger oder aus sonstigen Gr\u00fcnden \u00fcberleben wollte.<\/p>\n\n\n\n<p>Werden Krankheiten als Gewalt gegen K\u00f6rper, Geist und Seele empfunden? Wie kann man damit umgehen?<\/p>\n\n\n\n<p style=\"color:#a30003\" class=\"has-text-color has-background has-background-color-background-color\"><strong>Aufgabe 4: Malen<\/strong><\/p>\n\n\n\n<p style=\"color:#a30003\" class=\"has-text-color\">Male in Form eines \u201eSmilys\u201c wie ein Gesicht aussieht, wenn es zornig, streitbereit ist.<\/p>\n\n\n\n<p style=\"color:#a30003\" class=\"has-text-color has-background has-background-color-background-color\"><strong>Aufgabe 5: Lies Genesis 1-4 \/1. Mose 1-4<\/strong><\/p>\n\n\n\n<p style=\"color:#a30003\" class=\"has-text-color\">Was steht in dem angegebenen Text? Was wird \u00fcber die Nahrungsmittel der Tiere und Menschen ausgesagt? (1,30)<\/p>\n\n\n\n<p style=\"color:#a30003\" class=\"has-text-color\">Wenn Du Genesis \/ 1. Mose weiter liest, dann erf\u00e4hrst Du, warum das alles nicht mehr so friedlich geblieben ist.<\/p>\n\n\n\n<p style=\"text-align:center\"><strong>Informationen:<\/strong><\/p>\n\n\n\n<p>In den genannten biblischen Texten wird deutlich gemacht, dass der Mensch von Gott friedlich erschaffen wurde. Gott hat ihm aber von Anfang an Freiheit gegeben: Und mit Freiheit ist das Tragen von Verantwortung verbunden. Doch der Mensch hat die Freiheit dazu missbraucht, sich von Gott abzuwenden \u2013 und die Gewalttaten begannen. Und von den Gewalttaten der Menschen, so intendieren es auch andere biblischen Texte, wird die gesamte Sch\u00f6pfung angesteckt.<\/p>\n\n\n\n<p>Wenn wir die Welt um uns herum beobachten, dann sehen wir, dass Gewalttaten auch aus ganz anderen Gr\u00fcnden als den genannten stattfinden k\u00f6nnen. Aus Neid, Gier, Machtwillen\u2026<\/p>\n\n\n\n<p style=\"color:#a30003\" class=\"has-text-color has-background has-background-color-background-color\"><strong>Aufgabe 6: Gewalttaten in der Bibel<\/strong><\/p>\n\n\n\n<p style=\"color:#a30003\" class=\"has-text-color\">An welche Geschichten denkst Du, wenn davon die Rede ist, dass in der Bibel Gewalttaten vorkommen?<\/p>\n\n\n\n<p>Die Bibel ist voller gewaltt\u00e4tiger Geschichten, sie ist voller K\u00e4mpfe: Kain ermordet Abel, Josefs Br\u00fcder verkaufen Josef an Sklavenh\u00e4ndler, David k\u00e4mpft gegen Goliath, St\u00e4mme k\u00e4mpfen gegeneinander und einzelne Menschen ermorden andere. Menschen unterdr\u00fccken einander. Jesus wird verraten und hingerichtet. Die Bibel besch\u00f6nigt den Menschen nicht. Er wird dargestellt wie er ist \u2013 doch werden Gewalttaten als S\u00fcnde bezeichnet.<\/p>\n\n\n\n<p style=\"color:#a30003\" class=\"has-text-color has-background has-background-color-background-color\"><strong>Aufgabe 7: Propheten<\/strong><\/p>\n\n\n\n<p style=\"color:#a30003\" class=\"has-text-color\">Lies das Buch des Propheten Amos. Welche Gewalttaten werden da angeprangert?<\/p>\n\n\n\n<p>In der Bibel finden wir also nicht allein Gewalttaten, sondern Menschen beginnen, im Auftrag Gottes Regeln zu verk\u00fcnden, um die Gewalttaten einzuschr\u00e4nken.<\/p>\n\n\n\n<p style=\"color:#a30005\" class=\"has-text-color has-background has-background-color-background-color\"><strong>Aufgabe 8: Lies Deuteronomium 5 \/ 5. Buch Mose 5<\/strong><\/p>\n\n\n\n<p style=\"color:#a30003\" class=\"has-text-color\">Was steht dort? Welche Versuche werden unternommen, Gewalttaten einzuschr\u00e4nken? Welche Gewalttaten werden angesprochen?<\/p>\n\n\n\n<p>Gott will also nicht, dass Menschen gewaltt\u00e4tig gegeneinander sind \u2013 und gibt Regeln vor, die ein friedfertiges Zusammenleben erm\u00f6glichen sollen.<\/p>\n\n\n\n<p style=\"color:#a30003\" class=\"has-text-color has-background has-background-color-background-color\"><strong>Aufgabe 9: Sprichw\u00f6rter<\/strong><\/p>\n\n\n\n<p>Erfinde Sprichw\u00f6rter zum Thema \u201eGewalt\u201c bzw. \u201eGewalt\u00fcberwindung\u201c. Tragt Eure Sprichw\u00f6rter zusammen, schreibt sie alle auf ein Blatt, kopiert es und verseht die jeweiligen Sprichw\u00f6rter mit einem Smiley, einem Antismiley und einem Neutralo. Diskutiert das beste Sprichwort.<\/p>\n\n\n\n<p style=\"color:#a30003\" class=\"has-text-color\"><strong>Lies:<\/strong><\/p>\n\n\n\n<p>a)<a href=\"https:\/\/evangelische-religion.de\/ReligionNeu\/mensch\/frieden-krieg-1\/\">\u00a0https:\/\/evangelische-religion.de\/ReligionNeu\/mensch\/frieden-krieg-1\/<\/a><\/p>\n\n\n\n<p>b)\u00a0<a href=\"https:\/\/evangelische-religion.de\/ReligionNeu\/mensch\/frieden-krieg-2\/\">https:\/\/evangelische-religion.de\/ReligionNeu\/mensch\/frieden-krieg-2\/<\/a><\/p>\n\n\n\n<p>c) weitere Details:\u00a0<a href=\"https:\/\/evangelische-religion.de\/ReligionNeu\/kirche\/kreuzzuege\/\">https:\/\/evangelische-religion.de\/ReligionNeu\/kirche\/kreuzzuege\/<\/a><\/p>\n\n\n\n<p>d) <a href=\"https:\/\/evangelische-religion.de\/ReligionNeu\/kirche\/christentum-und-gewalt\/\">https:\/\/evangelische-religion.de\/ReligionNeu\/kirche\/christentum-und-gewalt\/<\/a><\/p>\n","protected":false},"excerpt":{"rendered":"<p>GEWALT Aufgabe 1: Vor\u00fcberlegungen Ich wei\u00df, was Gewalt ist:\u2026. Ich wei\u00df, was eine Gewalttat ist\u2026 Ich habe Gewalttat erlebt\u2026 Ich war schon einmal gewaltt\u00e4tig\u2026 Gewalt ist immer schlimm\u2026 Gewalt ist nicht immer schlimm\u2026 Ich wei\u00df, was strukturelle Gewalt ist\u2026 Ich wei\u00df, was Gewaltenteilung ist\u2026 Ich spiele Spiele am PC, die [&hellip;]<\/p>\n","protected":false},"author":1,"featured_media":0,"parent":89,"menu_order":0,"comment_status":"closed","ping_status":"closed","template":"","meta":{"footnotes":""},"class_list":["post-369","page","type-page","status-publish","hentry"],"_links":{"self":[{"href":"https:\/\/evangelische-religion.de\/ReligionNeu\/wp-json\/wp\/v2\/pages\/369","targetHints":{"allow":["GET"]}}],"collection":[{"href":"https:\/\/evangelische-religion.de\/ReligionNeu\/wp-json\/wp\/v2\/pages"}],"about":[{"href":"https:\/\/evangelische-religion.de\/ReligionNeu\/wp-json\/wp\/v2\/types\/page"}],"author":[{"embeddable":true,"href":"https:\/\/evangelische-religion.de\/ReligionNeu\/wp-json\/wp\/v2\/users\/1"}],"replies":[{"embeddable":true,"href":"https:\/\/evangelische-religion.de\/ReligionNeu\/wp-json\/wp\/v2\/comments?post=369"}],"version-history":[{"count":4,"href":"https:\/\/evangelische-religion.de\/ReligionNeu\/wp-json\/wp\/v2\/pages\/369\/revisions"}],"predecessor-version":[{"id":1614,"href":"https:\/\/evangelische-religion.de\/ReligionNeu\/wp-json\/wp\/v2\/pages\/369\/revisions\/1614"}],"up":[{"embeddable":true,"href":"https:\/\/evangelische-religion.de\/ReligionNeu\/wp-json\/wp\/v2\/pages\/89"}],"wp:attachment":[{"href":"https:\/\/evangelische-religion.de\/ReligionNeu\/wp-json\/wp\/v2\/media?parent=369"}],"curies":[{"name":"wp","href":"https:\/\/api.w.org\/{rel}","templated":true}]}}