{"id":3331,"date":"2026-05-14T10:06:22","date_gmt":"2026-05-14T08:06:22","guid":{"rendered":"https:\/\/evangelische-religion.de\/ReligionNeu\/?page_id=3331"},"modified":"2026-05-14T10:06:22","modified_gmt":"2026-05-14T08:06:22","slug":"menschenrechte-eingangsfragen","status":"publish","type":"page","link":"https:\/\/evangelische-religion.de\/ReligionNeu\/menschenrechte-eingangsfragen\/","title":{"rendered":"Menschenrechte: Eingangsfragen"},"content":{"rendered":"\n<p class=\"has-text-color\" style=\"color:#f60a1d\">Aufgabe 1:<br>a) Was geh\u00f6rt f\u00fcr Dich zu einem guten Leben, einem Leben, so wie Du es Dir vorstellst?<br>b) Meinst Du, auch andere Menschen stellen sich so ein Leben vor?<br>c) Was wei\u00dft Du dar\u00fcber: K\u00f6nnen Menschen weltweit so leben, dass sie ein solches Leben haben k\u00f6nnen, wie Du es Dir vorstellst?<\/p>\n\n\n\n<p class=\"has-text-color\" style=\"color:#f60a25\">Aufgabe 2:<br>Kein Bock auf Menschenrechte. Wie denkst Du \u00fcber solche Statements?<\/p>\n\n\n\n<p class=\"has-text-color\" style=\"color:#f40b26\">Aufgabe 3: <br>Wo werden Menschenrechte nicht eingehalten? Inwiefern werden sie nicht eingehalten?<\/p>\n\n\n\n<p class=\"has-text-color\" style=\"color:#fb0d49\">Aufgabe 4:<br>a) Kannst Du Dir denken, warum Dir gerade diese Aspekte eingefallen sind?<br>b) Kannst Du Dir denken, warum Du von vielen Menschenrechtsverletzungen nichts h\u00f6rst?<br><\/p>\n\n\n\n<p class=\"has-text-color\" style=\"color:#fb0d49\">Aufgabe 5: W\u00e4hrend wir \u00fcber Menschenrechtsverletzungen nachdenken, <\/p>\n\n\n\n<ul style=\"color:#ee111c\" class=\"wp-block-list has-text-color\">\n<li>werden Menschen irgendwo in Gef\u00e4ngnissen und sonst wo gefoltert<\/li>\n\n\n\n<li>m\u00fcssen Menschen Hunger leiden<\/li>\n\n\n\n<li>leben Menschen in Kriegsgefahr<\/li>\n\n\n\n<li>Erg\u00e4nze diese Liste&#8230;<\/li>\n<\/ul>\n\n\n\n<p>Unter dem folgenden Link findest Du die Menschenrechtserkl\u00e4rung der UN unter Menschenrechte 1 und Menschenrechte 2: <a href=\"https:\/\/mini.evangelische-religion.de\/wuerde-des-menschen-2\/\">https:\/\/mini.evangelische-religion.de\/wuerde-des-menschen-2\/<\/a><\/p>\n\n\n\n<p class=\"has-text-color\" style=\"color:#e90738\">Aufgabe 6: <br>a) Schreibe die wichtigsten Sachverhalte aus dem Info-Kasten ab.<br>b) Lies Dir die Artikel durch.<br>c) W\u00e4hle Dir aus diesen Menschenrechten zwei aus (freiwillig auch drei oder mehr), die Dir besonders wichtig sind. Setze diese graphisch, bildlich um (wie dort unter Aufgabe 1 beschrieben &#8211; Beispiele findest Du am Schluss unter Menschenrechte 2.)<\/p>\n\n\n\n<p class=\"has-text-color\" style=\"color:#ff0c28\">Aufgabe 7:<br>a) Lies die Pr\u00e4ambel und die Artikel 1-19 des Grundgesetzes: <a href=\"https:\/\/www.bundestag.de\/gg\">https:\/\/www.bundestag.de\/gg<\/a> <br>b) Welchen Artikel siehst Du als besonders wichtig an?<br>c) Wie s\u00e4he eine Gesellschaft aus, in der dieser Artikel besonders betont werden w\u00fcrde? (Mache Dir ein paar Notizen.)<br>d) Wie s\u00e4he eine Gesellschaft aus, in der die anderen Artikel missachtet w\u00fcrden? (Mache Dir ein paar Notizen.)<\/p>\n","protected":false},"excerpt":{"rendered":"<p>Aufgabe 1:a) Was geh\u00f6rt f\u00fcr Dich zu einem guten Leben, einem Leben, so wie Du es Dir vorstellst?b) Meinst Du, auch andere Menschen stellen sich so ein Leben vor?c) Was wei\u00dft Du dar\u00fcber: K\u00f6nnen Menschen weltweit so leben, dass sie ein solches Leben haben k\u00f6nnen, wie Du es Dir vorstellst? [&hellip;]<\/p>\n","protected":false},"author":1,"featured_media":0,"parent":0,"menu_order":0,"comment_status":"closed","ping_status":"closed","template":"","meta":{"footnotes":""},"class_list":["post-3331","page","type-page","status-publish","hentry"],"_links":{"self":[{"href":"https:\/\/evangelische-religion.de\/ReligionNeu\/wp-json\/wp\/v2\/pages\/3331","targetHints":{"allow":["GET"]}}],"collection":[{"href":"https:\/\/evangelische-religion.de\/ReligionNeu\/wp-json\/wp\/v2\/pages"}],"about":[{"href":"https:\/\/evangelische-religion.de\/ReligionNeu\/wp-json\/wp\/v2\/types\/page"}],"author":[{"embeddable":true,"href":"https:\/\/evangelische-religion.de\/ReligionNeu\/wp-json\/wp\/v2\/users\/1"}],"replies":[{"embeddable":true,"href":"https:\/\/evangelische-religion.de\/ReligionNeu\/wp-json\/wp\/v2\/comments?post=3331"}],"version-history":[{"count":1,"href":"https:\/\/evangelische-religion.de\/ReligionNeu\/wp-json\/wp\/v2\/pages\/3331\/revisions"}],"predecessor-version":[{"id":3333,"href":"https:\/\/evangelische-religion.de\/ReligionNeu\/wp-json\/wp\/v2\/pages\/3331\/revisions\/3333"}],"wp:attachment":[{"href":"https:\/\/evangelische-religion.de\/ReligionNeu\/wp-json\/wp\/v2\/media?parent=3331"}],"curies":[{"name":"wp","href":"https:\/\/api.w.org\/{rel}","templated":true}]}}