{"id":3061,"date":"2026-04-26T13:38:29","date_gmt":"2026-04-26T11:38:29","guid":{"rendered":"https:\/\/evangelische-religion.de\/ReligionNeu\/?page_id=3061"},"modified":"2026-04-26T14:43:19","modified_gmt":"2026-04-26T12:43:19","slug":"formen-des-zusammenlebens","status":"publish","type":"page","link":"https:\/\/evangelische-religion.de\/ReligionNeu\/formen-des-zusammenlebens\/","title":{"rendered":"Formen des Zusammenlebens"},"content":{"rendered":"\n<p class=\"has-text-align-center\" style=\"text-transform:uppercase\">Formen des Zusammenlebens<\/p>\n\n\n\n<p>Beziehungen \u2013 Ehe: Der folgende Schwerpunkt liegt auf unserer mitteleurop\u00e4ischen Kultur in unserer Zeit (in vielen L\u00e4ndern der Welt wurden die christlichen bzw. islamischen Formen \u00fcbernommen und wurden gesetzlich vorgeschrieben). Ein kurzer \u00dcberblick \u00fcber verschiedene Formen Sexualit\u00e4t auszu\u00fcben bzw. sein Leben zu gestalten:<\/p>\n\n\n\n<p style=\"text-decoration:underline\"><strong>Single<\/strong>: <\/p>\n\n\n\n<ol class=\"wp-block-list\">\n<li>Bewusst freiwillig \u2013 eigene Regeln; <\/li>\n\n\n\n<li>Bewusst freiwillig in Gemeinschaften (Kl\u00f6ster); <\/li>\n\n\n\n<li>Aufgrund der Lebenssituation erzwungen.<\/li>\n<\/ol>\n\n\n\n<p style=\"text-decoration:underline\"><strong>Eheformen mit Regeln<\/strong>:<\/p>\n\n\n\n<ol class=\"wp-block-list\">\n<li>Mann \u2013 Frau \u2013 Heirat\/eheliche Lebensgemeinschaft &#8211; Hetero-Ehen: Monogamie gilt in Deutschland. Regeln\/Gesetze werden durch den Staat, durch Religion, durch Familien und Traditionen festgelegt. Es gibt ein Scheidungsrecht. Diese Regeln k\u00f6nnen auch von manchen abgelehnt werden aus religi\u00f6sen, liberalen, feministischen, humanistischen Gruppen. W\u00e4hrend in Deutschland sich Individuen zusammenschlie\u00dfen, gibt es weltweit die Form, dass Individuen nicht z\u00e4hlen, Menschen heiraten in die Familie bzw. Sippe ein, es geht um arrangierte Ehen.<\/li>\n\n\n\n<li>Frau \u2013 Mann \u2013 Nichteheliche Lebensgemeinschaft: Hier gibt es kaum gesetzliche Regelungen: Keine Unterhaltspflicht, kein Notvertretungsrecht (Gesundheit), kein Zeugnisverweigerungsrecht, kein Zugewinnausgleich, kein Versorgungsausgleich, kein gesetzliches Erbrecht, kein Anspruch auf bestimmte Sozialleistungen. Regeln m\u00fcssen sich die Ehepartner selbst (rechtlich) geben. <\/li>\n\n\n\n<li>Frau \u2013 Frau \/ Mann \u2013 Mann: eheliche Lebensgemeinschaft &#8211; Homo-Ehen Regeln durch Staat: Ehegatten haben die gleichen Rechte und Pflichten: Dies betrifft unter anderem das Steuerrecht, das Erbrecht, die M\u00f6glichkeit der Adoption und den Anspruch auf Hinterbliebenenrente. Es gibt ein Scheidungsrecht. <\/li>\n\n\n\n<li>In Deutschland nicht erlaubt, bzw. privat geregelt: Polygamie (Polygynie [h\u00e4ufig im Islam und in afrikanischen L\u00e4ndern] und Polyandrie [sehr selten]); Religi\u00f6se Regeln in L\u00e4ndern, in denen beides erlaubt ist. Stammesregeln: Besuchsehe: Mosuo-China (Frauen leben zusammen und bestimmen die Beziehung, M\u00e4nner besuchen die Sexualpartnerin \u2013 aber h\u00e4ufig Langzeitverbindungen.) Besondere Varianten bei den Munduruku, Tsiman\u00e9 (M\u00e4nner- und Frauengemeinschaften leben getrennt, Kinder von Frauen erzogen); bei den Baruya ziehen die Jungs nach der Beschneidung als Jugendliche ins M\u00e4nnerhaus, Bar\u00ed (polyandrische SexKultur \u2013 alle m\u00f6glichen V\u00e4ter (\u201esoziale V\u00e4ter\u201c) k\u00fcmmern sich um das Kind). Anders Tibet: adelphische Polyandrie (eine Frau heiratet auch die Br\u00fcder mit). &#8222;Geister-Ehe&#8220; &#8211; das hei\u00dft: Menschen werden mit Verstorbenen verheiratet, um die Seelen der Verstorbenen zu bes\u00e4nftigen bzw. Familienbindungen zu f\u00f6rdern.<\/li>\n<\/ol>\n\n\n\n<p>Polygynie: ein Mann hat mehrere Frauen. In Deutschland nicht erlaubt, wenn aber ein Mann aus einem islamischen Land mit mehreren Frauen einreist, gibt es bestimmte Regelungen.<br>Polyandrie: eine Frau hat mehrere M\u00e4nner.<\/p>\n\n\n\n<p style=\"text-decoration:underline\">Diese Regeln werden nicht eingehalten<\/p>\n\n\n\n<ol class=\"wp-block-list\">\n<li>Prostitution<\/li>\n\n\n\n<li>Geliebte:r, Nebenfrauen, Nebenm\u00e4nner, Seitensprung<\/li>\n<\/ol>\n\n\n\n<p style=\"text-decoration:underline\">Andere Formen \u2013 mit individualisierten Regeln:<\/p>\n\n\n\n<ol class=\"wp-block-list\">\n<li>Gruppensex (eigene Regeln: Einvernehmlichkeit, safer sex, \u2026)<\/li>\n\n\n\n<li>Swingen (eigene Regeln: s. 1.)<\/li>\n\n\n\n<li>Freundschaft Plus (F+)<\/li>\n\n\n\n<li>Offene Ehe<\/li>\n\n\n\n<li>Informelle Beziehungen (zwanglos, flexibel)<\/li>\n<\/ol>\n\n\n\n<p style=\"text-decoration:underline\">Kriminell\/illegal:<\/p>\n\n\n\n<ol class=\"wp-block-list\">\n<li>Vergewaltigung<\/li>\n\n\n\n<li>N\u00f6tigung<\/li>\n\n\n\n<li>Bel\u00e4stigung (Catcalling kann als Beleidigung geahndet werden): Aufdringliches Verhalten; erzwungene K\u00fcsse \/ Umarmungen<\/li>\n\n\n\n<li>Inzest (vaginal); (Bestrebungen f\u00fcr erwachsene Geschwister zu legalisieren: Ethikrat 2012)<\/li>\n\n\n\n<li>Mobbing<\/li>\n\n\n\n<li>P\u00e4dophilie<\/li>\n\n\n\n<li>In Deutschland mir nicht bekannt: RaubEhe: Entf\u00fchrung von M\u00e4dchen, um sie dann zu heiraten.<\/li>\n<\/ol>\n\n\n\n<p>Sexualit\u00e4t und Liebe &#8211; Liebe und Sexualit\u00e4t ist das Thema dieser Seiten. <\/p>\n\n\n\n<p class=\"has-text-color has-link-color wp-elements-0ad8c113c9f110f6e7ac719a71835f05\" style=\"color:#f11616\">Aufgaben &#8211; \u00fcberlege:<\/p>\n\n\n\n<ol class=\"wp-block-list\">\n<li class=\"has-text-color has-link-color wp-elements-dff807cfffef4ce9a58b1dc2bed7701e\" style=\"color:#f81717\">Geh\u00f6ren aus Deiner Sicht Sexualit\u00e4t und Liebe zusammen?<\/li>\n\n\n\n<li class=\"has-text-color has-link-color wp-elements-c3fbedd5d44d2354d99caf549b8f9d4e\" style=\"color:#f81717\">In welchen der oben genannten Bereiche ist Liebe nicht vorhanden \/ eher nicht vorhanden?<\/li>\n\n\n\n<li class=\"has-text-color has-link-color wp-elements-d72632cc31dcc256bbb1fff5d187be26\" style=\"color:#f81717\">In einer Beziehung kommen also unterschiedlichste Menschen zusammen, die versuchen, miteinander das Leben zu gestalten. Ethik bedeutet, das Leben so zu gestalten, dass es f\u00fcr alle Beteiligten ein gelingendes Leben wird. Wie ordnest Du einzelne der oben genannten M\u00f6glichkeiten in dieser Hinsicht ein?<\/li>\n\n\n\n<li class=\"has-text-color has-link-color wp-elements-3819d9e519705e1235d0b0e9f6ac2511\" style=\"color:#f81717\">Sexualit\u00e4t ist etwas Sch\u00f6nes, das missbraucht und zerst\u00f6rerisch werden kann \u2013 darum gibt es in vielen Gesellschaften Regeln. Der Mensch ist vermutlich das einzige Wesen, das immer sexuell aktiv sein kann \u2013 vielleicht sind Bonobos eine Ausnahme \u2013 und nicht von Jahreszeiten abh\u00e4ngig ist. Der Mensch ist das einzige Wesen, das Sexualit\u00e4t verantwortlich gestalten kann. Welche Regeln w\u00e4ren Dir wichtig? <\/li>\n\n\n\n<li class=\"has-text-color has-link-color wp-elements-babbb63394b229161d238ef885e351c8\" style=\"color:#f81717\">Recherchiere: Wo wird im B\u00fcrgerlichen Gesetzbuch (BGB) das Thema Ehe geregelt? <\/li>\n\n\n\n<li class=\"has-text-color has-link-color wp-elements-5fb104e562ef2464089fc19fe642338a\" style=\"color:#f81717\">Was regelt das B\u00fcrgerliche Gesetzbuch? Gibt es Aspekte, die nicht geregelt werden aber aus Deiner Sicht geregelt werden m\u00fcssten?<\/li>\n<\/ol>\n\n\n\n<p class=\"has-text-color has-link-color wp-elements-992e4922d8b7b42ab72db092efc20d46\" style=\"color:#f11616\"><\/p>\n\n\n\n<p class=\"has-text-align-center\" style=\"text-transform:uppercase\">Gr\u00fcnde f\u00fcr Hochzeits- und Eheregeln<\/p>\n\n\n\n<p>Menschen &#8211; wahrscheinlich &#8211; aller Kulturen haben Regeln f\u00fcr das Zusammenleben von Frauen und M\u00e4nnern erstellt. Daf\u00fcr gibt es viele Gr\u00fcnde. Sexualit\u00e4t ist eine starke Macht, die Menschen nicht nur zusammenf\u00fchrt, sondern auch zu erheblichen Streitigkeiten f\u00fchren k\u00f6nnen. Die Menschen lebten in kleinen Gruppen &#8211; und da ist jede Auseinandersetzung t\u00f6dlich f\u00fcr das \u00dcberleben der Gruppe. Es geht also darum, dass Regeln erstellt wurden, damit die soziale Ordnung innerhalb einer Gruppe gewahrt bleibt, Mit der Ehe verbunden ist auch die Fortpflanzung, die Nachkommenschaft. Jedes Kind bedeutet, dass der Stamm weiterleben kann. Von daher sind Eheschlie\u00dfungen nicht selten auch mit Fruchtbarkeitssymbolen verbunden. In komplexeren System ging es dann weniger um den Stamm, sondern darum, dass die Familie \u00fcberlebt. Und das wird dann dadurch bewerkstelligt, dass manche Ehen aus wirtschaftlichen und machtpolitischen Gr\u00fcnden geschlossen wurden. Diese sind nicht unbedingt im Sinne der Verheirateten.<\/p>\n\n\n\n<p>All diese Br\u00e4uche, Sitten, Regeln sind tief mit der jeweiligen Kultur verbunden. Die Hochzeiten werden \u00f6ffentlich mit viel Aufhebens gefeiert, damit alle Menschen sehen: die geh\u00f6ren zusammen, diese Ehe darf niemand mehr st\u00f6ren. In manchen Kulturen ist noch eine Sitte damit verbunden, die die Ehetauglichkeit der Frau pr\u00fcft. Das hei\u00dft: Hatte sie noch mit keine Mann Geschlechtsverkehr. Das dient der Sicherung der Familie: Sie wird auch wirklich nur ein Kind geb\u00e4ren, das mit meiner Familie verbunden ist. Von daher wird auch Ehebruch in manchen Kulturen massiv bestraft. Es wird deutlich: Hier geht es nicht um die Frau als Individuum, es geht um die gew\u00fcnschte Nachkommenschaft. Von daher sind auch Versto\u00dfungen der Frau m\u00f6glich (auch wenn der Mann unfruchtbar ist), weil es nicht um sie geht, sondern um den Fortbestand der famili\u00e4ren Gene. <\/p>\n\n\n\n<p>Die Besonderheit bekommt die Hochzeit auch noch durch zwei weitere Gesichtspunkte: Gefeiert werden einzelne Menschen haupts\u00e4chlich in der \u00dcbergangszeit von der Jugend zum Erwachsenenleben (Initiationsriten) und im Kontext der Hochzeit. (Feiern von Geburtstagen usw. sind nicht weit verbreitet.) Menschen f\u00fchlen sich durch die gesamte Familie geehrt &#8211; die beiden Familien f\u00fchlen sich durch die geehrt, die sich verheiraten. Der andere Aspekt: die Eheschlie\u00dfung wird vielfach religi\u00f6s abgesichert (T\u00e4nze, Gebete, Opfergaben an Geister und G\u00f6tter usw.). Das hei\u00dft, sie bekommt eine erh\u00f6hte Bedeutung. <\/p>\n","protected":false},"excerpt":{"rendered":"<p>Formen des Zusammenlebens Beziehungen \u2013 Ehe: Der folgende Schwerpunkt liegt auf unserer mitteleurop\u00e4ischen Kultur in unserer Zeit (in vielen L\u00e4ndern der Welt wurden die christlichen bzw. islamischen Formen \u00fcbernommen und wurden gesetzlich vorgeschrieben). Ein kurzer \u00dcberblick \u00fcber verschiedene Formen Sexualit\u00e4t auszu\u00fcben bzw. sein Leben zu gestalten: Single: Eheformen mit Regeln: [&hellip;]<\/p>\n","protected":false},"author":1,"featured_media":0,"parent":0,"menu_order":0,"comment_status":"closed","ping_status":"closed","template":"","meta":{"footnotes":""},"class_list":["post-3061","page","type-page","status-publish","hentry"],"_links":{"self":[{"href":"https:\/\/evangelische-religion.de\/ReligionNeu\/wp-json\/wp\/v2\/pages\/3061","targetHints":{"allow":["GET"]}}],"collection":[{"href":"https:\/\/evangelische-religion.de\/ReligionNeu\/wp-json\/wp\/v2\/pages"}],"about":[{"href":"https:\/\/evangelische-religion.de\/ReligionNeu\/wp-json\/wp\/v2\/types\/page"}],"author":[{"embeddable":true,"href":"https:\/\/evangelische-religion.de\/ReligionNeu\/wp-json\/wp\/v2\/users\/1"}],"replies":[{"embeddable":true,"href":"https:\/\/evangelische-religion.de\/ReligionNeu\/wp-json\/wp\/v2\/comments?post=3061"}],"version-history":[{"count":5,"href":"https:\/\/evangelische-religion.de\/ReligionNeu\/wp-json\/wp\/v2\/pages\/3061\/revisions"}],"predecessor-version":[{"id":3069,"href":"https:\/\/evangelische-religion.de\/ReligionNeu\/wp-json\/wp\/v2\/pages\/3061\/revisions\/3069"}],"wp:attachment":[{"href":"https:\/\/evangelische-religion.de\/ReligionNeu\/wp-json\/wp\/v2\/media?parent=3061"}],"curies":[{"name":"wp","href":"https:\/\/api.w.org\/{rel}","templated":true}]}}