{"id":3031,"date":"2026-04-25T09:35:24","date_gmt":"2026-04-25T07:35:24","guid":{"rendered":"https:\/\/evangelische-religion.de\/ReligionNeu\/?page_id=3031"},"modified":"2026-04-25T09:35:25","modified_gmt":"2026-04-25T07:35:25","slug":"liebe-gottes","status":"publish","type":"page","link":"https:\/\/evangelische-religion.de\/ReligionNeu\/liebe-gottes\/","title":{"rendered":"Liebe Gottes"},"content":{"rendered":"\n<h4 class=\"wp-block-heading\"><strong>Texte aus dem Neuen Testament: Liebe Gottes<\/strong><\/h4>\n\n\n\n<p><strong>Paulus und Paulussch\u00fcler<\/strong><\/p>\n\n\n\n<p><strong>R\u00f6merbrief 5,5<\/strong>: Hoffnung aber l\u00e4sst nicht zuschanden werden; denn die Liebe Gottes ist ausgegossen in unsre Herzen durch den Heiligen Geist, der uns gegeben ist.<\/p>\n\n\n\n<p><strong>R\u00f6m 8,28:<\/strong>&nbsp;Wir wissen aber, dass denen, die Gott lieben, alle Dinge zum Besten dienen, denen, die nach seinem&nbsp;<strong>Ratschluss berufen sind.<\/strong><\/p>\n\n\n\n<p><strong>R\u00f6m 8,35ff.:&nbsp;<\/strong>Wer will uns scheiden von der Liebe Christi? Tr\u00fcbsal oder Angst oder Verfolgung oder Hunger oder Bl\u00f6\u00dfe oder Gefahr oder Schwert? 36 Wie geschrieben steht (Psalm 44,23): \u00bbUm deinetwillen werden wir get\u00f6tet den ganzen Tag; wir sind geachtet wie Schlachtschafe.\u00ab 37 Aber in dem allen \u00fcberwinden wir weit durch den, der uns geliebt hat.<\/p>\n\n\n\n<p>38 Denn ich bin gewiss, dass weder Tod noch Leben, weder Engel noch M\u00e4chte noch Gewalten, weder Gegenw\u00e4rtiges noch Zuk\u00fcnftiges, 39 weder Hohes noch Tiefes noch eine andere Kreatur uns scheiden kann von der Liebe Gottes, die in Christus Jesus ist, unserm Herrn.<\/p>\n\n\n\n<p><strong>Galaterbrief 2,20<\/strong>: Ich lebe, doch nun nicht ich, sondern Christus lebt in mir. Denn was ich jetzt lebe im Fleisch, das lebe ich im Glauben an den Sohn Gottes, der mich geliebt hat und sich selbst f\u00fcr mich dahingegeben.<\/p>\n\n\n\n<p><strong>Epheserbrief 5,1:&nbsp;<\/strong>So folgt nun Gottes Beispiel als die geliebten Kinder 2 und lebt in der Liebe, wie auch Christus uns geliebt hat<\/p>\n\n\n\n<p><strong>Johannes und Johannessch\u00fcler<\/strong><\/p>\n\n\n\n<p><strong>Johannesevangelium 3,16f.:&nbsp;<\/strong>Denn also hat Gott die Welt geliebt, dass er seinen eingeborenen Sohn gab, damit alle, die an ihn glauben, nicht verloren werden, sondern das ewige Leben haben.<\/p>\n\n\n\n<p><strong>17&nbsp;<\/strong>Denn Gott hat seinen Sohn nicht in die Welt gesandt, dass er die Welt richte, sondern dass die Welt durch ihn gerettet werde.<\/p>\n\n\n\n<p><strong>Johannes 15,9:&nbsp;<\/strong>Jesus sagt: Wie mich mein Vater liebt, so liebe ich euch auch. Bleibt in meiner Liebe!<\/p>\n\n\n\n<p><strong>1. Johannesbrief 4<\/strong><\/p>\n\n\n\n<p>Die Liebe Gottes und die Liebe zum Bruder<\/p>\n\n\n\n<p>7 Ihr Lieben, lasst uns einander lieb haben; denn die Liebe ist von Gott, und wer liebt, der ist von Gott geboren und kennt Gott.<\/p>\n\n\n\n<p>8 Wer nicht liebt, der kennt Gott nicht; denn Gott ist die Liebe.<\/p>\n\n\n\n<p>9 Darin ist erschienen die Liebe Gottes unter uns, dass Gott seinen einziggebornen Sohn gesandt hat in die Welt, damit wir durch ihn leben sollen.<\/p>\n\n\n\n<p>10 Darin besteht die Liebe: nicht dass wir Gott geliebt haben, sondern dass er uns geliebt hat und gesandt seinen Sohn zur Vers\u00f6hnung f\u00fcr unsre S\u00fcnden.<\/p>\n\n\n\n<p>11 Ihr Lieben, hat uns Gott so geliebt, so sollen wir uns auch untereinander lieben.<\/p>\n\n\n\n<p>12 Niemand hat Gott jemals gesehen. Wenn wir uns untereinander lieben, so bleibt Gott in uns, und seine Liebe ist in uns vollkommen.<\/p>\n\n\n\n<p>13 Daran erkennen wir, dass wir in ihm bleiben und er in uns, dass er uns von seinem Geist gegeben hat.<\/p>\n\n\n\n<p>14 Und wir haben gesehen und bezeugen, dass der Vater den Sohn gesandt hat als Heiland der Welt.<\/p>\n\n\n\n<p>15 Wer nun bekennt, dass Jesus Gottes Sohn ist, in dem bleibt Gott und er in Gott.<\/p>\n\n\n\n<p>16 Und wir haben erkannt und geglaubt die Liebe, die Gott zu uns hat.<\/p>\n\n\n\n<p>Gott ist die Liebe; und wer in der Liebe bleibt, der bleibt in Gott und Gott in ihm.<\/p>\n\n\n\n<p>17 Darin ist die Liebe bei uns vollkommen, dass wir Zuversicht haben am Tag des Gerichts; denn wie er ist, so sind auch wir in dieser Welt.<\/p>\n\n\n\n<p>18 Furcht ist nicht in der Liebe, sondern die vollkommene Liebe treibt die Furcht aus; denn die Furcht rechnet mit Strafe. Wer sich aber f\u00fcrchtet, der ist nicht vollkommen in der Liebe.<\/p>\n\n\n\n<p>19 Lasst uns lieben, denn er hat uns zuerst geliebt.<\/p>\n\n\n\n<p>20 Wenn jemand spricht: Ich liebe Gott, und hasst seinen Bruder, der ist ein L\u00fcgner. Denn wer seinen Bruder nicht liebt, den er sieht, der kann nicht Gott lieben, den er nicht sieht.<\/p>\n\n\n\n<p>21 Und dies Gebot haben wir von ihm, dass, wer Gott liebt, dass der auch seinen Bruder liebe.<\/p>\n\n\n\n<p>Aufgabe 1:<\/p>\n\n\n\n<ol class=\"wp-block-list\">\n<li>Was wird \u00fcber die Liebe Gottes ausgesagt?<\/li>\n\n\n\n<li>Worin zeigt sich die Liebe Gottes?<\/li>\n\n\n\n<li>Wie wird Jesus Christus mit Gottes Liebe verbunden?<\/li>\n\n\n\n<li>Wie wird der Geist Gottes mit Gottes Liebe verbunden?<\/li>\n\n\n\n<li>Welche Folgen hat Gottes Liebe?<\/li>\n\n\n\n<li>Was wird \u00fcber die Liebe des Menschen zu Gott gesagt?<\/li>\n\n\n\n<li>Welche Folgen hat Gottes Liebe f\u00fcr das Verhalten der Menschen?<\/li>\n<\/ol>\n\n\n\n<p>Aufgabe 2: Woran wird die Liebe Jesu Christi erkannt? Z\u00e4hle auf.<\/p>\n","protected":false},"excerpt":{"rendered":"<p>Texte aus dem Neuen Testament: Liebe Gottes Paulus und Paulussch\u00fcler R\u00f6merbrief 5,5: Hoffnung aber l\u00e4sst nicht zuschanden werden; denn die Liebe Gottes ist ausgegossen in unsre Herzen durch den Heiligen Geist, der uns gegeben ist. R\u00f6m 8,28:&nbsp;Wir wissen aber, dass denen, die Gott lieben, alle Dinge zum Besten dienen, denen, [&hellip;]<\/p>\n","protected":false},"author":1,"featured_media":0,"parent":0,"menu_order":0,"comment_status":"closed","ping_status":"closed","template":"","meta":{"footnotes":""},"class_list":["post-3031","page","type-page","status-publish","hentry"],"_links":{"self":[{"href":"https:\/\/evangelische-religion.de\/ReligionNeu\/wp-json\/wp\/v2\/pages\/3031","targetHints":{"allow":["GET"]}}],"collection":[{"href":"https:\/\/evangelische-religion.de\/ReligionNeu\/wp-json\/wp\/v2\/pages"}],"about":[{"href":"https:\/\/evangelische-religion.de\/ReligionNeu\/wp-json\/wp\/v2\/types\/page"}],"author":[{"embeddable":true,"href":"https:\/\/evangelische-religion.de\/ReligionNeu\/wp-json\/wp\/v2\/users\/1"}],"replies":[{"embeddable":true,"href":"https:\/\/evangelische-religion.de\/ReligionNeu\/wp-json\/wp\/v2\/comments?post=3031"}],"version-history":[{"count":1,"href":"https:\/\/evangelische-religion.de\/ReligionNeu\/wp-json\/wp\/v2\/pages\/3031\/revisions"}],"predecessor-version":[{"id":3033,"href":"https:\/\/evangelische-religion.de\/ReligionNeu\/wp-json\/wp\/v2\/pages\/3031\/revisions\/3033"}],"wp:attachment":[{"href":"https:\/\/evangelische-religion.de\/ReligionNeu\/wp-json\/wp\/v2\/media?parent=3031"}],"curies":[{"name":"wp","href":"https:\/\/api.w.org\/{rel}","templated":true}]}}