{"id":298,"date":"2019-06-30T10:42:56","date_gmt":"2019-06-30T08:42:56","guid":{"rendered":"https:\/\/evangelische-religion.de\/ReligionNeu\/?page_id=298"},"modified":"2026-04-27T09:55:38","modified_gmt":"2026-04-27T07:55:38","slug":"fragen-zur-liebe","status":"publish","type":"page","link":"https:\/\/evangelische-religion.de\/ReligionNeu\/mensch\/fragen-zur-liebe\/","title":{"rendered":"Fragen zur Liebe"},"content":{"rendered":"\n<p class=\"has-text-align-center has-medium-font-size\">FRAGEN + ANTWORTEN ZUM THEMA LIEBE \u2013 SEXUALIT\u00c4T \u2013 EHE<\/p>\n\n\n\n<p>Die folgenden Fragen wurden von Sch\u00fclerinnen und Sch\u00fclern gestellt.<\/p>\n\n\n\n<p class=\"has-text-color has-link-color wp-elements-83237dfe866cd6e976bb24b686cd1947\" style=\"color:#f61111\">Bevor Du die Antworten liest, selbst schriftlich Antworten geben. Das ist wichtig, damit Du bei unterschiedlicher Meinung argumentativ die eigene Sichtweise darlegen kannst: und auch das schriftlich festhalten.<\/p>\n\n\n\n<p class=\"has-text-align-center has-text-color\" style=\"color:#17a300\"><strong>1.&nbsp;&nbsp;&nbsp;&nbsp;&nbsp; F\u00fcr wie viel Menschen ist Liebe wichtiger als Sex?<\/strong><\/p>\n\n\n\n<p>Das kann nicht gesagt werden. Es l\u00e4sst sich nur beobachten, dass nicht alle Menschen gleicherma\u00dfen sexuell aktiv sind, sein wollen. Es gibt Menschen, die bestimmte Aufgaben und Ziele in ihrem Leben h\u00f6her stellen als Sexualit\u00e4t. Es gibt Menschen, die sich im Laufe ihres Lebens \u00e4ndern: Manchen ist Sexualit\u00e4t sehr wichtig \u2013 und dann erkennen sie, es gibt wichtigere Dinge im Leben und umgekehrt. Wieder andere suchen einen Liebespartner \/ Sex-Partner, finden jedoch keinen, dem sie sich sexuell anvertrauen k\u00f6nnen und pflegen tiefe Freundschaften, manche k\u00f6nnen aus Krankheitsgr\u00fcnden ihre Sexualit\u00e4t nicht ausleben \u2013 und suchen f\u00fcr ihr gemeinsames Leben den richtigen Weg in Liebe. Jeder einzelne Mensch muss auf sich selbst h\u00f6ren, darauf, was er will und kann, was er anzunehmen und zu geben bereit ist.<\/p>\n\n\n\n<p class=\"has-text-align-center has-text-color\" style=\"color:#7400a3\"><strong>2.&nbsp;&nbsp;&nbsp;&nbsp;&nbsp; Pfarrer \/ Priester d\u00fcrfen sie Sex haben?<\/strong><\/p>\n\n\n\n<p>Evangelische Pfarrer d\u00fcrfen heiraten \u2013 und somit auch Sex haben. R\u00f6misch-katholische Geistliche haben sich zum Z\u00f6libat verpflichtet, ebenso christliche M\u00f6nche und Nonnen (auch buddhistische M\u00f6nche). Im christlichen Glauben h\u00e4ngt das damit zusammen, dass man ganz frei sein m\u00f6chte f\u00fcr den Dienst an Gott und am Menschen. Freilich hatte die Durchsetzung des Z\u00f6libats im Mittelalter auch gesellschaftspolitische und nicht allein theologische Gr\u00fcnde. Sexualit\u00e4t wird von vielen als etwas empfunden, das unrein ist, das sie von Gott trennt. So gab es manche christliche Str\u00f6mung in der Alten Kirche, in der Menschen dem, was alle tun (sich sexuell ausleben), etwas Neues entgegen setzen wollten: Sie erlebten den Reichtum einer Ehe auch ohne geschlechtlichen Verkehr. F\u00fcr Christen gilt: Der Mensch soll das Leben so leben, wie er es aus der Beziehung zu Gott leben mag. Ob jemand Partner hat oder nicht \u2013 jeder ist gleich viel Wert vor Gott. Und wenn ein glaubender Mensch keinen Partner hat, versucht er sein Leben mit Gottes Hilfe ohne einen Partner einzurichten. Das Leben findet seinen Sinn nicht im sexuellen Kontakt. (Heute gibt es z.B. die Jesus-Bruderschaft Gnadenthal \u2013 s. Internet \u2013 [Kommunit\u00e4ten], in denen man gemeinsam arbeitet, zusammenlebt, aber ohne geschlechtliche Beziehungen zu pflegen.)<\/p>\n\n\n\n<p class=\"has-text-align-center has-text-color\" style=\"color:#a30031\"><strong>3.&nbsp;&nbsp;&nbsp;&nbsp;&nbsp; Wie entsteht Liebe?<\/strong><\/p>\n\n\n\n<p>Manche meinen, sie w\u00fcrden das wissen: durch Zusammenspiel der Hormone. Es gibt nicht nur die Liebe zwischen zwei Menschen, sondern auch Philia (Freundschaft), Erotik, Diakonia (dienende Liebe), Altruismus (sich aufgebende Liebe), Agape (reine, g\u00f6ttliche Liebe), Narzissmus (Verliebtsein in sich selbst) usw. In der genannten Frage geht es wohl um die Liebe zwischen zwei Menschen. Warum f\u00fchlt ein Mensch sich zu manchen Menschen st\u00e4rker hingezogen als zu anderen? Warum lebt ein Mensch mit manchen Menschen in Freundschaften und anderen nicht? Man hat in vielen Dingen h\u00e4ufig die gleiche Wellenl\u00e4nge, die gleichen Ansichten \u2013 das muss aber ganz und gar nicht sein (&#8222;Gegens\u00e4tze ziehen sich an&#8220;). Man findet das L\u00e4cheln sympathisch, den gesamten Ausdruck, den Geruch (wissenschaftlich gesehen spielt er eine gro\u00dfe Rolle) \u2013 aber auch das muss nicht sein. Manchmal lebt man lange irgendwie nebeneinanderher, ohne einander zu beachten \u2013 und dann kann es funken. Wie Liebe entstehen kann, geh\u00f6rt (noch) zu den R\u00e4tseln (auch wenn manche meinen, sie h\u00e4tten es herausgefunden).<\/p>\n\n\n\n<p class=\"has-text-align-center has-accent-color has-text-color\"><strong>4.&nbsp;&nbsp;&nbsp;&nbsp;&nbsp; Anziehung zwischen Mann und Frau?<\/strong><\/p>\n\n\n\n<p>Die Sexualit\u00e4t ist eine treibende Kraft, die Mann und Frau zueinander f\u00fchrt. (Nicht die einzige: Man kann auch einfach nur Gemeinschaft wollen\u2026). Es geht um die Fortpflanzung, die von der Natur vorgegeben ist. So reagieren auch Menschen auf k\u00f6rperliche Merkmale, die sie am anderen Geschlecht jeweils attraktiv finden. Zur Kultur des Menschen geh\u00f6rt es, dass er das, was nat\u00fcrlich ist, auf neue Ebenen erhebt: Auch ein Mensch muss essen \u2013 frisst nicht, sondern hat Ess-Sitten \u201eerfunden\u201c; man muss sprechen \u2013 hat Regeln erfunden, die das Sprechen, Verstehen erleichtern; man muss wohnen \u2013 und bleibt nicht in seiner H\u00f6hle, sondern macht es sich in einem m\u00fchsam errichteten Haus gem\u00fctlich usw. Ebenso ist Liebe eine Art der Veredelung der Sexualit\u00e4t. Aber dieses Gef\u00fchl der Anziehung muss nicht in sexuellem Verkehr m\u00fcnden. Menschen k\u00f6nnen flirten, k\u00f6nnen Freundschaft pflegen, ohne dass Sexualit\u00e4t hineinspielt, k\u00f6nnen den anderen als geistige-seelische Bereicherung f\u00fcr das Leben empfinden. Frauen und M\u00e4nner sind mehr als wandelnde Sexualorgane, mehr als Versklavte ihrer Gene \u2013 sie sind, wie das Alte Testament sagt: Ebenbild Gottes. Und als solche beinhalten sie einen gro\u00dfen Reichtum, der \u00fcber das Sexuelle hinausgeht \u2013 Sexualit\u00e4t aber auch nicht ausschlie\u00dft.<\/p>\n\n\n\n<p class=\"has-text-align-center has-text-color\" style=\"color:#a39d00\"><strong>5.&nbsp;&nbsp;&nbsp;&nbsp;&nbsp; Gibt es wahre, gro\u00dfe Liebe?<\/strong><\/p>\n\n\n\n<p>Manche sagen \u201eJa\u201c, manche sagen: \u201eNein\u201c. Es kommt darauf an, wie sehr ein Mensch bereit ist, sich auf den anderen einzulassen, wie sehr er das nat\u00fcrliche Misstrauen vor anderen Menschen aufgeben, sich selbst in gewisser Weise auch aufgeben kann. Und: Ob er einen Partner findet, bei dem das m\u00f6glich ist. Die gro\u00dfe, wahre Liebe ist aber nicht allein auf einen Partner beschr\u00e4nkt, sondern kann auch den Kindern gelten oder einem Freund\/einer Freundin. Freilich wird unsere Vorstellung von der gro\u00dfen, wahren Liebe nicht wenig von dem gepr\u00e4gt, was wir in Liedern\/Schlagern h\u00f6ren, in Filmen sehen. Davon m\u00fcssen wir uns l\u00f6sen, um sich auf sich selbst und dem Partner einlassen zu k\u00f6nnen. Wenn man sich von irgendwelchen Idealvorstellungen l\u00f6st, dann\u00a0 kann es zu einem gro\u00dfen, unendlich tiefen Zusammengeh\u00f6rigkeitsgef\u00fchl kommen. Es sind nur Momente der tiefen Einheit, der Liebe (Eis schmeckt gut \u2013 wenn man aber st\u00e4ndig Eis isst, entwickelt man eine Eis-Aversion). Es muss miteinander immer wieder erstrebt werden \u2013 und das geht nur, wenn zwei Menschen einander vertrauen k\u00f6nnen, einander als ganzen Menschen achten, sich immer besser kennenlernen.<\/p>\n\n\n\n<p class=\"has-text-align-center has-text-color\" style=\"color:#12a300\"><strong>6.&nbsp;&nbsp;&nbsp;&nbsp;&nbsp; Ver\u00e4ndert sich die Liebe, wenn man verheiratet ist?<\/strong><\/p>\n\n\n\n<p>Liebe ist st\u00e4ndigen Ver\u00e4nderungen unterworfen, da sie etwas Lebendiges ist. Wenn Liebe erstarrt, dann handelt es sich nicht mehr um Liebe. Man w\u00e4chst miteinander \u2013 und so \u00e4ndert sich auch die Liebe. Die Liebe reagiert auf Einfl\u00fcsse von au\u00dfen: Beruf, Hobbys, Freundschaften, Kinder\u2026 Wenn Menschen sich frisch verlieben, dann m\u00f6chten sie sich kennenlernen, dann staunen sie \u00fcber den anderen. So langsam lernen sie den anderen kennen \u2013 und dann kommen zur Liebe gemeinsame Aufgaben, Interessen hinzu, damit sie sich nicht nebeneinanderher lebend auseinander leben. Wenn zwei Menschen entschlie\u00dfen, einander n\u00e4her zu kommen, erkennen sie auch gewisse Unarten, etwas, was sie aneinander nicht m\u00f6gen. Auch in diesem, was beide als trennend empfinden, m\u00fcssen sie sich zueinander durchringen, denn auch das ist Liebe: immer wieder neu zu einander finden. Manchmal ist es so, dass zwei Menschen nicht mehr zueinander finden und beschlie\u00dfen, neue Wege zu gehen, um einander das Leben nicht schwer zu machen. Manchmal werden Ehen leichtfertig aufgegeben, weil sich Partner mit einem neuen Partner ein neues Leben versprechen \u2013 dabei bleiben sie selbst bekanntlich der alte und nichts wird sich \u00e4ndern. In unserer Gesellschaft ist nach einem solchen Schritt meistens die Frau benachteiligt (dennoch beantragen mehr Frauen die Scheidung). Jede Ehe, die H\u00f6hen und Tiefen durchh\u00e4lt, ist ein Wunder. Ehen sind nichts Selbstverst\u00e4ndliches, Partner m\u00fcssen an ihnen arbeiten. \u2013 Dar\u00fcber hinaus ist Sexualit\u00e4t auch ein Mittel, den anderen an sich zu binden \u2013 bzw. aufgrund der Konkurrenz mit anderen Menschen ein Mittel, sich besonders hervorzutun. (Jungs machen Quatsch und versuchen sich durch Kraftakte und Witze zu profilieren, M\u00e4dchen suchen durch Hervorhebungen k\u00f6rperlicher Sch\u00f6nheiten ihre Konkurrentinnen auszuschalten.) Das gibt sich dann nach dem Eheschluss st\u00e4rker, weil sich die Partner sicherer sein k\u00f6nnen. Kurz: Manchmal l\u00e4sst der Wunsch nach sexueller N\u00e4he nach, was angeblich dazu f\u00fchrt, dass M\u00e4nner nicht heiraten, weil sie bef\u00fcrchten, dass die Angetraute sexuell zur\u00fcckhaltender wird. \u2013 Kirchen setzen sich f\u00fcr die Ehe ein, damit das Zusammensein von Menschen weitere Anker hat: die Gemeinschaft der Gemeinde, die Gemeinschaft mit Gott. Durch die vor Menschen und Gott geschlossene Ehe soll die Liebe gesch\u00fctzt werden. Je l\u00e4nger zwei Menschen zusammen sind, desto schwerer f\u00e4llt f\u00fcr viele die Trennung. Man spricht davon, dass eine Wunde gerissen wird, die lange braucht, bis sie nicht mehr so schmerzhaft ist. Die Bibel spricht davon, dass Mann und Frau ein Leib werden \u2013 und wenn er zerrissen wird, ist es schmerzhaft. Die Ehe soll, so gut sie es eben kann, Menschen vor zu leichtfertiger Trennung bewahren. Aber wenn die Anker (Gemeinschaft und Gott) gekappt werden, k\u00f6nnen sie der Ehe nicht mehr helfen und Menschen driften auseinander.<\/p>\n\n\n\n<p class=\"has-text-align-center has-text-color\" style=\"color:#6000a3\"><strong>7.&nbsp;&nbsp;&nbsp;&nbsp;&nbsp; Soll man mit seinen Eltern reden, wenn man einen Freund hat?<\/strong><\/p>\n\n\n\n<p>Wenn ein Paar meint, dass auch andere von der Freundschaft erfahren sollen, dann sollten sie das auch den Eltern sagen. Freundschaften bed\u00fcrfen manchmal einer gewissen Verschwiegenheit, um wachsen zu k\u00f6nnen, damit man sich sicherer wird \u2013 und, wenn man dann so weit ist, sollte man es auch anderen sagen. Verheimlichen lassen sich Freundschaften sowieso kaum. Und das gemeinsame Vertrauen, das man sich in der Familie entgegenbringt, sollte auch in dieser Frage nicht entt\u00e4uscht werden. Dar\u00fcber hinaus kommt es auch auf die Beziehung zu den Eltern an. Wenn man Fragen zu Freundschaften hat, k\u00f6nnen so manche Eltern gute Tipps geben. Sie waren auch einmal in dieser Lage \u2013 und kennen die damit verbundenen Unsicherheiten und Fragen. Zudem hat die Einbeziehung anderer auch eine gewisse Schutzfunktion. Sie kennen den Partner vielleicht und k\u00f6nnen warnen, weil sie Seiten gesehen haben, die sch\u00e4dlich sind. Liebende sind manchmal &#8222;blind&#8220; &#8211; wie es hei\u00dft.<\/p>\n\n\n\n<p class=\"has-text-align-center has-text-color\" style=\"color:#a39300\"><strong>8.&nbsp;&nbsp;&nbsp;&nbsp;&nbsp; Ist Sex vor der Ehe schlimm?<\/strong><\/p>\n\n\n\n<p>Sex sollte mit Liebe (nicht mit Schw\u00e4rmen und Anhimmeln) verbunden sein. Die Ehe soll dem Sex einen gewissen sicheren Rahmen geben. Ein Paar sollte den Sex so weit vor sich herschieben wie m\u00f6glich. Sexuell kann man auch ohne Liebe aktiv sein &#8211; sieht man an den Tieren &#8211; nur w\u00fcnschen sich sicher sehr viele Menschen auch Geborgenheit, Vertrautheit, Treue \u2013 und dazu geh\u00f6rt es, sich so gut wie irgend m\u00f6glich zu kennen, schon gemeinsam durch frohe und dunkle Ereignisse gegangen zu sein, sie gemeinsam bew\u00e4ltigt zu haben. Bevor es zu engeren sexuellen Kontakten kommt, sollte das Paar Vertrauen erprobt haben. Keiner sollte sich dr\u00e4ngen lassen \u2013 und Jungs m\u00fcssen, st\u00e4rker als M\u00e4dchen, lernen \u2013 R\u00fccksicht zu nehmen auf Gef\u00fchle und Befindlichkeiten der Partnerin. Auch ist es sicherlich nicht schlecht, wenn beide mal gemeinsam dar\u00fcber nachgedacht haben: \u201eKein Sex vor der Ehe!?\u201c Wenn beide das einmal angesprochen haben, dann wissen beide, woran sie beim anderen sind. Doch sollten beide miteinander auch munter zusammenleben, wenn sie dieses gro\u00dfe Ziel trotz gro\u00dfer Anstrengungen nicht durchhalten konnte.\u00a0 Bei diesem Thema und auch beim folgenden Thema \u201eVerh\u00fctung\u201c \u2013 sollte jeder und jede \u00fcberlegen, ob sie es nicht mit Vater\/Mutter besprechen wollen. Sie kennen sich sicherlich aus \u2013 wissen zumindest, wo man sich dar\u00fcber informieren kann. Und da wohl kaum ein Mensch seine ersten Liebeserfahrungen auf der Parkbank erstrebt oder sich einen Quickie hinterm Busch w\u00fcnscht, geht es ja auch um die Pflege des Zusammenseins in den eigenen vier W\u00e4nden. Weil Sexualit\u00e4t immer auch Chaos in ein Leben bringen kann, in die Gesellschaft bringen kann, haben Christen aufgrund ihrer Erfahrung die Tendenz, die Sexualit\u00e4t an die Liebe und an die Ehe zu binden. Wer sein Leben aus der Beziehung zu Gott lebt, der achtet darauf, dass auch das Leben mit einem Partner im Licht Gottes gef\u00fchrt wird.<\/p>\n\n\n\n<p class=\"has-text-align-center has-text-color\" style=\"color:#41addb\"><strong>9.&nbsp;&nbsp;&nbsp;&nbsp;&nbsp; Verh\u00fctung?<\/strong><\/p>\n\n\n\n<p>Frau und Mann (!) sollen sich dar\u00fcber informieren, welche M\u00f6glichkeiten der Verh\u00fctung es gibt, damit man es wei\u00df, falls man doch die Kontrolle verliert. Dabei geht es dann nicht nur um Vermeidung ungewollter Schwangerschaften \u2013 weil ungewollte Schwangerschaften viele Gedanken und \u00dcberlegungen und Aufregungen mit sich bringen und auch seelisch\/k\u00f6rperlich die eigene Zukunft pr\u00e4gen k\u00f6nnen \u2013 sondern vor allem auch um Verh\u00fctung von Krankheiten (falls einer der Partner weitere Sexualkontakte hatte). Zum anderen sollten sich beide auch dar\u00fcber informieren, welche k\u00f6rperlichen Auswirkungen die Verh\u00fctungsmittel haben. (Auch Pillen sind Medikamente, die in den normalen Ablauf des K\u00f6rpers eingreifen. Beipackzettel beachten!) Abtreibung darf keine von vornherein in Betracht gezogene Alternative sein. Die Folgen k\u00f6nnen auch f\u00fcr die Mutter negative Konsequenzen haben. Abtreibungen werden damit verteidigt, dass auf die Selbstbestimmung der Frau gepocht wird. Aber jede Frau sollte schon bedenken, dass die Selbstbestimmung nicht erst dann beginnt, wenn es um Abtreibung geht, sondern auch schon dann, wenn es um Verh\u00fctung geht.<\/p>\n\n\n\n<p class=\"has-text-align-center has-text-color\" style=\"color:#6a6967\"><strong>10. Sex nur aus Liebe oder auch aus Spa\u00df \u2013 Sex ohne Liebe (Puff\/Bordell)?<\/strong><\/p>\n\n\n\n<p>Menschen sind, mit ganz wenigen anderen h\u00f6heren Wesen, die einzigen, die in ihrer Sexualit\u00e4t nicht von Jahreszeiten, von Brunftzeiten usw. abh\u00e4ngig sind. Sie k\u00f6nnen somit immer dann \u2013 wenn sie nur wollen. Und weil sie immer k\u00f6nnen, aber nicht immer einen Partner haben, gibt es Menschen, die sich f\u00fcr Geld zur Verf\u00fcgung stellen, dem anderen den sexuellen Druck zu nehmen. Die Frage stellt sich freilich: Wieweit machen es die Menschen wirklich freiwillig oder aufgrund von finanziellen Notlagen, aufgrund von Ausbeutung, aufgrund einer Sucht? Gesetzt den Fall, sie machen es freiwillig, sollte sich ein Mensch, der Sklave seiner Sexualit\u00e4t ist, auch nicht vom Sex ohne Liebe abhalten lassen. Allerdings ist dieser Weg f\u00fcr Christen verschlossen: Nicht die Sexualit\u00e4t soll den Menschen beherrschen, sondern der Mensch die Sexualit\u00e4t. Dar\u00fcber hinaus: Jesus verwehrt es, den Menschen als Objekt anzusehen. Wer einen anderen dazu benutzt \u2013 auch wenn dieser andere es freiwillig tut \u2013 um seinen sexuellen Drang loszuwerden, missachtet den anderen als Menschen, sieht in ihm ein Objekt seiner Begierde.<\/p>\n\n\n\n<p class=\"has-text-align-center has-text-color\" style=\"color:#296621\">1<strong>1. Sind Pornos schlimm (Internet \u2013 Fernsehen)?<\/strong><\/p>\n\n\n\n<p>Die Definition dessen, was als Pornographie bezeichnet werden kann, ist unscharf. Ich selbst bezeichne als Pornographie Bilder, Filme, Texte, die Sexualit\u00e4t mit der (gewaltt\u00e4tigen) Erniedrigung eines Menschen verbinden &#8211; oder auch sch\u00e4rfer: Sexualit\u00e4t \/ sexuelle Praktiken zur Schau stellen. Das muss freilich nicht immer durch deutlich sichtbare Gewalt ausgedr\u00fcckt werden, sondern kann auch verbal, visuell geschehen. Der Mensch ist das einzige Wesen auf der Erde, das verantwortungslos und verantwortungsvoll mit seiner Sexualit\u00e4t umgehen kann. Verantwortungsloser Umgang hat seinen Reiz, birgt aber auch Gefahren: Suchtgefahr, die Gefahr, Phantasien mit Realit\u00e4t zu verwechseln und die Realit\u00e4t den Phantasien anzupassen (Frauen wollen immer Sex \u2013 M\u00e4nner k\u00f6nnen immer sexuell aktiv sein; alle Frauen und alle M\u00e4nner wollen mit allen Frauen und M\u00e4nnern sexuell verkehren\u2026), Erf\u00fcllung sexueller W\u00fcnsche wird \u00fcber die Liebe zum Partner gestellt usw., neuere Gefahren: Bilder oder Filme mit dem Partner \/ Expartner werden ohne dessen Wissen ins Netz gestellt, es werden immer h\u00e4rtere Darstellungen gesucht und auch gefunden. W\u00e4hrend sich fr\u00fcher ein Pornoliebhaber dazu \u201ebekennen\u201c musste, indem er in die entsprechenden L\u00e4den ging, geht es heute \u00fcbers Internet (ansatzweise) anonym: Das kann zur sozialen Isolation f\u00fchren. Freilich ist die innere Einstellung das Entscheidende: M\u00f6chte ich mich mit guten Dingen besch\u00e4ftigen, die mich st\u00e4rker machen, aufbauen, sozial kompetenter, fr\u00f6hlicher, liebevoller \u2013 oder mit Dingen, die mich runterziehen, die dunkle Gedanken f\u00f6rdern, sozial ins Abseits stellen, seelisch kaputt machen? (Es gibt Berater in Fragen der Sex-Sucht \u2013 auch \u00fcbers Internet kann man f\u00fcndig werden \u2013 aber auch hier: Vorsicht vor Scharlatanen!) Manche prahlen auch mit Pornofilmen usw. auf Handys, was f\u00fcr coole Kerle sie sind. Man muss \u00fcberlegen: Mit welchen Menschen m\u00f6chte ich gerne zusammen sein und welche Menschen einen nicht wirklich weiterhelfen.<\/p>\n\n\n\n<p class=\"has-text-align-center has-text-color\" style=\"color:#b32b5f\"><strong>12. Gefahren von Sex?<\/strong><\/p>\n\n\n\n<p>Sexualit\u00e4t als solche ist nicht gef\u00e4hrlich. Allerdings ist mit ihr nicht selten Gewalt verbunden, deren Auswirkungen vor allem Frauen, M\u00e4dchen ausgesetzt sind. Gesundheitliche Gefahren k\u00f6nnen vorhanden sein aufgrund der intimen N\u00e4he der Menschen \u2013 aber davor kann man sich weitgehend sch\u00fctzen und sollte sich informieren. M\u00f6gliche Schwangerschaften sind keine \u201eGefahr\u201c, weil mit jeder Schwangerschaft etwas Sch\u00f6nes verbunden ist: Einem Menschen wird das Leben geschenkt &#8211; ein Wunder! Nur sollten die Umst\u00e4nde ber\u00fccksichtigt werden, in denen einem neuen Menschen das Leben geschenkt wird. Es gibt auch gef\u00e4hrliche sexuelle Praktiken, aber die sind vermutlich nicht besonders weit verbreitet. Eine andere Gefahr ist die Sex-Sucht \u2013 s. 11.: Pornos. Strukturelle Gewalt \u2013 Gewalt, die Frauen erniedrigt (geringerer Lohn als M\u00e4nner, K\u00f6rper als Objekte der Werbung und von PC-Spielen, Missachtung der Berufe, die \u00fcberwiegend von Frauen ausge\u00fcbt werden, erniedrigende Witze, religi\u00f6se Diskriminierung von Frauen, juristische und beh\u00f6rdliche Benachteiligungen) \u2013 muss in einer Gesellschaft immer wieder bek\u00e4mpft werden. Freilich gibt es auch die M\u00f6glichkeit, dass manche Frauen Diskriminierungen nicht als solche empfinden, sie vielleicht aus religi\u00f6sen und psychischen Gr\u00fcnden sogar begr\u00fc\u00dfen. Aber eine Gesellschaft sollte andere Frauen vor solchen Diskriminierungsversuchen sch\u00fctzen. Manchmal sind Spa\u00df und Gewalt unter Gleichaltrigen nicht leicht voneinander zu trennen. Es gab eine Internetseite, die diese Frage intensiv aufgearbeitet hat. Leider gibt es sie nicht mehr. Wir sp\u00fcren aber, wenn Spa\u00df in Gewalt umschl\u00e4gt, wir sp\u00fcren es an der Stimmung, die auf einmal auftritt, an den Augen des anderen, die sich vom Spa\u00df zur Gewalt ver\u00e4ndern. Wenn ich merke, dass die Stimmung am Kippen ist, sich unbedingt der Situation entziehen. <\/p>\n\n\n\n<p class=\"has-text-align-center has-text-color\" style=\"color:#326788\"><strong>13. Homosexualit\u00e4t<\/strong><\/p>\n\n\n\n<p>Unter Homosexuelle versteht man allgemein Menschen, die sich zu gleichgeschlechtlichen Partnern hingezogen f\u00fchlen. Frauen bezeichnen sich als Lesben, M\u00e4nner bezeichnen sich als Schwule\/Gay. Menschen machen in ihrer Entwicklung manchmal Phasen durch, in denen sie sich zum eigenen Geschlecht eher hingezogen f\u00fchlen als zum anderen, manche entdecken sp\u00e4ter im Leben eine entsprechende Neigung. Daneben gibt es Menschen, die ununterbrochen homosexuell veranlagt sind, die eine eigene Weltsicht und ihnen eigene Verhaltensweisen entwickeln. Homosexualit\u00e4t wird in vielen Gesellschaftsformen abgelehnt \u2013 auch in unserer Gesellschaft haben Schwule und Lesben es vielfach schwer (gehabt), sich dazu zu bekennen, denn Verspottung, Erniedrigungen, Isolationen begleiten vielfach ein Coming out (= das \u00f6ffentliche Bekennen zu seiner Homosexualit\u00e4t). Freilich \u00e4ndert es sich in unserer Gesellschaft immer st\u00e4rker. Homosexualit\u00e4t ist auch f\u00fcr Juden und Christen ein schwieriges Thema. Das darum, weil es in der Bibel Stellen gibt, die davon sprechen, dass Gott Homosexualit\u00e4t ablehnt \u2013 was mit den negativen Erfahrungen der Autoren zusammenh\u00e4ngt, die Ausw\u00fcchsen begegnet sind. Viele Christen lehnen die Homosexualit\u00e4t ab, nicht aber den Homosexuellen. Die Bedingung f\u00fcr diese Haltung: Homosexualit\u00e4t ist nicht angeboren. Wie weit sie angeboren ist oder\u00a0 z.B. durch Erstpr\u00e4gungen bestimmt wird, wird auch unter Wissenschaftlern diskutiert, auch wenn viele Schwule Aktivisten das Erstgenannte mehr oder weniger heftig vertreten und in diesem Sinne Meinungshoheit zu erlangen suchen. Im Augenblick sieht es so aus, dass Homosexualit\u00e4t epigenetische Ursachen hat. In unserer Gesellschaft versuchen Homosexuelle immer mehr Raum zu gewinnen. Sie wollen nicht aufgrund ihrer geschlechtlichen Orientierung abgelehnt werden, sondern gleichberechtigt neben anderen wie andere leben k\u00f6nnen. Zu recht.<\/p>\n\n\n\n<p class=\"has-text-align-center has-text-color\" style=\"color:#17a300\"><strong>14. Weitere Formen der Sexualit\u00e4t<\/strong><\/p>\n\n\n\n<p>Die Sexualit\u00e4t des Menschen kennt auch weitere Formen, so Hermaphroditen\/Zwitter, oder Menschen, die k\u00f6rperlich ein Mann sind, sich doch wie eine Frau f\u00fchlen bzw. k\u00f6rperlich eine Frau sind und sich wie ein Mann f\u00fchlen. Die Menschen, die von der Mehrheit abweichen (das gilt nicht nur auf dem Gebiet der Sexualit\u00e4t), haben es schwer, sich selbst zu finden. Hier ist unsere Gesellschaft auf einem guten Weg: Sie haben es vielfach schon schwer genug mit sich selbst, da muss ihnen die Gesellschaft nicht auch noch Steine in den Weg legen. Freilich haben Minderheiten manchmal auch die Tendenz, sich selbst in den Mittelpunkt der Gesellschaft zu stellen \u2013 um sich selbst finden zu k\u00f6nnen. Als Gesellschaft darauf angemessen zu reagieren ist immer eine schwere Gratwanderung.<\/p>\n\n\n\n<p class=\"has-text-color\" style=\"color:#1a00a3\"><\/p>\n","protected":false},"excerpt":{"rendered":"<p>FRAGEN + ANTWORTEN ZUM THEMA LIEBE \u2013 SEXUALIT\u00c4T \u2013 EHE Die folgenden Fragen wurden von Sch\u00fclerinnen und Sch\u00fclern gestellt. Bevor Du die Antworten liest, selbst schriftlich Antworten geben. Das ist wichtig, damit Du bei unterschiedlicher Meinung argumentativ die eigene Sichtweise darlegen kannst: und auch das schriftlich festhalten. 1.&nbsp;&nbsp;&nbsp;&nbsp;&nbsp; F\u00fcr wie [&hellip;]<\/p>\n","protected":false},"author":1,"featured_media":0,"parent":41,"menu_order":0,"comment_status":"closed","ping_status":"closed","template":"","meta":{"footnotes":""},"class_list":["post-298","page","type-page","status-publish","hentry"],"_links":{"self":[{"href":"https:\/\/evangelische-religion.de\/ReligionNeu\/wp-json\/wp\/v2\/pages\/298","targetHints":{"allow":["GET"]}}],"collection":[{"href":"https:\/\/evangelische-religion.de\/ReligionNeu\/wp-json\/wp\/v2\/pages"}],"about":[{"href":"https:\/\/evangelische-religion.de\/ReligionNeu\/wp-json\/wp\/v2\/types\/page"}],"author":[{"embeddable":true,"href":"https:\/\/evangelische-religion.de\/ReligionNeu\/wp-json\/wp\/v2\/users\/1"}],"replies":[{"embeddable":true,"href":"https:\/\/evangelische-religion.de\/ReligionNeu\/wp-json\/wp\/v2\/comments?post=298"}],"version-history":[{"count":6,"href":"https:\/\/evangelische-religion.de\/ReligionNeu\/wp-json\/wp\/v2\/pages\/298\/revisions"}],"predecessor-version":[{"id":3078,"href":"https:\/\/evangelische-religion.de\/ReligionNeu\/wp-json\/wp\/v2\/pages\/298\/revisions\/3078"}],"up":[{"embeddable":true,"href":"https:\/\/evangelische-religion.de\/ReligionNeu\/wp-json\/wp\/v2\/pages\/41"}],"wp:attachment":[{"href":"https:\/\/evangelische-religion.de\/ReligionNeu\/wp-json\/wp\/v2\/media?parent=298"}],"curies":[{"name":"wp","href":"https:\/\/api.w.org\/{rel}","templated":true}]}}