{"id":2900,"date":"2026-04-15T09:16:17","date_gmt":"2026-04-15T07:16:17","guid":{"rendered":"https:\/\/evangelische-religion.de\/ReligionNeu\/?page_id=2900"},"modified":"2026-04-15T09:20:28","modified_gmt":"2026-04-15T07:20:28","slug":"sinn-des-lebens-purpose-of-life","status":"publish","type":"page","link":"https:\/\/evangelische-religion.de\/ReligionNeu\/sinn-des-lebens-purpose-of-life\/","title":{"rendered":"Sinn des Lebens \/ Purpose of Life"},"content":{"rendered":"\n<p>Sinn des Lebens \/ Purpose of Life<\/p>\n\n\n\n<p>Die Frage nach dem Sinn des Lebens wird von Menschen unterschiedlich beantwortet.<\/p>\n\n\n\n<p class=\"has-text-color has-link-color wp-elements-62aa7fdd677b852a3949e48c82aa772c\" style=\"color:#eb2b2b\"><strong>Aufgabe 1:&nbsp;<\/strong>\u00dcberlege, warum dem so sein kann\/ist.<\/p>\n\n\n\n<p>A) Allein schon die Frage: Warum lebe ich? \u2013 findet unterschiedliche Antworten:<\/p>\n\n\n\n<ul class=\"wp-block-list\">\n<li>Weil meine Mutter mich geboren hat.<\/li>\n\n\n\n<li>Keine Ahnung.<\/li>\n\n\n\n<li>Schicksal, dass meine Mutter gerade mich geboren hat.<\/li>\n\n\n\n<li>Ich bin von Gott gewollt und geliebt.<\/li>\n\n\n\n<li>Vielleicht soll ich ein Ziel im Leben durchsetzen.<\/li>\n<\/ul>\n\n\n\n<p>B) Hier werden ein paar Beispiele daf\u00fcr genannt, was Menschen als Sinn des Lebens ansehen k\u00f6nnen:<\/p>\n\n\n\n<ol class=\"wp-block-list\">\n<li>Es soll Spa\u00df\/Lust machen.<\/li>\n\n\n\n<li>Ich muss mich selbst verwirklichen.<\/li>\n\n\n\n<li>Es soll mir und meiner Familie gut gehen.<\/li>\n\n\n\n<li>Es soll anderen auch m\u00f6glichst gut gehen.<\/li>\n\n\n\n<li>M\u00f6glichst wenig Leiden und Schmerzen haben.<\/li>\n\n\n\n<li>Ich wei\u00df es nicht \u2013 es kommt, wie es kommt.<\/li>\n\n\n\n<li>Einen Beruf erlernen.<\/li>\n\n\n\n<li>Eine Familie gr\u00fcnden.<\/li>\n\n\n\n<li>Freunde haben.<\/li>\n\n\n\n<li>Geld haben.<\/li>\n\n\n\n<li>Einen Nobelpreis bekommen.<\/li>\n\n\n\n<li>Gl\u00fcck und Geborgenheit erlangen.<\/li>\n\n\n\n<li>Bestimmte Tugenden befolgen, um ein soziales Leben zu erm\u00f6glichen (gro\u00dfz\u00fcgig sein, mutig sein\u2026).<\/li>\n\n\n\n<li>Pflichten erf\u00fcllen.<\/li>\n\n\n\n<li>Das gesamte Leben im Einklang mit dem Willen Gottes leben \/ zu leben versuchen.<\/li>\n\n\n\n<li>Doppelgebot der Liebe erf\u00fcllen (Liebe Gott und deinen N\u00e4chsten wie dich selbst).<\/li>\n\n\n\n<li>F\u00fcr andere da sein.<\/li>\n\n\n\n<li>Die 10 Gebote beachten.<\/li>\n\n\n\n<li>Die Bergpredigt erf\u00fcllen (lies in Deiner Bibel-App oder auf dem Bibleserver im Internet nach: Matth\u00e4usevangelium 5-7).<\/li>\n\n\n\n<li>Allahs Gesetze befolgen (Koran, Sunna, F\u00fcnf\/Sechs S\u00e4ulen).<\/li>\n\n\n\n<li>Lernen wie Buddha oder Yogis zu meditieren.<\/li>\n\n\n\n<li>Ich muss mein religi\u00f6ses und\/oder politisches und\/oder ideologisches Weltbild auf der ganzen Welt durchsetzen.<\/li>\n\n\n\n<li>M\u00f6glichst viele Menschen sollen von meinem Lebensziel (Atheismus, Rasse, Klasse, Religion) \u201e\u00fcberzeugt\u201c werden.<\/li>\n\n\n\n<li>Um jeden Preis: (a) Gl\u00fcck, (b) Sch\u00f6nheit, (c) Wissen, (d) Macht, (e) Ansehen, (f) Geld, (g) Sport, (h)\u2026 erlangen.<\/li>\n<\/ol>\n\n\n\n<p>C) Welches Ziel hat ein Leben?<\/p>\n\n\n\n<ol class=\"wp-block-list\">\n<li>Tod ist Eingang in den Naturkreislauf.<\/li>\n\n\n\n<li>Keine Ahnung: Irgendwie weiterleben nach dem Tod.<\/li>\n\n\n\n<li>Das war\u00b4s.<\/li>\n\n\n\n<li>Egal \u2013 Man wei\u00df sowieso nichts.<\/li>\n\n\n\n<li>Denk nicht dran.<\/li>\n\n\n\n<li>Jeder muss sterben und kommt in den Himmel \/ Paradies oder in die H\u00f6lle.<\/li>\n\n\n\n<li>Menschen werden re-inkarnieren \u2013 in andere Menschen, Tiere, Pflanzen \u2013 je nachdem sie gut oder b\u00f6se waren.<\/li>\n\n\n\n<li>Leben auf einem Stern.<\/li>\n\n\n\n<li>Leben nur in der Erinnerung von Menschen.<\/li>\n\n\n\n<li>Leben in der Herrlichkeit Gottes.<\/li>\n\n\n\n<li>Leben bei Gott.<\/li>\n\n\n\n<li>Leben bei Gott in Gemeinschaft mit anderen Menschen.<\/li>\n\n\n\n<li>Von Gott belohnt werden.<\/li>\n\n\n\n<li>Von Gleichgesinnten verehrt werden.<\/li>\n<\/ol>\n\n\n\n<p class=\"has-text-color has-link-color wp-elements-e22b2840aacf7af9b968edd5b6c97a98\" style=\"color:#eb2b2b\"><strong>Aufgabe 2:&nbsp;<\/strong>Lies A \u2013 B \u2013 C durch und \u00fcberlege: Was meinst Du?<\/p>\n\n\n\n<p class=\"has-text-color has-link-color wp-elements-49949a1480eb96115f68101e550b5979\" style=\"color:#eb2b2b\">a) Welche Aussage vertrittst Du? Mehrfachnennungen m\u00f6glich.<\/p>\n\n\n\n<p class=\"has-text-color has-link-color wp-elements-edb9562d3c8b2440ad8c392798bf5c13\" style=\"color:#eb2b2b\">b) Welche Aussagen ordnest Du (a) nicht religi\u00f6sen Menschen zu? (b) Welche Aussagen Christen? (c) Welche Aussagen Muslimen? (d) Welche Aussagen Hindus oder (e) Buddhisten? (f) Welche Aussagen sind eher allgemein? (g) Welche entsprechen Fanatikern oder Extremisten? (h) Welche Aussagen treffen auf mehrere Gruppen zu? Begr\u00fcnde!<\/p>\n\n\n\n<p>D) Aussagen von Christen und Philosophen<\/p>\n\n\n\n<p>F\u00fcr Christen und f\u00fcr andere religi\u00f6se Menschen ist die Antwort nach dem Sinn des Lebens eng mit Gott verkn\u00fcpft. Christen denken dabei an die Sch\u00f6pfungsgeschichten (Genesis 1 und 2), an die Propheten und Psalmen, an Jesus Christus, seine Worte und Taten. Wenn Gott Menschen erschaffen hat \u2013 wie auch immer man das denken mag \u2013 dann ist er der Sinngeber. Und die Sinngebung ist eng damit verkn\u00fcpft, dass Gott dem Menschen ewiges Leben schenken kann. Denn wenn das Leben allein mit dem Dasein Sinnhaftigkeit bekommen sollte, dann hat es auch mit dem Ende des Daseins auch sein Ende. Der Sinn besteht darin, den Willen Gottes zum Guten der Mitmenschen zu leben. Von daher sind Christen vielfach sozial engagiert.<\/p>\n\n\n\n<p>F\u00fcr Nichtchristen ist die Frage schon schwieriger zu entscheiden. Und so gibt es Philosophen, die man dem Existentialismus zuordnet, die zum Beispiel sagen: Das Leben hat keinen Sinn. Aber die Frage danach ist sinnvoll und zeigt, dass der Mensch sich \u00fcber die Sinnlosigkeit des Lebens hinaushebt (Albert Camus). Oder: Das Leben hat keinen Sinn \u2013 aber der Mensch ist frei, ihm einen Sinn zu geben, so im Engagement f\u00fcr andere und f\u00fcr die Welt (Jean Paul Sartre). Viele andere sehen den Sinn darin, sich sozial zu engagieren (so die Religionskritiker Feuerbach, Marx), oder sich selbst gro\u00df zu machen (Nietzsche).<\/p>\n\n\n\n<p>Nun wird zum Beispiel Christen vorgeworfen: Sie w\u00fcnschen sich so sehr, dass ihr Leben Sinn macht, dass sie sich einen Gott und das ewige Leben\/Auferstehung ausgedacht haben. Das wird in dem Abschnitt \u00fcber Sterben und Auferstehung vertieft werden. Hier sei nur die andeutende Antwort gegeben: Dieser Vorwurf ist dann richtig, wenn man nicht an Gott glaubt. Wenn man aber an Gott glaubt, dann ist der Vorwurf nicht stichhaltig. Vor allem auch darum, weil Menschen Gott erfahren k\u00f6nnen \u2013 und auch den auferstandenen Jesus Christus erfahren haben. Kurz: Hier stehen zwei grunds\u00e4tzliche Weltbilder einander gegen\u00fcber. Da wir Menschen sind, haben wir nicht die M\u00f6glichkeit, rein denkerisch zu einer Entscheidung zu kommen. Denn Denken\/Logik ist nur ein Teil des Menschen. Der Mensch ist vielf\u00e4ltiger \u2013 und das ist sch\u00f6n &#8211; vor allem sind Denken und Logik Teil des Weltbildes eines Menschen, also nicht neutral und unabh\u00e4ngig. Er ist kein Roboter, den man verstehen kann (wobei man heute auch Roboter \/ KI in ihrer entwickeltesten Form kaum mehr verstehen kann). Er ist Geheimnis \u2013 als Ebenbild Gottes ist er ein Geheimnis.<\/p>\n\n\n\n<p style=\"text-decoration:underline\">E) Zum Nachdenken<\/p>\n\n\n\n<p><strong>1.<\/strong>&nbsp;<strong>Der Sinn des Lebens<\/strong><\/p>\n\n\n\n<p>Manche sagen, man solle nicht nach dem Sinn des Lebens fragen \u2013 es hat keinen Sinn \u2013 au\u00dfer man setzt sich, wenn man es denn unbedingt will, selbst einen Sinn.<\/p>\n\n\n\n<p>Das ist zu kurz gegriffen.<\/p>\n\n\n\n<p>Aus christlicher Perspektive:<\/p>\n\n\n\n<p>Gott setzt mit Genesis 1 einen Sinn: Er beauftragt den Menschen, Gottes Willen zu tun, frei und in Verantwortung zu handeln. Jesus Christus setzt einen Sinn: Mit der Aufforderung nachzufolgen zum Wohl des Menschen: Liebe Gott und deinen N\u00e4chsten wie dich selbst. (Lieben bedeutet hier nicht, in einer Super-Emotion zu dem N\u00e4chsten hinlaufen; Liebe bedeutet dem anderen Menschen Gutes tun &#8211; ebenso Gott Gutes tun. Wie tut man Gott Gutes? Indem man auf ihn h\u00f6rt und gut mit sich selbst und Menschen umgeht.) Ob ich dem Leben Sinn gebe oder nicht \u2013 das ist irrelevant: Der Sinn ist gesetzt. Und weil er gesetzt ist, sucht der Mensch ihn. Und wenn er sein Leben nicht reflektiert, so bleibt die Suche nach dem Sinn doch Grundton seines Lebens, er sucht irgendwo, irgendwie Erf\u00fcllung \u2013 er wei\u00df nicht, wie er sie erreichen kann und somit ist sein Leben von einer rat- und rastlosen Unzufriedenheit umfasst. Worin er diese einflie\u00dfen l\u00e4sst, ist individuell bedingt.<\/p>\n\n\n\n<p>Kurz:<\/p>\n\n\n\n<ul class=\"wp-block-list\">\n<li>Freund, der Sinn Deines Lebens ist gesetzt:<\/li>\n\n\n\n<li>Freu Dich, entspann Dich, versperr Dich nicht, finde ihn.<\/li>\n<\/ul>\n\n\n\n<p class=\"has-text-color has-link-color wp-elements-4e1bb57c884dfdfe9d146c541abd1759\" style=\"color:#eb2b2b\">Aufgabe 3:&nbsp;Welche Antwort geben Christen \u2013 wie es dieser Text wiedergibt \u2013 in der Frage nach dem Sinn?<\/p>\n\n\n\n<p><strong>2. Sinn des Lebens \u2013 Lebens-Sinn<\/strong><\/p>\n\n\n\n<p>Menschen m\u00fcssen sich nicht \u00fcber den Sinn des Lebens Gedanken machen. Sie leben irgendwie vor sich hin, Tag f\u00fcr Tag, Nacht f\u00fcr Nacht. Und dann ist das Ende da.<\/p>\n\n\n\n<p>Menschen k\u00f6nnen sich Gedanken \u00fcber den Sinn des Lebens machen \u2013 und sie haben sich welche gemacht: Nachkommen zeugen \u2013 in den Nachkommen weiterleben; Kunstwerke erzeugen, technische&nbsp; Innovationen \u2013 und so der Nachwelt erhalten bleiben, ihr helfen; sozial engagiert sein, Menschen beistehen, auf diese Weise zumindest in Herzen der Menschen dankbar eingeschlossen sein. Den Nachkommen eine Welt hinterlassen, in der man gerne lebt: ohne Krieg, in der man noch frische Luft atmen und in Fl\u00fcssen schwimmen kann, ohne Hunger \u2013 eine Welt ohne religi\u00f6s-politische Unfreiheit, Ungerechtigkeit, Erniedrigung, Zwang.<\/p>\n\n\n\n<p>Und wenn das alles aufgrund der Lebensumst\u00e4nde nicht (mehr) m\u00f6glich ist? Wenn ich krank und schwach bin \u2013 oder meine H\u00e4nde gebunden sind? Ich bin da vor meinem Gott und lege ihn Menschen im Gebet in die H\u00e4nde. Und wenn selbst das nicht (mehr) m\u00f6glich ist? Der christliche Glaube findet seinen Sinn in dem Leben in Gott, in der Existenz meines Lebens&nbsp; in Gott: jetzt und in Ewigkeit.<\/p>\n\n\n\n<p>Der Psychiater <strong>Viktor Frankl<\/strong>&nbsp;erlitt und \u00fcberlebte Auschwitz.<\/p>\n\n\n\n<p><em>\u201eUnd ich bat diese armen Teufel, die mir hier in der stockfinstern Baracke aufmerksam zuh\u00f6rten, den Dingen und dem Ernst unserer Lage ins Gesicht zu sehen und trotzdem nicht zu verzagen, sondern im Bewusstsein, dass auch die Aussichtslosigkeit unseres Kampfes seinem Sinn und seiner W\u00fcrde nichts anhaben k\u00f6nne, den Mut zu bewahren. Auf jeden von uns sehe in diesen schweren Stunden und erst recht in der f\u00fcr viele von uns nahenden letzten Stunde irgendjemand mit forderndem Blick herab, ein Freund oder eine Frau, ein Lebender oder ein Toter \u2013 oder ein Gott. Und er erwarte von uns, dass wir ihn nicht entt\u00e4uschen und dass wir nicht armselig, sondern stolz zu leiden und zu sterben verstehen!\u201c<\/em><\/p>\n\n\n\n<p>Mit diesen Worten versuchte er, Menschen davor zu bewahren, sich von der vermeintlichen Sinnlosigkeit dieser aktuellen Lebenszeit erniedrigen zu lassen, von der Sinnlosigkeit erdr\u00fccken zu lassen. Sicher, das ist nicht mein Gottes-Weg, wie oben gezeigt. Aber ein Weg, den Menschen auch ohne Gott die W\u00fcrde zu schenken.<\/p>\n\n\n\n<p>Der Schriftsteller <strong>Franz Werfel<\/strong>&nbsp;sah, dass die Kinder des Nihilismus ohne den Sinn nicht leben konnten und ihn in der Gemeinschaft des national-sozialistischen und sozialistischen-kommunistischen Kollektivs suchten. Auf diese Weise wollten sie die Welt verbessern. Die Suche nach Lebenssinn sch\u00fctzt nicht vor unmenschlichem Tun.<\/p>\n\n\n\n<p class=\"has-text-color has-link-color wp-elements-336866d40174884453fc1d24b8ea6fce\" style=\"color:#eb2b2b\"><strong>Aufgaben 4:<\/strong><\/p>\n\n\n\n<p class=\"has-text-color has-link-color wp-elements-7a46cde418bac82e23036ee2c2200887\" style=\"color:#eb2b2b\">(a) Wie geht Frankl mit der Frage nach dem Sinn in der \u201eSinnlosigkeit\u201c um?<\/p>\n\n\n\n<p class=\"has-text-color has-link-color wp-elements-48e393c389445318640eafbccb73f3d2\" style=\"color:#eb2b2b\">(b) Was meint Werfel: Wie kann der Mensch mit dem nihilistischen Ansatz (Es gibt keinen Sinn, alles ist vergeblich) leben? Interpretiere!<\/p>\n\n\n\n<p class=\"has-text-align-center\"><strong>Meaning of Life \/ Purpose of Life<\/strong><\/p>\n\n\n\n<p>Im Titel wurde neben der Formulierung &#8222;Sinn des Lebens&#8220; eine englische Formulierung gestellt: &#8222;Purpose of Life&#8220;. <\/p>\n\n\n\n<p>Was wir normalerweise unter &#8222;Sinn des Lebens&#8220; verstehen, wird englisch als &#8222;Meaning of life&#8220; formuliert. In der Frage nach dem &#8222;Sinn des Lebens&#8220; geht es um das Gro\u00dfe Ganze: Woher komme ich, was ist der Sinn der Natur\/Sch\u00f6pfung, der Menschheit, worum geht es im Leben allgemein &#8211; kurz: was kann ich erkennen? <\/p>\n\n\n\n<p>Mit &#8222;Purpose of Life&#8220; fragt der Mensch sich nach seinem individuellen Leben: Was ist meine Lebensaufgabe? Welche Bedeutung habe ich? <\/p>\n\n\n\n<p>In der Frage nach dem &#8222;Meaning of Life&#8220; geht es um Tiefe, um Philosophie, um Religion. In der Frage nach &#8222;Purpose of Life&#8220; geht es um mein ganz besonderes Leben, meine F\u00e4higkeit, meine Ziele, meine Lebensentscheidungen. Es geht dann sogar um die Frage: Warum tue ich das, was ich gerade tue? Wof\u00fcr lohnt es sich f\u00fcr mich zu leben?<\/p>\n\n\n\n<p class=\"has-text-color has-link-color wp-elements-93aeeb3c5edeaaf2ae8be2c9bf06eb04\" style=\"color:#eb2b2b\">Aufgabe 5<\/p>\n\n\n\n<p class=\"has-text-color has-link-color wp-elements-8c3d75f1f86aef6bce3dbeef1a1938a1\" style=\"color:#eb2b2b\">(a) Jetzt lies Dir die Abschnitte A-E noch einmal durch. Welche Punkte betreffen &#8222;Meaning of life&#8220;, welche betreffen &#8222;Purpose of life&#8220;?<\/p>\n\n\n\n<p class=\"has-text-color has-link-color wp-elements-5a273e61c07318025cc98e4e7073812f\" style=\"color:#eb2b2b\">(b) Lassen sich \u00dcberlegungen zu &#8222;Meaning of life&#8220; und &#8222;Purpose of life&#8220; gut trennen? Gibt es Verbindungslinien? Ist das eine ohne das andere &#8222;zu haben&#8220;?<\/p>\n","protected":false},"excerpt":{"rendered":"<p>Sinn des Lebens \/ Purpose of Life Die Frage nach dem Sinn des Lebens wird von Menschen unterschiedlich beantwortet. Aufgabe 1:&nbsp;\u00dcberlege, warum dem so sein kann\/ist. A) Allein schon die Frage: Warum lebe ich? \u2013 findet unterschiedliche Antworten: B) Hier werden ein paar Beispiele daf\u00fcr genannt, was Menschen als Sinn [&hellip;]<\/p>\n","protected":false},"author":1,"featured_media":0,"parent":0,"menu_order":0,"comment_status":"closed","ping_status":"closed","template":"","meta":{"footnotes":""},"class_list":["post-2900","page","type-page","status-publish","hentry"],"_links":{"self":[{"href":"https:\/\/evangelische-religion.de\/ReligionNeu\/wp-json\/wp\/v2\/pages\/2900","targetHints":{"allow":["GET"]}}],"collection":[{"href":"https:\/\/evangelische-religion.de\/ReligionNeu\/wp-json\/wp\/v2\/pages"}],"about":[{"href":"https:\/\/evangelische-religion.de\/ReligionNeu\/wp-json\/wp\/v2\/types\/page"}],"author":[{"embeddable":true,"href":"https:\/\/evangelische-religion.de\/ReligionNeu\/wp-json\/wp\/v2\/users\/1"}],"replies":[{"embeddable":true,"href":"https:\/\/evangelische-religion.de\/ReligionNeu\/wp-json\/wp\/v2\/comments?post=2900"}],"version-history":[{"count":2,"href":"https:\/\/evangelische-religion.de\/ReligionNeu\/wp-json\/wp\/v2\/pages\/2900\/revisions"}],"predecessor-version":[{"id":2904,"href":"https:\/\/evangelische-religion.de\/ReligionNeu\/wp-json\/wp\/v2\/pages\/2900\/revisions\/2904"}],"wp:attachment":[{"href":"https:\/\/evangelische-religion.de\/ReligionNeu\/wp-json\/wp\/v2\/media?parent=2900"}],"curies":[{"name":"wp","href":"https:\/\/api.w.org\/{rel}","templated":true}]}}