{"id":289,"date":"2019-06-30T10:25:54","date_gmt":"2019-06-30T08:25:54","guid":{"rendered":"https:\/\/evangelische-religion.de\/ReligionNeu\/?page_id=289"},"modified":"2019-08-17T11:18:30","modified_gmt":"2019-08-17T09:18:30","slug":"zusammenfassung-stichpunkte","status":"publish","type":"page","link":"https:\/\/evangelische-religion.de\/ReligionNeu\/mensch\/zusammenfassung-stichpunkte\/","title":{"rendered":"Zusammenfassung &#8211; Stichpunkte"},"content":{"rendered":"\n<p style=\"text-align:center\" class=\"has-medium-font-size\">ZUSAMMENFASSENDE STICHPUNKTE<\/p>\n\n\n\n<p>Um die folgenden Hinweise verstehen zu k\u00f6nnen, siehe die angegebenen Links.<\/p>\n\n\n\n<p style=\"color:#00a315;text-align:center\" class=\"has-text-color\"><strong>1. Wir haben im Alten Testament zwei Sch\u00f6pfungsgeschichten<\/strong><\/p>\n\n\n\n<p>Dazu s. <a href=\"https:\/\/evangelische-religion.de\/ReligionNeu\/mensch\/schoepfungsgeschichten\/\">https:\/\/evangelische-religion.de\/ReligionNeu\/mensch\/schoepfungsgeschichten\/<\/a><\/p>\n\n\n\n<p style=\"text-align:center\"><strong>Genesis 1:<\/strong><\/p>\n\n\n\n<p>Gott schuf alles \u2013 zuletzt am 6. Tag den Menschen. Und am 7. Tag (Sabbat) ruhte er.<\/p>\n\n\n\n<p>Sch\u00f6pfungslied \u2013 Refrain:<\/p>\n\n\n\n<p>\u2013 Gott sah, dass es gut war.<\/p>\n\n\n\n<p>\u2013 Da ward aus Abend und Morgen der\u2026 Tag.<\/p>\n\n\n\n<p>Sieben Tage Wochenz\u00e4hlung: Es geht dem Text darum, den Sabbat als Ruhetag zu begr\u00fcnden: Gott ruhte am 7. Tag \u2013 also ruht auch der Mensch am Sabbat.<\/p>\n\n\n\n<p style=\"text-align:center\"><strong>Genesis 2:<\/strong><\/p>\n\n\n\n<p>Das Ziel dieses Textes besteht darin zu sagen:<\/p>\n\n\n\n<ul class=\"wp-block-list\"><li>Wie der Mensch erschaffen wurde,<\/li><li>wie er Leben bekam,<\/li><li>warum Mann und Frau so eng zusammengeh\u00f6ren<\/li><li>dass der Mensch als freies Wesen erschaffen wurde.<\/li><\/ul>\n\n\n\n<p>Mit beiden Texten handelt es sich um jeweils einen Mythos. Mythos bedeutet: Menschen beobachten etwas, versuchen es zu erkl\u00e4ren und kleiden es in eine Geschichte. Hier: Menschen beobachten Natur (Himmel\/Erde, Tiere, Pflanzen, Menschen) und versuchen zu erkl\u00e4ren, warum es das alles gibt: Gott wollte es so \u2013 und er fand alles gut.<\/p>\n\n\n\n<p>Aufgabe: In einer Suchmaschine bitte nach Sch\u00f6pfungsgeschichten suchen \u2013 es gibt viele, die in den V\u00f6lkern entstanden sind. (Im Koran gibt es viele Hinweise darauf, dass Allah die Welt erschaffen hat. Eine ausf\u00fchrliche Sch\u00f6pfungsgeschichte gibt es jedoch nicht.)<\/p>\n\n\n\n<p style=\"text-align:center\" class=\"has-text-color has-accent-color\"><strong>2. Sch\u00f6pfungsgeschichte und Naturwissenschaft<\/strong><\/p>\n\n\n\n<p>Dazu s.: <a href=\"https:\/\/evangelische-religion.de\/ReligionNeu\/mensch\/glaube-und-naturwissenschaft-1\">https:\/\/evangelische-religion.de\/ReligionNeu\/mensch\/glaube-und-naturwissenschaft-1<\/a>\/ und <a href=\"https:\/\/evangelische-religion.de\/ReligionNeu\/mensch\/glaube-und-naturwissenschaft\/\">https:\/\/evangelische-religion.de\/ReligionNeu\/mensch\/glaube-und-naturwissenschaft\/<\/a><\/p>\n\n\n\n<p>Wissenschaft des Alten Orients nennt man: Weisheit.<\/p>\n\n\n\n<p>In der Weisheit werden \u201eGott \u2013 Mensch \u2013 Natur\u201c zusammengef\u00fchrt (also Theologie [Lehre \u00fcber Gott], Soziologie [Lehre \u00fcber das Zusammenleben der Menschen] und Naturwissenschaften) \u2013 wie wir in den Sch\u00f6pfungsgeschichten sehen.<\/p>\n\n\n\n<p>In der Sch\u00f6pfungsgeschichte als Teil der Weisheit wird: beobachtet, benannt, interpretiert, eingeordnet.<\/p>\n\n\n\n<p>Moderne Naturwissenschaft klammert Gott aus und bietet innerweltliche Erkl\u00e4rungsversuche (man nennt das \u201emethodischer Atheismus\u201c). Wissenschaft arbeitet: methodisch, \u00fcberpr\u00fcfbar (durch Experimente, Mathematik, Messger\u00e4te\u2026). Ergebnisse werden nicht in Form von Geschichten sondern in wissenschaftlichen Abhandlungen usw. dargelegt. <\/p>\n\n\n\n<p>Geisteswissenschaften:<\/p>\n\n\n\n<p>Naturwissenschaft ist nicht die einzige Wissenschaft. Geisteswissenschaften haben eigene Methoden entwickelt, um m\u00f6glichst begr\u00fcndete Erkl\u00e4rungen bieten zu k\u00f6nnen.<\/p>\n\n\n\n<p style=\"color:#91a300;text-align:center\" class=\"has-text-color\"><strong>3. Wahrnehmung<\/strong><\/p>\n\n\n\n<p>Dazu s. <a href=\"https:\/\/evangelische-religion.de\/ReligionNeu\/mensch\/beweis-wirklichkeit\/\">https:\/\/evangelische-religion.de\/ReligionNeu\/mensch\/beweis-wirklichkeit\/<\/a> und <a href=\"https:\/\/evangelische-religion.de\/ReligionNeu\/mensch\/anthropologie-philosophie-biologie-theologie\/\">https:\/\/evangelische-religion.de\/ReligionNeu\/mensch\/anthropologie-philosophie-biologie-theologie\/<\/a><\/p>\n\n\n\n<ul class=\"wp-block-list\"><li>Mein Auge kann\u2026<\/li><li>Meine Nase kann\u2026<\/li><li>Mein Mund kann\u2026<\/li><li>Mein Verstand kann\u2026<\/li><li>Oh, sie k\u00f6nnen nicht\u2026<\/li><\/ul>\n\n\n\n<p>Menschen nehmen Wirklichkeit unterschiedlich wahr und interpretieren das, was sie wahrnehmen, unterschiedlich.<\/p>\n\n\n\n<ul class=\"wp-block-list\"><li>Manches sieht man selbst nicht.<\/li><li>Andere sehen das, was man selbst nicht sieht.<\/li><li>Manchmal sieht man nur einen Teil.<\/li><li>Manchmal nimmt man erst dann etwas wahr, wenn andere das erkl\u00e4ren.<\/li><li>Manchmal sieht man selbst alles, aber andere sehen es nicht.<\/li><li>Manchmal sieht man etwas \u2013 versteht es aber nicht.<\/li><\/ul>\n\n\n\n<p>Menschen entwickelten Erkenntnistheorien:<\/p>\n\n\n\n<p>Wie kommt es eigentlich dazu, dass der Mensch verstehen kann?<\/p>\n\n\n\n<p>Warum verstehen wir nicht alles gleicherma\u00dfen?<\/p>\n\n\n\n<p>Das Verstehen des Menschen hat sich evolution\u00e4r entwickelt. Von daher kann er nie die Gesamtwirklichkeit erfassen.<\/p>\n\n\n\n<p>Entsprechend entwickeln sich Weltbilder.<\/p>\n\n\n\n<p>Unterscheidung von Wirklichkeit und Realit\u00e4t. Realit\u00e4t ist das, was messbar ist usw. Wirklichkeit ist umfassender = Bewusstsein, Soziales (das Miteinander der Menschen), Emotionales (Gef\u00fchl), Spirituelles (Glaube) stehen mit der Realit\u00e4t in Wechselwirkung.<\/p>\n\n\n\n<ul class=\"wp-block-list\"><li>Wie entstand ein Berg?<\/li><li>Wie kann eine Pflanze wachsen, bl\u00fchen, duften?<\/li><li>Was ist Luft?<\/li><li>Wer bin ich, der Mensch, der das alles sieht, sp\u00fcrt, riecht?<\/li><\/ul>\n\n\n\n<p style=\"color:#7e00a3;text-align:center\" class=\"has-text-color\"><strong>4. Was kann Sprache leisten?<\/strong><\/p>\n\n\n\n<p>Dazu s. <a href=\"https:\/\/evangelische-religion.de\/ReligionNeu\/gott\/\">https:\/\/evangelische-religion.de\/ReligionNeu\/gott\/<\/a><\/p>\n\n\n\n<p>Sprache ist begrenzt. Man kann nicht alles ausdr\u00fccken, was man f\u00fchlt. Man kann auch nicht alles verstehen, was man h\u00f6rt.<\/p>\n\n\n\n<ul class=\"wp-block-list\"><li>Eine Rose<\/li><li>Ist eine Rose!<\/li><li>Ist eine Rose.<\/li><li>Ist eine Rose?<\/li><\/ul>\n\n\n\n<p style=\"color:#a30003;text-align:center\" class=\"has-text-color\"><strong>5. Was hat das alles mit Religion zu tun?<\/strong><\/p>\n\n\n\n<p>Aus der Sicht glaubender Menschen hat alles mit Religion zu tun, weil:<\/p>\n\n\n\n<ul class=\"wp-block-list\"><li>Gott der Sch\u00f6pfer ist: Natur<\/li><li>Gott der Erhalter ist: Lebensregeln (Moral), Kraft schenkt, Trost\u2026<\/li><li>Gott ist der Vollender: er gibt dem Leben Ziel und Sinn.<\/li><li>Auch religi\u00f6se Sprache ist begrenzt.<\/li><\/ul>\n\n\n\n<p>Der Mensch ist das einzige Wesen \u2013 soweit wir wissen -,&nbsp; das \u00fcber alles nachdenken kann: Natur, Zusammenleben der Menschen, \u00fcber uns selbst und \u00fcber Gott. Gott \u2013 das Transzendente \u2013 spielt seit Menschengedenken f\u00fcr den Menschen eine gro\u00dfe Rolle.<\/p>\n\n\n\n<p>Viele Naturwissenschaftler waren und sind Christen. Sie wollten und wollen herausfinden, wie Gott das alles so klasse eingerichtet hat, so mathematisch genau\u2026 \u2013 Wissenschaft ist eine Art gewesen, Gott zu loben. Aristoteles, der vorchristliche griechische Philosoph sagte: Staunen ist der Anfang der Wissenschaft. Der Physiker Heisenberg sagte: \u201eDer erste Trunk aus dem Becher der Naturwissenschaft macht atheistisch, aber auf dem Grund des Bechers wartet Gott.\u201c<\/p>\n\n\n\n<p>Ob Wissenschaftler oder Nicht-Wissenschaftler \u2013 es gilt:<\/p>\n\n\n\n<ul class=\"wp-block-list\"><li>Wer ist Gott?<\/li><li>Der:<\/li><li>Ich bin.<\/li><li>Der:<\/li><li>Ich wirke.<\/li><li>Der:<\/li><li>Ich bin bei dir.<\/li><\/ul>\n","protected":false},"excerpt":{"rendered":"<p>ZUSAMMENFASSENDE STICHPUNKTE Um die folgenden Hinweise verstehen zu k\u00f6nnen, siehe die angegebenen Links. 1. Wir haben im Alten Testament zwei Sch\u00f6pfungsgeschichten Dazu s. https:\/\/evangelische-religion.de\/ReligionNeu\/mensch\/schoepfungsgeschichten\/ Genesis 1: Gott schuf alles \u2013 zuletzt am 6. Tag den Menschen. Und am 7. Tag (Sabbat) ruhte er. Sch\u00f6pfungslied \u2013 Refrain: \u2013 Gott sah, dass [&hellip;]<\/p>\n","protected":false},"author":1,"featured_media":0,"parent":41,"menu_order":0,"comment_status":"closed","ping_status":"closed","template":"","meta":{"footnotes":""},"class_list":["post-289","page","type-page","status-publish","hentry"],"_links":{"self":[{"href":"https:\/\/evangelische-religion.de\/ReligionNeu\/wp-json\/wp\/v2\/pages\/289","targetHints":{"allow":["GET"]}}],"collection":[{"href":"https:\/\/evangelische-religion.de\/ReligionNeu\/wp-json\/wp\/v2\/pages"}],"about":[{"href":"https:\/\/evangelische-religion.de\/ReligionNeu\/wp-json\/wp\/v2\/types\/page"}],"author":[{"embeddable":true,"href":"https:\/\/evangelische-religion.de\/ReligionNeu\/wp-json\/wp\/v2\/users\/1"}],"replies":[{"embeddable":true,"href":"https:\/\/evangelische-religion.de\/ReligionNeu\/wp-json\/wp\/v2\/comments?post=289"}],"version-history":[{"count":3,"href":"https:\/\/evangelische-religion.de\/ReligionNeu\/wp-json\/wp\/v2\/pages\/289\/revisions"}],"predecessor-version":[{"id":1597,"href":"https:\/\/evangelische-religion.de\/ReligionNeu\/wp-json\/wp\/v2\/pages\/289\/revisions\/1597"}],"up":[{"embeddable":true,"href":"https:\/\/evangelische-religion.de\/ReligionNeu\/wp-json\/wp\/v2\/pages\/41"}],"wp:attachment":[{"href":"https:\/\/evangelische-religion.de\/ReligionNeu\/wp-json\/wp\/v2\/media?parent=289"}],"curies":[{"name":"wp","href":"https:\/\/api.w.org\/{rel}","templated":true}]}}