{"id":2881,"date":"2026-04-13T10:44:54","date_gmt":"2026-04-13T08:44:54","guid":{"rendered":"https:\/\/evangelische-religion.de\/ReligionNeu\/?page_id=2881"},"modified":"2026-04-13T10:45:39","modified_gmt":"2026-04-13T08:45:39","slug":"schoepfungsgeschichte-altest-testament-und-wissenschaft","status":"publish","type":"page","link":"https:\/\/evangelische-religion.de\/ReligionNeu\/schoepfungsgeschichte-altest-testament-und-wissenschaft\/","title":{"rendered":"Sch\u00f6pfungsgeschichte: Altes Testament und Wissenschaft"},"content":{"rendered":"\n<p>Wir haben im Alten Testament zwei Sch\u00f6pfungsgeschichten. Die eine Sch\u00f6pfungsgeschichte finden wir \u2013 grob gesagt \u2013 im 1. Buch Mose 1 (Genesis 1) und die zweite im 1. Buch Mose 2 (Genesis 2).<\/p>\n\n\n\n<p class=\"has-text-color has-link-color wp-elements-b9170a78368e466c128e307d472fe195\" style=\"color:#ee193e\">Aufgabe 1: Lies die Sch\u00f6pfungsgeschichten von Genesis 1 und 2. Du findest sie, wenn Du in der Suchmaschine Genesis 1 eingibst unter &#8222;Bibleserver&#8220;. Oder nimm die Bibel. Wenn Du eine BibelApp auf Deinem Handy hast, kannst Du auch dort den Text lesen.<\/p>\n\n\n\n<p>Die erste Sch\u00f6pfungsgeschichte legt den Schwerpunkt auf eine Tagesz\u00e4hlung \u2013 es gibt zudem S\u00e4tze, die immer wieder wiederholt werden: Gott schuf den Himmel und Erde an sieben Tagen. Und dann hei\u00dft es h\u00e4ufig: \u2026.<\/p>\n\n\n\n<p class=\"has-text-color has-link-color wp-elements-f28825a3433558d9944a900b61de4d61\" style=\"color:#ee193e\">Aufgabe 2: Erg\u00e4nze den Satz, denn das ist Dir bestimmt auch aufgefallen, dass sich W\u00f6rter wiederholen.<\/p>\n\n\n\n<p class=\"has-text-color has-link-color wp-elements-e5eebb4253840acbcb84126de6a93dc4\" style=\"color:#ee193e\">Aufgabe 3:<br>a) Lies die S\u00e4tze, die sich immer wieder wiederholen laut \u2013 welchen Eindruck hinterlassen sie?<br>b) Stell Dir vor: Dieser Text ist in einer Zeit entstanden, als es dem Volk Israel ganz schlecht ging. Welche Wirkung hatten diese Wiederholungen auf ver\u00e4ngstigte und gedem\u00fctigte Menschen?<\/p>\n\n\n\n<p>Die Wiederholungen sind im Grunde ein Refrain \u2013 also haben \u00c4hnlichkeit mit einem Text, der in Liedern wiederholt wird. Von daher spricht man von einem\u00a0<em>Lehrgedicht<\/em>\u00a0<em>\/ Lehrlied<\/em>. Weil das Lehrgedicht das Thema Sch\u00f6pfung hat und erkl\u00e4rt, wie alles entstanden ist, wird er auch der Textform, Textgattung, Textart: Mythos zugeordnet.<\/p>\n\n\n\n<p>Was ist ein Mythos?<\/p>\n\n\n\n<p class=\"has-text-color has-link-color wp-elements-f0bc15fc3d22ed6ae5fcc94d6f92933b\" style=\"color:#ee193e\">Aufgabe 4: Bitte merken!:<\/p>\n\n\n\n<p><em>Ein\u00a0<strong>Mythos<\/strong>\u00a0schl\u00e4gt sich in Texten nieder: Er gibt keinen logisch nachvollziehbaren Bericht, sondern er erz\u00e4hlt eine Geschichte. Ein Sch\u00f6pfungsmythos versucht nicht das Geschehen (im gegenw\u00e4rtigen Sinn) wissenschaftlich zu erkl\u00e4ren, sondern\u00a0 mit ihm versucht der Mensch, sich selbst in der Welt zu verorten: Warum ist alles, was wir sehen? Wie stehe ich in dieser Welt? Warum? Was f\u00fcr Aufgaben habe ich? Weil G\u00f6tter, ein Gott\u00a0 alles erschaffen hat \u2013 und das ging so\u2026 Aber auch Genesis 1 und 2 greifen vermutliche &#8222;wissenschaftliche&#8220; Errungenschaften der damaligen Zeit auf, denn es wird beschrieben. Das beschreiben, was man sieht, das Gesehene einteilen (Pflanzen, Tiere, Zeiten, Universen) und interpretieren, ist die Grundlage der Wissenschaft.<\/em><\/p>\n\n\n\n<p>Die Wissenschaft der Zeit, in der der Text entstanden ist, nennt man \u201e<em>Weisheit<\/em>&#8222;. In der Weisheit sieht man alles zusammen: Gott\/G\u00f6tter, Menschen, Natur. Unsere Wissenschaft trennt heute alle Bereiche: Gott = Theologie \/ Religionswissenschaft; Mensch = Anthropologie. Und dann werden unterschiedliche Themen, die den Menschen betreffen wieder unterschieden: Psychologie (es geht im die Psyche des Menschen), Soziologie (es geht um das Zusammenleben der Menschen) usw. Natur wird unterteilt in zum Beispiel: Biologie, Astronomie und all diese Bereiche werden wieder in andere unterteilt. Aber in der damaligen Zeit sah man, wie gesagt, alles zusammen.<\/p>\n\n\n\n<p>Wenn Du also die S\u00e4tze, die sich wiederholen, ganz bewusst gelesen hast, dann merkst Du, das Lied ist nicht nur ein\u00a0<em>Mythos<\/em>, es ist nicht nur ein\u00a0<em>Lehrlied<\/em>, es ist auch ein\u00a0<em>Trostlied<\/em>: Ihr k\u00f6nnt in der Welt nichts Gutes erkennen \u2013 nur Krieg, Sklaverei, Angst. Aber: Gott hat die Welt geschaffen \u2013 und sie ist im Grunde gut. Und Gott gab den Menschen den Auftrag, seine Sch\u00f6pfung zu gestalten. Wie es dann dazu kam, dass sie gut ist \u2013 aber dass Menschen dennoch so viel leiden m\u00fcssen, wird dann in dem zweiten Text von Genesis 2f. gekl\u00e4rt: Menschen werden schuldig. Sie tun nicht Gottes Willen. Weil dem so ist, gibt es viel Leid.<\/p>\n\n\n\n<p>*<\/p>\n\n\n\n<p class=\"has-text-color has-link-color wp-elements-5eed6365a96d72196b4603e46a2e775e\" style=\"color:#ee193e\">Aufgabe 5: Hast Du schon einmal \u00fcberlegt, warum die Sch\u00f6pfungsgeschichte schreibt, dass die Welt in sieben Tagen erschaffen wurde? Was findest Du in der Sch\u00f6pfungsgeschichte am letzten Tag? (Antwort siehe unten.)<\/p>\n\n\n\n<p>*<\/p>\n\n\n\n<p>Schauen wir mal, was die heutige Naturwissenschaft (2023) herausgefunden hat. Nat\u00fcrlich handelt es sich mit den Jahresangaben um \u201ezirka\/ca.\u201c-Angaben. Ich stelle die Sch\u00f6pfungstage und das, was Naturwissenschaften herausgearbeitet haben, nebeneinander.<\/p>\n\n\n\n<figure class=\"wp-block-table\"><table class=\"has-fixed-layout\"><tbody><tr><td>1. Tag<\/td><td>Finsternis<br>Licht \/ Dunkelheit<\/td><td>ca. 14 Mrd. Jahre<\/td><td>\u201eUrknall\u201c (1) \u2013<br>Millionen Jahre Finsternis, dann langsam: Licht \/ Energie<\/td><\/tr><tr><td>2.<\/td><td>Himmel \/ Erde (= Entstehung von Materie und Raum)<\/td><td>14<br>5<\/td><td>Galaxien entstanden;<br><br>Sonne = Stern aus Gaswolke und unser Planetensystem entstanden \/ Erde<\/td><\/tr><tr><td>3.<\/td><td>Erde \/ Meer<\/td><td>4<\/td><td>Erdkruste \/ viel Wasser zog sich in Erdkern zur\u00fcck?\/ Kontinente<\/td><\/tr><tr><td><\/td><td>Pflanzen<\/td><td>3,5-2,7(?)<\/td><td>Cyanobakterien, Photosynthese, Zellkerne, Zellteilung, Molek\u00fcle, Einzeller<\/td><\/tr><tr><td>4.<\/td><td>Sonne, Mond, Sterne (= Entstehung von Zeit)<\/td><td><\/td><td><\/td><\/tr><tr><td>5.<\/td><td>Wassertiere, V\u00f6gel (V\u00f6gel schwimmen durch Luft wie die Fische durch das Wasser?)<\/td><td>540 Mio Jahre<\/td><td>Wasserschnecken, Quallen, Korallen, Algen<\/td><\/tr><tr><td>6.<\/td><td>Landtiere<\/td><td>400 Millionen<\/td><td>Fische\u2026; Pflanzen kamen an Land, ebenso Tiere: Skorpione, Insekten, Amphibien\u2026<\/td><\/tr><tr><td><\/td><td><\/td><td>200 Millionen<\/td><td>Dinos, S\u00e4ugetiere, V\u00f6gel<\/td><\/tr><tr><td><\/td><td>Menschen als Ebenbild Gottes<\/td><td>7-4 Mio.<br><br>200.000<\/td><td>Menschen Vorfahren;<br>Homo sapiens sapiens<\/td><\/tr><tr><td>7.<\/td><td>Gott ruhte (Kultur)<\/td><td>100.000-1.000<\/td><td>Massive kulturelle Entwicklung<\/td><\/tr><\/tbody><\/table><\/figure>\n\n\n\n<p>(1) Das Wort \u201eUrknall\u201c war ein Spottwort. Damit wollte man den Wissenschaftler, der das zuerst entdeckt hatte, ein katholischer Priester und Astrophysiker (Georges Lama\u00eetre), verspotten. Inzwischen ist aber gesichert, dass es einen Anfang gab. Vorher dachte man wissenschaftlich, mit den alten Griechen (Aristoteles), dass alles schon immer so war. Dieser Gedanke, dass immer alles schon so war, wird wissenschaftlich wieder neu thematisiert.<\/p>\n\n\n\n<p class=\"has-text-color has-link-color wp-elements-567b3093a284bbe78659dd28691e11cb\" style=\"color:#ee193e\">Aufgabe 6: Was f\u00e4llt Dir an der Tabelle auf? Schreibe es mit wenigen S\u00e4tzen auf.<\/p>\n\n\n\n<p>Bislang ungel\u00f6ste Fragen \u2013 viel Spa\u00df beim Kopfzerbrechen! \u2013 Es gibt Theorien \u2013 aber letztlich sind die Fragen ungel\u00f6st:<\/p>\n\n\n\n<ol class=\"wp-block-list\">\n<li>Was ist Nichts? Was war, bevor etwas war und was ist au\u00dferhalb des expandierenden Universums?<\/li>\n\n\n\n<li>Wie ist Materie entstanden?<\/li>\n\n\n\n<li>Warum ist alles mathematisch \u201eangelegt\u201c?<\/li>\n\n\n\n<li>Wie kommt es, dass Ordnung aus Chaos entsteht und nicht, wie wir es kennen, Chaos aus Ordnung? Oder ist Ordnung nur ein Abschnitt des Chaos?<\/li>\n\n\n\n<li>Wie k\u00f6nnen Sterne und Planeten entstehen?<\/li>\n\n\n\n<li>Woher kommt das ganze Wasser auf der Erde?<\/li>\n\n\n\n<li>Es musste ein Unmenge an Bedingungen gegeben sein, damit Leben auf der Erde entstehen konnte (Mond, Jupiter, Abstand von der Sonne, Neigung der Erde, Erd-Atmosph\u00e4re)<\/li>\n\n\n\n<li>Wie entstand geschlechtliche Vermehrung, bzw. wie Spezies (Mutationen)?<\/li>\n\n\n\n<li>Wie kann aus Materie Geist entstehen \u2013 wie kann Materie denken, lieben?<\/li>\n\n\n\n<li>Warum ist der Mensch k\u00fcnstlerisch t\u00e4tig? Kunst kann man nicht essen.<\/li>\n<\/ol>\n\n\n\n<p class=\"has-text-color has-link-color wp-elements-11ff1614ab008626ea65189b11e9b549\" style=\"color:#ee193e\">Aufgabe 7: Dir fallen sicher weitere Kopfzerbrecher ein? Schreibe sie auf.<\/p>\n\n\n\n<p class=\"has-text-align-center\"><strong>Grundfragen mit Blick auf den Glauben:<\/strong><\/p>\n\n\n\n<p><strong>Ist die Welt Zufall?<\/strong>&nbsp;Ist sie absichtlich so sch\u00f6n gemacht worden? Ist es Zufall, dass es inzwischen ein Lebewesen gibt, dass alles bewusst ansehen und dar\u00fcber nachdenken kann \u2013 also der Mensch? (Ob es weitere denkende Lebewesen auf anderen Planeten gibt, ist denkbar \u2013 aber wir wissen es nicht.) Wenn sie nicht Zufall ist \u2013 wer steckt dahinter? Religionen sagen: Gott.<\/p>\n\n\n\n<p>Die Frage, die dann immer gestellt wird: Und&nbsp;<strong>wer hat Gott gemacht<\/strong>? Diese er\u00fcbrigt sich, denn \u201eGott\u201c ist ein Wort, das beinhaltet: er war ewig und wird ewig sein. Das k\u00f6nnen wir uns auch nicht vorstellen. Wenn die Welt ewig w\u00e4re \u2013 dann w\u00e4re sie im Grunde ein willenloser Gott.<\/p>\n\n\n\n<p>Kommen wir zu unserem Sch\u00f6pfungstext aus Genesis 1 zur\u00fcck: Diejenigen, die das gedichtet haben, sie gehen davon aus, dass die Welt kein Zufall ist.<\/p>\n\n\n\n<p>Und wenn das Leben auf der Erde manchmal auch sehr grausam erscheint: Gott wird es wieder gut machen \u2013 denn die Grundmelodie der Sch\u00f6pfung ist: <em>Und Gott sah, dass es gut war.<\/em><\/p>\n\n\n\n<p>*<\/p>\n\n\n\n<p>Zur Entspannung kommt nun ein Lied, der\u00a0<strong>Psalm 8<\/strong>\u00a0\u2013 in unserer Zeit interpretiert \u2013 und aus christlicher Perspektive weiter gef\u00fchrt (Lies aber vorher den Psalm und mache Dir selbst dar\u00fcber Gedanken): <a href=\"https:\/\/www.youtube.com\/watch?v=vIC7ZVt4OKg\">https:\/\/www.youtube.com\/watch?v=vIC7ZVt4OKg<\/a><\/p>\n\n\n\n<figure class=\"wp-block-embed is-type-video is-provider-youtube wp-block-embed-youtube wp-embed-aspect-16-9 wp-has-aspect-ratio\"><div class=\"wp-block-embed__wrapper\">\n<iframe loading=\"lazy\" title=\"In All The Earth (Psalm 8)\" width=\"750\" height=\"422\" src=\"https:\/\/www.youtube.com\/embed\/vIC7ZVt4OKg?feature=oembed\" frameborder=\"0\" allow=\"accelerometer; autoplay; clipboard-write; encrypted-media; gyroscope; picture-in-picture; web-share\" referrerpolicy=\"strict-origin-when-cross-origin\" allowfullscreen><\/iframe>\n<\/div><\/figure>\n\n\n\n<p class=\"has-text-color has-link-color wp-elements-cafcdf51012b428dab94c3c7d242ab08\" style=\"color:#ee193e\">Aufgabe 8:<br>a) Wor\u00fcber freut sich der Psalms\u00e4nger?<br>b) Wor\u00fcber freut sich der Sprecher in dem Youtube-Clip dar\u00fcber hinaus?<\/p>\n\n\n\n<h3 class=\"wp-block-heading\">Naturwissenschaft und Glaube<\/h3>\n\n\n\n<p>Durch die Bibel wussten Menschen unserer Kultur, dass die Natur nicht aus G\u00f6ttern und Geistern besteht. Sie ist von Gott berechenbar gemacht worden. Durch diesen Glauben \u2013 der sich mit philosophisch-griechischer Tradition vermischte \u2013 konnten Naturwissenschaften entstehen. In der Naturwissenschaft versuchen Menschen, die sch\u00f6ne Welt Gottes nachzuvollziehen. Die Naturwissenschaftler unseres Kulturkreises waren Christen. Sie erkannten die Gesetzm\u00e4\u00dfigkeiten in der Natur, die mathematischen Genauigkeiten \u2013 sie wollten dem auf die Spur kommen: Wie hat der Sch\u00f6pfer das alles gemacht? Und so sprach man von&nbsp;<strong>zwei B\u00fcchern Gottes<\/strong>, die man lesen muss:&nbsp;<em>Die Bibel als Buch und die Sch\u00f6pfung als Buch.<\/em><\/p>\n\n\n\n<p>Heute l\u00f6sen sich viele Naturwissenschaftler vom christlichen Glauben und versuchen die Welt ohne Gott zu erkl\u00e4ren \u2013 man spricht vom \u201emethodischen Atheismus\u201c. Das hei\u00dft, man kann die Natur untersuchen, ohne dass der Glaube dabei eine Rolle spielt. Das bedeutet freilich nicht, dass christliche Naturwissenschaftler Gott nicht daf\u00fcr loben k\u00f6nnen, dass er alles so sch\u00f6n gemacht hat.<\/p>\n\n\n\n<p>\u00dcber das\u00a0<strong>Verh\u00e4ltnis von Naturwissenschaft und Glaube<\/strong>\u00a0wird viel nachgedacht. Manche sagen, sie widersprechen sich, manche sagen, ihre Themenbereiche sind vollkommen verschieden, manche sagen, sie passen gut zusammen. Ich denke: Die wissenschaftlichen Erkl\u00e4rungen widersprechen den Sch\u00f6pfungsgeschichten nicht. Die Wissenschaft will nur erkl\u00e4ren, was wir sehen, was experimentell zu beweisen ist usw. Die Sch\u00f6pfungsgeschichte will nur bekennen, was hinter der Sch\u00f6pfung zu erkennen ist:<br>Gott handelt \u2013 die Welt ist kein Zufall.<br>Das Leben ist nicht sinnlos, denn Gott gibt dem Leben Sinn.<br>Menschen werden eingesetzt, die Sch\u00f6pfung Gottes zu bewahren.<\/p>\n\n\n\n<p class=\"has-text-color has-link-color wp-elements-d1754c9f5583ba58375bce3e98b9cdf6\" style=\"color:#ee193e\">Aufgabe 9: Wie siehst Du das? Widersprechen sich Glaube und Naturwissenschaft \u2013 oder nicht? Begr\u00fcnde! (Dazu gibt es auf diesen Seiten besondere Abschnitte: &#8222;Glaube und Naturwissenschaft&#8220;.<\/p>\n\n\n\n<p>***<\/p>\n\n\n\n<p><em>Antwort zur Aufgabe 5:\u00a0<\/em>Das Judentum feiert den 7. Tag als Sabbat. An diesem Tag darf nicht gearbeitet werden. Die Sch\u00f6pfungsgeschichte begr\u00fcndet diesen Ruhetag. Das hei\u00dft: Ihr sollt ruhen, weil Gott auch geruht hat.<\/p>\n\n\n\n<p><\/p>\n","protected":false},"excerpt":{"rendered":"<p>Wir haben im Alten Testament zwei Sch\u00f6pfungsgeschichten. Die eine Sch\u00f6pfungsgeschichte finden wir \u2013 grob gesagt \u2013 im 1. Buch Mose 1 (Genesis 1) und die zweite im 1. Buch Mose 2 (Genesis 2). Aufgabe 1: Lies die Sch\u00f6pfungsgeschichten von Genesis 1 und 2. Du findest sie, wenn Du in der [&hellip;]<\/p>\n","protected":false},"author":1,"featured_media":0,"parent":0,"menu_order":0,"comment_status":"closed","ping_status":"closed","template":"","meta":{"footnotes":""},"class_list":["post-2881","page","type-page","status-publish","hentry"],"_links":{"self":[{"href":"https:\/\/evangelische-religion.de\/ReligionNeu\/wp-json\/wp\/v2\/pages\/2881","targetHints":{"allow":["GET"]}}],"collection":[{"href":"https:\/\/evangelische-religion.de\/ReligionNeu\/wp-json\/wp\/v2\/pages"}],"about":[{"href":"https:\/\/evangelische-religion.de\/ReligionNeu\/wp-json\/wp\/v2\/types\/page"}],"author":[{"embeddable":true,"href":"https:\/\/evangelische-religion.de\/ReligionNeu\/wp-json\/wp\/v2\/users\/1"}],"replies":[{"embeddable":true,"href":"https:\/\/evangelische-religion.de\/ReligionNeu\/wp-json\/wp\/v2\/comments?post=2881"}],"version-history":[{"count":2,"href":"https:\/\/evangelische-religion.de\/ReligionNeu\/wp-json\/wp\/v2\/pages\/2881\/revisions"}],"predecessor-version":[{"id":2885,"href":"https:\/\/evangelische-religion.de\/ReligionNeu\/wp-json\/wp\/v2\/pages\/2881\/revisions\/2885"}],"wp:attachment":[{"href":"https:\/\/evangelische-religion.de\/ReligionNeu\/wp-json\/wp\/v2\/media?parent=2881"}],"curies":[{"name":"wp","href":"https:\/\/api.w.org\/{rel}","templated":true}]}}