{"id":2869,"date":"2026-04-13T09:41:33","date_gmt":"2026-04-13T07:41:33","guid":{"rendered":"https:\/\/evangelische-religion.de\/ReligionNeu\/?page_id=2869"},"modified":"2026-04-14T08:22:07","modified_gmt":"2026-04-14T06:22:07","slug":"weltbilder","status":"publish","type":"page","link":"https:\/\/evangelische-religion.de\/ReligionNeu\/weltbilder\/","title":{"rendered":"Weltbilder"},"content":{"rendered":"\n<p>Wir Menschen machen uns ein Bild von der Welt, die uns umgibt. Im Laufe der Jahrtausende gab es einige. Hier werden ein paar kurz beschrieben:<\/p>\n\n\n\n<ul class=\"wp-block-list\">\n<li>\u00c4gyptisches Weltbild \u2013 in der Antike weit verbreitet: Naturm\u00e4chte sind Gottheiten; Entstehung der Welt \u2013 der Natur \u2013 ist zun\u00e4chst eine \u201eGeburt\u201c der G\u00f6tter. (G\u00f6ttin Nut \u2013 Himmelsgew\u00f6lbe; Gott Geb \u2013 Erde);<\/li>\n\n\n\n<li>Babylonisches Weltbild und Thales (7. Jahrhundert vor Christus): Himmel als Gew\u00f6lbe, Erde als Ebene, von Wasser umgeben;<\/li>\n\n\n\n<li>Ptolem\u00e4isch (2. Jahrhundert nach Christus) \/ Geozentrisch: Himmel als Kugel, in deren Mitte liegt die Erde als Kugel \u2013 weiter gef\u00fchrt: das ganze Universum dreht sich um die Erde;<\/li>\n\n\n\n<li>Augustinus 4.\/5. Jahrhundert hat das geozentrische Verst\u00e4ndnis \u00fcbernommen, allerdings Gott hinzugef\u00fcgt, der das Universum umgibt.<\/li>\n\n\n\n<li>Kopernikanisch (15.\/16. Jahrhundert) \/ Heliozentrisch: Planeten \u2013 damit auch die Erde \u2013 drehen sich um die Sonne.<\/li>\n\n\n\n<li>Zeitgen\u00f6ssisch: Unser Sonnensystem ist nur ein winziger Bereich in der Milchstra\u00dfen-Galaxie, diese ist eine Galaxie unter anderen.<\/li>\n\n\n\n<li>Unbewiesen: Unser Universum ist nur eines unter vielen \u2013 Multiversen.<\/li>\n\n\n\n<li>K\u00fcnftiges Weltbild: ???<\/li>\n<\/ul>\n\n\n\n<p class=\"has-text-color has-link-color wp-elements-48d14843773014b4b70407c4ec6ddc74\" style=\"color:#e31414\">Aufgabe 1: Merke Dir die unterschiedlichen Weltbilder und ihre Namen.<\/p>\n\n\n\n<h3 class=\"wp-block-heading\">Welt wahrnehmen<\/h3>\n\n\n\n<p class=\"has-text-color has-link-color wp-elements-437a1b5964c462756b204078ff030dd2\" style=\"color:#e31414\">Wir Menschen nehmen unsere Welt unterschiedlich wahr.<br><br>Aufgabe 2a: Male eine Wiese mit Pflanzen und Tieren.<\/p>\n\n\n\n<p class=\"has-text-color has-link-color wp-elements-54ffd0c30d807ee5a23237fc9d971c28\" style=\"color:#e31414\">Aufgabe 2b: Beschreibe eine Wiese aus der Perspektive &gt;a&lt; eines Dichters, &gt;b&lt; einer Biologin, &gt;c&lt; eines Landwirts, &gt;d&lt; einer Immobilienmaklerin, &gt;e&lt; eines Liebespaars, &gt;f&lt; von kleinen Kindern. (Formuliere den Text des Dichters als Gedicht.)<\/p>\n\n\n\n<p class=\"has-text-color has-link-color wp-elements-8c6bb3cada1d1247cb65ef0fb4e30057\" style=\"color:#e31414\">Aufgabe 2c: Stelle die unterschiedlichen Perspektiven schriftlich dar. Was f\u00e4llt Dir auf?<\/p>\n\n\n\n<p>Wir Menschen k\u00f6nnen die Welt nie vollst\u00e4ndig wahrnehmen. Wir sehen immer nur kleine Ausschnitte.<\/p>\n\n\n\n<p>Stell Dir einmal vor, die siehst aus der ferne einen Baum. Du siehst den Stamm, Du siehst die Bl\u00e4tter als eine gr\u00fcne Einheit. Du gehst n\u00e4her dran. Dann siehst Du die einzelnen Bl\u00e4tter, Zweige. Du gehst noch n\u00e4her dran, dann siehst Du die Blattadern, siehst die L\u00e4use, entdeckst eine Schnecke \u2013 und gehst weg. Ein anderes Kind bleibt ein wenig l\u00e4nger stehen und beobachtet weiter. Es entdeckt eine Gallwespe, einen Marienk\u00e4fer, Moos, Flechten, Raupen, ganz gespannt schaut es zu, wie der Wind Blattschatten auf den Stamm wirft, es entdeckt auf einmal verschiedene V\u00f6gel, die in dem Baum herumh\u00fcpfen. Einen Baumpilz\u2026 \u2013 und sagt zu dem anderen Kind: Der Baum ist ja voll spannend! Da kann man so viel sehen! Was sagt das erste Kind? Spannend? Nur Bl\u00e4tter, iiih L\u00e4use und eine komische Schnecke.<\/p>\n\n\n\n<p class=\"has-text-color has-link-color wp-elements-868d8671e32f58cd0fdd2ed9a17ac8d8\" style=\"color:#e31414\">Aufgabe 3: Wenn Du das n\u00e4chste Mal einen gro\u00dfen Baum siehst: Was kannst Du alles entdecken? Lass Dir Zeit, schreib es auf. Wenn Du einen Foto bzw. das Handy dabei hast, versuch mal das, was Dich besonders interessiert, zu fotografieren. Kannst Du alles auf einmal fotografieren? Den Baum, die Bl\u00e4tter, die kleinen Tiere, den Stamm?<\/p>\n\n\n\n<p class=\"has-text-color has-link-color wp-elements-30bbc7509a1319d62f55d8d16f372bb1\" style=\"color:#e31414\">Aufgabe 4: Wenn Du mit anderen an einem Baum stehst, soll jeder und jede von Euch mal aufschreiben, was Ihr seht. Vergleicht am Schluss. Habt Ihr alle dasselbe gesehen?<\/p>\n\n\n\n<p class=\"has-text-color has-link-color wp-elements-c6337ccdb2d82d73fb629f17835a3ab6\" style=\"color:#e31414\">Aufgabe 5: Wenn Du das Bild eines Baumes siehst, siehst Du nur Stamm und Bl\u00e4tter. Stell Dir einmal vor, was auf dem Baum in dem Moment alles geschieht. Und was geschieht in dem Augenblick wohl alles unter der Wurzel?<\/p>\n\n\n\n<figure class=\"wp-block-image\"><img decoding=\"async\" src=\"https:\/\/mini.evangelische-religion.de\/wp-content\/uploads\/2021\/04\/kleinbaum-768x1024.jpg\" alt=\"\" class=\"wp-image-1546\"\/><\/figure>\n\n\n\n<p>Wir Menschen nehmen also die Welt unterschiedlich wahr \u2013 und nur in Ausschnitten wahr. Hast Du zum Beispiel, als Du den Baum betrachtet hast, auch den Himmel, den Wind, den Erdboden, Dich selbst wahrgenommen? Wir sind \u00fcberfordert, wollen wir alles bis ins Detail beschreiben. Darum reduziert unser Gehirn automatisch. Wir nehmen auf den ersten Blick bzw. im ersten Sp\u00fcren nur das wahr, was f\u00fcr uns wichtig ist. Darum sehen manche Menschen den Baum, den Du gerade bewundert hast, gar nicht, weil er f\u00fcr ihr Leben keine Rolle spielt.<\/p>\n\n\n\n<h3 class=\"wp-block-heading\">Sprache und Weltwahrnehmung<\/h3>\n\n\n\n<p>Wir Menschen sprechen. Unsere Sprache hat sich im Laufe der Jahrtausende entwickelt. Vermutlich war sie zu Beginn ganz einfach. Ein paar Laute, die im Alltag weiter halfen \u2013 und das war es dann. Im Laufe der Zeit wurden die Laute zu W\u00f6rtern, die Lautkombinationen, die W\u00f6rter, die Sprache wurde immer komplexer. Wir Menschen haben gelernt, sogar Gef\u00fchle auszusprechen. Wenn ein Mensch dem anderen die Laute \/ W\u00f6rter sagt: Da ist ein Stuhl \u2013 dann kann er hinschauen und sieht einen, weil er wei\u00df, dass ein Stuhl ein Gegenstand ist, eine Fl\u00e4che mit vier Beinen und einer Lehne. Die H\u00f6he ist fast immer gleich. Wenn man dem anderen aber sagt: Ich bin gl\u00fccklich! Was kann sich der andere darunter vorstellen? Das, was er selbst als Gl\u00fcck empfindet.<\/p>\n\n\n\n<p>Ein Mensch hat einen wundersch\u00f6nen Sonnenaufgang gesehen. Er war einfach perfekt: Farben am Himmel, der leichte Wind, Vogelgezwitscher, eine sch\u00f6ne Blumenwiese, leichter Nebeldunst\u2026 Er ist innerlich ganz begl\u00fcckt, er f\u00fchlt sich ganz wunderbar, weil alles so sch\u00f6n war. Der Morgen kann wirklich toll beginnen! Dann sagt er einem anderen Menschen: Ich habe heute einen tollen Sonnenaufgang gesehen! Und beschreibt, was er so wundersch\u00f6n empfand. Der andere Mensch sagt nur:&nbsp;<em>Aha, sch\u00f6n. Wenn\u00b4s dir gefallen hat!<\/em> <em>Ich hab so was auch schon mal geseh\u00b4n.<\/em>&nbsp;Das zerst\u00f6rt das wundersch\u00f6ne Gef\u00fchl auf einen Schlag. Gef\u00fchl mit W\u00f6rtern so mitzuteilen, dass andere Menschen das auch verstehen, ist sehr schwer. Darum haben Dichterinnen und Dichter Gedichte als M\u00f6glichkeit gefunden, sehr Sch\u00f6nes oder auch Schweres, Leidvolles mitzuteilen \u2013 oft muss man sich selbst hineinf\u00fchlen.<\/p>\n\n\n\n<p>Das folgende Lied ist eines der ber\u00fchmtesten Lieder in deutscher Sprache. In Kombination von W\u00f6rtern und Melodie werden Gef\u00fchle vermittelt. Es wird hier verk\u00fcrzt wiedergegeben:<\/p>\n\n\n\n<p>&#8222;Geh aus, mein Herz, und suche Freud&#8220;: <a href=\"https:\/\/www.youtube.com\/watch?v=_9-VLAkMxUw&amp;t=1s\">https:\/\/www.youtube.com\/watch?v=_9-VLAkMxUw&amp;t=1s<\/a><\/p>\n\n\n\n<p>Und dann \u2013 die Liebe! Wie sprechen wir aus, dass wir Menschen lieben? Es entstanden unz\u00e4hlige Gedichte, Lieder, Romane, Bilder \u2013 dennoch: die Sprache ist begrenzt. Darum versuchen es ganz viele Menschen besonders mit Worten zu erfassen.<\/p>\n\n\n\n<p>Bleiben wir bei Leichterem:<\/p>\n\n\n\n<p>Wer sich mit Pferden besch\u00e4ftigt, kennt viele Begriffe, um die Pferde voneinander zu unterscheiden: Rappe, Schimmel, Fuchs, Schecke, Wallach, Hengst, F\u00fcllen, Stute, Kaltbl\u00fcter, Warmbl\u00fcter, Vollblut, Hannoveraner, Trakehner\u2026 \u2013 wer sich mit Pferden nicht auskennt, sagt nur: ein schwarzes Pferd! Das bedeutet, w\u00e4hrend manche nur ein schwarzes Pferd sehen, sehen andere eben ein vielf\u00e4ltiges Wesen. Sie k\u00f6nnen ganz anders \u00fcber die Pferde reden, weil sie ein breiteres Spektrum an W\u00f6rter haben.<\/p>\n\n\n\n<figure class=\"wp-block-image\"><img decoding=\"async\" src=\"https:\/\/mini.evangelische-religion.de\/wp-content\/uploads\/2021\/04\/IMG_2025-1024x768.jpg\" alt=\"\" class=\"wp-image-1547\"\/><\/figure>\n\n\n\n<p class=\"has-text-color has-link-color wp-elements-f078b0d7ffe711a73e36d129aef3df09\" style=\"color:#e31414\">Aufgabe 6a: Hast Du das auch schon einmal erlebt, dass Du anderen etwas erz\u00e4hlt hast \u2013 sie gar nicht kapiert haben, was du eigentlich gef\u00fchlt und gemeint hast? Schreibe es kurz auf.<\/p>\n\n\n\n<p class=\"has-text-color has-link-color wp-elements-76df9caa18b0b7a9ca183cd39e57d4d7\" style=\"color:#e31414\">Aufgabe 6b: Hast Du auch schon einmal etwas sagen wollen, wusstest aber nicht, wie Du es beschreiben kannst? Fehlten Dir die W\u00f6rter?<\/p>\n\n\n\n<p class=\"has-text-color has-link-color wp-elements-598f96b12726e932af5e17ba0f42e8c0\" style=\"color:#e31414\">Aufgabe 6c: Schau einmal Abends zum Himmel, wenn die Sterne funkeln. Beschreibe was Du siehst und was Du denkst und was Du f\u00fchlst.<\/p>\n\n\n\n<h3 class=\"wp-block-heading\">Irritation der Sinne (Optische T\u00e4uschungen)<\/h3>\n\n\n\n<p class=\"has-text-color has-link-color wp-elements-391aee6d5378635647b4c2c390903222\" style=\"color:#e31414\">Aufgabe 7: Schau Dir auf Youtube verschiedene Clips zum Thema: &#8222;Optische Illusionen&#8220; \/ &#8222;Optische T\u00e4uschungen&#8220; \/ &#8222;Mind Blowing Optical Illusions&#8220; an. <\/p>\n\n\n\n<p class=\"has-text-color has-link-color wp-elements-6f7dbefe54b8fb47c490562953bf97d4\" style=\"color:#e31414\">Aufgabe 8: \u00dcberlege, was das alles mit dem Thema Sch\u00f6pfung zu tun hat. Schreib es auf.<\/p>\n\n\n\n<p>Auf der Seite <a href=\"https:\/\/evangelische-religion.de\/ReligionNeu\/schoepfung-erhaltung-vollendung\/\">https:\/\/evangelische-religion.de\/ReligionNeu\/schoepfung-erhaltung-vollendung\/<\/a> haben wir gelernt:<\/p>\n\n\n\n<p><em>Wir sprechen von&nbsp;<strong>Sch\u00f6pfung<\/strong>, wenn wir Gott als Sch\u00f6pfer im Hintergrund haben. Wir sprechen von&nbsp;<strong>Natur<\/strong>, wenn die Natur als Natur (als wissenschaftliches Objekt bzw. als etwas, das wir Menschen ben\u00f6tigen, verwenden, zu dem wir dazu geh\u00f6ren) betrachtet wird. Wir m\u00fcssen zwischen der Formulierung \u201eSch\u00f6pfung\u201c und \u201eNatur\u201c unterscheiden.<\/em><\/p>\n\n\n\n<p>Hiermit haben wir auch zwei Weltbilder zu tun, die sich voneinander unterscheiden. Manche Menschen sehen die Welt, das, was sie umgibt, sich selbst, als Natur. Manche sehen hinter all dem Gott, den Sch\u00f6pfer, wirken. Mit dieser Weltsicht k\u00f6nnen auch Verhaltensweisen verbunden sein, die nicht zusammenpassen.  <\/p>\n","protected":false},"excerpt":{"rendered":"<p>Wir Menschen machen uns ein Bild von der Welt, die uns umgibt. Im Laufe der Jahrtausende gab es einige. Hier werden ein paar kurz beschrieben: Aufgabe 1: Merke Dir die unterschiedlichen Weltbilder und ihre Namen. Welt wahrnehmen Wir Menschen nehmen unsere Welt unterschiedlich wahr. Aufgabe 2a: Male eine Wiese mit [&hellip;]<\/p>\n","protected":false},"author":1,"featured_media":0,"parent":0,"menu_order":0,"comment_status":"closed","ping_status":"closed","template":"","meta":{"footnotes":""},"class_list":["post-2869","page","type-page","status-publish","hentry"],"_links":{"self":[{"href":"https:\/\/evangelische-religion.de\/ReligionNeu\/wp-json\/wp\/v2\/pages\/2869","targetHints":{"allow":["GET"]}}],"collection":[{"href":"https:\/\/evangelische-religion.de\/ReligionNeu\/wp-json\/wp\/v2\/pages"}],"about":[{"href":"https:\/\/evangelische-religion.de\/ReligionNeu\/wp-json\/wp\/v2\/types\/page"}],"author":[{"embeddable":true,"href":"https:\/\/evangelische-religion.de\/ReligionNeu\/wp-json\/wp\/v2\/users\/1"}],"replies":[{"embeddable":true,"href":"https:\/\/evangelische-religion.de\/ReligionNeu\/wp-json\/wp\/v2\/comments?post=2869"}],"version-history":[{"count":3,"href":"https:\/\/evangelische-religion.de\/ReligionNeu\/wp-json\/wp\/v2\/pages\/2869\/revisions"}],"predecessor-version":[{"id":2887,"href":"https:\/\/evangelische-religion.de\/ReligionNeu\/wp-json\/wp\/v2\/pages\/2869\/revisions\/2887"}],"wp:attachment":[{"href":"https:\/\/evangelische-religion.de\/ReligionNeu\/wp-json\/wp\/v2\/media?parent=2869"}],"curies":[{"name":"wp","href":"https:\/\/api.w.org\/{rel}","templated":true}]}}