{"id":286,"date":"2019-06-30T10:22:38","date_gmt":"2019-06-30T08:22:38","guid":{"rendered":"https:\/\/evangelische-religion.de\/ReligionNeu\/?page_id=286"},"modified":"2026-05-05T07:39:17","modified_gmt":"2026-05-05T05:39:17","slug":"urknall","status":"publish","type":"page","link":"https:\/\/evangelische-religion.de\/ReligionNeu\/mensch\/urknall\/","title":{"rendered":"Urknall"},"content":{"rendered":"\n<p class=\"has-text-align-center has-medium-font-size\">SCH\u00d6PFUNG: URKNALL<\/p>\n\n\n\n<p class=\"has-text-color\" style=\"color:#f00a0a\">Aufgaben 1:<\/p>\n\n\n\n<ol class=\"wp-block-list\">\n<li class=\"has-text-color has-link-color wp-elements-facc622ed1a2d7c4374154f7491ca4cc\" style=\"color:#f00a0a\">Gib den folgenden Abschnitten passende \u00dcberschriften.<\/li>\n\n\n\n<li class=\"has-text-color has-link-color wp-elements-832865653afa973c9ada93315520cc36\" style=\"color:#f00a0a\">Sammle Argumente f\u00fcr und gegen sie.<\/li>\n\n\n\n<li class=\"has-text-color has-link-color wp-elements-536e3b2c87886097fcaf27326e37bde0\" style=\"color:#f00a0a\">Nimm aus unterschiedlichen Perspektiven Stellung (Christentum-Islam-Buddhismus- atheistisch orientierter Wissenschaft). Um aus unterschiedlichen Perspektiven Stellung nehmen zu k\u00f6nnen, s.&nbsp;<a href=\"https:\/\/evangelische-religion.de\/ReligionNeu\/religion-en\/\">https:\/\/evangelische-religion.de\/ReligionNeu\/religion-en\/<\/a> &nbsp;und <a href=\"https:\/\/evangelische-religion.de\/ReligionNeu\/gott\/atheismus-religionskritik\/\">https:\/\/evangelische-religion.de\/ReligionNeu\/gott\/atheismus-religionskritik\/<\/a>&nbsp; \u2013 und freilich weitere Infos.<\/li>\n\n\n\n<li class=\"has-text-color has-link-color wp-elements-8cb05e34866e9f094c233c5b45b49af8\" style=\"color:#f00a0a\">Nimm F\u00e4cher \u00fcbergreifend Stellung \u2013 mit Hilfe des jeweiligen Lehrers\/der Lehrerin: Erdkunde, Biologie\u2026<\/li>\n<\/ol>\n\n\n\n<p class=\"has-text-align-center\"><strong>Anmerkungen zum \u201eUrknall\u201c<\/strong><\/p>\n\n\n\n<p>1.<\/p>\n\n\n\n<p>Unsere Vorfahren haben die Welt betrachtet \u2013 und haben von dem, was sie sahen, auf G\u00f6tter und M\u00e4chte zur\u00fcck geschlossen. Und so war es f\u00fcr viele von ihnen undenkbar, dass alles ist, ohne dass G\u00f6tter ihre Macht mit im Spiel hatten. Auch wir in Europa und Nordamerika deuten unsere Welt \u2013 heute allerdings vielfach ohne Gott bzw. G\u00f6tter in den Blick zu nehmen.<\/p>\n\n\n\n<p>Wir Menschen sind es, die interpretieren, die zu verstehen suchen. Das ist die einzige Konstante. Doch der Mensch als Mensch ist vielf\u00e4ltig, er wird sich immer \u00e4ndern, ist in Bewegung \u2013 und so ist jede Zeit mit ihren Interpretationen der Welt nur ein Mosaiksteinchen im Gesamtbild der Geschichte. Weil der Mensch jedoch etwas ben\u00f6tigt, woran er sich festhalten kann \u2013 und sei es an seiner Weltsicht \u2013 beharrt er vielfach auf dem, was er f\u00fcr richtig h\u00e4lt.<\/p>\n\n\n\n<p>Diese Formulierung ist absichtlich schr\u00e4g: Der Mensch macht sich ein Weltbild \u2013 an dieses klammert er sich \u2013 h\u00e4lt es f\u00fcr wahr \u2013 auch wenn er es selbst (als Teil seiner Kultur) gebildet hat. Aber so ist es.<\/p>\n\n\n\n<p>Davon ist Wissenschaft genauso wenig ausgenommen wie Religion. Und das betrifft alles, was wir wahrnehmen und ahnen: den Beginn von dem, was wir sehen, h\u00f6ren, sp\u00fcren, schmecken, riechen \u2013 kurz: die Sch\u00f6pfung \/ die Natur \u2013 und betrifft das Ende der Sch\u00f6pfung \/ der Natur.<\/p>\n\n\n\n<p>2.<\/p>\n\n\n\n<p>Fragen wir, was der so genannte <em>Urknall<\/em> ist:<\/p>\n\n\n\n<p>Da h\u00f6ren wir von Laien, die von zusammensto\u00dfenden Sternen sprechen, von der Erde, wie sie mit Meteoriten zusammenknallt. Es geht in der Frage des Urknalls jedoch nicht um die Entstehung der Erde, sondern um den Beginn des Kosmos, des Universums \u2013 all dessen, was wir mit unseren Sinnen wahrnehmen. (Multiversen lassen wir im Augenblick einmal au\u00dfen vor.)<\/p>\n\n\n\n<p>Das moderne Weltbild: Wie weit ist es eigentlich verbreitet? Nur im Fernsehen und bei ein paar ganz wenig Superschlauen?<\/p>\n\n\n\n<p>Wer hat den Urknall eigentlich erfunden? Der Theologe und Physiker Georges Lema\u00eetre \u2013 er hat nicht das Wort erfunden, sondern die Theorie, dass alles nach einem Urknall entstanden ist. Das Wort &#8222;Urknall&#8220; war eine Verspottung der Theorie Lema\u00eetres durch die Wissenschaftler (&#8222;Big Bang&#8220;: 1949 Hoyle). Denn: War er nicht Theologe und wollte so die Sch\u00f6pfungsgeschichte in die Wissenschaft einbringen? Die Urknall-Theorie hatte es lange schwer, sich in der Wissenschaft durchzusetzen. Dabei hatte Lema\u00eetre sich das nicht einfach nur so am Schreibtisch ausgedacht, sondern hat mathematische Berechnungen mit realen Daten verkn\u00fcpft, so mit der &#8222;Rotverschiebung&#8220;, das hei\u00dft: Je weiter weg die Galaxien sind, desto st\u00e4rker ist das Licht im roten Bereich des Spektrums. Das ver\u00f6ffentlichte er 1927. <\/p>\n\n\n\n<p>Der Gedanke, dass alles vor ca. 13,7 Milliarden Jahren durch einen so genannten Urknall entstanden ist, ist nicht das modernste Weltbild. Moderner ist folgendes: Die Welt war schon immer da, oder: sie pulsiert, zieht sich zusammen und knallt dann wieder usw. Bei diesen Weltbildern muss man nicht mehr das Denken, was ein Ding der Unm\u00f6glichkeit ist: dass Etwas aus Nichts entsteht. Denn: Was war vor dem Urknall da? Welt. Einfach Welt. Dabei war der Gedanke vom Urknall, mit dem alles beginnt, so sch\u00f6n griffig, auch f\u00fcr Kinder spannend: Alles, was knallt und Funken stieben l\u00e4sst, ist spannend. Und nun? Nichts dergleichen. Pure Langeweile zu Beginn des Universums. Der Gedanke vom Urknall entstammt \u00fcbrigens dem j\u00fcdisch-christlichen Kulturkreis. Der Gedanke von der pulsierenden Welt wurde vom hinduistisch-buddhistischem Kulturkreis beeinflusst. Bleiben wir also doch lieber beim Urknall \u2013 weil es so sch\u00f6n knallt? Und vor allem: Auch wenn die Welt pulsiert \u2013 irgendwann muss doch auch das Pulsieren begonnen haben. Wir k\u00f6nnen getrost sein: Im Augenblick setzt sich wieder der Urknall durch. Warum? Weil sonderbarer Weise die Galaxien immer schneller werden \u2013 was bei einem Zusammenziehen nicht denkbar w\u00e4re. Aber warum werden sie immer schneller? Spricht das nicht f\u00fcr etwas ganz anderes &#8211; auch nicht f\u00fcr den Urknall?<\/p>\n\n\n\n<p>3.<\/p>\n\n\n\n<p>Was glaubten Wissenschaftler &#8211; nat\u00fcrlich wissenschaftlich &#8211; \u00fcber die Weltentstehung, bevor der Urknall die Wissenschaft aufr\u00fcttelte? Sie dachte sich ganz logisch: der Kosmos ist unver\u00e4nderlich. Wer die MenschenEwigkeit der Sterne anschaut, kann auch gar nicht zu anderen Ergebnissen kommen, dass der Kosmos statisch ist. Sterne sind an ihrem Platz, sie kommen j\u00e4hrlich wieder. Dazu geh\u00f6rt nat\u00fcrlich: der Kosmos war schon ewig da. Der Vater dieser Gedanken war nat\u00fcrlich: Aristoteles. Der gro\u00dfe ewige Stern am Himmel wissenschaftlicher Philosophen. Um den Urknall als Theorie aufzuhalten, dachten sich manche andere Theorien aus, die die statische Ewigkeit begr\u00fcnden sollten. Nichtreligi\u00f6se Wissenschaftler wollten so gerne an ihrem statisch-ewigen Weltbild festhalten. Aber dann setzte sich &#8211; und das ist Wissenschaft &#8211; das begr\u00fcndete Weltbild durch. Wissenschaft lebt von Weltbildern und der Bereitschaft, aufgrund neuer begr\u00fcndeter Erkenntnisse, das alte Weltbild auszutauschen.<\/p>\n\n\n\n<p>4.<\/p>\n\n\n\n<p>Faszinierend ist: Man hat auch in der Wissenschaft im Grunde keinen blassen Schimmer, denn ein ausdehnungsloser Punkt, in dem Masse und Zeit usw. komprimiert waren, ist nicht erkl\u00e4rbar, selbst mathematisch l\u00e4sst sich das nicht erfassen. Wissenschaftler und Laien versuchen zu verstehen, zu interpretieren, man untersucht und rechnet und denkt. Vielleicht kennt jemand schon die Wahrheit \u2013 es geht uns aber so wie es der alte Grieche Xenophanes gesagt hat: Auch wenn man die Wahrheit kennt, wei\u00df man nicht, ob sie es wirklich ist. Dennoch tun manche (!) Wissenschaftler so, als w\u00fcssten sie auf jeden Fall, was nicht sein kann: Was kann nicht sein? Gott.<\/p>\n\n\n\n<p>Oder kann Gott doch gewesen sein?<\/p>\n\n\n\n<p>Gott muss ja doch auch entstanden sein.<\/p>\n\n\n\n<p>Unsere Sprache ist begrenzt, darum wird \u201eGott\u201c von vorneherein als ewig definiert. Mit dem Wort \u201eGott\u201c ist Ewigkeit konnotiert. Wenn nun die Welt ewig sein soll, dann wird im Grunde eine Vorstellung, die mit Gott verbunden war, auf die Welt \u00fcbertragen. Die Welt wird Gott \u2013 darum kann man auch sagen: Die Natur erschafft, die Evolution macht usw. Natur und Evolution werden personalisiert, weil sich der Mensch nicht vorstellen kann, dass alles einfach so aus Zufall entstanden ist. Zufall gibt es bekanntlich nicht \u2013 weil wir Menschen kausales Denken gew\u00f6hnt sind. Die Hohepriester des Urknalls m\u00fcssen also zwei Dinge \u00fcberwinden, wenn die Theorie mit der Erfahrung \u00fcbereinstimmen soll:<\/p>\n\n\n\n<p>a) Es kann doch Etwas aus Nichts entstehen \u2013 und das muss wissenschaftlich bewiesen werden \u2013 und<\/p>\n\n\n\n<p>b) es muss keine Kausalkette vorhanden sein (da ist man schon ein wenig weiter \u2013 oder doch nicht?: vgl. Quantenphysik).<\/p>\n\n\n\n<p>c) Oder wir definieren Nichts nicht mehr alltagsgem\u00e4\u00df. Nichts ist nicht nichts &#8211; Nichts ist niedrigste Energie. Aber dann stellt sich die Frage: Woher kommt die niedrigste Energie, die derma\u00dfen gewaltig expandieren kann, dass nach 13,7 Milliarden Jahren noch Ausdehnung passiert?   <\/p>\n\n\n\n<p>5.<\/p>\n\n\n\n<p>Freilich stehen wir alle als Kinder unserer Zeit eben in unserer Zeit. Wir wollen nur glauben, was im naturwissenschaftlichen Sinn bewiesen ist \u2013 auch wenn im Grunde vieles nicht bewiesen ist, glauben wir doch gerne, dass es bewiesen ist. Und weil auch manche Wissenschaftler gerne weiter gehen als ihre Beweise, sto\u00dfen sie auf ein Problem:<\/p>\n\n\n\n<p>Das Problem, vor dem auch Naturwissenschaftler stehen, formuliert die folgende Kritik an dem atheistischen Physiker Hawking: Er w\u00fcrde Wissenschaft zu einer Art Religionsersatz machen, indem er beides ineinander verschwimmen l\u00e4sst. Er gibt vor, etwas zu beweisen, was wissenschaftlich nicht beweisbar ist. <a href=\"https:\/\/www.zeit.de\/2011\/01\/P-Hawking\">https:\/\/www.zeit.de\/2011\/01\/P-Hawking<\/a> <\/p>\n\n\n\n<p>6.<\/p>\n\n\n\n<p>Den Laien ins Gr\u00fcbeln bringen d\u00fcrfte folgende Zeitungsnotiz:<\/p>\n\n\n\n<p>Stephen Hawking korrigiert sein Modell vom Urknall.<\/p>\n\n\n\n<p>F\u00fcr wirkliche Wissenschaftler d\u00fcrfte es kein Problem sein, Theorie \u2013 Theorie zu nennen, Hypothese \u2013 Hypothese. Aber Laien, denen alles Vereinfachte einfachheithalber als Wahrheit dargestellt wird, d\u00fcrften aufgrund solcher Aussagen ins Gr\u00fcbeln kommen. Kann einer einfach so die von fast aller wissenschaftlichen Welt anerkannte These vom Urknall \u00fcberarbeiten, vielleicht sogar ablehnen?<\/p>\n\n\n\n<p>Ja, denn Wissenschaft lebt von der Korrektur, von der Diskussion, von neuen Erkenntnissen. Das ist schwer f\u00fcr diejenigen zu verstehen, die von der Wissenschaft ein festes Weltbild erwarten. Ein solches Weltbild propagieren auch manche Wissenschaftler selbst \u2013 darum spricht man auch von \u201eSchulen\u201c: Ein paar Wissenschaftler gruppieren sich jeweils um eine Theorie und dessen Lehrer und verteidigen sie heftig gegen Angriffe durch andere. Aber aufgrund dieser Angriffe und Verteidigungen ist Wissenschaft als Wissenschaft zu kennzeichnen. Man redet miteinander. Wo das Gespr\u00e4ch abgebrochen wird, andere Meinungen und Forschungsergebnisse unterdr\u00fcckt werden, andere l\u00e4cherlich gemacht werden, da hat es die Wissenschaft schwer, Wissenschaft zu bleiben.<\/p>\n\n\n\n<p>7.<\/p>\n\n\n\n<p>Noch eine philosophische \u00dcberlegung: Wenn kein Mensch einen Knall h\u00f6rt &#8211; wie es bei dem BIG Bang ja nicht m\u00f6glich war &#8211; gab es dann \u00fcberhaupt einen &#8222;Knall&#8220;? Es gab ja auch keine Luft, die in Schwingungen versetzt werden konnte. Am Anfang steht kein Knall &#8211; am Anfang steht eine leise Expansion. Dennoch sagen Wissenschaftler, dass seit 1000en Jahren nach dem Beginn der leisen Expansion bis heute noch ein Ger\u00e4usch durch den Kosmos wabert.<\/p>\n\n\n\n<p>8.<\/p>\n\n\n\n<p>Genesis 1: Im Anfang erschuf Gott Himmel und Erde. Die Erde war w\u00fcst und leer und Finsternis lag \u00fcber der Urflut und Gottes Geist schwebte \u00fcber dem Wasser. Gott sprach: &#8230; &#8211; und es ward&#8230; Wir verstehen heute unter &#8222;Himmel&#8220; etwas anderes als die Menschen in der damaligen Zeit. In der damaligen Zeit waren &#8222;die Himmel&#8220; eine Kuppel \u00fcber der Erde. Wir verstehen ihn heute eher als Universum, Kosmos. Das Weltbild hat sich ver\u00e4ndert &#8211; dadurch auch die Interpretation des Textes. Eines aber bleibt gleich: Gott steht am Anfang, Gott will, dass etwas entsteht und so entsteht es. Es ist nicht Zufall, sinnloses Existieren. Gott steht zu seiner Sch\u00f6pfung. <\/p>\n\n\n\n<p class=\"has-text-color has-link-color wp-elements-5424af9e875cc681c8f0e46940bf2321\" style=\"color:#dd0505\">Aufgabe 2:<\/p>\n\n\n\n<p class=\"has-text-color has-link-color wp-elements-07bdee605ea5fd41024330dd0cee5746\" style=\"color:#dd0505\">Erkennst Du einen Unterschied zwischen den \u00dcbersetzungen von hebr\u00e4isch: Bereschit: <em>Am<\/em> Anfang schuf Gott&#8230; oder: <em>Im<\/em> Anfang schuf Gott&#8230; <\/p>\n\n\n\n<p><\/p>\n","protected":false},"excerpt":{"rendered":"<p>SCH\u00d6PFUNG: URKNALL Aufgaben 1: Anmerkungen zum \u201eUrknall\u201c 1. Unsere Vorfahren haben die Welt betrachtet \u2013 und haben von dem, was sie sahen, auf G\u00f6tter und M\u00e4chte zur\u00fcck geschlossen. Und so war es f\u00fcr viele von ihnen undenkbar, dass alles ist, ohne dass G\u00f6tter ihre Macht mit im Spiel hatten. Auch [&hellip;]<\/p>\n","protected":false},"author":1,"featured_media":0,"parent":41,"menu_order":0,"comment_status":"closed","ping_status":"closed","template":"","meta":{"footnotes":""},"class_list":["post-286","page","type-page","status-publish","hentry"],"_links":{"self":[{"href":"https:\/\/evangelische-religion.de\/ReligionNeu\/wp-json\/wp\/v2\/pages\/286","targetHints":{"allow":["GET"]}}],"collection":[{"href":"https:\/\/evangelische-religion.de\/ReligionNeu\/wp-json\/wp\/v2\/pages"}],"about":[{"href":"https:\/\/evangelische-religion.de\/ReligionNeu\/wp-json\/wp\/v2\/types\/page"}],"author":[{"embeddable":true,"href":"https:\/\/evangelische-religion.de\/ReligionNeu\/wp-json\/wp\/v2\/users\/1"}],"replies":[{"embeddable":true,"href":"https:\/\/evangelische-religion.de\/ReligionNeu\/wp-json\/wp\/v2\/comments?post=286"}],"version-history":[{"count":9,"href":"https:\/\/evangelische-religion.de\/ReligionNeu\/wp-json\/wp\/v2\/pages\/286\/revisions"}],"predecessor-version":[{"id":3216,"href":"https:\/\/evangelische-religion.de\/ReligionNeu\/wp-json\/wp\/v2\/pages\/286\/revisions\/3216"}],"up":[{"embeddable":true,"href":"https:\/\/evangelische-religion.de\/ReligionNeu\/wp-json\/wp\/v2\/pages\/41"}],"wp:attachment":[{"href":"https:\/\/evangelische-religion.de\/ReligionNeu\/wp-json\/wp\/v2\/media?parent=286"}],"curies":[{"name":"wp","href":"https:\/\/api.w.org\/{rel}","templated":true}]}}