{"id":271,"date":"2019-06-30T10:14:18","date_gmt":"2019-06-30T08:14:18","guid":{"rendered":"https:\/\/evangelische-religion.de\/ReligionNeu\/?page_id=271"},"modified":"2026-04-13T10:21:15","modified_gmt":"2026-04-13T08:21:15","slug":"schoepfung-schuetzen","status":"publish","type":"page","link":"https:\/\/evangelische-religion.de\/ReligionNeu\/mensch\/schoepfung-schuetzen\/","title":{"rendered":"Sch\u00f6pfung sch\u00fctzen"},"content":{"rendered":"\n<h3 class=\"wp-block-heading\" id=\"block-df93d0ae-fd94-43d6-826e-dd0fb29e113f\">SCH\u00d6PFUNG SCH\u00dcTZEN<\/h3>\n\n\n\n<p>In der Sch\u00f6pfungsgeschichte, Genesis 1,28-31, so haben wir gelesen, steht:<\/p>\n\n\n\n<p>>So schuf Gott den Menschen als sein Abbild, ja, als Gottes Ebenbild; und er schuf sie als Mann und Frau. Er segnete sie und sprach: \u00bbVermehrt euch, bev\u00f6lkert die Erde und nehmt sie in Besitz!<em>\u00a0Ihr sollt Macht haben \u00fcber<\/em>\u00a0alle Tiere: \u00fcber die Fische, die V\u00f6gel und alle anderen Tiere auf der Erde!\u00ab Dann sagte er: \u00bbSeht, als Nahrung gebe ich euch alle Pflanzen, die Samen tragen, und die Fr\u00fcchte, die \u00fcberall an den B\u00e4umen wachsen; aber die V\u00f6gel und Landtiere sollen Gras und Bl\u00e4tter fressen.\u00ab Und so geschah es. Schlie\u00dflich betrachtete Gott alles, was er geschaffen hatte, und es war sehr gut! Es wurde Abend und wieder Morgen: Der sechste Tag war vergangen.&lt;<\/p>\n\n\n\n<p>Die kursiv gedruckten W\u00f6rter bedeuten, dass Gott den Menschen als seine Stellvertretung einsetzt. Wie Hirten ihre Herde so sollen Menschen die wundersch\u00f6ne Sch\u00f6pfung Gottes h\u00fcten. Der Text beschreibt einen paradiesischen Zustand, so wird auch gesagt, dass nur Pflanzen gegessen werden d\u00fcrfen, das hei\u00dft, dass auch Tieren kein Leid zugef\u00fcgt werden darf.<\/p>\n\n\n\n<p id=\"block-65b747b9-1054-4372-a9cd-d17c543d94fe\">In den Sch\u00f6pfungsgeschichten sehen wir also:<\/p>\n\n\n\n<p id=\"block-54d2fdad-03ff-49ad-beb2-8f604a49f09e\"><strong>Der Mensch steht der Sch\u00f6pfung gegen\u00fcber<\/strong><br><strong>\u2013 er ist etwas ganz Besonderes \u2013<\/strong><\/p>\n\n\n\n<p id=\"block-54d2fdad-03ff-49ad-beb2-8f604a49f09e\"><strong>und gleichzeitig:<\/strong><\/p>\n\n\n\n<p id=\"block-54d2fdad-03ff-49ad-beb2-8f604a49f09e\"><strong>Der Mensch ist ein Teil der Sch\u00f6pfung.<\/strong><\/p>\n\n\n\n<p class=\"has-text-color has-link-color wp-elements-9ba6b273dd39d46dbbe21f4a906fe2d3\" id=\"block-44d31a3a-cd8d-4d54-ac84-39ecf80840f0\" style=\"color:#f71b1b\">Aufgabe 1:<br>a) Male ein Bild, in dem der Mensch der Sch\u00f6pfung gegen\u00fcbersteht.<br>b) Male ein Bild, in dem der Mensch Teil der Sch\u00f6pfung ist.<\/p>\n\n\n\n<p id=\"block-c776189f-5e80-4df6-86f0-40af80dd0dc9\">Ein Beispiel findest Du unten \u2013 Du kannst es sicher sch\u00f6ner malen.<\/p>\n\n\n\n<p class=\"has-text-color has-link-color wp-elements-fcf44530e535dfe959be3bcde5a13427\" id=\"block-61cd7308-ebd5-422c-a038-322e46418bc4\" style=\"color:#f71b1b\">Aufgabe 1 c) Dann male ein Bild auf eine H\u00e4lfte der DINA4 Seite, in der die Sch\u00f6pfung ziemlich kaputt ist \u2013 und auf die andere H\u00e4lfte ein Bild, in dem die Sch\u00f6pfung noch wundersch\u00f6n ist.<br>1 d) Denke Dir Bereiche aus, deren Schutz Dir besonders wichtig ist.<br>1 e) Rede mit Deinem Sitznachbarn\/deiner Sitznachbarin dar\u00fcber. Argumentiert, warum das besonders wichtig ist.<\/p>\n\n\n\n<p class=\"has-text-color has-link-color wp-elements-0136311acb4673f6b639d864a2a9666c\" id=\"block-bb288cfe-7a89-46cb-b21a-eead4c21d4bc\" style=\"color:#f71b1b\">Aufgabe 2: \u00dcberlege und schreibe dann auf: Ist es immer bzw. grunds\u00e4tzlich schlecht, dass der Mensch Natur ver\u00e4ndert?<\/p>\n\n\n\n<p id=\"block-64e98937-39cb-4711-8943-bc6f765e2c05\"><strong>Dass der Mensch der Sch\u00f6pfung\/Natur gegen\u00fcbersteht, erm\u00f6glich<\/strong>e<strong>n und zeigen die:<\/strong><\/p>\n\n\n\n<ol id=\"block-c4c19722-d40d-4617-8958-58cb76d0ada8\" class=\"wp-block-list\">\n<li>Technik<\/li>\n\n\n\n<li>Wissenschaft<\/li>\n\n\n\n<li>Kunst<\/li>\n\n\n\n<li>\u2026<\/li>\n<\/ol>\n\n\n\n<p id=\"block-8536989c-dbac-4ee6-b9bc-a7c38b958c2c\">Das hei\u00dft: Der Mensch ver\u00e4ndert die Sch\u00f6pfung\/Natur. Der Mensch ver\u00e4ndert wie jedes (!) Lebewesen seine Umwelt \u2013 aber der Mensch tut es in intensiver Weise. Das kann zur Folge haben, dass er aus<\/p>\n\n\n\n<ol id=\"block-add1bf5f-afbd-4411-87f0-43c92b6da61c\" class=\"wp-block-list\">\n<li>Gedankenlosigkeit,<\/li>\n\n\n\n<li>Eigeninteresse,<\/li>\n\n\n\n<li>Machtbewusstsein,<\/li>\n\n\n\n<li>Notwendigkeit<\/li>\n\n\n\n<li>\u2026<\/li>\n<\/ol>\n\n\n\n<p>die Sch\u00f6pfung\/ Natur gef\u00e4hrdet.<\/p>\n\n\n\n<p id=\"block-ea1e539c-bf78-4679-86f2-fff0e870d69b\">Gef\u00e4hrdet sind alle Bereiche (ein paar Gedanken werden angef\u00fcgt, die Du sicher weiterf\u00fchren kannst):<\/p>\n\n\n\n<p id=\"block-ac6a591c-8529-47b2-b9a0-485d1f6baadd\"><strong>Luft<\/strong><\/p>\n\n\n\n<ul id=\"block-7f7fc864-0ed8-4853-9e7b-69517096f584\" class=\"wp-block-list\">\n<li>Klimaver\u00e4nderung<\/li>\n\n\n\n<li>Luftverschmutzung<\/li>\n\n\n\n<li>\u201eLichtverschmutzung\u201c (Lichtsmog)<\/li>\n\n\n\n<li>\u201eL\u00e4rmverschmutzung\u201c (L\u00e4rmsmog)<\/li>\n<\/ul>\n\n\n\n<p id=\"block-e1af0db7-1cf2-4eb7-a540-4179f3e9722c\"><strong>Wasser<\/strong><\/p>\n\n\n\n<ul id=\"block-9bb58757-bca6-4196-9bab-6785c263b464\" class=\"wp-block-list\">\n<li>S\u00fc\u00dfwasser<\/li>\n\n\n\n<li>Gew\u00e4sser: See, Fl\u00fcsse<\/li>\n\n\n\n<li>Ozeane<\/li>\n<\/ul>\n\n\n\n<p id=\"block-eed446c7-af96-4ada-8a84-61a8d0b5f9fd\"><strong>Pflanzen<\/strong><\/p>\n\n\n\n<ul id=\"block-08aeab08-16e4-4919-98be-579474ba3fcc\" class=\"wp-block-list\">\n<li>Wald<\/li>\n\n\n\n<li>Monokultur<\/li>\n\n\n\n<li>Gentechnik<\/li>\n\n\n\n<li>\u201eUnkr\u00e4uter\u201c-Vernichtung<\/li>\n<\/ul>\n\n\n\n<p id=\"block-60ee25b0-18dd-442b-a1aa-b92d73d45b66\"><strong>Tiere (das betrifft alle Bereiche: Fische, Insekten, Spinnen, S\u00e4ugetiere\u2026)<\/strong><\/p>\n\n\n\n<ul id=\"block-b4fa7b38-cb99-4cb4-bebf-112e394d3732\" class=\"wp-block-list\">\n<li>Massentierhaltung<\/li>\n\n\n\n<li>Tiere werden gef\u00e4hrdet durch Zur\u00fcckdr\u00e4ngen in immer kleinere Lebensr\u00e4ume<\/li>\n\n\n\n<li>Gentechnik<\/li>\n<\/ul>\n\n\n\n<p id=\"block-465fef80-4e7d-4fca-ac9a-7ad4b61c54c2\"><strong>Erde<\/strong><\/p>\n\n\n\n<p id=\"block-f4b5643c-7f0f-4919-8fe6-53a705124583\">Hast Du schon dar\u00fcber nachgedacht, dass Erde etwas Besonderes ist? Nicht die gro\u00dfe Erde, sondern das kr\u00fcmelig Braune, worauf wir langlaufen, worein wir die Pflanzen einpflanzen. Was ist das besondere an Erde? In ihr leben unz\u00e4hlig viele Organismen. Wenn sie nicht mehr da sind, ist auch die Erde tot.<\/p>\n\n\n\n<p id=\"block-28944453-60ee-4e87-aa91-3234785215af\"><strong>Landschaften (das betrifft alle Bereiche: Berge, W\u00fcsten, Ebenen, Moore\u2026)<\/strong><\/p>\n\n\n\n<p><strong>Weltraumschrott<\/strong><\/p>\n\n\n\n<p class=\"has-text-align-center\" id=\"block-14ffb6b3-4838-4ef9-9c48-e2cbb5e82868\" style=\"text-decoration:underline\"><strong>Der Mensch ist Teil der Natur: Was der Natur schadet, schadet ihm<\/strong>.<\/p>\n\n\n\n<p id=\"block-d3e3b451-edf9-4408-9d3a-647d170301b3\">Der Mensch muss seinen ihm von Gott gegebenen Verstand einsetzen, um mit Hilfe von Wissenschaft und Technik die Sch\u00e4den gering zu halten bzw. gar wieder zu minimieren. Er muss Natur sch\u00fctzen:<\/p>\n\n\n\n<ul id=\"block-45d6afb7-5a2c-490a-8022-37cf9f385ba5\" class=\"wp-block-list\">\n<li>Wasser sparen<\/li>\n\n\n\n<li>Energie sparen<\/li>\n\n\n\n<li>Freizeit nicht gegen die Natur gestalten<\/li>\n\n\n\n<li>Ern\u00e4hrung Jahreszeiten und \u00d6rtlichkeiten anpassen <\/li>\n\n\n\n<li>Tiere und Pflanzen so gut es geht achten<\/li>\n\n\n\n<li>Luft sauber halten<\/li>\n\n\n\n<li>Natur st\u00f6renden L\u00e4rm vermeiden<\/li>\n\n\n\n<li>die Nacht nicht mit Licht verdr\u00e4ngen<\/li>\n\n\n\n<li>Berge, W\u00fcsten, Fl\u00fcsse, Ebenen, Meer sch\u00fctzen<\/li>\n<\/ul>\n\n\n\n<h3 class=\"wp-block-heading\" id=\"block-8587dfaa-bcf6-4f9d-8178-9c9781669c40\">Natur wahrnehmen<\/h3>\n\n\n\n<p id=\"block-38180065-ca38-400b-9143-db101cc03c35\">Um Natur sch\u00fctzen zu k\u00f6nnen, m\u00fcssen wir sie erst einmal wahrnehmen:<\/p>\n\n\n\n<ul id=\"block-843691c2-869d-4821-8a3a-49fb906ad1d3\" class=\"wp-block-list\">\n<li>Ger\u00e4usche und Stille h\u00f6ren<\/li>\n\n\n\n<li>Dunkelheit und Sonnen-, Mond-, Sterne-Licht sch\u00e4tzen lernen<\/li>\n\n\n\n<li>Jahreszeiten wahrnehmen (was ver\u00e4ndert sich)<\/li>\n\n\n\n<li>(das alles vielleicht durch: Nachtwanderungen, Vogelwanderung, Naturlehrpfade\u2026)<\/li>\n<\/ul>\n\n\n\n<p id=\"block-a17e3e3f-79ed-4d98-a4b6-4970a2c145bf\">Naturschutzorganisationen helfen dabei:<\/p>\n\n\n\n<ul id=\"block-88d47da6-4e9a-4085-8c80-145dd35692e0\" class=\"wp-block-list\">\n<li>BUND :\u00a0<a href=\"https:\/\/www.bund.net\/?gclid=EAIaIQobChMIw-Thw4SC1wIVhhbTCh2HOA6sEAAYASAAEgJo-vD_BwE\">https:\/\/www.bund.net\/<\/a><\/li>\n\n\n\n<li>Greenpeace : h<a href=\"https:\/\/www.greenpeace.de\/?gclid=EAIaIQobChMIgfDr1ISC1wIV0grTCh1HqgkoEAAYASAAEgJ8vvD_BwE\">ttps:\/\/www.greenpeace.de\/<\/a><\/li>\n\n\n\n<li>Nabu :\u00a0<a href=\"https:\/\/www.nabu.de\/\">https:\/\/www.nabu.de\/<\/a><\/li>\n\n\n\n<li>WWF :\u00a0<a href=\"http:\/\/www.wwf.de\/\">http:\/\/www.wwf.de\/<\/a><\/li>\n<\/ul>\n\n\n\n<p id=\"block-448a44c3-4c43-47c5-96cc-581c3f75fd10\">und sie helfen dabei, dass man gemeinsam handelt und dadurch etwas f\u00fcr die Sch\u00f6pfung\/Natur erreicht. Freilich m\u00fcssen wir immer darauf achten, dass der Mensch nun nicht missachtet wird. Es geht darum, dass Mensch und Natur zu einem Einklang kommen &#8211; im Sinne Gottes, des Sch\u00f6pfers.<\/p>\n\n\n\n<p class=\"has-text-color has-link-color wp-elements-c667b1f6d8e4066cf8ffe81396d384a0\" id=\"block-b1457259-dad2-4d01-bcad-021ccee01e09\" style=\"color:#f71b1b\"><strong>Aufgabe 3:<\/strong>&nbsp;Oben wurde unterschieden zwischen Sch\u00f6pfung \u2013 Natur<br>Gibt es einen Unterschied? Wenn ja, welchen? Du hast das schon einmal \u00fcberlegt. Wei\u00dft Du es noch?<\/p>\n\n\n\n<figure class=\"wp-block-image\" id=\"block-eaf99371-c073-413a-8772-7f658ad74365\"><img decoding=\"async\" src=\"https:\/\/mini.evangelische-religion.de\/wp-content\/uploads\/2021\/04\/IMG_5108-1024x768.jpg\" alt=\"Dieses Bild hat ein leeres Alt-Attribut. Der Dateiname ist IMG_5108-1024x768.jpg\"\/><\/figure>\n\n\n\n<p class=\"has-text-align-center has-accent-color has-text-color has-link-color wp-elements-2cde42eb241f1cde3c7413bce7d9ba95\" style=\"font-size:20px\"><strong>Ein Spiel erstellen:<\/strong><\/p>\n\n\n\n<p>Quartett erstellen (Idee: WF): Sch\u00f6pfung sch\u00fctzen<\/p>\n\n\n\n<p>Bereiche:<\/p>\n\n\n\n<ol class=\"wp-block-list\">\n<li>Luft,<\/li>\n\n\n\n<li>Wasser (S\u00fc\u00dfwasser, Ozeane, Fl\u00fcsse\u2026),<\/li>\n\n\n\n<li>Pflanzen (Wald, \u201eUnkraut\u201c-Vernichtung, Monokultur, Gentechnik\u2026),<\/li>\n\n\n\n<li>Tiere (aus Lebensr\u00e4umen verdr\u00e4ngen, Gentechnik, Massentierhaltung, Landtiere, Seetiere\u2026),<\/li>\n\n\n\n<li>Erdboden (Mikroorganismen\u2026),<\/li>\n\n\n\n<li>Landschaften (Berge, W\u00fcsten, Moore\u2026),<\/li>\n\n\n\n<li>Lichtverschmutzung (Licht bei Nacht, sodass Sterne nicht mehr sichtbar sind, vielleicht st\u00f6rt es auch Tiere und Pflanzen\u2026)<\/li>\n\n\n\n<li>Weltraumschrott<\/li>\n<\/ol>\n\n\n\n<p>Suche Dir mindestens zwei Themen aus (ihr k\u00f6nnt auch aufteilen: eine\/r gestaltet Karten zum Thema Seen, die Mitspielerin\/der Mitspieler zum Thema Ozeane\u2026) Die Spielpartnerin\/der Spielpartner sucht sich ebenfalls mindestens zwei Themen aus. Wenn ihr zu dritt oder viert spielt, m\u00fcsst ihr entsprechend neue Themen aussuchen.<\/p>\n\n\n\n<ol class=\"wp-block-list\">\n<li>Nehmt m\u00f6glichst das gleiche Papier (nur karierte bzw. linierte \u2026 Bl\u00e4tter).<\/li>\n\n\n\n<li>Schneidet es in gleich gro\u00dfe St\u00fccke.<\/li>\n\n\n\n<li>Zu diesen ausgesuchten Themen erstellt Ihr jeweils vier Karten. Zwei zum Thema: Sch\u00f6pfung sch\u00fctzen, zwei zum Thema Sch\u00f6pfung missachten. Schreibt auf die vier Karten das Thema, z.B. \u201eOzeane\u201c, auf die anderen vier z.B. \u201eBerge\u201c\u2026<\/li>\n\n\n\n<li>Malt so sch\u00f6n ihr k\u00f6nnt.<\/li>\n\n\n\n<li>Wenn ihr fertig gemalt habt, mischt die Karten.<\/li>\n\n\n\n<li>Verteilt die Karten.<\/li>\n\n\n\n<li>Zieht eine Karte von der Mitspielerin\/dem Mitspieler.<\/li>\n\n\n\n<li>Und dann zieht die andere Person.<\/li>\n\n\n\n<li>Wer vier Karten eines Themas vorliegen hat, legt diese vier Karten ab.<\/li>\n\n\n\n<li>Wer zuerst vier Karten m\u00f6glichst vieler Themen zusammen hat, hat gewonnen.<\/li>\n\n\n\n<li>Ihr k\u00f6nnt auch eine positive Sch\u00f6pfung-Schutz-Karte gestalten und eine negative Sch\u00f6pfung-Missachten-Karte. Wer am Ende die positive Karte\/negative Karte hat, hat gewonnen\/verloren.<\/li>\n<\/ol>\n","protected":false},"excerpt":{"rendered":"<p>SCH\u00d6PFUNG SCH\u00dcTZEN In der Sch\u00f6pfungsgeschichte, Genesis 1,28-31, so haben wir gelesen, steht: >So schuf Gott den Menschen als sein Abbild, ja, als Gottes Ebenbild; und er schuf sie als Mann und Frau. Er segnete sie und sprach: \u00bbVermehrt euch, bev\u00f6lkert die Erde und nehmt sie in Besitz!\u00a0Ihr sollt Macht haben [&hellip;]<\/p>\n","protected":false},"author":1,"featured_media":0,"parent":41,"menu_order":0,"comment_status":"closed","ping_status":"closed","template":"","meta":{"footnotes":""},"class_list":["post-271","page","type-page","status-publish","hentry"],"_links":{"self":[{"href":"https:\/\/evangelische-religion.de\/ReligionNeu\/wp-json\/wp\/v2\/pages\/271","targetHints":{"allow":["GET"]}}],"collection":[{"href":"https:\/\/evangelische-religion.de\/ReligionNeu\/wp-json\/wp\/v2\/pages"}],"about":[{"href":"https:\/\/evangelische-religion.de\/ReligionNeu\/wp-json\/wp\/v2\/types\/page"}],"author":[{"embeddable":true,"href":"https:\/\/evangelische-religion.de\/ReligionNeu\/wp-json\/wp\/v2\/users\/1"}],"replies":[{"embeddable":true,"href":"https:\/\/evangelische-religion.de\/ReligionNeu\/wp-json\/wp\/v2\/comments?post=271"}],"version-history":[{"count":5,"href":"https:\/\/evangelische-religion.de\/ReligionNeu\/wp-json\/wp\/v2\/pages\/271\/revisions"}],"predecessor-version":[{"id":2880,"href":"https:\/\/evangelische-religion.de\/ReligionNeu\/wp-json\/wp\/v2\/pages\/271\/revisions\/2880"}],"up":[{"embeddable":true,"href":"https:\/\/evangelische-religion.de\/ReligionNeu\/wp-json\/wp\/v2\/pages\/41"}],"wp:attachment":[{"href":"https:\/\/evangelische-religion.de\/ReligionNeu\/wp-json\/wp\/v2\/media?parent=271"}],"curies":[{"name":"wp","href":"https:\/\/api.w.org\/{rel}","templated":true}]}}